{"id":3909,"date":"2025-06-25T09:13:24","date_gmt":"2025-06-25T09:13:24","guid":{"rendered":"https:\/\/xesbalenet.com\/ueber\/"},"modified":"2026-04-30T05:55:47","modified_gmt":"2026-04-30T05:55:47","slug":"ueber","status":"publish","type":"page","link":"https:\/\/xesbalenet.com\/de\/ueber\/","title":{"rendered":"\u00dcber"},"content":{"rendered":"\n<div class=\"wp-block-uagb-container uagb-block-3ad17e27 alignfull uagb-is-root-container\"><div class=\"uagb-container-inner-blocks-wrap\">\n<div class=\"wp-block-uagb-advanced-heading uagb-block-8a1eebc0\"><h1 class=\"uagb-heading-text\">\u00dcber uns<\/h1><\/div>\n<\/div><\/div>\n\n<div class=\"wp-block-uagb-container uagb-block-f8ec2bd3 alignfull uagb-is-root-container\"><div class=\"uagb-container-inner-blocks-wrap\">\n<div class=\"wp-block-uagb-advanced-heading uagb-block-e874992d\"><h4 class=\"uagb-heading-text\">XES\u00ae ist eine Marke f\u00fcr Rundballennetze mit Schwerpunkt auf landwirtschaftlichen Verpackungsanwendungen.<br\/> <br\/>Changzhou Meshel Netting Co., Ltd. ist die juristische Person, die f\u00fcr den Betrieb dieser Website, die Abwicklung der Kundenkommunikation, die Erstellung von Angeboten und die Verwaltung der verkaufsbezogenen Dienstleistungen f\u00fcr die Marke XES\u00ae verantwortlich ist.<br\/> <br\/>Wir bieten Rundballennetz-Produkte f\u00fcr Heu, Stroh, Silage und andere landwirtschaftliche Verpackungen an. Unser Ziel ist es, H\u00e4ndlern, Gro\u00dfh\u00e4ndlern und landwirtschaftlichen Kunden klare Produktinformationen, eine zuverl\u00e4ssige Lieferkoordination und einen reaktionsschnellen Service zu bieten.<br\/> <br\/>Aus Gr\u00fcnden der Transparenz ist Changzhou Meshel Netting Co., Ltd. die Gesch\u00e4ftseinheit, die f\u00fcr diese Website und f\u00fcr kundenorientierte kommerzielle Aktivit\u00e4ten im Zusammenhang mit Anfragen und Bestellungen, die \u00fcber diese Website eingereicht werden, verantwortlich ist&#8230;, Ltd. agiert ausschlie\u00dflich als Produktionspartner und verkauft keine Produkte direkt \u00fcber diese Website. <br\/><\/h4><\/div>\n\n\n\n<div class=\"wp-block-uagb-image aligncenter uagb-block-2d710799 wp-block-uagb-image--layout-default wp-block-uagb-image--effect-static wp-block-uagb-image--align-center\"><figure class=\"wp-block-uagb-image__figure\"><img decoding=\"async\" srcset=\"https:\/\/xesbalenet.com\/wp-content\/uploads\/2025\/06\/B_11556-1024x683.jpg ,https:\/\/xesbalenet.com\/wp-content\/uploads\/2025\/06\/B_11556.jpg 780w, https:\/\/xesbalenet.com\/wp-content\/uploads\/2025\/06\/B_11556.jpg 360w\" sizes=\"auto, (max-width: 480px) 150px\" src=\"https:\/\/xesbalenet.com\/wp-content\/uploads\/2025\/06\/B_11556-1024x683.jpg\" alt=\"\" class=\"uag-image-2889\" width=\"1024\" height=\"683\" title=\"_B_11556\" loading=\"lazy\" role=\"img\"><\/figure><\/div>\n\n\n\n<div class=\"wp-block-uagb-container uagb-block-72514f6d\">\n<div class=\"wp-block-uagb-advanced-heading uagb-block-b317ae0b\"><h3 class=\"uagb-heading-text\">Unser Auftrag<\/h3><p class=\"uagb-desc-text\">Unser Ziel ist es, zuverl\u00e4ssige Rundballennetz-L\u00f6sungen mit praktischen Spezifikationen, gleichbleibender Qualit\u00e4t und effizienter Unterst\u00fctzung f\u00fcr den landwirtschaftlichen Verpackungsbedarf anzubieten.<\/p><\/div>\n\n\n\n<div class=\"wp-block-uagb-advanced-heading uagb-block-3b00767d\"><h3 class=\"uagb-heading-text\">Unsere Werte<\/h3><p class=\"uagb-desc-text\">Wir legen Wert auf Klarheit, Best\u00e4ndigkeit und eine langfristige gesch\u00e4ftliche Zusammenarbeit. Unser Ziel ist es, Produktinformationen klar zu kommunizieren, Anfragen umgehend zu beantworten und unsere Kunden mit einem zuverl\u00e4ssigen Service zu unterst\u00fctzen. <\/p><\/div>\n<\/div>\n<\/div><\/div>\n\n<div class=\"wp-block-uagb-container uagb-block-61e8ac2a alignfull uagb-is-root-container\"><div class=\"uagb-container-inner-blocks-wrap\">\n<div class=\"wp-block-uagb-image aligncenter uagb-block-052b1f4c wp-block-uagb-image--layout-default wp-block-uagb-image--effect-static wp-block-uagb-image--align-center\"><figure class=\"wp-block-uagb-image__figure\"><img decoding=\"async\" srcset=\"\/wp-content\/uploads\/2021\/11\/quotes.svg ,\/wp-content\/uploads\/2021\/11\/quotes.svg 780w, \/wp-content\/uploads\/2021\/11\/quotes.svg 360w\" sizes=\"auto, (max-width: 480px) 150px\" src=\"\/wp-content\/uploads\/2021\/11\/quotes.svg\" alt=\"\" class=\"uag-image-117\" width=\"37\" height=\"38\" title=\"Zitate\" loading=\"lazy\" role=\"img\"><\/figure><\/div>\n\n\n\n<div class=\"wp-block-uagb-info-box uagb-block-54aaf525 uagb-infobox__content-wrap  uagb-infobox-icon-below-title uagb-infobox-image-valign-top\"><div class=\"uagb-ifb-content\"><div class=\"uagb-ifb-title-wrap\"><h4 class=\"uagb-ifb-title\">Was wir anbieten<\/h4><\/div><p class=\"uagb-ifb-desc\">Wir unterst\u00fctzen unsere Kunden mit:<br\/> <br\/>&#8211; Produktinformationen<br\/> &#8211; Spezifikationsbest\u00e4tigung<br\/>&#8211; Angebotsunterst\u00fctzung<br\/>&#8211; Auftragsbezogene Kommunikation<br\/>&#8211; Allgemeine Gesch\u00e4ftsanfragen<br\/> <br\/> <br\/>Gesch\u00e4ftsinformationen<br\/> <br\/>Juristische Person: Changzhou Meshel Netting Co., Ltd.<br\/>Website-Betreiber: Changzhou Meshel Netting Co., Ltd.<br\/>Marke: XES\u00ae<br\/>Gesch\u00e4ftsadresse: No.236 East Jinsheng Road, Changzhou, China<br\/>E-Mail: sw@xesbalenet.com<br\/>Telefon \/ WhatsApp: +8613616102703<br\/> <br\/> <br\/>Wenn Sie Produktspezifikationen, Preisinformationen oder Hilfe bei der Bestellung w\u00fcnschen, wenden Sie sich bitte direkt an unser Team \u00fcber die Kontaktseite. <\/p><\/div><\/div>\n<\/div><\/div>\n","protected":false},"excerpt":{"rendered":"<p>\u00dcber uns XES\u00ae ist eine Marke f\u00fcr Rundballennetze mit Schwerpunkt auf landwirtschaftlichen Verpackungsanwendungen. Changzhou Meshel Netting Co., Ltd. ist die juristische Person, die f\u00fcr den Betrieb dieser Website, die Abwicklung der Kundenkommunikation, die Erstellung von Angeboten und die Verwaltung der verkaufsbezogenen Dienstleistungen f\u00fcr die Marke XES\u00ae verantwortlich ist. Wir bieten Rundballennetz-Produkte f\u00fcr Heu, Stroh, Silage [&hellip;]<\/p>\n","protected":false},"author":1,"featured_media":0,"parent":0,"menu_order":0,"comment_status":"closed","ping_status":"closed","template":"","meta":{"_uag_custom_page_level_css":"","site-sidebar-layout":"no-sidebar","site-content-layout":"page-builder","ast-site-content-layout":"full-width-container","site-content-style":"unboxed","site-sidebar-style":"default","ast-global-header-display":"","ast-banner-title-visibility":"","ast-main-header-display":"","ast-hfb-above-header-display":"","ast-hfb-below-header-display":"","ast-hfb-mobile-header-display":"","site-post-title":"disabled","ast-breadcrumbs-content":"","ast-featured-img":"disabled","footer-sml-layout":"","ast-disable-related-posts":"","theme-transparent-header-meta":"enabled","adv-header-id-meta":"","stick-header-meta":"","header-above-stick-meta":"","header-main-stick-meta":"","header-below-stick-meta":"","astra-migrate-meta-layouts":"default","ast-page-background-enabled":"default","ast-page-background-meta":{"desktop":{"background-color":"var(--ast-global-color-4)","background-image":"","background-repeat":"repeat","background-position":"center center","background-size":"auto","background-attachment":"scroll","background-type":"","background-media":"","overlay-type":"","overlay-color":"","overlay-opacity":"","overlay-gradient":""},"tablet":{"background-color":"","background-image":"","background-repeat":"repeat","background-position":"center center","background-size":"auto","background-attachment":"scroll","background-type":"","background-media":"","overlay-type":"","overlay-color":"","overlay-opacity":"","overlay-gradient":""},"mobile":{"background-color":"","background-image":"","background-repeat":"repeat","background-position":"center center","background-size":"auto","background-attachment":"scroll","background-type":"","background-media":"","overlay-type":"","overlay-color":"","overlay-opacity":"","overlay-gradient":""}},"ast-content-background-meta":{"desktop":{"background-color":"var(--ast-global-color-5)","background-image":"","background-repeat":"repeat","background-position":"center center","background-size":"auto","background-attachment":"scroll","background-type":"","background-media":"","overlay-type":"","overlay-color":"","overlay-opacity":"","overlay-gradient":""},"tablet":{"background-color":"var(--ast-global-color-5)","background-image":"","background-repeat":"repeat","background-position":"center center","background-size":"auto","background-attachment":"scroll","background-type":"","background-media":"","overlay-type":"","overlay-color":"","overlay-opacity":"","overlay-gradient":""},"mobile":{"background-color":"var(--ast-global-color-5)","background-image":"","background-repeat":"repeat","background-position":"center center","background-size":"auto","background-attachment":"scroll","background-type":"","background-media":"","overlay-type":"","overlay-color":"","overlay-opacity":"","overlay-gradient":""}},"_joinchat":[],"footnotes":""},"class_list":["post-3909","page","type-page","status-publish","hentry"],"aioseo_notices":[],"uagb_featured_image_src":{"full":false,"thumbnail":false,"medium":false,"medium_large":false,"large":false,"1536x1536":false,"2048x2048":false},"uagb_author_info":{"display_name":"xesbalenet","author_link":"https:\/\/xesbalenet.com\/de\/author\/zx9212110726live-com\/"},"uagb_comment_info":0,"uagb_excerpt":"\u00dcber uns XES\u00ae ist eine Marke f\u00fcr Rundballennetze mit Schwerpunkt auf landwirtschaftlichen Verpackungsanwendungen. Changzhou Meshel Netting Co., Ltd. ist die juristische Person, die f\u00fcr den Betrieb dieser Website, die Abwicklung der Kundenkommunikation, die Erstellung von Angeboten und die Verwaltung der verkaufsbezogenen Dienstleistungen f\u00fcr die Marke XES\u00ae verantwortlich ist. Wir bieten Rundballennetz-Produkte f\u00fcr Heu, Stroh, Silage&hellip;","_links":{"self":[{"href":"https:\/\/xesbalenet.com\/de\/wp-json\/wp\/v2\/pages\/3909","targetHints":{"allow":["GET"]}}],"collection":[{"href":"https:\/\/xesbalenet.com\/de\/wp-json\/wp\/v2\/pages"}],"about":[{"href":"https:\/\/xesbalenet.com\/de\/wp-json\/wp\/v2\/types\/page"}],"author":[{"embeddable":true,"href":"https:\/\/xesbalenet.com\/de\/wp-json\/wp\/v2\/users\/1"}],"replies":[{"embeddable":true,"href":"https:\/\/xesbalenet.com\/de\/wp-json\/wp\/v2\/comments?post=3909"}],"version-history":[{"count":0,"href":"https:\/\/xesbalenet.com\/de\/wp-json\/wp\/v2\/pages\/3909\/revisions"}],"wp:attachment":[{"href":"https:\/\/xesbalenet.com\/de\/wp-json\/wp\/v2\/media?parent=3909"}],"curies":[{"name":"wp","href":"https:\/\/api.w.org\/{rel}","templated":true}]}}