{"id":3953,"date":"2025-06-25T09:13:24","date_gmt":"2025-06-25T09:13:24","guid":{"rendered":"https:\/\/xesbalenet.com\/startseite\/"},"modified":"2026-04-30T05:55:48","modified_gmt":"2026-04-30T05:55:48","slug":"home-de","status":"publish","type":"page","link":"https:\/\/xesbalenet.com\/de\/","title":{"rendered":"Startseite"},"content":{"rendered":"\n<div class=\"wp-block-uagb-container uagb-block-494c42c4 alignfull uagb-is-root-container\"><div class=\"uagb-container-inner-blocks-wrap\">\n<div class=\"wp-block-uagb-info-box uagb-block-cd2517a4 uagb-infobox__content-wrap  uagb-infobox-icon-above-title uagb-infobox-image-valign-top wp-block-uagb-info-box--has-margin\"><div class=\"uagb-infobox-margin-wrapper\"><div class=\"uagb-ifb-content\"><div class=\"uagb-ifb-title-wrap\"><h1 class=\"uagb-ifb-title-prefix\">XES\u00ae RUNDBALLENNETZ<\/h1><\/div><p class=\"uagb-ifb-desc\">EXTREM | WIRTSCHAFTLICH | NACHHALTIG<\/p><div class=\"uagb-ifb-button-wrapper wp-block-button\"><a href=\"https:\/\/xesbalenet.com\/de\/kontakt\/\" class=\"uagb-infobox-cta-link wp-block-button__link\" target=\"_self\" rel=\"noopener noreferrer\" onclick=\"return true;\"><span class=\"uagb-inline-editing\">Beginnen Sie<\/span><\/a><\/div><\/div><\/div><\/div>\n<\/div><\/div>\n\n<div class=\"wp-block-uagb-container uagb-block-5fcee4f8 alignfull uagb-is-root-container\"><div class=\"uagb-container-inner-blocks-wrap\">\n<div class=\"wp-block-uagb-advanced-heading uagb-block-2b5f3149\"><h2 class=\"uagb-heading-text\">Unsere Dienstleistungen<\/h2><div class=\"uagb-separator\"><\/div><\/div>\n\n\n\n<div class=\"wp-block-uagb-container uagb-block-4a8e1942\">\n<div class=\"wp-block-uagb-container uagb-block-c988f562\">\n<div class=\"wp-block-uagb-image alignleft uagb-block-a35d235b wp-block-uagb-image--layout-default wp-block-uagb-image--effect-static wp-block-uagb-image--align-left\"><figure class=\"wp-block-uagb-image__figure\"><img decoding=\"async\" srcset=\"https:\/\/xesbalenet.com\/wp-content\/uploads\/2025\/06\/B_11604-1024x683.jpg ,https:\/\/xesbalenet.com\/wp-content\/uploads\/2025\/06\/B_11604.jpg 780w, https:\/\/xesbalenet.com\/wp-content\/uploads\/2025\/06\/B_11604.jpg 360w\" sizes=\"(max-width: 480px) 150px\" src=\"https:\/\/xesbalenet.com\/wp-content\/uploads\/2025\/06\/B_11604-1024x683.jpg\" alt=\"Ballenpressen zur Herstellung von Ballen\" class=\"uag-image-2705\" width=\"373\" height=\"464\" title=\"_B_11604\" role=\"img\"><\/figure><\/div>\n\n\n\n<div class=\"wp-block-uagb-advanced-heading uagb-block-b07219d5\"><h3 class=\"uagb-heading-text\">St\u00e4rke<\/h3><p class=\"uagb-desc-text\"><strong>XES Extreme Rundballennetz <\/strong>maximiert die Festigkeit und Elastizit\u00e4t durch eine patentierte Kettenstruktur mit Kettf\u00e4den.<\/p><\/div>\n<\/div>\n\n\n\n<div class=\"wp-block-uagb-container uagb-block-0ad6ff4e\">\n<div class=\"wp-block-uagb-image alignleft uagb-block-930d8e85 wp-block-uagb-image--layout-default wp-block-uagb-image--effect-static wp-block-uagb-image--align-left\"><figure class=\"wp-block-uagb-image__figure\"><img decoding=\"async\" srcset=\"https:\/\/xesbalenet.com\/wp-content\/uploads\/2025\/06\/2-1024x683.jpg ,https:\/\/xesbalenet.com\/wp-content\/uploads\/2025\/06\/2.jpg 780w, https:\/\/xesbalenet.com\/wp-content\/uploads\/2025\/06\/2.jpg 360w\" sizes=\"auto, (max-width: 480px) 150px\" src=\"https:\/\/xesbalenet.com\/wp-content\/uploads\/2025\/06\/2-1024x683.jpg\" alt=\"Ballenfeld\" class=\"uag-image-2706\" width=\"373\" height=\"464\" title=\"2\" loading=\"lazy\" role=\"img\"><\/figure><\/div>\n\n\n\n<div class=\"wp-block-uagb-advanced-heading uagb-block-3974de5a\"><h3 class=\"uagb-heading-text\">Experten-Team<\/h3><p class=\"uagb-desc-text\"><strong>XES\u00ae<\/strong> Rundballennetze f\u00fcr Heuballen sind von Experten entwickelt und werden seit 20 Jahren erfolgreich in der Landwirtschaft eingesetzt.<\/p><\/div>\n<\/div>\n\n\n\n<div class=\"wp-block-uagb-container uagb-block-48a31e6a\">\n<div class=\"wp-block-uagb-image alignleft uagb-block-2675d6b0 wp-block-uagb-image--layout-default wp-block-uagb-image--effect-static wp-block-uagb-image--align-left\"><figure class=\"wp-block-uagb-image__figure\"><img decoding=\"async\" srcset=\"https:\/\/xesbalenet.com\/wp-content\/uploads\/2025\/06\/gd2acfe125d284d6aa8677450b4f1d0296f0564874c1cbfba6c03eede87d91d02a600108ca6d69685dc2893710761ea40c45554b6047e5f9444326fca9b6b2dff_1280-3521063-1024x682.jpg ,https:\/\/xesbalenet.com\/wp-content\/uploads\/2025\/06\/gd2acfe125d284d6aa8677450b4f1d0296f0564874c1cbfba6c03eede87d91d02a600108ca6d69685dc2893710761ea40c45554b6047e5f9444326fca9b6b2dff_1280-3521063.jpg 780w, https:\/\/xesbalenet.com\/wp-content\/uploads\/2025\/06\/gd2acfe125d284d6aa8677450b4f1d0296f0564874c1cbfba6c03eede87d91d02a600108ca6d69685dc2893710761ea40c45554b6047e5f9444326fca9b6b2dff_1280-3521063.jpg 360w\" sizes=\"auto, (max-width: 480px) 150px\" src=\"https:\/\/xesbalenet.com\/wp-content\/uploads\/2025\/06\/gd2acfe125d284d6aa8677450b4f1d0296f0564874c1cbfba6c03eede87d91d02a600108ca6d69685dc2893710761ea40c45554b6047e5f9444326fca9b6b2dff_1280-3521063-1024x682.jpg\" alt=\"Feld, Heuballen, Sonnenuntergang, Weizenfeld, Natur, Landwirtschaft, Erntezeit\" class=\"uag-image-2964\" width=\"373\" height=\"464\" title=\"gd2acfe125d284d6aa8677450b4f1d0296f0564874c1cbfba6c03eede87d91d02a600108ca6d69685dc2893710761ea40c45554b6047e5f9444326fca9b6b2dff_1280-3521063\" loading=\"lazy\" role=\"img\"><\/figure><\/div>\n\n\n\n<div class=\"wp-block-uagb-advanced-heading uagb-block-8f982c10\"><h3 class=\"uagb-heading-text\">Qualit\u00e4t<\/h3><p class=\"uagb-desc-text\">Die <strong>XES\u00ae-Produktpalette<\/strong> ist zuverl\u00e4ssig und bietet eine einfache Handhabung auch unter schwierigen Bedingungen.  <\/p><\/div>\n<\/div>\n<\/div>\n<\/div><\/div>\n\n<figure class=\"wp-block-embed is-type-video is-provider-youtube wp-block-embed-youtube wp-embed-aspect-16-9 wp-has-aspect-ratio\"><div class=\"wp-block-embed__wrapper\">\n<iframe title=\"XES Netting 2023 Campaign\" width=\"500\" height=\"281\" src=\"https:\/\/www.youtube.com\/embed\/D6ppO5Ni6SA?feature=oembed\" frameborder=\"0\" allow=\"accelerometer; autoplay; clipboard-write; encrypted-media; gyroscope; picture-in-picture; web-share\" referrerpolicy=\"strict-origin-when-cross-origin\" allowfullscreen><\/iframe>\n<\/div><\/figure>\n\n<div class=\"wp-block-uagb-container uagb-block-fb32e4bf alignfull uagb-is-root-container\"><div class=\"uagb-container-inner-blocks-wrap\">\n<div class=\"wp-block-uagb-image aligncenter uagb-block-052b1f4c wp-block-uagb-image--layout-default wp-block-uagb-image--effect-static wp-block-uagb-image--align-center\"><figure class=\"wp-block-uagb-image__figure\"><img decoding=\"async\" srcset=\"\/wp-content\/uploads\/2021\/11\/quotes.svg ,\/wp-content\/uploads\/2021\/11\/quotes.svg 780w, \/wp-content\/uploads\/2021\/11\/quotes.svg 360w\" sizes=\"auto, (max-width: 480px) 150px\" src=\"\/wp-content\/uploads\/2021\/11\/quotes.svg\" alt=\"\" class=\"uag-image-117\" width=\"37\" height=\"38\" title=\"Zitate\" loading=\"lazy\" role=\"img\"><\/figure><\/div>\n\n\n\n<div class=\"wp-block-uagb-info-box uagb-block-54aaf525 uagb-infobox__content-wrap  uagb-infobox-icon-below-title uagb-infobox-image-valign-top\"><div class=\"uagb-ifb-content\"><div class=\"uagb-ifb-title-wrap\"><h4 class=\"uagb-ifb-title\">XES\u00ae bietet erstklassige Rundballennetze f\u00fcr Rundballen. \u00dcber 20 Jahre Erfahrung mit hochwertigen, kosteneffizienten und langlebigen Netzl\u00f6sungen in Europa. <\/h4><\/div><\/div><\/div>\n<\/div><\/div>\n\n<div class=\"wp-block-cover alignfull is-light\"><span aria-hidden=\"true\" class=\"wp-block-cover__background has-background-dim-100 has-background-dim\" style=\"background-color:#ffffff\"><\/span><div class=\"wp-block-cover__inner-container is-layout-constrained wp-block-cover-is-layout-constrained\">\n<div class=\"wp-block-media-text alignwide is-stacked-on-mobile is-vertically-aligned-center\" style=\"margin-top:0;margin-bottom:0;padding-top:0;padding-bottom:0;grid-template-columns:39% auto\"><figure class=\"wp-block-media-text__media\"><img decoding=\"async\" width=\"1024\" height=\"683\" src=\"https:\/\/xesbalenet.com\/wp-content\/uploads\/2025\/06\/B_11575-1024x683.jpg\" alt=\"xes Rundballennetz\" class=\"wp-image-2712 size-full\" srcset=\"https:\/\/xesbalenet.com\/wp-content\/uploads\/2025\/06\/B_11575-1024x683.jpg 1024w, https:\/\/xesbalenet.com\/wp-content\/uploads\/2025\/06\/B_11575-300x200.jpg 300w, https:\/\/xesbalenet.com\/wp-content\/uploads\/2025\/06\/B_11575-768x512.jpg 768w, https:\/\/xesbalenet.com\/wp-content\/uploads\/2025\/06\/B_11575-1536x1024.jpg 1536w, https:\/\/xesbalenet.com\/wp-content\/uploads\/2025\/06\/B_11575.jpg 2048w\" sizes=\"(max-width: 1024px) 100vw, 1024px\" \/><\/figure><div class=\"wp-block-media-text__content\">\n<h5 class=\"wp-block-heading has-ast-global-color-2-color has-text-color\" style=\"font-size:32px\">Warum XES\u00ae w\u00e4hlen<\/h5>\n\n\n\n<p class=\"has-ast-global-color-2-color has-text-color\" style=\"font-size:17px\">Zuverl\u00e4ssige Leistung Unsere Rundballennetz-Produkte sind so konzipiert, dass sie unter anspruchsvollen landwirtschaftlichen Bedingungen eine stabile Wickelleistung und einen zuverl\u00e4ssigen Einsatz erm\u00f6glichen.<\/p>\n\n\n\n<p class=\"has-ast-global-color-2-color has-text-color\" style=\"font-size:17px\">Konsistente Spezifikationen Wir konzentrieren uns auf klare Produktspezifikationen und konsistente Qualit\u00e4t, um unseren Kunden bei der Auswahl geeigneter Produkte f\u00fcr ihre Ballen- und Verpackungsanforderungen zu helfen.<\/p>\n\n\n\n<p class=\"has-ast-global-color-2-color has-text-color\" style=\"font-size:17px\">Reaktionsschneller Service Wir unterst\u00fctzen Distributoren, Gro\u00dfh\u00e4ndler und landwirtschaftliche Eink\u00e4ufer mit Produktinformationen, Angebotsunterst\u00fctzung und zeitnaher Kommunikation.<br\/> <\/p>\n\n\n\n<div class=\"wp-block-buttons is-layout-flex wp-block-buttons-is-layout-flex\"><\/div>\n<\/div><\/div>\n<\/div><\/div>\n\n<div class=\"wp-block-uagb-container uagb-layout-grid uagb-block-0186287e alignfull uagb-is-root-container\"><div class=\"uagb-container-inner-blocks-wrap\">\n<div class=\"wp-block-uagb-info-box uagb-block-03550eeb uagb-infobox__content-wrap  uagb-infobox-icon-above-title uagb-infobox-image-valign-top wp-block-uagb-info-box--has-margin\"><div class=\"uagb-infobox-margin-wrapper\"><div class=\"uagb-ifb-content\"><div class=\"uagb-ifb-title-wrap\"><span class=\"uagb-ifb-title-prefix\">\u00dcber XES\u00ae<\/span><h4 class=\"uagb-ifb-title\">XES\u00ae ist eine Marke f\u00fcr Rundballennetze mit Schwerpunkt auf landwirtschaftlichen Verpackungsanwendungen.<\/h4><\/div><p class=\"uagb-ifb-desc\">Diese Website wird von Changzhou Meshel Netting Co., Ltd. betrieben, der juristischen Person, die f\u00fcr den Betrieb der Website, die Kundenkommunikation, Angebote und verkaufsbezogene Dienstleistungen im Zusammenhang mit der Marke XES\u00ae verantwortlich ist. Wir bieten Rundballennetz-Produkte f\u00fcr die Landwirtschaft an und bem\u00fchen uns um eine stabile Produktqualit\u00e4t, klare Spezifikationen und eine zuverl\u00e4ssige Kundenbetreuung.   <\/p><div class=\"uagb-ifb-button-wrapper wp-block-button\"><a href=\"https:\/\/xesbalenet.com\/de\/kontakt\/\" class=\"uagb-infobox-cta-link ast-outline-button\" target=\"_self\" rel=\"noopener noreferrer\" style=\"border-width:revert-layer\" onclick=\"return true;\"><span class=\"uagb-inline-editing\">Finden Sie mehr heraus<\/span><\/a><\/div><\/div><\/div><\/div>\n\n\n\n<div class=\"wp-block-uagb-image alignright uagb-block-37933192 wp-block-uagb-image--layout-default wp-block-uagb-image--effect-static wp-block-uagb-image--align-right\"><figure class=\"wp-block-uagb-image__figure\"><img decoding=\"async\" srcset=\"https:\/\/xesbalenet.com\/wp-content\/uploads\/2025\/06\/06302.jpg ,https:\/\/xesbalenet.com\/wp-content\/uploads\/2025\/06\/06302.jpg 780w, https:\/\/xesbalenet.com\/wp-content\/uploads\/2025\/06\/06302.jpg 360w\" sizes=\"auto, (max-width: 480px) 150px\" src=\"https:\/\/xesbalenet.com\/wp-content\/uploads\/2025\/06\/06302.jpg\" alt=\"xes Ballennetz mit Mitarbeitern\" class=\"uag-image-2961\" width=\"470\" height=\"570\" title=\"06302\" loading=\"lazy\" role=\"img\"><\/figure><\/div>\n<\/div><\/div>\n<ul class=\"wp-block-latest-posts__list is-grid columns-3 has-dates has-author aligncenter wp-block-latest-posts\"><li><div class=\"wp-block-latest-posts__featured-image alignleft\"><img decoding=\"async\" width=\"300\" height=\"225\" src=\"https:\/\/xesbalenet.com\/wp-content\/uploads\/2025\/09\/hbnet1-13-300x225.jpg\" class=\"attachment-medium size-medium wp-post-image\" alt=\"Rundballennetz verwenden\" style=\"max-width:225px;max-height:225px;\" srcset=\"https:\/\/xesbalenet.com\/wp-content\/uploads\/2025\/09\/hbnet1-13-300x225.jpg 300w, https:\/\/xesbalenet.com\/wp-content\/uploads\/2025\/09\/hbnet1-13.jpg 600w\" sizes=\"(max-width: 300px) 100vw, 300px\" \/><\/div><a class=\"wp-block-latest-posts__post-title\" href=\"https:\/\/xesbalenet.com\/de\/wie-xes-supreme-net-den-markt-fuer-rundballennetze-revolutioniert\/\">Wie XES\u00ae Supreme Net den Markt f\u00fcr Rundballennetze revolutioniert<\/a><div class=\"wp-block-latest-posts__post-author\">von xesbalenet<\/div><time datetime=\"2026-04-10T07:54:50+00:00\" class=\"wp-block-latest-posts__post-date\">April 10, 2026<\/time><\/li>\n<li><div class=\"wp-block-latest-posts__featured-image alignleft\"><img decoding=\"async\" width=\"300\" height=\"300\" src=\"https:\/\/xesbalenet.com\/wp-content\/uploads\/2025\/12\/image-7-5-300x300.jpg\" class=\"attachment-medium size-medium wp-post-image\" alt=\"\" style=\"max-width:225px;max-height:225px;\" srcset=\"https:\/\/xesbalenet.com\/wp-content\/uploads\/2025\/12\/image-7-5-300x300.jpg 300w, https:\/\/xesbalenet.com\/wp-content\/uploads\/2025\/12\/image-7-5-150x150.jpg 150w, https:\/\/xesbalenet.com\/wp-content\/uploads\/2025\/12\/image-7-5-768x768.jpg 768w, https:\/\/xesbalenet.com\/wp-content\/uploads\/2025\/12\/image-7-5.jpg 1024w\" sizes=\"(max-width: 300px) 100vw, 300px\" \/><\/div><a class=\"wp-block-latest-posts__post-title\" href=\"https:\/\/xesbalenet.com\/de\/wofuer-werden-heuballen-verwendet\/\">Wof\u00fcr werden Heuballen verwendet?<\/a><div class=\"wp-block-latest-posts__post-author\">von xesbalenet<\/div><time datetime=\"2025-12-22T06:34:12+00:00\" class=\"wp-block-latest-posts__post-date\">Dezember 22, 2025<\/time><\/li>\n<\/ul>\n<div class=\"wp-block-uagb-container uagb-block-05a4a518 alignfull uagb-is-root-container\"><div class=\"uagb-container-inner-blocks-wrap\">\n<div class=\"wp-block-uagb-info-box uagb-block-9a97965e uagb-infobox__content-wrap  uagb-infobox-icon-above-title uagb-infobox-image-valign-top wp-block-uagb-info-box--has-margin\"><div class=\"uagb-infobox-margin-wrapper\"><div class=\"uagb-ifb-content\"><div class=\"uagb-ifb-title-wrap\"><h4 class=\"uagb-ifb-title\">QUESTIONS?<\/h4><\/div><p class=\"uagb-ifb-desc\">Ganz gleich, ob Sie nach Produktspezifikationen, Preisen f\u00fcr Gro\u00dfpackungen oder Tipps zur Verwendung suchen, wir helfen Ihnen gerne bei allen Fragen zu Rundballennetzen.<\/p><div class=\"uagb-ifb-button-wrapper wp-block-button\"><a href=\"https:\/\/xesbalenet.com\/de\/kontakt\/\" class=\"uagb-infobox-cta-link wp-block-button__link\" target=\"_self\" rel=\"noopener noreferrer\" onclick=\"return true;\"><span class=\"uagb-inline-editing\">Lassen Sie uns jetzt reden<\/span><\/a><\/div><\/div><\/div><\/div>\n<\/div><\/div>\n\n<p><\/p>\n","protected":false},"excerpt":{"rendered":"<p>Unsere Dienstleistungen St\u00e4rke XES Extreme Rundballennetz maximiert die Festigkeit und Elastizit\u00e4t durch eine patentierte Kettenstruktur mit Kettf\u00e4den. Experten-Team XES\u00ae Rundballennetze f\u00fcr Heuballen sind von Experten entwickelt und werden seit 20 Jahren erfolgreich in der Landwirtschaft eingesetzt. Qualit\u00e4t Die XES\u00ae-Produktpalette ist zuverl\u00e4ssig und bietet eine einfache Handhabung auch unter schwierigen Bedingungen.<\/p>\n","protected":false},"author":1,"featured_media":0,"parent":0,"menu_order":0,"comment_status":"closed","ping_status":"closed","template":"","meta":{"_uag_custom_page_level_css":"","site-sidebar-layout":"no-sidebar","site-content-layout":"page-builder","ast-site-content-layout":"full-width-container","site-content-style":"unboxed","site-sidebar-style":"unboxed","ast-global-header-display":"","ast-banner-title-visibility":"","ast-main-header-display":"","ast-hfb-above-header-display":"","ast-hfb-below-header-display":"","ast-hfb-mobile-header-display":"","site-post-title":"disabled","ast-breadcrumbs-content":"","ast-featured-img":"disabled","footer-sml-layout":"","ast-disable-related-posts":"","theme-transparent-header-meta":"enabled","adv-header-id-meta":"","stick-header-meta":"","header-above-stick-meta":"","header-main-stick-meta":"","header-below-stick-meta":"","astra-migrate-meta-layouts":"default","ast-page-background-enabled":"default","ast-page-background-meta":{"desktop":{"background-color":"var(--ast-global-color-4)","background-image":"","background-repeat":"repeat","background-position":"center center","background-size":"auto","background-attachment":"scroll","background-type":"","background-media":"","overlay-type":"","overlay-color":"","overlay-opacity":"","overlay-gradient":""},"tablet":{"background-color":"","background-image":"","background-repeat":"repeat","background-position":"center center","background-size":"auto","background-attachment":"scroll","background-type":"","background-media":"","overlay-type":"","overlay-color":"","overlay-opacity":"","overlay-gradient":""},"mobile":{"background-color":"","background-image":"","background-repeat":"repeat","background-position":"center center","background-size":"auto","background-attachment":"scroll","background-type":"","background-media":"","overlay-type":"","overlay-color":"","overlay-opacity":"","overlay-gradient":""}},"ast-content-background-meta":{"desktop":{"background-color":"var(--ast-global-color-5)","background-image":"","background-repeat":"repeat","background-position":"center center","background-size":"auto","background-attachment":"scroll","background-type":"","background-media":"","overlay-type":"","overlay-color":"","overlay-opacity":"","overlay-gradient":""},"tablet":{"background-color":"var(--ast-global-color-5)","background-image":"","background-repeat":"repeat","background-position":"center center","background-size":"auto","background-attachment":"scroll","background-type":"","background-media":"","overlay-type":"","overlay-color":"","overlay-opacity":"","overlay-gradient":""},"mobile":{"background-color":"var(--ast-global-color-5)","background-image":"","background-repeat":"repeat","background-position":"center center","background-size":"auto","background-attachment":"scroll","background-type":"","background-media":"","overlay-type":"","overlay-color":"","overlay-opacity":"","overlay-gradient":""}},"_joinchat":[],"footnotes":""},"class_list":["post-3953","page","type-page","status-publish","hentry"],"aioseo_notices":[],"uagb_featured_image_src":{"full":false,"thumbnail":false,"medium":false,"medium_large":false,"large":false,"1536x1536":false,"2048x2048":false},"uagb_author_info":{"display_name":"xesbalenet","author_link":"https:\/\/xesbalenet.com\/de\/author\/zx9212110726live-com\/"},"uagb_comment_info":0,"uagb_excerpt":"Unsere Dienstleistungen St\u00e4rke XES Extreme Rundballennetz maximiert die Festigkeit und Elastizit\u00e4t durch eine patentierte Kettenstruktur mit Kettf\u00e4den. Experten-Team XES\u00ae Rundballennetze f\u00fcr Heuballen sind von Experten entwickelt und werden seit 20 Jahren erfolgreich in der Landwirtschaft eingesetzt. Qualit\u00e4t Die XES\u00ae-Produktpalette ist zuverl\u00e4ssig und bietet eine einfache Handhabung auch unter schwierigen Bedingungen.","_links":{"self":[{"href":"https:\/\/xesbalenet.com\/de\/wp-json\/wp\/v2\/pages\/3953","targetHints":{"allow":["GET"]}}],"collection":[{"href":"https:\/\/xesbalenet.com\/de\/wp-json\/wp\/v2\/pages"}],"about":[{"href":"https:\/\/xesbalenet.com\/de\/wp-json\/wp\/v2\/types\/page"}],"author":[{"embeddable":true,"href":"https:\/\/xesbalenet.com\/de\/wp-json\/wp\/v2\/users\/1"}],"replies":[{"embeddable":true,"href":"https:\/\/xesbalenet.com\/de\/wp-json\/wp\/v2\/comments?post=3953"}],"version-history":[{"count":0,"href":"https:\/\/xesbalenet.com\/de\/wp-json\/wp\/v2\/pages\/3953\/revisions"}],"wp:attachment":[{"href":"https:\/\/xesbalenet.com\/de\/wp-json\/wp\/v2\/media?parent=3953"}],"curies":[{"name":"wp","href":"https:\/\/api.w.org\/{rel}","templated":true}]}}