{"id":3981,"date":"2025-07-02T08:07:20","date_gmt":"2025-07-02T08:07:20","guid":{"rendered":"https:\/\/xesbalenet.com\/rundballennetz-wrap-extreme\/"},"modified":"2026-04-30T06:57:52","modified_gmt":"2026-04-30T06:57:52","slug":"rundballennetz-wrap-extreme","status":"publish","type":"page","link":"https:\/\/xesbalenet.com\/de\/rundballennetz-wrap-extreme\/","title":{"rendered":"Rundballennetz Wrap Extreme"},"content":{"rendered":"\n<div class=\"wp-block-columns are-vertically-aligned-top is-layout-flex wp-container-core-columns-is-layout-28f84493 wp-block-columns-is-layout-flex\">\n<div class=\"wp-block-column is-vertically-aligned-top is-layout-flow wp-block-column-is-layout-flow\">\n<figure class=\"wp-block-image aligncenter size-full\"><img decoding=\"async\" width=\"420\" height=\"254\" src=\"https:\/\/xesbalenet.com\/wp-content\/uploads\/2025\/07\/070402.jpg\" alt=\"\" class=\"wp-image-3036\" srcset=\"https:\/\/xesbalenet.com\/wp-content\/uploads\/2025\/07\/070402.jpg 420w, https:\/\/xesbalenet.com\/wp-content\/uploads\/2025\/07\/070402-300x181.jpg 300w\" sizes=\"(max-width: 420px) 100vw, 420px\" \/><\/figure>\n\n\n\n<figure class=\"wp-block-image aligncenter size-full\"><img decoding=\"async\" width=\"420\" height=\"565\" src=\"https:\/\/xesbalenet.com\/wp-content\/uploads\/2025\/07\/070401.jpg\" alt=\"\" class=\"wp-image-3033\" srcset=\"https:\/\/xesbalenet.com\/wp-content\/uploads\/2025\/07\/070401.jpg 420w, https:\/\/xesbalenet.com\/wp-content\/uploads\/2025\/07\/070401-223x300.jpg 223w\" sizes=\"(max-width: 420px) 100vw, 420px\" \/><\/figure>\n\n\n\n<figure class=\"wp-block-image size-large\"><img decoding=\"async\" width=\"1024\" height=\"683\" src=\"https:\/\/xesbalenet.com\/wp-content\/uploads\/2025\/07\/B_11575-1024x683.jpg\" alt=\"\" class=\"wp-image-3038\" srcset=\"https:\/\/xesbalenet.com\/wp-content\/uploads\/2025\/07\/B_11575-1024x683.jpg 1024w, https:\/\/xesbalenet.com\/wp-content\/uploads\/2025\/07\/B_11575-300x200.jpg 300w, https:\/\/xesbalenet.com\/wp-content\/uploads\/2025\/07\/B_11575-768x512.jpg 768w, https:\/\/xesbalenet.com\/wp-content\/uploads\/2025\/07\/B_11575-1536x1024.jpg 1536w, https:\/\/xesbalenet.com\/wp-content\/uploads\/2025\/07\/B_11575.jpg 2048w\" sizes=\"(max-width: 1024px) 100vw, 1024px\" \/><\/figure>\n\n\n\n<figure class=\"wp-block-image size-large\"><img decoding=\"async\" width=\"1024\" height=\"683\" src=\"https:\/\/xesbalenet.com\/wp-content\/uploads\/2025\/07\/B_11604-1024x683.jpg\" alt=\"\" class=\"wp-image-3039\" srcset=\"https:\/\/xesbalenet.com\/wp-content\/uploads\/2025\/07\/B_11604-1024x683.jpg 1024w, https:\/\/xesbalenet.com\/wp-content\/uploads\/2025\/07\/B_11604-300x200.jpg 300w, https:\/\/xesbalenet.com\/wp-content\/uploads\/2025\/07\/B_11604-768x512.jpg 768w, https:\/\/xesbalenet.com\/wp-content\/uploads\/2025\/07\/B_11604-1536x1024.jpg 1536w, https:\/\/xesbalenet.com\/wp-content\/uploads\/2025\/07\/B_11604.jpg 2048w\" sizes=\"(max-width: 1024px) 100vw, 1024px\" \/><\/figure>\n<\/div>\n\n\n\n<div class=\"wp-block-column is-vertically-aligned-top is-layout-flow wp-block-column-is-layout-flow\">\n<h2 class=\"wp-block-heading\">XES\u00ae Extreme Rundballennetz-Wickel<\/h2>\n\n\n\n<p>Lernen Sie unser hochwertiges Rundballennetz kennen, ein Produkt, das von Experten entwickelt wurde und auf Langlebigkeit und Zuverl\u00e4ssigkeit im Feld ausgelegt ist. Erhalten Sie zuverl\u00e4ssigen, starken Schutz f\u00fcr Ihre Pflanzen zu einem g\u00fcnstigen Preis.<\/p>\n\n\n\n<h3 class=\"wp-block-heading\"><strong>DLG-Zertifizierung (Deutsche Landwirtschafts-Gesellschaft): Ein Zeichen f\u00fcr Exzellenz<\/strong><\/h3>\n\n\n\n<figure class=\"wp-block-image is-resized\"><a href=\"https:\/\/pruefberichte.dlg.org\/filestorage\/7439_e.pdf\" target=\"_blank\" rel=\"noreferrer noopener\"><img decoding=\"async\" src=\"https:\/\/cdn.shopify.com\/s\/files\/1\/0723\/2998\/6368\/files\/1548452d7e98d03d51435624522d88b_480x480.jpg?v=1701750322\" alt=\"DLG-Pr&#xFC;fzeichen\" style=\"width:250px\"\/><\/a><\/figure>\n\n\n\n<p>Unsere Netzverpackungen sind DLG-zertifiziert, d.h. sie erf\u00fcllen die hohen Standards der Deutschen Landwirtschafts-Gesellschaft (DLG). Diese prestigetr\u00e4chtige Zertifizierung wird f\u00fcr ihre strengen Tests und die Qualit\u00e4tssicherung anerkannt und stellt sicher, dass sich unser Produkt auf dem Markt durch seine au\u00dfergew\u00f6hnliche Qualit\u00e4t und Zuverl\u00e4ssigkeit auszeichnet.<\/p>\n\n\n\n<p>Entdecken Sie die strengen Standards und au\u00dfergew\u00f6hnlichen Qualit\u00e4ten, die unsere Netzverpackung auszeichnen, indem Sie sich <a href=\"https:\/\/pruefberichte.dlg.org\/filestorage\/7439_e.pdf\" target=\"_blank\" rel=\"noreferrer noopener\">unseren DLG-Testbericht<\/a> ansehen.<\/p>\n\n\n\n<h3 class=\"wp-block-heading\">Wesentliche Merkmale<\/h3>\n\n\n\n<ul class=\"wp-block-list\">\n<li><strong>\ud83d\udcaa Extreme St\u00e4rke:<\/strong> Maximieren Sie St\u00e4rke und Widerstandsf\u00e4higkeit mit unserer patentierten Kettenstruktur mit Kettf\u00e4den.  <\/li>\n\n\n\n<li><strong>\ud83e\udd1d Passend f\u00fcr alle Rundballenpressen:<\/strong> Unser Netz passt perfekt zu allen g\u00e4ngigen Rundballenpressenmarken und -modellen, einschlie\u00dflich John Deere, New Holland und Vermeer.<\/li>\n\n\n\n<li><strong>\ud83d\udccf Garantierte L\u00e4nge:<\/strong> Wir geben Ihnen 150ft* extra auf jede Rolle &#8211; so stellen wir sicher, dass Sie genau das bekommen, was Ihnen versprochen wurde, jedes Mal.<\/li>\n\n\n\n<li><strong>\ud83c\udfaf Klare Markierungen:<\/strong> Seitliche Markierungen und ein deutliches rotes Signal f\u00fcr das Rollenende erh\u00f6hen die Effizienz des Ballenpressvorgangs.<\/li>\n\n\n\n<li><strong>\u2714\ufe0f Ordentlich und gleichm\u00e4\u00dfig:<\/strong> Erleben Sie weniger Abfall und eine bessere Passform mit unserem pr\u00e4zise ges\u00e4umten und gleichm\u00e4\u00dfig gewickelten Netzband, das entwickelt wurde, um Ausfallzeiten zu reduzieren und Ihre Ballenpressung reibungslos zu gestalten.<\/li>\n<\/ul>\n\n\n\n<figure class=\"wp-block-table\"><table class=\"has-fixed-layout\"><tbody><tr><td><\/td><td><strong>XES\u00ae Extrem<\/strong><\/td><\/tr><tr><td>Breite der Rolle<\/td><td>1.23m \/ 1.25m<\/td><\/tr><tr><td>Garantierte L\u00e4nge<\/td><td>2.000m\/3.000m<\/td><\/tr><tr><td>Zugfestigkeit<\/td><td>270kg &#8211; 300kg<\/td><\/tr><tr><td>Gewicht<\/td><td>22.8kg\/32.8kg<\/td><\/tr><tr><td>UV-Best\u00e4ndigkeit<\/td><td>12 Monate Minimum<\/td><\/tr><tr><td>Seitliche Markierung<\/td><td>Gelb\/Blau\/Orange auf der linken Seite<\/td><\/tr><tr><td>Au\u00dfendurchmesser der Rolle<\/td><td>20.5cm(+\/-1.0cm)\/22.5cm(+\/- 1,0cm)<\/td><\/tr><tr><td>Ende Markierung<\/td><td>Rot, letzte 50m<\/td><\/tr><tr><td>Material<\/td><td>Umweltfreundliches HDPE<\/td><\/tr><tr><td>Anwendungen<\/td><td>Heu, Stroh, Silage<\/td><\/tr><\/tbody><\/table><\/figure>\n<\/div>\n<\/div>\n\n<div class=\"wp-block-aioseo-key-points\"><div class=\"aioseo-key-points-block-content\">\n<ul class=\"wp-block-list\">\n<li><strong>XES\u00ae Extreme Rundballennetz Einf\u00fchrung:<\/strong> Bei diesem Produkt handelt es sich um ein hochwertiges Rundballennetz, das auf Langlebigkeit und zuverl\u00e4ssigen Schutz der Ernte ausgelegt ist. Es wird mit fachm\u00e4nnischer Handwerkskunst hergestellt und zu einem g\u00fcnstigen Preis angeboten.<\/li>\n<\/ul>\n<\/div><\/div>\n\n<div class=\"wp-block-aioseo-key-points\"><div class=\"aioseo-key-points-block-content\">\n<ul class=\"wp-block-list\">\n<li><strong>Die DLG-Zertifizierung steht f\u00fcr Qualit\u00e4t:<\/strong> Unsere Netzverpackungen sind von der Deutschen Landwirtschafts-Gesellschaft (DLG) zertifiziert, was die Einhaltung hoher Pr\u00fcf- und Qualit\u00e4tssicherungsstandards widerspiegelt und ihre au\u00dfergew\u00f6hnliche Qualit\u00e4t und Zuverl\u00e4ssigkeit gew\u00e4hrleistet.<\/li>\n\n\n\n<li><strong>Die wichtigsten Merkmale des Net Wrap:<\/strong> Der Netzwickler bietet extreme St\u00e4rke durch eine patentierte Kettenstruktur, universelle Kompatibilit\u00e4t mit den wichtigsten Rundballenpressen, garantierte L\u00e4ngenausdehnung, klare Markierungen f\u00fcr mehr Effizienz und pr\u00e4zise Kanten f\u00fcr weniger Abfall.<\/li>\n\n\n\n<li><strong>Produktspezifikationen und Anwendungen:<\/strong> Das Netz ist in verschiedenen Gr\u00f6\u00dfen erh\u00e4ltlich. Zu den Spezifikationen geh\u00f6ren eine Zugfestigkeit von 270-300 kg, UV-Best\u00e4ndigkeit f\u00fcr mindestens 12 Monate, umweltfreundliches HDPE-Material und die Eignung zum Pressen von Heu, Stroh und Silage.<\/li>\n\n\n\n<li><strong>Zus\u00e4tzliche Produktvorteile:<\/strong> Merkmale wie seitliche Markierungen und ein roter Indikator f\u00fcr das Rollenende verbessern die betriebliche Effizienz, w\u00e4hrend die pr\u00e4zise Konstruktion Ausfallzeiten minimiert und die Produktivit\u00e4t im Feldeinsatz maximiert.<\/li>\n<\/ul>\n<\/div><\/div>\n\n<div data-schema-only=\"false\" class=\"wp-block-aioseo-faq\"><h3 class=\"aioseo-faq-block-question\">What is XES\u00ae Extreme Bale Net Wrap and what are its main features?<\/h3><div class=\"aioseo-faq-block-answer\">\n<p>Das XES\u00ae Extreme Rundballennetz ist ein hochwertiges, langlebiges Netz, das f\u00fcr einen zuverl\u00e4ssigen Ernteschutz entwickelt wurde. Zu seinen Hauptmerkmalen geh\u00f6ren extreme Festigkeit durch eine patentierte Kettenstruktur, Kompatibilit\u00e4t mit verschiedenen Rundballenpressen, eine garantierte Extral\u00e4nge von 150 Fu\u00df, klare Seitenmarkierungen und ein rotes Signal f\u00fcr das Rollenende sowie eine pr\u00e4zise Umrandung zur Reduzierung von Abfall. <\/p>\n<\/div><\/div>\n\n<div data-schema-only=\"false\" class=\"wp-block-aioseo-faq\"><h3 class=\"aioseo-faq-block-question\">What certification does the XES\u00ae Extreme Bale Net Wrap have and what does it signify?<\/h3><div class=\"aioseo-faq-block-answer\">\n<p>Das XES\u00ae Extreme Rundballennetz ist von der Deutschen Landwirtschafts-Gesellschaft (DLG) zertifiziert, was bedeutet, dass es die hohen Standards der Pr\u00fcfung und Qualit\u00e4tssicherung erf\u00fcllt und somit seine au\u00dfergew\u00f6hnliche Qualit\u00e4t und Zuverl\u00e4ssigkeit gew\u00e4hrleistet.<\/p>\n<\/div><\/div>\n\n<div data-schema-only=\"false\" class=\"wp-block-aioseo-faq\"><h3 class=\"aioseo-faq-block-question\">How does the DLG certification benefit the performance and quality of the net wrap?<\/h3><div class=\"aioseo-faq-block-answer\">\n<p>Die DLG-Zertifizierung bedeutet, dass das Netzgewebe strengen Tests und Qualit\u00e4tsstandards unterzogen wurde, um sicherzustellen, dass es qualitativ hochwertig und zuverl\u00e4ssig ist und in landwirtschaftlichen Betrieben effektiv eingesetzt werden kann.<\/p>\n<\/div><\/div>\n\n<div data-schema-only=\"false\" class=\"wp-block-aioseo-faq\"><h3 class=\"aioseo-faq-block-question\">What materials and application sizes are available for XES\u00ae Extreme Bale Net Wrap?<\/h3><div class=\"aioseo-faq-block-answer\">\n<p>Das Netz wird aus umweltfreundlichem HDPE-Material hergestellt und hat eine Breite von 1,23 m bis 1,25 m und eine L\u00e4nge von 2.000 m oder 3.000 m. Es eignet sich zum Pressen von Heu, Stroh und Silage.<\/p>\n<\/div><\/div>\n\n<div data-schema-only=\"false\" class=\"wp-block-aioseo-faq\"><h3 class=\"aioseo-faq-block-question\">What operational advantages does the XES\u00ae Extreme Bale Net Wrap offer to farmers?<\/h3><div class=\"aioseo-faq-block-answer\">\n<p>Der Netzwickler verf\u00fcgt \u00fcber klare Markierungen und eine rote Anzeige f\u00fcr das Rollenende, die die Effizienz verbessern, und seine pr\u00e4zise Konstruktion minimiert Abfall und Ausfallzeiten und steigert so die Produktivit\u00e4t beim Ballenpressen.<\/p>\n<\/div><\/div>\n","protected":false},"excerpt":{"rendered":"<p>XES\u00ae Extreme Rundballennetz-Wickel Lernen Sie unser hochwertiges Rundballennetz kennen, ein Produkt, das von Experten entwickelt wurde und auf Langlebigkeit und Zuverl\u00e4ssigkeit im Feld ausgelegt ist. Erhalten Sie zuverl\u00e4ssigen, starken Schutz f\u00fcr Ihre Pflanzen zu einem g\u00fcnstigen Preis. DLG-Zertifizierung (Deutsche Landwirtschafts-Gesellschaft): Ein Zeichen f\u00fcr Exzellenz Unsere Netzverpackungen sind DLG-zertifiziert, d.h. sie erf\u00fcllen die hohen Standards der [&hellip;]<\/p>\n","protected":false},"author":1,"featured_media":0,"parent":0,"menu_order":0,"comment_status":"closed","ping_status":"closed","template":"","meta":{"_uag_custom_page_level_css":"","site-sidebar-layout":"default","site-content-layout":"","ast-site-content-layout":"default","site-content-style":"default","site-sidebar-style":"default","ast-global-header-display":"","ast-banner-title-visibility":"","ast-main-header-display":"","ast-hfb-above-header-display":"","ast-hfb-below-header-display":"","ast-hfb-mobile-header-display":"","site-post-title":"","ast-breadcrumbs-content":"","ast-featured-img":"","footer-sml-layout":"","ast-disable-related-posts":"","theme-transparent-header-meta":"","adv-header-id-meta":"","stick-header-meta":"","header-above-stick-meta":"","header-main-stick-meta":"","header-below-stick-meta":"","astra-migrate-meta-layouts":"default","ast-page-background-enabled":"default","ast-page-background-meta":{"desktop":{"background-color":"var(--ast-global-color-4)","background-image":"","background-repeat":"repeat","background-position":"center center","background-size":"auto","background-attachment":"scroll","background-type":"","background-media":"","overlay-type":"","overlay-color":"","overlay-opacity":"","overlay-gradient":""},"tablet":{"background-color":"","background-image":"","background-repeat":"repeat","background-position":"center center","background-size":"auto","background-attachment":"scroll","background-type":"","background-media":"","overlay-type":"","overlay-color":"","overlay-opacity":"","overlay-gradient":""},"mobile":{"background-color":"","background-image":"","background-repeat":"repeat","background-position":"center center","background-size":"auto","background-attachment":"scroll","background-type":"","background-media":"","overlay-type":"","overlay-color":"","overlay-opacity":"","overlay-gradient":""}},"ast-content-background-meta":{"desktop":{"background-color":"var(--ast-global-color-5)","background-image":"","background-repeat":"repeat","background-position":"center center","background-size":"auto","background-attachment":"scroll","background-type":"","background-media":"","overlay-type":"","overlay-color":"","overlay-opacity":"","overlay-gradient":""},"tablet":{"background-color":"var(--ast-global-color-5)","background-image":"","background-repeat":"repeat","background-position":"center center","background-size":"auto","background-attachment":"scroll","background-type":"","background-media":"","overlay-type":"","overlay-color":"","overlay-opacity":"","overlay-gradient":""},"mobile":{"background-color":"var(--ast-global-color-5)","background-image":"","background-repeat":"repeat","background-position":"center center","background-size":"auto","background-attachment":"scroll","background-type":"","background-media":"","overlay-type":"","overlay-color":"","overlay-opacity":"","overlay-gradient":""}},"_joinchat":[],"footnotes":""},"class_list":["post-3981","page","type-page","status-publish","hentry"],"aioseo_notices":[],"uagb_featured_image_src":{"full":false,"thumbnail":false,"medium":false,"medium_large":false,"large":false,"1536x1536":false,"2048x2048":false},"uagb_author_info":{"display_name":"xesbalenet","author_link":"https:\/\/xesbalenet.com\/de\/author\/zx9212110726live-com\/"},"uagb_comment_info":0,"uagb_excerpt":"XES\u00ae Extreme Rundballennetz-Wickel Lernen Sie unser hochwertiges Rundballennetz kennen, ein Produkt, das von Experten entwickelt wurde und auf Langlebigkeit und Zuverl\u00e4ssigkeit im Feld ausgelegt ist. Erhalten Sie zuverl\u00e4ssigen, starken Schutz f\u00fcr Ihre Pflanzen zu einem g\u00fcnstigen Preis. DLG-Zertifizierung (Deutsche Landwirtschafts-Gesellschaft): Ein Zeichen f\u00fcr Exzellenz Unsere Netzverpackungen sind DLG-zertifiziert, d.h. sie erf\u00fcllen die hohen Standards der&hellip;","_links":{"self":[{"href":"https:\/\/xesbalenet.com\/de\/wp-json\/wp\/v2\/pages\/3981","targetHints":{"allow":["GET"]}}],"collection":[{"href":"https:\/\/xesbalenet.com\/de\/wp-json\/wp\/v2\/pages"}],"about":[{"href":"https:\/\/xesbalenet.com\/de\/wp-json\/wp\/v2\/types\/page"}],"author":[{"embeddable":true,"href":"https:\/\/xesbalenet.com\/de\/wp-json\/wp\/v2\/users\/1"}],"replies":[{"embeddable":true,"href":"https:\/\/xesbalenet.com\/de\/wp-json\/wp\/v2\/comments?post=3981"}],"version-history":[{"count":0,"href":"https:\/\/xesbalenet.com\/de\/wp-json\/wp\/v2\/pages\/3981\/revisions"}],"wp:attachment":[{"href":"https:\/\/xesbalenet.com\/de\/wp-json\/wp\/v2\/media?parent=3981"}],"curies":[{"name":"wp","href":"https:\/\/api.w.org\/{rel}","templated":true}]}}