{"id":4010,"date":"2025-07-02T08:17:11","date_gmt":"2025-07-02T08:17:11","guid":{"rendered":"https:\/\/xesbalenet.com\/rundballennetz-wrap-supreme\/"},"modified":"2026-04-30T07:02:24","modified_gmt":"2026-04-30T07:02:24","slug":"rundballennetz-wrap-supreme","status":"publish","type":"page","link":"https:\/\/xesbalenet.com\/de\/rundballennetz-wrap-supreme\/","title":{"rendered":"Rundballennetz Wrap Supreme"},"content":{"rendered":"\n<div class=\"wp-block-columns is-layout-flex wp-container-core-columns-is-layout-28f84493 wp-block-columns-is-layout-flex\">\n<div class=\"wp-block-column is-layout-flow wp-block-column-is-layout-flow\">\n<figure class=\"wp-block-image aligncenter size-full\"><img decoding=\"async\" width=\"420\" height=\"172\" src=\"https:\/\/xesbalenet.com\/wp-content\/uploads\/2025\/07\/070403.jpg\" alt=\"\" class=\"wp-image-3042\" srcset=\"https:\/\/xesbalenet.com\/wp-content\/uploads\/2025\/07\/070403.jpg 420w, https:\/\/xesbalenet.com\/wp-content\/uploads\/2025\/07\/070403-300x123.jpg 300w\" sizes=\"(max-width: 420px) 100vw, 420px\" \/><\/figure>\n\n\n\n<figure class=\"wp-block-image size-large\"><img decoding=\"async\" width=\"1024\" height=\"768\" src=\"https:\/\/xesbalenet.com\/wp-content\/uploads\/2025\/07\/51-1-1024x768.jpg\" alt=\"\" class=\"wp-image-3044\" srcset=\"https:\/\/xesbalenet.com\/wp-content\/uploads\/2025\/07\/51-1-1024x768.jpg 1024w, https:\/\/xesbalenet.com\/wp-content\/uploads\/2025\/07\/51-1-300x225.jpg 300w, https:\/\/xesbalenet.com\/wp-content\/uploads\/2025\/07\/51-1-768x576.jpg 768w, https:\/\/xesbalenet.com\/wp-content\/uploads\/2025\/07\/51-1-1536x1152.jpg 1536w, https:\/\/xesbalenet.com\/wp-content\/uploads\/2025\/07\/51-1-2048x1536.jpg 2048w\" sizes=\"(max-width: 1024px) 100vw, 1024px\" \/><\/figure>\n\n\n\n<figure class=\"wp-block-image size-large\"><img decoding=\"async\" src=\"https:\/\/xesbalenet.com\/wp-content\/uploads\/2025\/07\/&#x5FAE;&#x4FE1;&#x56FE;&#x7247;_20220713093010-1024x1024.jpg\" alt=\"\" class=\"wp-image-3048\"\/><\/figure>\n<\/div>\n\n\n\n<div class=\"wp-block-column is-layout-flow wp-block-column-is-layout-flow\">\n<h2 class=\"wp-block-heading\">XES\u00ae Supreme Rundballennetz-Wicklung<\/h2>\n\n\n\n<p><strong>Unser innovatives Ballennetz mit patentierter Technologie.<\/strong><\/p>\n\n\n\n<p>Diese Technologie erfordert kein Weben, ein Kettfaden verbindet drei Schussf\u00e4den, und die gro\u00dfe Oberfl\u00e4che und die hohe Reibung machen die Netze widerstandsf\u00e4higer gegen Sonneneinstrahlung. Die Oberfl\u00e4che des Netzes ist glatt und flach, und es ist weniger wahrscheinlich, dass es in der Verpackungsmaschine besch\u00e4digt wird. Es verteilt das Gewicht gleichm\u00e4\u00dfig auf das gesamte Netz und erh\u00f6ht die Rei\u00dffestigkeit. Ergebnis: 5.000 Meter statt 3.000 Meter bei gleichem Gewicht und Rollendurchmesser. Optimiert f\u00fcr maximale Effizienz durch geringe Stillstandszeiten in der Landwirtschaft.<\/p>\n\n\n\n<p>Mit einer hohen Rei\u00dffestigkeit von etwa 300 kg ist es auch f\u00fcr anspruchsvolle Aufgaben wie die Maisernte geeignet. Unser XES\u00ae Supreme Ballennetz bietet die folgenden Eigenschaften:<\/p>\n\n\n\n<p>&#8211; Hohe Zugfestigkeit und Dehnbarkeit (XES\u00ae Supremeup bis zu 300 kg)<\/p>\n\n\n\n<p>&#8211; l\u00e4uft einwandfrei auf allen g\u00e4ngigen Rechnern<\/p>\n\n\n\n<p>&#8211; Hergestellt aus umweltfreundlichem HDPE<\/p>\n\n\n\n<p>(Polyethylen hoher Dichte)<\/p>\n\n\n\n<p>&#8211; Pr\u00e4zise und gleichm\u00e4\u00dfige Wicklung<\/p>\n\n\n\n<p>&#8211; UV-Stabilit\u00e4t 1 Jahr f\u00fcr Mitteleuropa<\/p>\n\n\n\n<p>&#8211; Hersteller zertifiziert nach DIN EN ISO 9001<\/p>\n\n\n\n<p>Entdecken Sie die strengen Standards und au\u00dfergew\u00f6hnlichen Qualit\u00e4ten, die unsere Netzverpackung auszeichnen, indem Sie sich <a rel=\"noreferrer noopener\" href=\"https:\/\/pruefberichte.dlg.org\/filestorage\/7439_e.pdf\" target=\"_blank\">unseren DLG-Testbericht<\/a> ansehen.<\/p>\n\n\n\n<figure class=\"wp-block-table\"><table class=\"has-fixed-layout\"><tbody><tr><td><\/td><td><strong>XES\u00ae Supreme<\/strong><\/td><\/tr><tr><td>Zugfestigkeit<\/td><td>270kg<\/td><\/tr><tr><td>Breite der Rolle<\/td><td>1.23m \/ 1.25m<\/td><\/tr><tr><td>Garantierte L\u00e4nge<\/td><td>3000m\/4000m<\/td><\/tr><tr><td>Gewicht<\/td><td>25kg\/32.8kg<\/td><\/tr><tr><td>Material<\/td><td>Umweltfreundliches HDPE<\/td><\/tr><tr><td>UV-Best\u00e4ndigkeit<\/td><td>12 Monate<\/td><\/tr><tr><td>Anwendungen<\/td><td>Silage, Heu, Stroh, Mais<\/td><\/tr><tr><td>Anwendungen<\/td><td>Silage, Heu, Stroh, starkes Stroh,<br\/>Mais, Zuckerr\u00fcbenschnitzel und St\u00f6cke<\/td><\/tr><\/tbody><\/table><\/figure>\n<\/div>\n<\/div>\n\n<div class=\"wp-block-aioseo-key-points\"><div class=\"aioseo-key-points-block-content\">\n<ul class=\"wp-block-list\">\n<li><strong>Innovative Ballennetz-Technologie:<\/strong> XES\u00ae Supreme Rundballennetz verf\u00fcgt \u00fcber eine patentierte, webefreie Technologie mit hoher Reibung und gro\u00dfer Oberfl\u00e4che, die die Widerstandsf\u00e4higkeit gegen Sonnensch\u00e4den erh\u00f6ht und die Rei\u00dffestigkeit verbessert.<\/li>\n\n\n\n<li><strong>Verbesserte Effizienz und Langlebigkeit:<\/strong> Das Netz bietet eine L\u00e4nge von bis zu 5.000 Metern bei gleichem Gewicht, eine hohe Zugfestigkeit von etwa 300 kg und eine gleichm\u00e4\u00dfige Gewichtsverteilung, wodurch es sich f\u00fcr anspruchsvolle landwirtschaftliche Aufgaben wie die Maisernte eignet.<\/li>\n\n\n\n<li><strong>Breite Kompatibilit\u00e4t und Anwendung:<\/strong> Entwickelt f\u00fcr den einwandfreien Betrieb auf allen g\u00e4ngigen Verpackungsmaschinen und geeignet f\u00fcr verschiedene Anwendungen wie Silage, Heu, Stroh, Mais, Zuckerr\u00fcbenschnitzel und Sticks.<\/li>\n<\/ul>\n<\/div><\/div>\n\n<div data-schema-only=\"false\" class=\"wp-block-aioseo-faq\"><h3 class=\"aioseo-faq-block-question\">Is the XES\u00ae Supreme Bale Net Wrap suitable for different agricultural applications?<\/h3><div class=\"aioseo-faq-block-answer\">\n<p>Ja, es ist f\u00fcr verschiedene Zwecke geeignet, darunter Silage, Heu, Stroh, Mais, Zuckerr\u00fcbenschnitzel und St\u00f6cke, und kann problemlos auf allen g\u00e4ngigen Verpackungsmaschinen verwendet werden.<\/p>\n<\/div><\/div>\n\n<div data-schema-only=\"false\" class=\"wp-block-aioseo-faq\"><h3 class=\"aioseo-faq-block-question\">How does the innovative technology of XES\u00ae Supreme Bale Net Wrap improve its durability?<\/h3><div class=\"aioseo-faq-block-answer\">\n<p>Die patentierte webefreie Technologie in Kombination mit einer hohen Oberfl\u00e4chenreibung und einer gro\u00dfen Kontaktfl\u00e4che verbessert die Sonnenbest\u00e4ndigkeit und Rei\u00dffestigkeit, so dass das Netz auch anspruchsvollen landwirtschaftlichen Aufgaben standh\u00e4lt und eine l\u00e4ngere Lebensdauer aufweist.<\/p>\n<\/div><\/div>\n\n<div data-schema-only=\"false\" class=\"wp-block-aioseo-faq\"><h3 class=\"aioseo-faq-block-question\">What are the key features of the XES\u00ae Supreme Bale Net Wrap?<\/h3><div class=\"aioseo-faq-block-answer\">\n<p>Das XES\u00ae Supreme Rundballennetz zeichnet sich durch seine patentierte, webefreie Technologie, hohe Reibung, gro\u00dfe Oberfl\u00e4che, maximale Effizienz, hohe Rei\u00dffestigkeit von etwa 300 kg und umweltfreundliches HDPE-Material aus. Sie bietet au\u00dferdem UV-Stabilit\u00e4t f\u00fcr ein Jahr und ist mit allen g\u00e4ngigen Verpackungsmaschinen kompatibel. <\/p>\n<\/div><\/div>\n","protected":false},"excerpt":{"rendered":"<p>XES\u00ae Supreme Rundballennetz-Wicklung Unser innovatives Ballennetz mit patentierter Technologie. Diese Technologie erfordert kein Weben, ein Kettfaden verbindet drei Schussf\u00e4den, und die gro\u00dfe Oberfl\u00e4che und die hohe Reibung machen die Netze widerstandsf\u00e4higer gegen Sonneneinstrahlung. Die Oberfl\u00e4che des Netzes ist glatt und flach, und es ist weniger wahrscheinlich, dass es in der Verpackungsmaschine besch\u00e4digt wird. Es verteilt [&hellip;]<\/p>\n","protected":false},"author":1,"featured_media":0,"parent":0,"menu_order":0,"comment_status":"closed","ping_status":"closed","template":"","meta":{"_uag_custom_page_level_css":"","site-sidebar-layout":"default","site-content-layout":"","ast-site-content-layout":"default","site-content-style":"default","site-sidebar-style":"default","ast-global-header-display":"","ast-banner-title-visibility":"","ast-main-header-display":"","ast-hfb-above-header-display":"","ast-hfb-below-header-display":"","ast-hfb-mobile-header-display":"","site-post-title":"","ast-breadcrumbs-content":"","ast-featured-img":"","footer-sml-layout":"","ast-disable-related-posts":"","theme-transparent-header-meta":"","adv-header-id-meta":"","stick-header-meta":"","header-above-stick-meta":"","header-main-stick-meta":"","header-below-stick-meta":"","astra-migrate-meta-layouts":"default","ast-page-background-enabled":"default","ast-page-background-meta":{"desktop":{"background-color":"var(--ast-global-color-4)","background-image":"","background-repeat":"repeat","background-position":"center center","background-size":"auto","background-attachment":"scroll","background-type":"","background-media":"","overlay-type":"","overlay-color":"","overlay-opacity":"","overlay-gradient":""},"tablet":{"background-color":"","background-image":"","background-repeat":"repeat","background-position":"center center","background-size":"auto","background-attachment":"scroll","background-type":"","background-media":"","overlay-type":"","overlay-color":"","overlay-opacity":"","overlay-gradient":""},"mobile":{"background-color":"","background-image":"","background-repeat":"repeat","background-position":"center center","background-size":"auto","background-attachment":"scroll","background-type":"","background-media":"","overlay-type":"","overlay-color":"","overlay-opacity":"","overlay-gradient":""}},"ast-content-background-meta":{"desktop":{"background-color":"var(--ast-global-color-5)","background-image":"","background-repeat":"repeat","background-position":"center center","background-size":"auto","background-attachment":"scroll","background-type":"","background-media":"","overlay-type":"","overlay-color":"","overlay-opacity":"","overlay-gradient":""},"tablet":{"background-color":"var(--ast-global-color-5)","background-image":"","background-repeat":"repeat","background-position":"center center","background-size":"auto","background-attachment":"scroll","background-type":"","background-media":"","overlay-type":"","overlay-color":"","overlay-opacity":"","overlay-gradient":""},"mobile":{"background-color":"var(--ast-global-color-5)","background-image":"","background-repeat":"repeat","background-position":"center center","background-size":"auto","background-attachment":"scroll","background-type":"","background-media":"","overlay-type":"","overlay-color":"","overlay-opacity":"","overlay-gradient":""}},"_joinchat":[],"footnotes":""},"class_list":["post-4010","page","type-page","status-publish","hentry"],"aioseo_notices":[],"uagb_featured_image_src":{"full":false,"thumbnail":false,"medium":false,"medium_large":false,"large":false,"1536x1536":false,"2048x2048":false},"uagb_author_info":{"display_name":"xesbalenet","author_link":"https:\/\/xesbalenet.com\/de\/author\/zx9212110726live-com\/"},"uagb_comment_info":0,"uagb_excerpt":"XES\u00ae Supreme Rundballennetz-Wicklung Unser innovatives Ballennetz mit patentierter Technologie. Diese Technologie erfordert kein Weben, ein Kettfaden verbindet drei Schussf\u00e4den, und die gro\u00dfe Oberfl\u00e4che und die hohe Reibung machen die Netze widerstandsf\u00e4higer gegen Sonneneinstrahlung. Die Oberfl\u00e4che des Netzes ist glatt und flach, und es ist weniger wahrscheinlich, dass es in der Verpackungsmaschine besch\u00e4digt wird. Es verteilt&hellip;","_links":{"self":[{"href":"https:\/\/xesbalenet.com\/de\/wp-json\/wp\/v2\/pages\/4010","targetHints":{"allow":["GET"]}}],"collection":[{"href":"https:\/\/xesbalenet.com\/de\/wp-json\/wp\/v2\/pages"}],"about":[{"href":"https:\/\/xesbalenet.com\/de\/wp-json\/wp\/v2\/types\/page"}],"author":[{"embeddable":true,"href":"https:\/\/xesbalenet.com\/de\/wp-json\/wp\/v2\/users\/1"}],"replies":[{"embeddable":true,"href":"https:\/\/xesbalenet.com\/de\/wp-json\/wp\/v2\/comments?post=4010"}],"version-history":[{"count":0,"href":"https:\/\/xesbalenet.com\/de\/wp-json\/wp\/v2\/pages\/4010\/revisions"}],"wp:attachment":[{"href":"https:\/\/xesbalenet.com\/de\/wp-json\/wp\/v2\/media?parent=4010"}],"curies":[{"name":"wp","href":"https:\/\/api.w.org\/{rel}","templated":true}]}}