{"id":4074,"date":"2025-08-01T06:21:22","date_gmt":"2025-08-01T06:21:22","guid":{"rendered":"https:\/\/xesbalenet.com\/rundballennetz-classic\/"},"modified":"2026-04-30T06:41:43","modified_gmt":"2026-04-30T06:41:43","slug":"rundballennetz-classic","status":"publish","type":"page","link":"https:\/\/xesbalenet.com\/de\/rundballennetz-classic\/","title":{"rendered":"Rundballennetz Classic"},"content":{"rendered":"\n<div class=\"wp-block-columns are-vertically-aligned-top is-layout-flex wp-container-core-columns-is-layout-28f84493 wp-block-columns-is-layout-flex\">\n<div class=\"wp-block-column is-vertically-aligned-top is-layout-flow wp-block-column-is-layout-flow\">\n<figure class=\"wp-block-image size-large\"><img decoding=\"async\" width=\"954\" height=\"1024\" src=\"https:\/\/xesbalenet.com\/wp-content\/uploads\/2025\/08\/B_11639-954x1024.jpg\" alt=\"\" class=\"wp-image-3090\" srcset=\"https:\/\/xesbalenet.com\/wp-content\/uploads\/2025\/08\/B_11639-954x1024.jpg 954w, https:\/\/xesbalenet.com\/wp-content\/uploads\/2025\/08\/B_11639-279x300.jpg 279w, https:\/\/xesbalenet.com\/wp-content\/uploads\/2025\/08\/B_11639-768x825.jpg 768w, https:\/\/xesbalenet.com\/wp-content\/uploads\/2025\/08\/B_11639.jpg 990w\" sizes=\"(max-width: 954px) 100vw, 954px\" \/><\/figure>\n\n\n\n<figure class=\"wp-block-image size-large\"><img decoding=\"async\" width=\"1024\" height=\"683\" src=\"https:\/\/xesbalenet.com\/wp-content\/uploads\/2025\/07\/B_11604-1024x683.jpg\" alt=\"\" class=\"wp-image-3039\" srcset=\"https:\/\/xesbalenet.com\/wp-content\/uploads\/2025\/07\/B_11604-1024x683.jpg 1024w, https:\/\/xesbalenet.com\/wp-content\/uploads\/2025\/07\/B_11604-300x200.jpg 300w, https:\/\/xesbalenet.com\/wp-content\/uploads\/2025\/07\/B_11604-768x512.jpg 768w, https:\/\/xesbalenet.com\/wp-content\/uploads\/2025\/07\/B_11604-1536x1024.jpg 1536w, https:\/\/xesbalenet.com\/wp-content\/uploads\/2025\/07\/B_11604.jpg 2048w\" sizes=\"(max-width: 1024px) 100vw, 1024px\" \/><\/figure>\n<\/div>\n\n\n\n<div class=\"wp-block-column is-vertically-aligned-top is-layout-flow wp-block-column-is-layout-flow\">\n<h2 class=\"wp-block-heading\">XES\u00ae Klassisches Rundballennetz<\/h2>\n\n\n\n<p>Bereits die Basisversion sorgt f\u00fcr eine beeindruckende Qualit\u00e4t mit einer Zugfestigkeit<br\/>von 270 kg. Wie unsere anderen hochwertigen Netze ist auch dieses Netz<br\/>aus umweltfreundlichem HDPE (High-Density-Polyethylen)<br\/>hergestellt und garantiert eine UV-Stabilit\u00e4t von mindestens einem Jahr f\u00fcr Mitteleuropa.<\/p>\n\n\n\n<p>XES\u00ae ist die europ\u00e4ische Vertriebsgesellschaft eines weltweit anerkannten und erfahrenen Herstellers von landwirtschaftlichen Netzen. Seit \u00fcber 20 Jahren liefern die Produkte von XES\u00ae best\u00e4ndig hervorragende Qualit\u00e4t, \u00fcberragende Kosteneffizienz und au\u00dfergew\u00f6hnliche Ergebnisse auf dem Feld. In ganz Europa vertrauen Landwirte und landwirtschaftliche Lohnunternehmer auf die Produkte von XES\u00ae.<\/p>\n\n\n\n<h3 class=\"wp-block-heading\">Wesentliche Merkmale<\/h3>\n\n\n\n<ul class=\"wp-block-list\">\n<li><strong>\ud83d\udcaa Klassische St\u00e4rke:<\/strong> Unsere spezielle gestrickte Kettenstruktur mit verst\u00e4rkten F\u00e4den bietet extreme St\u00e4rke und reduziert den Abfall.  <\/li>\n\n\n\n<li><strong>\ud83e\udd1d Passend f\u00fcr alle Rundballenpressen:<\/strong> Unser Netz passt perfekt zu allen g\u00e4ngigen Rundballenpressenmarken und -modellen, einschlie\u00dflich John Deere, New Holland und Vermeer.<\/li>\n\n\n\n<li><strong>\ud83d\udccf Garantierte L\u00e4nge:<\/strong> Wir geben Ihnen 150ft* extra auf jede Rolle &#8211; so stellen wir sicher, dass Sie genau das bekommen, was Ihnen versprochen wurde, jedes Mal.<\/li>\n\n\n\n<li><strong>\ud83c\udfaf Klare Markierungen:<\/strong> Seitliche Markierungen und ein deutliches rotes Signal f\u00fcr das Rollenende erh\u00f6hen die Effizienz des Ballenpressvorgangs.<\/li>\n\n\n\n<li><strong>\u2714\ufe0f Ordentlich und gleichm\u00e4\u00dfig:<\/strong> Erleben Sie weniger Abfall und eine bessere Passform mit unserem pr\u00e4zise ges\u00e4umten und gleichm\u00e4\u00dfig gewickelten Netzband, das entwickelt wurde, um Ausfallzeiten zu reduzieren und Ihre Ballenpressung reibungslos zu gestalten.<\/li>\n<\/ul>\n\n\n\n<figure class=\"wp-block-table\"><table class=\"has-fixed-layout\"><tbody><tr><td><\/td><td><strong>XES\u00ae Klassisch<\/strong><\/td><\/tr><tr><td>Breite der Rolle<\/td><td>1.23m \/ 1.25m<\/td><\/tr><tr><td>Garantierte L\u00e4nge<\/td><td>2.000m\/3.000m<\/td><\/tr><tr><td>Zugfestigkeit<\/td><td>270kg<\/td><\/tr><tr><td>Gewicht<\/td><td>22.8kg\/32.8kg<\/td><\/tr><tr><td>UV-Best\u00e4ndigkeit<\/td><td>12 Monate Minimum<\/td><\/tr><tr><td>Seitliche Markierung<\/td><td>Gelb\/Blau\/Orange auf der linken Seite<\/td><\/tr><tr><td>Au\u00dfendurchmesser der Rolle<\/td><td>20.5cm(+\/-1.0cm)\/22.5cm(+\/- 1,0cm)<\/td><\/tr><tr><td>Ende Markierung<\/td><td>Rot, letzte 50m<\/td><\/tr><tr><td>Material<\/td><td>Umweltfreundliches HDPE<\/td><\/tr><tr><td>Anwendungen<\/td><td>Heu, Stroh, Silage<\/td><\/tr><\/tbody><\/table><\/figure>\n<\/div>\n<\/div>\n\n<div class=\"wp-block-aioseo-key-points\"><div class=\"aioseo-key-points-block-content\">\n<ul class=\"wp-block-list\">\n<li><strong>XES\u00ae Classic Rundballennetz Abmessungen und Zusammensetzung:<\/strong> Dieses aus umweltfreundlichem HDPE hergestellte Netz hat eine Zugfestigkeit von 270 kg, eine UV-Stabilit\u00e4t von mindestens einem Jahr in Mitteleuropa und Rollengr\u00f6\u00dfen von 2.000 bis 3.000 Metern.<\/li>\n\n\n\n<li><strong>Hochwertige Merkmale des XES\u00ae Classic Bale Net:<\/strong> Das Netz hat eine gestrickte Kettenstruktur f\u00fcr erh\u00f6hte Festigkeit, klare Markierungen und Signale f\u00fcr effizientes Ballenpressen und ein ausgewogenes Design, um Abfall und Ausfallzeiten zu reduzieren.<\/li>\n\n\n\n<li><strong>Kompatibilit\u00e4t und praktische Vorteile:<\/strong> Er ist f\u00fcr alle g\u00e4ngigen Rundballenpressen wie John Deere, New Holland und Vermeer geeignet und gew\u00e4hrleistet eine pr\u00e4zise L\u00e4nge, saubere Kanten und eine nahtlose Integration in die landwirtschaftlichen Abl\u00e4ufe.<\/li>\n\n\n\n<li><strong>Wichtige Produkteigenschaften und Spezifikationen:<\/strong> Zu den Merkmalen geh\u00f6ren verschiedene Rollenbreiten (1,23 m oder 1,25 m), garantierte L\u00e4nge, Gewicht, UV-Best\u00e4ndigkeitsdauer und deutliche Seitenmarkierungen, die es vielseitig f\u00fcr Heu, Stroh und Silage einsetzbar machen.<\/li>\n<\/ul>\n<\/div><\/div>\n\n<div data-schema-only=\"false\" class=\"wp-block-aioseo-faq\"><h3 class=\"aioseo-faq-block-question\">What practical benefits does the XES\u00ae Classic Bale Net Wrap provide during baling?<\/h3><div class=\"aioseo-faq-block-answer\">\n<p>Sie bietet klare Signale am Rollenende, Seitenmarkierungen f\u00fcr mehr Effizienz, saubere und ausgewogene Kanten zur Minimierung von Abfall und ein robustes Design, das Ausfallzeiten reduziert und den gesamten Ballenpressprozess verbessert.<\/p>\n<\/div><\/div>\n\n<div data-schema-only=\"false\" class=\"wp-block-aioseo-faq\"><h3 class=\"aioseo-faq-block-question\">Why is the environmental aspect of XES\u00ae Classic Bale Net Wrap important?<\/h3><div class=\"aioseo-faq-block-answer\">\n<p>Das Netz ist aus umweltfreundlichem HDPE hergestellt, das auf Nachhaltigkeit, geringere Umweltbelastung und umweltbewusste Anbaumethoden ausgerichtet ist.<\/p>\n<\/div><\/div>\n\n<div data-schema-only=\"false\" class=\"wp-block-aioseo-faq\"><h3 class=\"aioseo-faq-block-question\">What are the dimensions and capacity of the XES\u00ae Classic Bale Net Wrap?<\/h3><div class=\"aioseo-faq-block-answer\">\n<p>Die Netzverpackung ist in Rollenbreiten von 1,23 m oder 1,25 m erh\u00e4ltlich, mit garantierten L\u00e4ngen von 2.000 m oder 3.000 m und Rollengewichten von 22,8 kg bis 32,8 kg.<\/p>\n<\/div><\/div>\n\n<div data-schema-only=\"false\" class=\"wp-block-aioseo-faq\"><h3 class=\"aioseo-faq-block-question\">How does the XES\u00ae Classic Bale Net Wrap ensure compatibility with various balers?<\/h3><div class=\"aioseo-faq-block-answer\">\n<p>Die Netzh\u00fclle ist mit allen g\u00e4ngigen Rundballenpressenmarken und -modellen kompatibel, einschlie\u00dflich John Deere, New Holland und Vermeer, und gew\u00e4hrleistet eine nahtlose Anpassung an verschiedene Ger\u00e4tetypen.<\/p>\n<\/div><\/div>\n\n<div data-schema-only=\"false\" class=\"wp-block-aioseo-faq\"><h3 class=\"aioseo-faq-block-question\">What are the main features of XES\u00ae Classic Bale Net Wrap?<\/h3><div class=\"aioseo-faq-block-answer\">\n<p>Das XES\u00ae Classic Rundballennetz verf\u00fcgt \u00fcber eine Zugfestigkeit von 270 kg, ist aus umweltfreundlichem HDPE hergestellt, hat eine UV-Stabilit\u00e4t von mindestens einem Jahr in Mitteleuropa, eine verst\u00e4rkte Strickkettenstruktur, klare Seitenmarkierungen und eine pr\u00e4zise, gleichm\u00e4\u00dfige Wicklung zur Reduzierung von Abfall.<\/p>\n<\/div><\/div>\n","protected":false},"excerpt":{"rendered":"<p>XES\u00ae Klassisches Rundballennetz Bereits die Basisversion sorgt f\u00fcr eine beeindruckende Qualit\u00e4t mit einer Zugfestigkeitvon 270 kg. Wie unsere anderen hochwertigen Netze ist auch dieses Netzaus umweltfreundlichem HDPE (High-Density-Polyethylen)hergestellt und garantiert eine UV-Stabilit\u00e4t von mindestens einem Jahr f\u00fcr Mitteleuropa. XES\u00ae ist die europ\u00e4ische Vertriebsgesellschaft eines weltweit anerkannten und erfahrenen Herstellers von landwirtschaftlichen Netzen. Seit \u00fcber 20 [&hellip;]<\/p>\n","protected":false},"author":1,"featured_media":0,"parent":0,"menu_order":0,"comment_status":"closed","ping_status":"closed","template":"","meta":{"_uag_custom_page_level_css":"","site-sidebar-layout":"default","site-content-layout":"","ast-site-content-layout":"default","site-content-style":"default","site-sidebar-style":"default","ast-global-header-display":"","ast-banner-title-visibility":"","ast-main-header-display":"","ast-hfb-above-header-display":"","ast-hfb-below-header-display":"","ast-hfb-mobile-header-display":"","site-post-title":"","ast-breadcrumbs-content":"","ast-featured-img":"","footer-sml-layout":"","ast-disable-related-posts":"","theme-transparent-header-meta":"","adv-header-id-meta":"","stick-header-meta":"","header-above-stick-meta":"","header-main-stick-meta":"","header-below-stick-meta":"","astra-migrate-meta-layouts":"set","ast-page-background-enabled":"default","ast-page-background-meta":{"desktop":{"background-color":"var(--ast-global-color-4)","background-image":"","background-repeat":"repeat","background-position":"center center","background-size":"auto","background-attachment":"scroll","background-type":"","background-media":"","overlay-type":"","overlay-color":"","overlay-opacity":"","overlay-gradient":""},"tablet":{"background-color":"","background-image":"","background-repeat":"repeat","background-position":"center center","background-size":"auto","background-attachment":"scroll","background-type":"","background-media":"","overlay-type":"","overlay-color":"","overlay-opacity":"","overlay-gradient":""},"mobile":{"background-color":"","background-image":"","background-repeat":"repeat","background-position":"center center","background-size":"auto","background-attachment":"scroll","background-type":"","background-media":"","overlay-type":"","overlay-color":"","overlay-opacity":"","overlay-gradient":""}},"ast-content-background-meta":{"desktop":{"background-color":"var(--ast-global-color-5)","background-image":"","background-repeat":"repeat","background-position":"center center","background-size":"auto","background-attachment":"scroll","background-type":"","background-media":"","overlay-type":"","overlay-color":"","overlay-opacity":"","overlay-gradient":""},"tablet":{"background-color":"var(--ast-global-color-5)","background-image":"","background-repeat":"repeat","background-position":"center center","background-size":"auto","background-attachment":"scroll","background-type":"","background-media":"","overlay-type":"","overlay-color":"","overlay-opacity":"","overlay-gradient":""},"mobile":{"background-color":"var(--ast-global-color-5)","background-image":"","background-repeat":"repeat","background-position":"center center","background-size":"auto","background-attachment":"scroll","background-type":"","background-media":"","overlay-type":"","overlay-color":"","overlay-opacity":"","overlay-gradient":""}},"_joinchat":[],"footnotes":""},"class_list":["post-4074","page","type-page","status-publish","hentry"],"aioseo_notices":[],"uagb_featured_image_src":{"full":false,"thumbnail":false,"medium":false,"medium_large":false,"large":false,"1536x1536":false,"2048x2048":false},"uagb_author_info":{"display_name":"xesbalenet","author_link":"https:\/\/xesbalenet.com\/de\/author\/zx9212110726live-com\/"},"uagb_comment_info":0,"uagb_excerpt":"XES\u00ae Klassisches Rundballennetz Bereits die Basisversion sorgt f\u00fcr eine beeindruckende Qualit\u00e4t mit einer Zugfestigkeitvon 270 kg. Wie unsere anderen hochwertigen Netze ist auch dieses Netzaus umweltfreundlichem HDPE (High-Density-Polyethylen)hergestellt und garantiert eine UV-Stabilit\u00e4t von mindestens einem Jahr f\u00fcr Mitteleuropa. XES\u00ae ist die europ\u00e4ische Vertriebsgesellschaft eines weltweit anerkannten und erfahrenen Herstellers von landwirtschaftlichen Netzen. Seit \u00fcber 20&hellip;","_links":{"self":[{"href":"https:\/\/xesbalenet.com\/de\/wp-json\/wp\/v2\/pages\/4074","targetHints":{"allow":["GET"]}}],"collection":[{"href":"https:\/\/xesbalenet.com\/de\/wp-json\/wp\/v2\/pages"}],"about":[{"href":"https:\/\/xesbalenet.com\/de\/wp-json\/wp\/v2\/types\/page"}],"author":[{"embeddable":true,"href":"https:\/\/xesbalenet.com\/de\/wp-json\/wp\/v2\/users\/1"}],"replies":[{"embeddable":true,"href":"https:\/\/xesbalenet.com\/de\/wp-json\/wp\/v2\/comments?post=4074"}],"version-history":[{"count":0,"href":"https:\/\/xesbalenet.com\/de\/wp-json\/wp\/v2\/pages\/4074\/revisions"}],"wp:attachment":[{"href":"https:\/\/xesbalenet.com\/de\/wp-json\/wp\/v2\/media?parent=4074"}],"curies":[{"name":"wp","href":"https:\/\/api.w.org\/{rel}","templated":true}]}}