{"id":3804,"date":"2025-06-25T09:13:24","date_gmt":"2025-06-25T09:13:24","guid":{"rendered":"https:\/\/xesbalenet.com\/servicios\/"},"modified":"2026-04-30T05:55:34","modified_gmt":"2026-04-30T05:55:34","slug":"servicios","status":"publish","type":"page","link":"https:\/\/xesbalenet.com\/es\/servicios\/","title":{"rendered":"Servicios"},"content":{"rendered":"\n<div class=\"wp-block-uagb-container uagb-block-ae0bc409 alignfull uagb-is-root-container\"><div class=\"uagb-container-inner-blocks-wrap\">\n<div class=\"wp-block-uagb-advanced-heading uagb-block-8a1eebc0\"><h1 class=\"uagb-heading-text\">nuestros servicios<\/h1><\/div>\n<\/div><\/div>\n\n<div class=\"wp-block-uagb-container uagb-block-6999b479 alignfull uagb-is-root-container\"><div class=\"uagb-container-inner-blocks-wrap\">\n<div class=\"wp-block-uagb-container uagb-block-788ba4c8\">\n<div class=\"wp-block-uagb-image alignright uagb-block-f790ce5a wp-block-uagb-image--layout-default wp-block-uagb-image--effect-static wp-block-uagb-image--align-right\"><figure class=\"wp-block-uagb-image__figure\"><img decoding=\"async\" srcset=\"https:\/\/xesbalenet.com\/wp-content\/uploads\/2025\/06\/8-1024x683.jpg ,https:\/\/xesbalenet.com\/wp-content\/uploads\/2025\/06\/8-scaled.jpg 780w, https:\/\/xesbalenet.com\/wp-content\/uploads\/2025\/06\/8-scaled.jpg 360w\" sizes=\"auto, (max-width: 480px) 150px\" src=\"https:\/\/xesbalenet.com\/wp-content\/uploads\/2025\/06\/8-1024x683.jpg\" alt=\"\" class=\"uag-image-2925\" width=\"500\" height=\"200\" title=\"8\" loading=\"lazy\" role=\"img\"><\/figure><\/div>\n<\/div>\n\n\n\n<div class=\"wp-block-uagb-container uagb-block-55f27f39\">\n<div class=\"wp-block-uagb-info-box uagb-block-309bf170 uagb-infobox__content-wrap  uagb-infobox-icon-above-title uagb-infobox-image-valign-top wp-block-uagb-info-box--has-margin\"><div class=\"uagb-infobox-margin-wrapper\"><div class=\"uagb-ifb-content\"><div class=\"uagb-ifb-title-wrap\"><h4 class=\"uagb-ifb-title-prefix\">Malla para pacas XES\u00ae Extreme<\/h4><p class=\"uagb-ifb-title\">Conoce nuestra Malla para pacas de primera calidad, un producto de ingenier\u00eda experta, dise\u00f1ado para ofrecer durabilidad y fiabilidad en el campo. Consigue una protecci\u00f3n fiable y fuerte para tus cultivos a un precio econ\u00f3mico.<\/p><\/div><p class=\"uagb-ifb-desc\">Nuestro envoltorio de malla est\u00e1 orgullosamente certificado por la DLG, lo que significa que cumple las estrictas normas de la Sociedad Alemana de Agricultura (Deutsche Landwirtschafts-Gesellschaft).<\/p><\/div><\/div><\/div>\n\n\n\n<div class=\"wp-block-uagb-info-box uagb-block-29c06af7 uagb-infobox__content-wrap  uagb-infobox-icon-above-title uagb-infobox-image-valign-top\"><div class=\"uagb-ifb-content\"><div class=\"uagb-ifb-title-wrap\"><\/div><div class=\"uagb-ifb-button-wrapper wp-block-button\"><a href=\"https:\/\/xesbalenet.com\/es\/ponte-en-contacto-con\/\" class=\"uagb-infobox-cta-link ast-outline-button\" target=\"_self\" rel=\"noopener noreferrer\" style=\"border-width:revert-layer\" onclick=\"return true;\"><span class=\"uagb-inline-editing\">Iniciar un proyecto<\/span><\/a><\/div><\/div><\/div>\n<\/div>\n<\/div><\/div>\n\n<div class=\"wp-block-uagb-container uagb-block-a1c5c5cb alignfull uagb-is-root-container\"><div class=\"uagb-container-inner-blocks-wrap\">\n<div class=\"wp-block-uagb-container uagb-block-ffd0d737\">\n<div class=\"wp-block-uagb-image alignright uagb-block-f2a72ff6 wp-block-uagb-image--layout-default wp-block-uagb-image--effect-static wp-block-uagb-image--align-right\"><figure class=\"wp-block-uagb-image__figure\"><img decoding=\"async\" srcset=\"\/wp-content\/uploads\/2025\/06\/xes-r-extreme-bale-net-wraps-pallet-xes-netting-1-34698357539136.png ,https:\/\/xesbalenet.com\/wp-content\/uploads\/2025\/06\/xes-r-extreme-bale-net-wraps-pallet-xes-netting-1-34698357539136.png 780w, https:\/\/xesbalenet.com\/wp-content\/uploads\/2025\/06\/xes-r-extreme-bale-net-wraps-pallet-xes-netting-1-34698357539136.png 360w\" sizes=\"auto, (max-width: 480px) 150px\" src=\"\/wp-content\/uploads\/2025\/06\/xes-r-extreme-bale-net-wraps-pallet-xes-netting-1-34698357539136.png\" alt=\"\" class=\"uag-image-2890\" width=\"550\" height=\"713\" title=\"xes-r-extreme-bale-net-wraps-pallet-xes-netting-1-34698357539136\" loading=\"lazy\" role=\"img\"><\/figure><\/div>\n<\/div>\n\n\n\n<div class=\"wp-block-uagb-container uagb-block-16d72286\">\n<div class=\"wp-block-uagb-info-box uagb-block-3f27e1af uagb-infobox__content-wrap  uagb-infobox-icon-above-title uagb-infobox-image-valign-top\"><div class=\"uagb-ifb-content\"><div class=\"uagb-ifb-title-wrap\"><h4 class=\"uagb-ifb-title-prefix\">XES\u00ae Ultimate Malla para pacas Palet<\/h4><p class=\"uagb-ifb-title\">Explica a tu visitante c\u00f3mo tu servicio puede mejorar su vida. Conecta con el problema que intentan resolver y aborda cualquier objeci\u00f3n que creas que puedan tener. <\/p><\/div><p class=\"uagb-ifb-desc\">Qu\u00e9 es la biNuestra envoltura de malla est\u00e1 orgullosamente certificada por la DLG, lo que significa que cumple las estrictas normas de la Sociedad Alemana de Agricultura (Deutsche Landwirtschafts-Gesellschaft). Esta prestigiosa certificaci\u00f3n es reconocida por sus rigurosas pruebas y garant\u00edas de calidad, que garantizan que nuestro producto destaque en el mercado por su excepcional calidad y fiabilidad.<\/p><\/div><\/div>\n\n\n\n<div class=\"wp-block-uagb-info-box uagb-block-4182a82b uagb-infobox__content-wrap  uagb-infobox-icon-above-title uagb-infobox-image-valign-top\"><div class=\"uagb-ifb-content\"><div class=\"uagb-ifb-title-wrap\"><\/div><div class=\"uagb-ifb-button-wrapper wp-block-button\"><a href=\"https:\/\/xesbalenet.com\/es\/ponte-en-contacto-con\/\" class=\"uagb-infobox-cta-link ast-outline-button\" target=\"_self\" rel=\"noopener noreferrer\" style=\"border-width:revert-layer\" onclick=\"return true;\"><span class=\"uagb-inline-editing\">Iniciar un proyecto<\/span><\/a><\/div><\/div><\/div>\n<\/div>\n<\/div><\/div>\n\n<div class=\"wp-block-uagb-container uagb-block-d93bf905 alignfull uagb-is-root-container\"><div class=\"uagb-container-inner-blocks-wrap\">\n<div class=\"wp-block-uagb-container uagb-block-2e5edda1\">\n<div class=\"wp-block-uagb-image alignright uagb-block-5c89f075 wp-block-uagb-image--layout-default wp-block-uagb-image--effect-static wp-block-uagb-image--align-right\"><figure class=\"wp-block-uagb-image__figure\"><img decoding=\"async\" srcset=\"https:\/\/xesbalenet.com\/wp-content\/uploads\/2025\/06\/270kg-32\u5377\u4e00\u625802.jpg ,https:\/\/xesbalenet.com\/wp-content\/uploads\/2025\/06\/270kg-32\u5377\u4e00\u625802.jpg 780w, https:\/\/xesbalenet.com\/wp-content\/uploads\/2025\/06\/270kg-32\u5377\u4e00\u625802.jpg 360w\" sizes=\"auto, (max-width: 480px) 150px\" src=\"https:\/\/xesbalenet.com\/wp-content\/uploads\/2025\/06\/270kg-32%E5%8D%B7%E4%B8%80%E6%89%9802.jpg\" alt=\"\" class=\"uag-image-2941\" width=\"370\" height=\"500\" title=\"270kg 32\u5377\u4e00\u625802\" loading=\"lazy\" role=\"img\"><\/figure><\/div>\n<\/div>\n\n\n\n<div class=\"wp-block-uagb-container uagb-block-63b34e8a\">\n<div class=\"wp-block-uagb-info-box uagb-block-5a362367 uagb-infobox__content-wrap  uagb-infobox-icon-above-title uagb-infobox-image-valign-top\"><div class=\"uagb-ifb-content\"><div class=\"uagb-ifb-title-wrap\"><h4 class=\"uagb-ifb-title-prefix\">Malla para pacas XES<\/h4><p class=\"uagb-ifb-title\">Nuestra estructura especial de cadena tejida con hilos reforzados ofrece una resistencia extrema y reduce los residuos. Recomendamos envolver la paca con la red de pl\u00e1stico <strong>entre 2,25 y 2,5 veces<\/strong>.<\/p><\/div><p class=\"uagb-ifb-desc\">Nuestra envoltura de malla se adapta perfectamente a todas las marcas y modelos populares de rotoempacadoras, incluidas John Deere, New Holland, Vermeer.<br\/><br\/>Te regalamos 150 pies* extra en cada rollo: es nuestra forma de asegurarnos de que recibes exactamente lo que te prometemos, siempre.<br\/><\/p><\/div><\/div>\n\n\n\n<div class=\"wp-block-uagb-info-box uagb-block-0b1f3cb6 uagb-infobox__content-wrap  uagb-infobox-icon-above-title uagb-infobox-image-valign-top\"><div class=\"uagb-ifb-content\"><div class=\"uagb-ifb-title-wrap\"><\/div><div class=\"uagb-ifb-button-wrapper wp-block-button\"><a href=\"https:\/\/xesbalenet.com\/es\/ponte-en-contacto-con\/\" class=\"uagb-infobox-cta-link ast-outline-button\" target=\"_self\" rel=\"noopener noreferrer\" style=\"border-width:revert-layer\" onclick=\"return true;\"><span class=\"uagb-inline-editing\">Iniciar un proyecto<\/span><\/a><\/div><\/div><\/div>\n<\/div>\n<\/div><\/div>\n\n<div class=\"wp-block-uagb-container uagb-layout-grid uagb-block-d1651bb0 alignfull uagb-is-root-container\"><div class=\"uagb-container-inner-blocks-wrap\">\n<div class=\"wp-block-uagb-info-box uagb-block-78a58b03 uagb-infobox__content-wrap  uagb-infobox-icon-above-title uagb-infobox-image-valign-top wp-block-uagb-info-box--has-margin\"><div class=\"uagb-infobox-margin-wrapper\"><div class=\"uagb-ifb-content\"><div class=\"uagb-ifb-title-wrap\"><h4 class=\"uagb-ifb-title-prefix\">\u00bfPor qu\u00e9 XES\u00ae Malla para pacas?<\/h4><p class=\"uagb-ifb-title\">Durante m\u00e1s de 20 a\u00f1os, los productos XES han ofrecido una calidad excelente, una alta rentabilidad y los mejores resultados sobre el terreno. Ofrecemos un dise\u00f1o innovador con mayor resistencia que supera los retos de los dise\u00f1os tradicionales.<br\/>Aprovechando un modelo directo del fabricante al consumidor, eliminamos los costes de intermediaci\u00f3n y proporcionamos envolturas netas de primera calidad a precios competitivos en EE.UU. y la UE.eriencia y opiniones positivas de los clientes. <\/p><\/div><p class=\"uagb-ifb-desc\">Las insignias lo ilustran. Tambi\u00e9n nos centramos en las ventajas clave que obtendr\u00e1n al utilizar nuestros servicios, como unos plazos de entrega r\u00e1pidos y una asistencia dedicada. Tambi\u00e9n puedes utilizarlas para mostrar los premios que has ganado por tu mejor trabajo.  <\/p><\/div><\/div><\/div>\n\n\n\n<div class=\"wp-block-uagb-container uag-hide-tab uag-hide-mob uagb-layout-grid uagb-block-0fbd9792\">\n<div class=\"wp-block-uagb-info-box uagb-block-0f53eb8a uagb-infobox__content-wrap  uagb-infobox-icon-above-title uagb-infobox-image-valign-top wp-block-uagb-info-box--has-margin\"><div class=\"uagb-infobox-margin-wrapper\"><div class=\"uagb-ifb-content\"><div class=\"uagb-ifb-icon-wrap\"><div class=\"uagb-iconbox-icon-wrap uagb-infobox-shape-circle\"><svg xmlns=\"https:\/\/www.w3.org\/2000\/svg\" viewbox=\"0 0 384 512\"><path d=\"M288 358.3c13.98-8.088 17.53-30.04 28.88-41.39c11.35-11.35 33.3-14.88 41.39-28.87c7.98-13.79 .1658-34.54 4.373-50.29C366.7 222.5 383.1 208.5 383.1 192c0-16.5-17.27-30.52-21.34-45.73c-4.207-15.75 3.612-36.5-4.365-50.29c-8.086-13.98-30.03-17.52-41.38-28.87c-11.35-11.35-14.89-33.3-28.87-41.39c-13.79-7.979-34.54-.1637-50.29-4.375C222.5 17.27 208.5 0 192 0C175.5 0 161.5 17.27 146.3 21.34C130.5 25.54 109.8 17.73 95.98 25.7C82 33.79 78.46 55.74 67.11 67.08C55.77 78.43 33.81 81.97 25.72 95.95C17.74 109.7 25.56 130.5 21.35 146.2C17.27 161.5 .0008 175.5 .0008 192c0 16.5 17.27 30.52 21.34 45.73c4.207 15.75-3.615 36.5 4.361 50.29C33.8 302 55.74 305.5 67.08 316.9c11.35 11.35 14.89 33.3 28.88 41.4c13.79 7.979 34.53 .1582 50.28 4.369C161.5 366.7 175.5 384 192 384c16.5 0 30.52-17.27 45.74-21.34C253.5 358.5 274.2 366.3 288 358.3zM112 192c0-44.27 35.81-80 80-80s80 35.73 80 80c0 44.17-35.81 80-80 80S112 236.2 112 192zM1.719 433.2c-3.25 8.188-1.781 17.48 3.875 24.25c5.656 6.75 14.53 9.898 23.12 8.148l45.19-9.035l21.43 42.27C99.46 507 107.6 512 116.7 512c.3438 0 .6641-.0117 1.008-.0273c9.5-.375 17.65-6.082 21.24-14.88l33.58-82.08c-53.71-4.639-102-28.12-138.2-63.95L1.719 433.2zM349.6 351.1c-36.15 35.83-84.45 59.31-138.2 63.95l33.58 82.08c3.594 8.797 11.74 14.5 21.24 14.88C266.6 511.1 266.1 512 267.3 512c9.094 0 17.23-4.973 21.35-13.14l21.43-42.28l45.19 9.035c8.594 1.75 17.47-1.398 23.12-8.148c5.656-6.766 7.125-16.06 3.875-24.25L349.6 351.1z\"><\/path><\/svg><\/div><\/div><div class=\"uagb-ifb-title-wrap\"><h3 class=\"uagb-ifb-title\">20 a\u00f1os de experiencia<\/h3><\/div><\/div><\/div><\/div>\n\n\n\n<div class=\"wp-block-uagb-info-box uagb-block-6c67d45c uagb-infobox__content-wrap  uagb-infobox-icon-above-title uagb-infobox-image-valign-top\"><div class=\"uagb-ifb-content\"><div class=\"uagb-ifb-icon-wrap\"><div class=\"uagb-iconbox-icon-wrap uagb-infobox-shape-circle\"><svg xmlns=\"https:\/\/www.w3.org\/2000\/svg\" viewbox=\"0 0 576 512\"><path d=\"M381.2 150.3L524.9 171.5C536.8 173.2 546.8 181.6 550.6 193.1C554.4 204.7 551.3 217.3 542.7 225.9L438.5 328.1L463.1 474.7C465.1 486.7 460.2 498.9 450.2 506C440.3 513.1 427.2 514 416.5 508.3L288.1 439.8L159.8 508.3C149 514 135.9 513.1 126 506C116.1 498.9 111.1 486.7 113.2 474.7L137.8 328.1L33.58 225.9C24.97 217.3 21.91 204.7 25.69 193.1C29.46 181.6 39.43 173.2 51.42 171.5L195 150.3L259.4 17.97C264.7 6.954 275.9-.0391 288.1-.0391C300.4-.0391 311.6 6.954 316.9 17.97L381.2 150.3z\"><\/path><\/svg><\/div><\/div><div class=\"uagb-ifb-title-wrap\"><h3 class=\"uagb-ifb-title\">Calidad 5 estrellas<\/h3><\/div><\/div><\/div>\n\n\n\n<div class=\"wp-block-uagb-info-box uagb-block-afb4e7e9 uagb-infobox__content-wrap  uagb-infobox-icon-above-title uagb-infobox-image-valign-top\"><div class=\"uagb-ifb-content\"><div class=\"uagb-ifb-icon-wrap\"><div class=\"uagb-iconbox-icon-wrap uagb-infobox-shape-circle\"><svg xmlns=\"https:\/\/www.w3.org\/2000\/svg\" viewbox=\"0 0 512 512\"><path d=\"M222.7 32.15C227.7 49.08 218.1 66.9 201.1 71.94C121.8 95.55 64 169.1 64 255.1C64 362 149.1 447.1 256 447.1C362 447.1 448 362 448 255.1C448 169.1 390.2 95.55 310.9 71.94C293.9 66.9 284.3 49.08 289.3 32.15C294.4 15.21 312.2 5.562 329.1 10.6C434.9 42.07 512 139.1 512 255.1C512 397.4 397.4 511.1 256 511.1C114.6 511.1 0 397.4 0 255.1C0 139.1 77.15 42.07 182.9 10.6C199.8 5.562 217.6 15.21 222.7 32.15V32.15z\"><\/path><\/svg><\/div><\/div><div class=\"uagb-ifb-title-wrap\"><h3 class=\"uagb-ifb-title\">Alta resistencia<\/h3><\/div><\/div><\/div>\n\n\n\n<div class=\"wp-block-uagb-info-box uagb-block-8b324e3e uagb-infobox__content-wrap  uagb-infobox-icon-above-title uagb-infobox-image-valign-top\"><div class=\"uagb-ifb-content\"><div class=\"uagb-ifb-icon-wrap\"><div class=\"uagb-iconbox-icon-wrap uagb-infobox-shape-circle\"><svg xmlns=\"https:\/\/www.w3.org\/2000\/svg\" viewbox=\"0 0 512 512\"><path d=\"M470.6 425.4C483.1 437.9 483.1 458.1 470.6 470.6C458.1 483.1 437.9 483.1 425.4 470.6L412.1 458.2C369.6 491.9 315.2 512 255.1 512C196.8 512 142.4 491.9 99.02 458.2L86.63 470.6C74.13 483.1 53.87 483.1 41.37 470.6C28.88 458.1 28.88 437.9 41.37 425.4L53.76 412.1C20.07 369.6 0 315.2 0 255.1C0 196.8 20.07 142.4 53.76 99.02L41.37 86.63C28.88 74.13 28.88 53.87 41.37 41.37C53.87 28.88 74.13 28.88 86.63 41.37L99.02 53.76C142.4 20.07 196.8 0 255.1 0C315.2 0 369.6 20.07 412.1 53.76L425.4 41.37C437.9 28.88 458.1 28.88 470.6 41.37C483.1 53.87 483.1 74.13 470.6 86.63L458.2 99.02C491.9 142.4 512 196.8 512 255.1C512 315.2 491.9 369.6 458.2 412.1L470.6 425.4zM309.3 354.5C293.4 363.1 275.3 368 255.1 368C236.7 368 218.6 363.1 202.7 354.5L144.8 412.5C176.1 434.9 214.5 448 255.1 448C297.5 448 335.9 434.9 367.2 412.5L309.3 354.5zM448 255.1C448 214.5 434.9 176.1 412.5 144.8L354.5 202.7C363.1 218.6 368 236.7 368 256C368 275.3 363.1 293.4 354.5 309.3L412.5 367.2C434.9 335.9 448 297.5 448 256V255.1zM255.1 63.1C214.5 63.1 176.1 77.14 144.8 99.5L202.7 157.5C218.6 148.9 236.7 143.1 255.1 143.1C275.3 143.1 293.4 148.9 309.3 157.5L367.2 99.5C335.9 77.14 297.5 63.1 256 63.1H255.1zM157.5 309.3C148.9 293.4 143.1 275.3 143.1 255.1C143.1 236.7 148.9 218.6 157.5 202.7L99.5 144.8C77.14 176.1 63.1 214.5 63.1 255.1C63.1 297.5 77.14 335.9 99.5 367.2L157.5 309.3zM255.1 207.1C229.5 207.1 207.1 229.5 207.1 255.1C207.1 282.5 229.5 303.1 255.1 303.1C282.5 303.1 304 282.5 304 255.1C304 229.5 282.5 207.1 255.1 207.1z\"><\/path><\/svg><\/div><\/div><div class=\"uagb-ifb-title-wrap\"><h3 class=\"uagb-ifb-title\">Soporte dedicado<\/h3><\/div><\/div><\/div>\n<\/div>\n<\/div><\/div>\n\n<p><\/p>\n","protected":false},"excerpt":{"rendered":"<p>nuestros servicios<\/p>\n","protected":false},"author":1,"featured_media":0,"parent":0,"menu_order":0,"comment_status":"closed","ping_status":"closed","template":"","meta":{"_uag_custom_page_level_css":"","site-sidebar-layout":"no-sidebar","site-content-layout":"page-builder","ast-site-content-layout":"full-width-container","site-content-style":"unboxed","site-sidebar-style":"unboxed","ast-global-header-display":"","ast-banner-title-visibility":"","ast-main-header-display":"","ast-hfb-above-header-display":"","ast-hfb-below-header-display":"","ast-hfb-mobile-header-display":"","site-post-title":"disabled","ast-breadcrumbs-content":"","ast-featured-img":"disabled","footer-sml-layout":"","ast-disable-related-posts":"","theme-transparent-header-meta":"enabled","adv-header-id-meta":"","stick-header-meta":"","header-above-stick-meta":"","header-main-stick-meta":"","header-below-stick-meta":"","astra-migrate-meta-layouts":"default","ast-page-background-enabled":"default","ast-page-background-meta":{"desktop":{"background-color":"var(--ast-global-color-4)","background-image":"","background-repeat":"repeat","background-position":"center center","background-size":"auto","background-attachment":"scroll","background-type":"","background-media":"","overlay-type":"","overlay-color":"","overlay-opacity":"","overlay-gradient":""},"tablet":{"background-color":"","background-image":"","background-repeat":"repeat","background-position":"center center","background-size":"auto","background-attachment":"scroll","background-type":"","background-media":"","overlay-type":"","overlay-color":"","overlay-opacity":"","overlay-gradient":""},"mobile":{"background-color":"","background-image":"","background-repeat":"repeat","background-position":"center center","background-size":"auto","background-attachment":"scroll","background-type":"","background-media":"","overlay-type":"","overlay-color":"","overlay-opacity":"","overlay-gradient":""}},"ast-content-background-meta":{"desktop":{"background-color":"var(--ast-global-color-5)","background-image":"","background-repeat":"repeat","background-position":"center center","background-size":"auto","background-attachment":"scroll","background-type":"","background-media":"","overlay-type":"","overlay-color":"","overlay-opacity":"","overlay-gradient":""},"tablet":{"background-color":"var(--ast-global-color-5)","background-image":"","background-repeat":"repeat","background-position":"center center","background-size":"auto","background-attachment":"scroll","background-type":"","background-media":"","overlay-type":"","overlay-color":"","overlay-opacity":"","overlay-gradient":""},"mobile":{"background-color":"var(--ast-global-color-5)","background-image":"","background-repeat":"repeat","background-position":"center center","background-size":"auto","background-attachment":"scroll","background-type":"","background-media":"","overlay-type":"","overlay-color":"","overlay-opacity":"","overlay-gradient":""}},"_joinchat":[],"footnotes":""},"class_list":["post-3804","page","type-page","status-publish","hentry"],"aioseo_notices":[],"uagb_featured_image_src":{"full":false,"thumbnail":false,"medium":false,"medium_large":false,"large":false,"1536x1536":false,"2048x2048":false},"uagb_author_info":{"display_name":"xesbalenet","author_link":"https:\/\/xesbalenet.com\/es\/author\/zx9212110726live-com\/"},"uagb_comment_info":0,"uagb_excerpt":"nuestros servicios","_links":{"self":[{"href":"https:\/\/xesbalenet.com\/es\/wp-json\/wp\/v2\/pages\/3804","targetHints":{"allow":["GET"]}}],"collection":[{"href":"https:\/\/xesbalenet.com\/es\/wp-json\/wp\/v2\/pages"}],"about":[{"href":"https:\/\/xesbalenet.com\/es\/wp-json\/wp\/v2\/types\/page"}],"author":[{"embeddable":true,"href":"https:\/\/xesbalenet.com\/es\/wp-json\/wp\/v2\/users\/1"}],"replies":[{"embeddable":true,"href":"https:\/\/xesbalenet.com\/es\/wp-json\/wp\/v2\/comments?post=3804"}],"version-history":[{"count":0,"href":"https:\/\/xesbalenet.com\/es\/wp-json\/wp\/v2\/pages\/3804\/revisions"}],"wp:attachment":[{"href":"https:\/\/xesbalenet.com\/es\/wp-json\/wp\/v2\/media?parent=3804"}],"curies":[{"name":"wp","href":"https:\/\/api.w.org\/{rel}","templated":true}]}}