{"id":3870,"date":"2025-06-25T09:13:24","date_gmt":"2025-06-25T09:13:24","guid":{"rendered":"https:\/\/xesbalenet.com\/acerca-de\/"},"modified":"2026-04-30T05:55:39","modified_gmt":"2026-04-30T05:55:39","slug":"acerca-de","status":"publish","type":"page","link":"https:\/\/xesbalenet.com\/es\/acerca-de\/","title":{"rendered":"Acerca de"},"content":{"rendered":"\n<div class=\"wp-block-uagb-container uagb-block-3ad17e27 alignfull uagb-is-root-container\"><div class=\"uagb-container-inner-blocks-wrap\">\n<div class=\"wp-block-uagb-advanced-heading uagb-block-8a1eebc0\"><h1 class=\"uagb-heading-text\">Sobre nosotros<\/h1><\/div>\n<\/div><\/div>\n\n<div class=\"wp-block-uagb-container uagb-block-f8ec2bd3 alignfull uagb-is-root-container\"><div class=\"uagb-container-inner-blocks-wrap\">\n<div class=\"wp-block-uagb-advanced-heading uagb-block-e874992d\"><h4 class=\"uagb-heading-text\">XES\u00ae es una marca de Malla para pacas centrada en aplicaciones de envasado agr\u00edcola.<br\/> <br\/>Changzhou Meshel Netting Co., Ltd. es la entidad jur\u00eddica responsable del funcionamiento de este sitio web, la gesti\u00f3n de las comunicaciones con los clientes, la preparaci\u00f3n de presupuestos y la gesti\u00f3n de los servicios relacionados con las ventas de la marca XES\u00ae.<br\/> <br\/>Proporcionamos productos de Malla para pacas para heno, paja, ensilado y otras necesidades de embalaje agr\u00edcola. Nuestro objetivo es ofrecer informaci\u00f3n clara sobre los productos, una coordinaci\u00f3n fiable de los suministros y un servicio receptivo para distribuidores, mayoristas y clientes agr\u00edcolas.<br\/> <br\/>Para mayor transparencia, Changzhou Meshel Netting Co., Ltd. es la entidad empresarial responsable de este sitio web y de las actividades comerciales de cara al cliente relacionadas con las consultas y los pedidos enviados a trav\u00e9s de este sitio web. Changzhou Meshel Netting Co., Ltd. act\u00faa \u00fanicamente como socio fabricante y no vende directamente productos a trav\u00e9s de este sitio web. <br\/><\/h4><\/div>\n\n\n\n<div class=\"wp-block-uagb-image aligncenter uagb-block-2d710799 wp-block-uagb-image--layout-default wp-block-uagb-image--effect-static wp-block-uagb-image--align-center\"><figure class=\"wp-block-uagb-image__figure\"><img decoding=\"async\" srcset=\"https:\/\/xesbalenet.com\/wp-content\/uploads\/2025\/06\/B_11556-1024x683.jpg ,https:\/\/xesbalenet.com\/wp-content\/uploads\/2025\/06\/B_11556.jpg 780w, https:\/\/xesbalenet.com\/wp-content\/uploads\/2025\/06\/B_11556.jpg 360w\" sizes=\"auto, (max-width: 480px) 150px\" src=\"https:\/\/xesbalenet.com\/wp-content\/uploads\/2025\/06\/B_11556-1024x683.jpg\" alt=\"\" class=\"uag-image-2889\" width=\"1024\" height=\"683\" title=\"_B_11556\" loading=\"lazy\" role=\"img\"><\/figure><\/div>\n\n\n\n<div class=\"wp-block-uagb-container uagb-block-72514f6d\">\n<div class=\"wp-block-uagb-advanced-heading uagb-block-b317ae0b\"><h3 class=\"uagb-heading-text\">Nuestra misi\u00f3n<\/h3><p class=\"uagb-desc-text\">Nuestra misi\u00f3n es proporcionar soluciones fiables de envoltura de malla para pacas con especificaciones pr\u00e1cticas, calidad constante y asistencia eficaz para las necesidades de envasado agr\u00edcola.<\/p><\/div>\n\n\n\n<div class=\"wp-block-uagb-advanced-heading uagb-block-3b00767d\"><h3 class=\"uagb-heading-text\">Nuestros valores<\/h3><p class=\"uagb-desc-text\">Valoramos la claridad, la coherencia y la cooperaci\u00f3n empresarial a largo plazo. Nuestro objetivo es comunicar la informaci\u00f3n de los productos con claridad, responder a las consultas con prontitud y apoyar a los clientes con un servicio fiable. <\/p><\/div>\n<\/div>\n<\/div><\/div>\n\n<div class=\"wp-block-uagb-container uagb-block-61e8ac2a alignfull uagb-is-root-container\"><div class=\"uagb-container-inner-blocks-wrap\">\n<div class=\"wp-block-uagb-image aligncenter uagb-block-052b1f4c wp-block-uagb-image--layout-default wp-block-uagb-image--effect-static wp-block-uagb-image--align-center\"><figure class=\"wp-block-uagb-image__figure\"><img decoding=\"async\" srcset=\"\/wp-content\/uploads\/2021\/11\/quotes.svg ,\/wp-content\/uploads\/2021\/11\/quotes.svg 780w, \/wp-content\/uploads\/2021\/11\/quotes.svg 360w\" sizes=\"auto, (max-width: 480px) 150px\" src=\"\/wp-content\/uploads\/2021\/11\/quotes.svg\" alt=\"\" class=\"uag-image-117\" width=\"37\" height=\"38\" title=\"citas\" loading=\"lazy\" role=\"img\"><\/figure><\/div>\n\n\n\n<div class=\"wp-block-uagb-info-box uagb-block-54aaf525 uagb-infobox__content-wrap  uagb-infobox-icon-below-title uagb-infobox-image-valign-top\"><div class=\"uagb-ifb-content\"><div class=\"uagb-ifb-title-wrap\"><h4 class=\"uagb-ifb-title\">Qu\u00e9 ofrecemos<\/h4><\/div><p class=\"uagb-ifb-desc\">Ayudamos a los clientes con:<br\/> <br\/>&#8211; Informaci\u00f3n sobre productos<br\/> &#8211; Confirmaci\u00f3n de especificaciones<br\/>&#8211; Ayuda para presupuestos<br\/>&#8211; Comunicaci\u00f3n relacionada con pedidos<br\/>&#8211; Consultas comerciales generales<br\/> <br\/> <br\/>Informaci\u00f3n empresarial<br\/> <br\/>Persona jur\u00eddica: Changzhou Meshel Netting Co., Ltd.<br\/>Operador del sitio web: Changzhou Meshel Netting Co., Ltd.<br\/>Marca: XES\u00ae<br\/>Direcci\u00f3n comercial: No.236 East Jinsheng Road, Changzhou, China<br\/>Correo electr\u00f3nico: sw@xesbalenet.com<br\/>Tel\u00e9fono \/ WhatsApp: +8613616102703<br\/> <br\/> <br\/>Si deseas especificaciones de productos, informaci\u00f3n sobre precios o ayuda para realizar pedidos, ponte en contacto directamente con nuestro equipo a trav\u00e9s de la p\u00e1gina de contacto. <\/p><\/div><\/div>\n<\/div><\/div>\n","protected":false},"excerpt":{"rendered":"<p>Sobre nosotros XES\u00ae es una marca de Malla para pacas centrada en aplicaciones de envasado agr\u00edcola. Changzhou Meshel Netting Co., Ltd. es la entidad jur\u00eddica responsable del funcionamiento de este sitio web, la gesti\u00f3n de las comunicaciones con los clientes, la preparaci\u00f3n de presupuestos y la gesti\u00f3n de los servicios relacionados con las ventas de [&hellip;]<\/p>\n","protected":false},"author":1,"featured_media":0,"parent":0,"menu_order":0,"comment_status":"closed","ping_status":"closed","template":"","meta":{"_uag_custom_page_level_css":"","site-sidebar-layout":"no-sidebar","site-content-layout":"page-builder","ast-site-content-layout":"full-width-container","site-content-style":"unboxed","site-sidebar-style":"default","ast-global-header-display":"","ast-banner-title-visibility":"","ast-main-header-display":"","ast-hfb-above-header-display":"","ast-hfb-below-header-display":"","ast-hfb-mobile-header-display":"","site-post-title":"disabled","ast-breadcrumbs-content":"","ast-featured-img":"disabled","footer-sml-layout":"","ast-disable-related-posts":"","theme-transparent-header-meta":"enabled","adv-header-id-meta":"","stick-header-meta":"","header-above-stick-meta":"","header-main-stick-meta":"","header-below-stick-meta":"","astra-migrate-meta-layouts":"default","ast-page-background-enabled":"default","ast-page-background-meta":{"desktop":{"background-color":"var(--ast-global-color-4)","background-image":"","background-repeat":"repeat","background-position":"center center","background-size":"auto","background-attachment":"scroll","background-type":"","background-media":"","overlay-type":"","overlay-color":"","overlay-opacity":"","overlay-gradient":""},"tablet":{"background-color":"","background-image":"","background-repeat":"repeat","background-position":"center center","background-size":"auto","background-attachment":"scroll","background-type":"","background-media":"","overlay-type":"","overlay-color":"","overlay-opacity":"","overlay-gradient":""},"mobile":{"background-color":"","background-image":"","background-repeat":"repeat","background-position":"center center","background-size":"auto","background-attachment":"scroll","background-type":"","background-media":"","overlay-type":"","overlay-color":"","overlay-opacity":"","overlay-gradient":""}},"ast-content-background-meta":{"desktop":{"background-color":"var(--ast-global-color-5)","background-image":"","background-repeat":"repeat","background-position":"center center","background-size":"auto","background-attachment":"scroll","background-type":"","background-media":"","overlay-type":"","overlay-color":"","overlay-opacity":"","overlay-gradient":""},"tablet":{"background-color":"var(--ast-global-color-5)","background-image":"","background-repeat":"repeat","background-position":"center center","background-size":"auto","background-attachment":"scroll","background-type":"","background-media":"","overlay-type":"","overlay-color":"","overlay-opacity":"","overlay-gradient":""},"mobile":{"background-color":"var(--ast-global-color-5)","background-image":"","background-repeat":"repeat","background-position":"center center","background-size":"auto","background-attachment":"scroll","background-type":"","background-media":"","overlay-type":"","overlay-color":"","overlay-opacity":"","overlay-gradient":""}},"_joinchat":[],"footnotes":""},"class_list":["post-3870","page","type-page","status-publish","hentry"],"aioseo_notices":[],"uagb_featured_image_src":{"full":false,"thumbnail":false,"medium":false,"medium_large":false,"large":false,"1536x1536":false,"2048x2048":false},"uagb_author_info":{"display_name":"xesbalenet","author_link":"https:\/\/xesbalenet.com\/es\/author\/zx9212110726live-com\/"},"uagb_comment_info":0,"uagb_excerpt":"Sobre nosotros XES\u00ae es una marca de Malla para pacas centrada en aplicaciones de envasado agr\u00edcola. Changzhou Meshel Netting Co., Ltd. es la entidad jur\u00eddica responsable del funcionamiento de este sitio web, la gesti\u00f3n de las comunicaciones con los clientes, la preparaci\u00f3n de presupuestos y la gesti\u00f3n de los servicios relacionados con las ventas de&hellip;","_links":{"self":[{"href":"https:\/\/xesbalenet.com\/es\/wp-json\/wp\/v2\/pages\/3870","targetHints":{"allow":["GET"]}}],"collection":[{"href":"https:\/\/xesbalenet.com\/es\/wp-json\/wp\/v2\/pages"}],"about":[{"href":"https:\/\/xesbalenet.com\/es\/wp-json\/wp\/v2\/types\/page"}],"author":[{"embeddable":true,"href":"https:\/\/xesbalenet.com\/es\/wp-json\/wp\/v2\/users\/1"}],"replies":[{"embeddable":true,"href":"https:\/\/xesbalenet.com\/es\/wp-json\/wp\/v2\/comments?post=3870"}],"version-history":[{"count":0,"href":"https:\/\/xesbalenet.com\/es\/wp-json\/wp\/v2\/pages\/3870\/revisions"}],"wp:attachment":[{"href":"https:\/\/xesbalenet.com\/es\/wp-json\/wp\/v2\/media?parent=3870"}],"curies":[{"name":"wp","href":"https:\/\/api.w.org\/{rel}","templated":true}]}}