{"id":4011,"date":"2025-07-02T08:17:11","date_gmt":"2025-07-02T08:17:11","guid":{"rendered":"https:\/\/xesbalenet.com\/malla-para-pacas-supreme\/"},"modified":"2026-04-30T07:02:24","modified_gmt":"2026-04-30T07:02:24","slug":"malla-para-pacas-supreme","status":"publish","type":"page","link":"https:\/\/xesbalenet.com\/es\/malla-para-pacas-supreme\/","title":{"rendered":"Malla para pacas Supreme"},"content":{"rendered":"\n<div class=\"wp-block-columns is-layout-flex wp-container-core-columns-is-layout-28f84493 wp-block-columns-is-layout-flex\">\n<div class=\"wp-block-column is-layout-flow wp-block-column-is-layout-flow\">\n<figure class=\"wp-block-image aligncenter size-full\"><img decoding=\"async\" width=\"420\" height=\"172\" src=\"https:\/\/xesbalenet.com\/wp-content\/uploads\/2025\/07\/070403.jpg\" alt=\"\" class=\"wp-image-3042\" srcset=\"https:\/\/xesbalenet.com\/wp-content\/uploads\/2025\/07\/070403.jpg 420w, https:\/\/xesbalenet.com\/wp-content\/uploads\/2025\/07\/070403-300x123.jpg 300w\" sizes=\"(max-width: 420px) 100vw, 420px\" \/><\/figure>\n\n\n\n<figure class=\"wp-block-image size-large\"><img decoding=\"async\" width=\"1024\" height=\"768\" src=\"https:\/\/xesbalenet.com\/wp-content\/uploads\/2025\/07\/51-1-1024x768.jpg\" alt=\"\" class=\"wp-image-3044\" srcset=\"https:\/\/xesbalenet.com\/wp-content\/uploads\/2025\/07\/51-1-1024x768.jpg 1024w, https:\/\/xesbalenet.com\/wp-content\/uploads\/2025\/07\/51-1-300x225.jpg 300w, https:\/\/xesbalenet.com\/wp-content\/uploads\/2025\/07\/51-1-768x576.jpg 768w, https:\/\/xesbalenet.com\/wp-content\/uploads\/2025\/07\/51-1-1536x1152.jpg 1536w, https:\/\/xesbalenet.com\/wp-content\/uploads\/2025\/07\/51-1-2048x1536.jpg 2048w\" sizes=\"(max-width: 1024px) 100vw, 1024px\" \/><\/figure>\n\n\n\n<figure class=\"wp-block-image size-large\"><img decoding=\"async\" src=\"https:\/\/xesbalenet.com\/wp-content\/uploads\/2025\/07\/&#x5FAE;&#x4FE1;&#x56FE;&#x7247;_20220713093010-1024x1024.jpg\" alt=\"\" class=\"wp-image-3048\"\/><\/figure>\n<\/div>\n\n\n\n<div class=\"wp-block-column is-layout-flow wp-block-column-is-layout-flow\">\n<h2 class=\"wp-block-heading\">Malla para pacas XES\u00ae Supreme<\/h2>\n\n\n\n<p><strong>Nuestra innovadora red para pacas con tecnolog\u00eda patentada.<\/strong><\/p>\n\n\n\n<p>Esta tecnolog\u00eda no requiere tejer, un hilo de urdimbre conecta tres hilos de trama, y la gran superficie y la alta fricci\u00f3n hacen que las redes sean m\u00e1s resistentes a la exposici\u00f3n al sol. La superficie de la red es lisa y plana, y es menos probable que se da\u00f1e dentro de la envasadora. Distribuye el peso uniformemente por toda la red y aumenta la resistencia al desgarro. Resultado: 5.000 metros en lugar de 3.000 metros con el mismo peso y di\u00e1metro de rodadura. Optimizado para obtener la m\u00e1xima eficacia con tiempos de inactividad reducidos en la agricultura.<\/p>\n\n\n\n<p>Con una alta resistencia al desgarro de unos 300 kg, tambi\u00e9n es adecuado para tareas exigentes como la cosecha de ma\u00edz. Nuestra red para pacas XES\u00ae Supreme ofrece las siguientes caracter\u00edsticas:<\/p>\n\n\n\n<p>&#8211; Alta resistencia a la tracci\u00f3n y extensibilidad (XES\u00ae Supremeup hasta 300 kg)<\/p>\n\n\n\n<p>&#8211; funciona perfectamente en todas las m\u00e1quinas establecidas<\/p>\n\n\n\n<p>&#8211; Fabricado con HDPE respetuoso con el medio ambiente<\/p>\n\n\n\n<p>(Polietileno de alta densidad)<\/p>\n\n\n\n<p>&#8211; Bobinado preciso y uniforme<\/p>\n\n\n\n<p>&#8211; Estabilidad UV 1 a\u00f1o para Europa Central<\/p>\n\n\n\n<p>&#8211; Fabricante certificado seg\u00fan DIN EN ISO 9001<\/p>\n\n\n\n<p>Descubre las rigurosas normas y las excepcionales cualidades que distinguen a nuestra envoltura de red consultando <a rel=\"noreferrer noopener\" href=\"https:\/\/pruefberichte.dlg.org\/filestorage\/7439_e.pdf\" target=\"_blank\">nuestro informe de pruebas de la DLG<\/a>.<\/p>\n\n\n\n<figure class=\"wp-block-table\"><table class=\"has-fixed-layout\"><tbody><tr><td><\/td><td><strong>XES\u00ae Supremo<\/strong><\/td><\/tr><tr><td>Resistencia a la tracci\u00f3n<\/td><td>270 kg<\/td><\/tr><tr><td>Anchura del rollo<\/td><td>1,23 m \/ 1,25 m<\/td><\/tr><tr><td>Longitud garantizada<\/td><td>3000m\/4000m<\/td><\/tr><tr><td>Peso<\/td><td>25kg\/32,8kg<\/td><\/tr><tr><td>Material<\/td><td>HDPE ecol\u00f3gico<\/td><\/tr><tr><td>Resistencia a los rayos UV<\/td><td>12 meses<\/td><\/tr><tr><td>Aplicaciones<\/td><td>Ensilado, heno, paja, ma\u00edz<\/td><\/tr><tr><td>Aplicaciones<\/td><td>Ensilado, heno, paja, paja fuerte, ma\u00edz<br\/>, pulpa de remolacha azucarera y palos<\/td><\/tr><\/tbody><\/table><\/figure>\n<\/div>\n<\/div>\n\n<div class=\"wp-block-aioseo-key-points\"><div class=\"aioseo-key-points-block-content\">\n<ul class=\"wp-block-list\">\n<li><strong>Innovadora tecnolog\u00eda de red para balas:<\/strong> La Malla para pacas XES\u00ae Supreme incorpora una tecnolog\u00eda patentada, sin tejido, de alta fricci\u00f3n y gran superficie, que mejora la resistencia al da\u00f1o solar y aumenta la resistencia al desgarro.<\/li>\n\n\n\n<li><strong>Mayor eficacia y durabilidad:<\/strong> La red proporciona hasta 5.000 metros de longitud con el mismo peso, ofrece una gran resistencia a la tracci\u00f3n de unos 300 kg y distribuye el peso uniformemente, lo que la hace adecuada para tareas agr\u00edcolas exigentes como la recolecci\u00f3n del ma\u00edz.<\/li>\n\n\n\n<li><strong>Amplia compatibilidad y aplicaci\u00f3n:<\/strong> Dise\u00f1ada para funcionar sin problemas en todas las m\u00e1quinas de envasado establecidas y adecuada para diversos usos, como ensilado, heno, paja, ma\u00edz, pulpa de remolacha azucarera y palos.<\/li>\n<\/ul>\n<\/div><\/div>\n\n<div data-schema-only=\"false\" class=\"wp-block-aioseo-faq\"><h3 class=\"aioseo-faq-block-question\">Is the XES\u00ae Supreme Bale Net Wrap suitable for different agricultural applications?<\/h3><div class=\"aioseo-faq-block-answer\">\n<p>S\u00ed, es adecuado para diversos fines, como ensilado, heno, paja, ma\u00edz, pulpa de remolacha azucarera y palos, y puede utilizarse en todas las envasadoras establecidas sin problemas.<\/p>\n<\/div><\/div>\n\n<div data-schema-only=\"false\" class=\"wp-block-aioseo-faq\"><h3 class=\"aioseo-faq-block-question\">How does the innovative technology of XES\u00ae Supreme Bale Net Wrap improve its durability?<\/h3><div class=\"aioseo-faq-block-answer\">\n<p>Su tecnolog\u00eda patentada sin tejido, combinada con una alta fricci\u00f3n superficial y una gran superficie de contacto, mejora la resistencia al sol y la resistencia al desgarro, lo que permite a la red soportar las exigentes tareas agr\u00edcolas y proporcionar una vida \u00fatil m\u00e1s larga.<\/p>\n<\/div><\/div>\n\n<div data-schema-only=\"false\" class=\"wp-block-aioseo-faq\"><h3 class=\"aioseo-faq-block-question\">What are the key features of the XES\u00ae Supreme Bale Net Wrap?<\/h3><div class=\"aioseo-faq-block-answer\">\n<p>La Malla para pacas XES\u00ae Supreme se caracteriza por su tecnolog\u00eda patentada sin tejido, su alta fricci\u00f3n, su gran superficie, su m\u00e1xima eficacia, su alta resistencia al desgarro de unos 300 kg y su material de polietileno de alta densidad respetuoso con el medio ambiente. Tambi\u00e9n proporciona estabilidad UV durante un a\u00f1o y es compatible con todas las m\u00e1quinas de envasado establecidas. <\/p>\n<\/div><\/div>\n","protected":false},"excerpt":{"rendered":"<p>Malla para pacas XES\u00ae Supreme Nuestra innovadora red para pacas con tecnolog\u00eda patentada. Esta tecnolog\u00eda no requiere tejer, un hilo de urdimbre conecta tres hilos de trama, y la gran superficie y la alta fricci\u00f3n hacen que las redes sean m\u00e1s resistentes a la exposici\u00f3n al sol. La superficie de la red es lisa y [&hellip;]<\/p>\n","protected":false},"author":1,"featured_media":0,"parent":0,"menu_order":0,"comment_status":"closed","ping_status":"closed","template":"","meta":{"_uag_custom_page_level_css":"","site-sidebar-layout":"default","site-content-layout":"","ast-site-content-layout":"default","site-content-style":"default","site-sidebar-style":"default","ast-global-header-display":"","ast-banner-title-visibility":"","ast-main-header-display":"","ast-hfb-above-header-display":"","ast-hfb-below-header-display":"","ast-hfb-mobile-header-display":"","site-post-title":"","ast-breadcrumbs-content":"","ast-featured-img":"","footer-sml-layout":"","ast-disable-related-posts":"","theme-transparent-header-meta":"","adv-header-id-meta":"","stick-header-meta":"","header-above-stick-meta":"","header-main-stick-meta":"","header-below-stick-meta":"","astra-migrate-meta-layouts":"set","ast-page-background-enabled":"default","ast-page-background-meta":{"desktop":{"background-color":"var(--ast-global-color-4)","background-image":"","background-repeat":"repeat","background-position":"center center","background-size":"auto","background-attachment":"scroll","background-type":"","background-media":"","overlay-type":"","overlay-color":"","overlay-opacity":"","overlay-gradient":""},"tablet":{"background-color":"","background-image":"","background-repeat":"repeat","background-position":"center center","background-size":"auto","background-attachment":"scroll","background-type":"","background-media":"","overlay-type":"","overlay-color":"","overlay-opacity":"","overlay-gradient":""},"mobile":{"background-color":"","background-image":"","background-repeat":"repeat","background-position":"center center","background-size":"auto","background-attachment":"scroll","background-type":"","background-media":"","overlay-type":"","overlay-color":"","overlay-opacity":"","overlay-gradient":""}},"ast-content-background-meta":{"desktop":{"background-color":"var(--ast-global-color-5)","background-image":"","background-repeat":"repeat","background-position":"center center","background-size":"auto","background-attachment":"scroll","background-type":"","background-media":"","overlay-type":"","overlay-color":"","overlay-opacity":"","overlay-gradient":""},"tablet":{"background-color":"var(--ast-global-color-5)","background-image":"","background-repeat":"repeat","background-position":"center center","background-size":"auto","background-attachment":"scroll","background-type":"","background-media":"","overlay-type":"","overlay-color":"","overlay-opacity":"","overlay-gradient":""},"mobile":{"background-color":"var(--ast-global-color-5)","background-image":"","background-repeat":"repeat","background-position":"center center","background-size":"auto","background-attachment":"scroll","background-type":"","background-media":"","overlay-type":"","overlay-color":"","overlay-opacity":"","overlay-gradient":""}},"_joinchat":[],"footnotes":""},"class_list":["post-4011","page","type-page","status-publish","hentry"],"aioseo_notices":[],"uagb_featured_image_src":{"full":false,"thumbnail":false,"medium":false,"medium_large":false,"large":false,"1536x1536":false,"2048x2048":false},"uagb_author_info":{"display_name":"xesbalenet","author_link":"https:\/\/xesbalenet.com\/es\/author\/zx9212110726live-com\/"},"uagb_comment_info":0,"uagb_excerpt":"Malla para pacas XES\u00ae Supreme Nuestra innovadora red para pacas con tecnolog\u00eda patentada. Esta tecnolog\u00eda no requiere tejer, un hilo de urdimbre conecta tres hilos de trama, y la gran superficie y la alta fricci\u00f3n hacen que las redes sean m\u00e1s resistentes a la exposici\u00f3n al sol. La superficie de la red es lisa y&hellip;","_links":{"self":[{"href":"https:\/\/xesbalenet.com\/es\/wp-json\/wp\/v2\/pages\/4011","targetHints":{"allow":["GET"]}}],"collection":[{"href":"https:\/\/xesbalenet.com\/es\/wp-json\/wp\/v2\/pages"}],"about":[{"href":"https:\/\/xesbalenet.com\/es\/wp-json\/wp\/v2\/types\/page"}],"author":[{"embeddable":true,"href":"https:\/\/xesbalenet.com\/es\/wp-json\/wp\/v2\/users\/1"}],"replies":[{"embeddable":true,"href":"https:\/\/xesbalenet.com\/es\/wp-json\/wp\/v2\/comments?post=4011"}],"version-history":[{"count":0,"href":"https:\/\/xesbalenet.com\/es\/wp-json\/wp\/v2\/pages\/4011\/revisions"}],"wp:attachment":[{"href":"https:\/\/xesbalenet.com\/es\/wp-json\/wp\/v2\/media?parent=4011"}],"curies":[{"name":"wp","href":"https:\/\/api.w.org\/{rel}","templated":true}]}}