{"id":3790,"date":"2025-06-25T09:13:24","date_gmt":"2025-06-25T09:13:24","guid":{"rendered":"https:\/\/xesbalenet.com\/szolgaltatasok\/"},"modified":"2026-04-30T05:55:41","modified_gmt":"2026-04-30T05:55:41","slug":"szolgaltatasok","status":"publish","type":"page","link":"https:\/\/xesbalenet.com\/hu\/szolgaltatasok\/","title":{"rendered":"Szolg\u00e1ltat\u00e1sok"},"content":{"rendered":"\n<div class=\"wp-block-uagb-container uagb-block-ae0bc409 alignfull uagb-is-root-container\"><div class=\"uagb-container-inner-blocks-wrap\">\n<div class=\"wp-block-uagb-advanced-heading uagb-block-8a1eebc0\"><h1 class=\"uagb-heading-text\">szolg\u00e1ltat\u00e1saink<\/h1><\/div>\n<\/div><\/div>\n\n<div class=\"wp-block-uagb-container uagb-block-6999b479 alignfull uagb-is-root-container\"><div class=\"uagb-container-inner-blocks-wrap\">\n<div class=\"wp-block-uagb-container uagb-block-788ba4c8\">\n<div class=\"wp-block-uagb-image alignright uagb-block-f790ce5a wp-block-uagb-image--layout-default wp-block-uagb-image--effect-static wp-block-uagb-image--align-right\"><figure class=\"wp-block-uagb-image__figure\"><img decoding=\"async\" srcset=\"https:\/\/xesbalenet.com\/wp-content\/uploads\/2025\/06\/8-1024x683.jpg ,https:\/\/xesbalenet.com\/wp-content\/uploads\/2025\/06\/8-scaled.jpg 780w, https:\/\/xesbalenet.com\/wp-content\/uploads\/2025\/06\/8-scaled.jpg 360w\" sizes=\"auto, (max-width: 480px) 150px\" src=\"https:\/\/xesbalenet.com\/wp-content\/uploads\/2025\/06\/8-1024x683.jpg\" alt=\"\" class=\"uag-image-2925\" width=\"500\" height=\"200\" title=\"8\" loading=\"lazy\" role=\"img\"><\/figure><\/div>\n<\/div>\n\n\n\n<div class=\"wp-block-uagb-container uagb-block-55f27f39\">\n<div class=\"wp-block-uagb-info-box uagb-block-309bf170 uagb-infobox__content-wrap  uagb-infobox-icon-above-title uagb-infobox-image-valign-top wp-block-uagb-info-box--has-margin\"><div class=\"uagb-infobox-margin-wrapper\"><div class=\"uagb-ifb-content\"><div class=\"uagb-ifb-title-wrap\"><h4 class=\"uagb-ifb-title-prefix\">XES\u00ae Extreme B\u00e1lah\u00e1l\u00f3 csomagol\u00f3anyag<\/h4><p class=\"uagb-ifb-title\">Ismerje meg pr\u00e9mium b\u00e1lah\u00e1l\u00f3nkat, a szak\u00e9rt\u0151 m\u00e9rn\u00f6ki munka term\u00e9k\u00e9t, amelyet tart\u00f3ss\u00e1gra \u00e9s megb\u00edzhat\u00f3s\u00e1gra terveztek a terepen. Megb\u00edzhat\u00f3, er\u0151s v\u00e9delmet ny\u00fajt a term\u00e9nyei sz\u00e1m\u00e1ra gazdas\u00e1gos \u00e1ron.<\/p><\/div><p class=\"uagb-ifb-desc\">H\u00e1l\u00f3f\u00f3li\u00e1nk b\u00fcszk\u00e9n rendelkezik DLG tan\u00fas\u00edtv\u00e1nnyal, ami azt jelenti, hogy megfelel a N\u00e9met Mez\u0151gazdas\u00e1gi T\u00e1rsas\u00e1g (Deutsche Landwirtschafts-Gesellschaft) magas szint\u0171 el\u0151\u00edr\u00e1sainak.<\/p><\/div><\/div><\/div>\n\n\n\n<div class=\"wp-block-uagb-info-box uagb-block-29c06af7 uagb-infobox__content-wrap  uagb-infobox-icon-above-title uagb-infobox-image-valign-top\"><div class=\"uagb-ifb-content\"><div class=\"uagb-ifb-title-wrap\"><\/div><div class=\"uagb-ifb-button-wrapper wp-block-button\"><a href=\"https:\/\/xesbalenet.com\/hu\/kapcsolat\/\" class=\"uagb-infobox-cta-link ast-outline-button\" target=\"_self\" rel=\"noopener noreferrer\" style=\"border-width:revert-layer\" onclick=\"return true;\"><span class=\"uagb-inline-editing\">Projekt ind\u00edt\u00e1sa<\/span><\/a><\/div><\/div><\/div>\n<\/div>\n<\/div><\/div>\n\n<div class=\"wp-block-uagb-container uagb-block-a1c5c5cb alignfull uagb-is-root-container\"><div class=\"uagb-container-inner-blocks-wrap\">\n<div class=\"wp-block-uagb-container uagb-block-ffd0d737\">\n<div class=\"wp-block-uagb-image alignright uagb-block-f2a72ff6 wp-block-uagb-image--layout-default wp-block-uagb-image--effect-static wp-block-uagb-image--align-right\"><figure class=\"wp-block-uagb-image__figure\"><img decoding=\"async\" srcset=\"\/wp-content\/uploads\/2025\/06\/xes-r-extreme-bale-net-wraps-pallet-xes-netting-1-34698357539136.png ,https:\/\/xesbalenet.com\/wp-content\/uploads\/2025\/06\/xes-r-extreme-bale-net-wraps-pallet-xes-netting-1-34698357539136.png 780w, https:\/\/xesbalenet.com\/wp-content\/uploads\/2025\/06\/xes-r-extreme-bale-net-wraps-pallet-xes-netting-1-34698357539136.png 360w\" sizes=\"auto, (max-width: 480px) 150px\" src=\"\/wp-content\/uploads\/2025\/06\/xes-r-extreme-bale-net-wraps-pallet-xes-netting-1-34698357539136.png\" alt=\"\" class=\"uag-image-2890\" width=\"550\" height=\"713\" title=\"xes-r-extreme-bale-net-wraps-pallet-xes-netting-1-34698357539136\" loading=\"lazy\" role=\"img\"><\/figure><\/div>\n<\/div>\n\n\n\n<div class=\"wp-block-uagb-container uagb-block-16d72286\">\n<div class=\"wp-block-uagb-info-box uagb-block-3f27e1af uagb-infobox__content-wrap  uagb-infobox-icon-above-title uagb-infobox-image-valign-top\"><div class=\"uagb-ifb-content\"><div class=\"uagb-ifb-title-wrap\"><h4 class=\"uagb-ifb-title-prefix\">XES\u00ae Ultimate B\u00e1lah\u00e1l\u00f3 csomagol\u00e1sok raklapon<\/h4><p class=\"uagb-ifb-title\">Mondja el l\u00e1togat\u00f3j\u00e1nak, hogy szolg\u00e1ltat\u00e1sa hogyan jav\u00edthatja az \u00e9let\u00e9t. Kapcsol\u00f3djon a probl\u00e9m\u00e1hoz, amelyet meg akarnak oldani, \u00e9s t\u00e9rjen ki minden olyan ellenvet\u00e9sre, amelyr\u0151l \u00fagy gondolja, hogy esetleg felmer\u00fclhet. <\/p><\/div><p class=\"uagb-ifb-desc\">Mi az a biOur net wrap b\u00fcszk\u00e9n rendelkezik DLG tan\u00fas\u00edtv\u00e1nnyal, ami azt jelenti, hogy megfelel a N\u00e9met Mez\u0151gazdas\u00e1gi T\u00e1rsas\u00e1g (Deutsche Landwirtschafts-Gesellschaft) szigor\u00fa el\u0151\u00edr\u00e1sainak. Ez a rangos min\u0151s\u00edt\u00e9s a szigor\u00fa tesztel\u00e9s \u00e9s min\u0151s\u00e9gbiztos\u00edt\u00e1s elismer\u00e9se, amely biztos\u00edtja, hogy term\u00e9k\u00fcnk kiemelkedik a piacon a kiv\u00e9teles min\u0151s\u00e9g\u00e9vel \u00e9s megb\u00edzhat\u00f3s\u00e1g\u00e1val.<\/p><\/div><\/div>\n\n\n\n<div class=\"wp-block-uagb-info-box uagb-block-4182a82b uagb-infobox__content-wrap  uagb-infobox-icon-above-title uagb-infobox-image-valign-top\"><div class=\"uagb-ifb-content\"><div class=\"uagb-ifb-title-wrap\"><\/div><div class=\"uagb-ifb-button-wrapper wp-block-button\"><a href=\"https:\/\/xesbalenet.com\/hu\/kapcsolat\/\" class=\"uagb-infobox-cta-link ast-outline-button\" target=\"_self\" rel=\"noopener noreferrer\" style=\"border-width:revert-layer\" onclick=\"return true;\"><span class=\"uagb-inline-editing\">Projekt ind\u00edt\u00e1sa<\/span><\/a><\/div><\/div><\/div>\n<\/div>\n<\/div><\/div>\n\n<div class=\"wp-block-uagb-container uagb-block-d93bf905 alignfull uagb-is-root-container\"><div class=\"uagb-container-inner-blocks-wrap\">\n<div class=\"wp-block-uagb-container uagb-block-2e5edda1\">\n<div class=\"wp-block-uagb-image alignright uagb-block-5c89f075 wp-block-uagb-image--layout-default wp-block-uagb-image--effect-static wp-block-uagb-image--align-right\"><figure class=\"wp-block-uagb-image__figure\"><img decoding=\"async\" srcset=\"https:\/\/xesbalenet.com\/wp-content\/uploads\/2025\/06\/270kg-32\u5377\u4e00\u625802.jpg ,https:\/\/xesbalenet.com\/wp-content\/uploads\/2025\/06\/270kg-32\u5377\u4e00\u625802.jpg 780w, https:\/\/xesbalenet.com\/wp-content\/uploads\/2025\/06\/270kg-32\u5377\u4e00\u625802.jpg 360w\" sizes=\"auto, (max-width: 480px) 150px\" src=\"https:\/\/xesbalenet.com\/wp-content\/uploads\/2025\/06\/270kg-32%E5%8D%B7%E4%B8%80%E6%89%9802.jpg\" alt=\"\" class=\"uag-image-2941\" width=\"370\" height=\"500\" title=\"270kg 32\u5377\u4e00\u625802\" loading=\"lazy\" role=\"img\"><\/figure><\/div>\n<\/div>\n\n\n\n<div class=\"wp-block-uagb-container uagb-block-63b34e8a\">\n<div class=\"wp-block-uagb-info-box uagb-block-5a362367 uagb-infobox__content-wrap  uagb-infobox-icon-above-title uagb-infobox-image-valign-top\"><div class=\"uagb-ifb-content\"><div class=\"uagb-ifb-title-wrap\"><h4 class=\"uagb-ifb-title-prefix\">XES\u00ae b\u00e1lah\u00e1l\u00f3 csomagol\u00e1sa<\/h4><p class=\"uagb-ifb-title\">Speci\u00e1lis k\u00f6t\u00f6tt l\u00e1ncszerkezet\u00fcnk meger\u0151s\u00edtett sz\u00e1lakkal rendk\u00edv\u00fcli szil\u00e1rds\u00e1got biztos\u00edt \u00e9s cs\u00f6kkenti a hullad\u00e9kot. Javasoljuk <strong>,<\/strong> hogy a m\u0171anyag h\u00e1l\u00f3t <strong>2,25-2,5-szer<\/strong> tekerje k\u00f6rbe a b\u00e1l\u00e1t <strong>.<\/strong><\/p><\/div><p class=\"uagb-ifb-desc\">H\u00e1l\u00f3f\u00f3li\u00e1nk t\u00f6k\u00e9letesen p\u00e1ros\u00edthat\u00f3 az \u00f6sszes n\u00e9pszer\u0171 k\u00f6rb\u00e1l\u00e1z\u00f3 m\u00e1rk\u00e1val \u00e9s modellel, bele\u00e9rtve a John Deere, New Holland, Vermeer.<br\/><br\/>Minden tekercsre 150 l\u00e1b* pluszt adunk &#8211; \u00edgy biztos\u00edtjuk, hogy minden alkalommal pontosan azt kapja, amit \u00edg\u00e9rt\u00fcnk.<br\/><\/p><\/div><\/div>\n\n\n\n<div class=\"wp-block-uagb-info-box uagb-block-0b1f3cb6 uagb-infobox__content-wrap  uagb-infobox-icon-above-title uagb-infobox-image-valign-top\"><div class=\"uagb-ifb-content\"><div class=\"uagb-ifb-title-wrap\"><\/div><div class=\"uagb-ifb-button-wrapper wp-block-button\"><a href=\"https:\/\/xesbalenet.com\/hu\/kapcsolat\/\" class=\"uagb-infobox-cta-link ast-outline-button\" target=\"_self\" rel=\"noopener noreferrer\" style=\"border-width:revert-layer\" onclick=\"return true;\"><span class=\"uagb-inline-editing\">Projekt ind\u00edt\u00e1sa<\/span><\/a><\/div><\/div><\/div>\n<\/div>\n<\/div><\/div>\n\n<div class=\"wp-block-uagb-container uagb-layout-grid uagb-block-d1651bb0 alignfull uagb-is-root-container\"><div class=\"uagb-container-inner-blocks-wrap\">\n<div class=\"wp-block-uagb-info-box uagb-block-78a58b03 uagb-infobox__content-wrap  uagb-infobox-icon-above-title uagb-infobox-image-valign-top wp-block-uagb-info-box--has-margin\"><div class=\"uagb-infobox-margin-wrapper\"><div class=\"uagb-ifb-content\"><div class=\"uagb-ifb-title-wrap\"><h4 class=\"uagb-ifb-title-prefix\">Mi\u00e9rt a XES\u00ae b\u00e1lah\u00e1l\u00f3 f\u00f3lia?<\/h4><p class=\"uagb-ifb-title\">Az XES term\u00e9kek t\u00f6bb mint 20 \u00e9ve kiv\u00e1l\u00f3 min\u0151s\u00e9get, magas k\u00f6lts\u00e9ghat\u00e9konys\u00e1got \u00e9s a legjobb eredm\u00e9nyeket k\u00edn\u00e1lj\u00e1k a terepen. Nagyobb szil\u00e1rds\u00e1ggal rendelkez\u0151 innovat\u00edv formatervez\u00e9st k\u00edn\u00e1lunk, amely legy\u0151zi a hagyom\u00e1nyos formatervez\u00e9s kih\u00edv\u00e1sait.<br\/>A k\u00f6zvetlen gy\u00e1rt\u00f3t\u00f3l a fogyaszt\u00f3nak sz\u00f3l\u00f3 modellt kihaszn\u00e1lva kik\u00fcsz\u00f6b\u00f6lj\u00fck a k\u00f6zvet\u00edt\u0151i k\u00f6lts\u00e9geket, \u00e9s pr\u00e9mium min\u0151s\u00e9g\u0171 h\u00e1l\u00f3burkolatokat k\u00edn\u00e1lunk versenyk\u00e9pes \u00e1ron az USA-ban \u00e9s az EU-ban. tapasztalatok \u00e9s pozit\u00edv \u00fcgyf\u00e9l\u00e9rt\u00e9kel\u00e9sek. <\/p><\/div><p class=\"uagb-ifb-desc\">A jelv\u00e9nyek ezt szeml\u00e9ltetik. A szolg\u00e1ltat\u00e1saink ig\u00e9nybev\u00e9tele sor\u00e1n a legfontosabb el\u0151ny\u00f6kre is \u00f6sszpontos\u00edtunk, nevezetesen a gyors \u00e1tfut\u00e1si id\u0151re \u00e9s az elk\u00f6telezett t\u00e1mogat\u00e1sra. Haszn\u00e1lhatja \u0151ket arra is, hogy megmutassa a legjobb munk\u00e1j\u00e1\u00e9rt elnyert d\u00edjakat.  <\/p><\/div><\/div><\/div>\n\n\n\n<div class=\"wp-block-uagb-container uag-hide-tab uag-hide-mob uagb-layout-grid uagb-block-0fbd9792\">\n<div class=\"wp-block-uagb-info-box uagb-block-0f53eb8a uagb-infobox__content-wrap  uagb-infobox-icon-above-title uagb-infobox-image-valign-top wp-block-uagb-info-box--has-margin\"><div class=\"uagb-infobox-margin-wrapper\"><div class=\"uagb-ifb-content\"><div class=\"uagb-ifb-icon-wrap\"><div class=\"uagb-iconbox-icon-wrap uagb-infobox-shape-circle\"><svg xmlns=\"https:\/\/www.w3.org\/2000\/svg\" viewbox=\"0 0 384 512\"><path d=\"M288 358.3c13.98-8.088 17.53-30.04 28.88-41.39c11.35-11.35 33.3-14.88 41.39-28.87c7.98-13.79 .1658-34.54 4.373-50.29C366.7 222.5 383.1 208.5 383.1 192c0-16.5-17.27-30.52-21.34-45.73c-4.207-15.75 3.612-36.5-4.365-50.29c-8.086-13.98-30.03-17.52-41.38-28.87c-11.35-11.35-14.89-33.3-28.87-41.39c-13.79-7.979-34.54-.1637-50.29-4.375C222.5 17.27 208.5 0 192 0C175.5 0 161.5 17.27 146.3 21.34C130.5 25.54 109.8 17.73 95.98 25.7C82 33.79 78.46 55.74 67.11 67.08C55.77 78.43 33.81 81.97 25.72 95.95C17.74 109.7 25.56 130.5 21.35 146.2C17.27 161.5 .0008 175.5 .0008 192c0 16.5 17.27 30.52 21.34 45.73c4.207 15.75-3.615 36.5 4.361 50.29C33.8 302 55.74 305.5 67.08 316.9c11.35 11.35 14.89 33.3 28.88 41.4c13.79 7.979 34.53 .1582 50.28 4.369C161.5 366.7 175.5 384 192 384c16.5 0 30.52-17.27 45.74-21.34C253.5 358.5 274.2 366.3 288 358.3zM112 192c0-44.27 35.81-80 80-80s80 35.73 80 80c0 44.17-35.81 80-80 80S112 236.2 112 192zM1.719 433.2c-3.25 8.188-1.781 17.48 3.875 24.25c5.656 6.75 14.53 9.898 23.12 8.148l45.19-9.035l21.43 42.27C99.46 507 107.6 512 116.7 512c.3438 0 .6641-.0117 1.008-.0273c9.5-.375 17.65-6.082 21.24-14.88l33.58-82.08c-53.71-4.639-102-28.12-138.2-63.95L1.719 433.2zM349.6 351.1c-36.15 35.83-84.45 59.31-138.2 63.95l33.58 82.08c3.594 8.797 11.74 14.5 21.24 14.88C266.6 511.1 266.1 512 267.3 512c9.094 0 17.23-4.973 21.35-13.14l21.43-42.28l45.19 9.035c8.594 1.75 17.47-1.398 23.12-8.148c5.656-6.766 7.125-16.06 3.875-24.25L349.6 351.1z\"><\/path><\/svg><\/div><\/div><div class=\"uagb-ifb-title-wrap\"><h3 class=\"uagb-ifb-title\">20 \u00e9v tapasztalat<\/h3><\/div><\/div><\/div><\/div>\n\n\n\n<div class=\"wp-block-uagb-info-box uagb-block-6c67d45c uagb-infobox__content-wrap  uagb-infobox-icon-above-title uagb-infobox-image-valign-top\"><div class=\"uagb-ifb-content\"><div class=\"uagb-ifb-icon-wrap\"><div class=\"uagb-iconbox-icon-wrap uagb-infobox-shape-circle\"><svg xmlns=\"https:\/\/www.w3.org\/2000\/svg\" viewbox=\"0 0 576 512\"><path d=\"M381.2 150.3L524.9 171.5C536.8 173.2 546.8 181.6 550.6 193.1C554.4 204.7 551.3 217.3 542.7 225.9L438.5 328.1L463.1 474.7C465.1 486.7 460.2 498.9 450.2 506C440.3 513.1 427.2 514 416.5 508.3L288.1 439.8L159.8 508.3C149 514 135.9 513.1 126 506C116.1 498.9 111.1 486.7 113.2 474.7L137.8 328.1L33.58 225.9C24.97 217.3 21.91 204.7 25.69 193.1C29.46 181.6 39.43 173.2 51.42 171.5L195 150.3L259.4 17.97C264.7 6.954 275.9-.0391 288.1-.0391C300.4-.0391 311.6 6.954 316.9 17.97L381.2 150.3z\"><\/path><\/svg><\/div><\/div><div class=\"uagb-ifb-title-wrap\"><h3 class=\"uagb-ifb-title\">5 csillagos min\u0151s\u00e9g<\/h3><\/div><\/div><\/div>\n\n\n\n<div class=\"wp-block-uagb-info-box uagb-block-afb4e7e9 uagb-infobox__content-wrap  uagb-infobox-icon-above-title uagb-infobox-image-valign-top\"><div class=\"uagb-ifb-content\"><div class=\"uagb-ifb-icon-wrap\"><div class=\"uagb-iconbox-icon-wrap uagb-infobox-shape-circle\"><svg xmlns=\"https:\/\/www.w3.org\/2000\/svg\" viewbox=\"0 0 512 512\"><path d=\"M222.7 32.15C227.7 49.08 218.1 66.9 201.1 71.94C121.8 95.55 64 169.1 64 255.1C64 362 149.1 447.1 256 447.1C362 447.1 448 362 448 255.1C448 169.1 390.2 95.55 310.9 71.94C293.9 66.9 284.3 49.08 289.3 32.15C294.4 15.21 312.2 5.562 329.1 10.6C434.9 42.07 512 139.1 512 255.1C512 397.4 397.4 511.1 256 511.1C114.6 511.1 0 397.4 0 255.1C0 139.1 77.15 42.07 182.9 10.6C199.8 5.562 217.6 15.21 222.7 32.15V32.15z\"><\/path><\/svg><\/div><\/div><div class=\"uagb-ifb-title-wrap\"><h3 class=\"uagb-ifb-title\">Nagy szil\u00e1rds\u00e1g<\/h3><\/div><\/div><\/div>\n\n\n\n<div class=\"wp-block-uagb-info-box uagb-block-8b324e3e uagb-infobox__content-wrap  uagb-infobox-icon-above-title uagb-infobox-image-valign-top\"><div class=\"uagb-ifb-content\"><div class=\"uagb-ifb-icon-wrap\"><div class=\"uagb-iconbox-icon-wrap uagb-infobox-shape-circle\"><svg xmlns=\"https:\/\/www.w3.org\/2000\/svg\" viewbox=\"0 0 512 512\"><path d=\"M470.6 425.4C483.1 437.9 483.1 458.1 470.6 470.6C458.1 483.1 437.9 483.1 425.4 470.6L412.1 458.2C369.6 491.9 315.2 512 255.1 512C196.8 512 142.4 491.9 99.02 458.2L86.63 470.6C74.13 483.1 53.87 483.1 41.37 470.6C28.88 458.1 28.88 437.9 41.37 425.4L53.76 412.1C20.07 369.6 0 315.2 0 255.1C0 196.8 20.07 142.4 53.76 99.02L41.37 86.63C28.88 74.13 28.88 53.87 41.37 41.37C53.87 28.88 74.13 28.88 86.63 41.37L99.02 53.76C142.4 20.07 196.8 0 255.1 0C315.2 0 369.6 20.07 412.1 53.76L425.4 41.37C437.9 28.88 458.1 28.88 470.6 41.37C483.1 53.87 483.1 74.13 470.6 86.63L458.2 99.02C491.9 142.4 512 196.8 512 255.1C512 315.2 491.9 369.6 458.2 412.1L470.6 425.4zM309.3 354.5C293.4 363.1 275.3 368 255.1 368C236.7 368 218.6 363.1 202.7 354.5L144.8 412.5C176.1 434.9 214.5 448 255.1 448C297.5 448 335.9 434.9 367.2 412.5L309.3 354.5zM448 255.1C448 214.5 434.9 176.1 412.5 144.8L354.5 202.7C363.1 218.6 368 236.7 368 256C368 275.3 363.1 293.4 354.5 309.3L412.5 367.2C434.9 335.9 448 297.5 448 256V255.1zM255.1 63.1C214.5 63.1 176.1 77.14 144.8 99.5L202.7 157.5C218.6 148.9 236.7 143.1 255.1 143.1C275.3 143.1 293.4 148.9 309.3 157.5L367.2 99.5C335.9 77.14 297.5 63.1 256 63.1H255.1zM157.5 309.3C148.9 293.4 143.1 275.3 143.1 255.1C143.1 236.7 148.9 218.6 157.5 202.7L99.5 144.8C77.14 176.1 63.1 214.5 63.1 255.1C63.1 297.5 77.14 335.9 99.5 367.2L157.5 309.3zM255.1 207.1C229.5 207.1 207.1 229.5 207.1 255.1C207.1 282.5 229.5 303.1 255.1 303.1C282.5 303.1 304 282.5 304 255.1C304 229.5 282.5 207.1 255.1 207.1z\"><\/path><\/svg><\/div><\/div><div class=\"uagb-ifb-title-wrap\"><h3 class=\"uagb-ifb-title\">Dedik\u00e1lt t\u00e1mogat\u00e1s<\/h3><\/div><\/div><\/div>\n<\/div>\n<\/div><\/div>\n\n<p><\/p>\n","protected":false},"excerpt":{"rendered":"<p>szolg\u00e1ltat\u00e1saink<\/p>\n","protected":false},"author":1,"featured_media":0,"parent":0,"menu_order":0,"comment_status":"closed","ping_status":"closed","template":"","meta":{"_uag_custom_page_level_css":"","site-sidebar-layout":"no-sidebar","site-content-layout":"page-builder","ast-site-content-layout":"full-width-container","site-content-style":"unboxed","site-sidebar-style":"unboxed","ast-global-header-display":"","ast-banner-title-visibility":"","ast-main-header-display":"","ast-hfb-above-header-display":"","ast-hfb-below-header-display":"","ast-hfb-mobile-header-display":"","site-post-title":"disabled","ast-breadcrumbs-content":"","ast-featured-img":"disabled","footer-sml-layout":"","ast-disable-related-posts":"","theme-transparent-header-meta":"enabled","adv-header-id-meta":"","stick-header-meta":"","header-above-stick-meta":"","header-main-stick-meta":"","header-below-stick-meta":"","astra-migrate-meta-layouts":"default","ast-page-background-enabled":"default","ast-page-background-meta":{"desktop":{"background-color":"var(--ast-global-color-4)","background-image":"","background-repeat":"repeat","background-position":"center center","background-size":"auto","background-attachment":"scroll","background-type":"","background-media":"","overlay-type":"","overlay-color":"","overlay-opacity":"","overlay-gradient":""},"tablet":{"background-color":"","background-image":"","background-repeat":"repeat","background-position":"center center","background-size":"auto","background-attachment":"scroll","background-type":"","background-media":"","overlay-type":"","overlay-color":"","overlay-opacity":"","overlay-gradient":""},"mobile":{"background-color":"","background-image":"","background-repeat":"repeat","background-position":"center center","background-size":"auto","background-attachment":"scroll","background-type":"","background-media":"","overlay-type":"","overlay-color":"","overlay-opacity":"","overlay-gradient":""}},"ast-content-background-meta":{"desktop":{"background-color":"var(--ast-global-color-5)","background-image":"","background-repeat":"repeat","background-position":"center center","background-size":"auto","background-attachment":"scroll","background-type":"","background-media":"","overlay-type":"","overlay-color":"","overlay-opacity":"","overlay-gradient":""},"tablet":{"background-color":"var(--ast-global-color-5)","background-image":"","background-repeat":"repeat","background-position":"center center","background-size":"auto","background-attachment":"scroll","background-type":"","background-media":"","overlay-type":"","overlay-color":"","overlay-opacity":"","overlay-gradient":""},"mobile":{"background-color":"var(--ast-global-color-5)","background-image":"","background-repeat":"repeat","background-position":"center center","background-size":"auto","background-attachment":"scroll","background-type":"","background-media":"","overlay-type":"","overlay-color":"","overlay-opacity":"","overlay-gradient":""}},"_joinchat":[],"footnotes":""},"class_list":["post-3790","page","type-page","status-publish","hentry"],"aioseo_notices":[],"uagb_featured_image_src":{"full":false,"thumbnail":false,"medium":false,"medium_large":false,"large":false,"1536x1536":false,"2048x2048":false},"uagb_author_info":{"display_name":"xesbalenet","author_link":"https:\/\/xesbalenet.com\/hu\/author\/zx9212110726live-com\/"},"uagb_comment_info":0,"uagb_excerpt":"szolg\u00e1ltat\u00e1saink","_links":{"self":[{"href":"https:\/\/xesbalenet.com\/hu\/wp-json\/wp\/v2\/pages\/3790","targetHints":{"allow":["GET"]}}],"collection":[{"href":"https:\/\/xesbalenet.com\/hu\/wp-json\/wp\/v2\/pages"}],"about":[{"href":"https:\/\/xesbalenet.com\/hu\/wp-json\/wp\/v2\/types\/page"}],"author":[{"embeddable":true,"href":"https:\/\/xesbalenet.com\/hu\/wp-json\/wp\/v2\/users\/1"}],"replies":[{"embeddable":true,"href":"https:\/\/xesbalenet.com\/hu\/wp-json\/wp\/v2\/comments?post=3790"}],"version-history":[{"count":0,"href":"https:\/\/xesbalenet.com\/hu\/wp-json\/wp\/v2\/pages\/3790\/revisions"}],"wp:attachment":[{"href":"https:\/\/xesbalenet.com\/hu\/wp-json\/wp\/v2\/media?parent=3790"}],"curies":[{"name":"wp","href":"https:\/\/api.w.org\/{rel}","templated":true}]}}