{"id":3900,"date":"2025-06-25T09:13:24","date_gmt":"2025-06-25T09:13:24","guid":{"rendered":"https:\/\/xesbalenet.com\/a-oldalrol\/"},"modified":"2026-04-30T05:55:40","modified_gmt":"2026-04-30T05:55:40","slug":"a-oldalrol","status":"publish","type":"page","link":"https:\/\/xesbalenet.com\/hu\/a-oldalrol\/","title":{"rendered":"A  oldalr\u00f3l"},"content":{"rendered":"\n<div class=\"wp-block-uagb-container uagb-block-3ad17e27 alignfull uagb-is-root-container\"><div class=\"uagb-container-inner-blocks-wrap\">\n<div class=\"wp-block-uagb-advanced-heading uagb-block-8a1eebc0\"><h1 class=\"uagb-heading-text\">R\u00f3lunk<\/h1><\/div>\n<\/div><\/div>\n\n<div class=\"wp-block-uagb-container uagb-block-f8ec2bd3 alignfull uagb-is-root-container\"><div class=\"uagb-container-inner-blocks-wrap\">\n<div class=\"wp-block-uagb-advanced-heading uagb-block-e874992d\"><h4 class=\"uagb-heading-text\">A XES\u00ae egy b\u00e1lah\u00e1l\u00f3-m\u00e1rka, amely a mez\u0151gazdas\u00e1gi csomagol\u00e1si alkalmaz\u00e1sokra \u00f6sszpontos\u00edt.<br\/> <br\/>A Changzhou Meshel Netting Co., Ltd. a weboldal \u00fczemeltet\u00e9s\u00e9\u00e9rt, az \u00fcgyf\u00e9lkommunik\u00e1ci\u00f3 kezel\u00e9s\u00e9\u00e9rt, az \u00e1raj\u00e1nlatok elk\u00e9sz\u00edt\u00e9s\u00e9\u00e9rt \u00e9s a XES\u00ae m\u00e1rka \u00e9rt\u00e9kes\u00edt\u00e9s\u00e9vel kapcsolatos szolg\u00e1ltat\u00e1sok\u00e9rt felel\u0151s jogi szem\u00e9ly.<br\/> <br\/>Sz\u00e9na, szalma, szil\u00e1zs \u00e9s egy\u00e9b mez\u0151gazdas\u00e1gi csomagol\u00e1si ig\u00e9nyekhez k\u00edn\u00e1lunk b\u00e1lah\u00e1l\u00f3kat. C\u00e9lunk, hogy vil\u00e1gos term\u00e9kinform\u00e1ci\u00f3kat, megb\u00edzhat\u00f3 ell\u00e1t\u00e1si koordin\u00e1ci\u00f3t \u00e9s gyors kiszolg\u00e1l\u00e1st k\u00edn\u00e1ljunk a forgalmaz\u00f3k, nagykeresked\u0151k \u00e9s mez\u0151gazdas\u00e1gi v\u00e1s\u00e1rl\u00f3k sz\u00e1m\u00e1ra.<br\/> <br\/>Az \u00e1tl\u00e1that\u00f3s\u00e1g \u00e9rdek\u00e9ben a Changzhou Meshel Netting Co., Ltd. a weboldal\u00e9rt \u00e9s a weboldalon kereszt\u00fcl beny\u00fajtott megkeres\u00e9sekkel \u00e9s megrendel\u00e9sekkel kapcsolatos, a v\u00e1s\u00e1rl\u00f3kkal kapcsolatos kereskedelmi tev\u00e9kenys\u00e9gek\u00e9rt felel\u0151s \u00fczleti egys\u00e9g&#8230;, Ltd. kiz\u00e1r\u00f3lag gy\u00e1rt\u00e1si partnerk\u00e9nt j\u00e1r el, \u00e9s nem \u00e9rt\u00e9kes\u00edt k\u00f6zvetlen\u00fcl term\u00e9keket ezen a weboldalon kereszt\u00fcl. <br\/><\/h4><\/div>\n\n\n\n<div class=\"wp-block-uagb-image aligncenter uagb-block-2d710799 wp-block-uagb-image--layout-default wp-block-uagb-image--effect-static wp-block-uagb-image--align-center\"><figure class=\"wp-block-uagb-image__figure\"><img decoding=\"async\" srcset=\"https:\/\/xesbalenet.com\/wp-content\/uploads\/2025\/06\/B_11556-1024x683.jpg ,https:\/\/xesbalenet.com\/wp-content\/uploads\/2025\/06\/B_11556.jpg 780w, https:\/\/xesbalenet.com\/wp-content\/uploads\/2025\/06\/B_11556.jpg 360w\" sizes=\"auto, (max-width: 480px) 150px\" src=\"https:\/\/xesbalenet.com\/wp-content\/uploads\/2025\/06\/B_11556-1024x683.jpg\" alt=\"\" class=\"uag-image-2889\" width=\"1024\" height=\"683\" title=\"_B_11556\" loading=\"lazy\" role=\"img\"><\/figure><\/div>\n\n\n\n<div class=\"wp-block-uagb-container uagb-block-72514f6d\">\n<div class=\"wp-block-uagb-advanced-heading uagb-block-b317ae0b\"><h3 class=\"uagb-heading-text\">K\u00fcldet\u00e9s\u00fcnk<\/h3><p class=\"uagb-desc-text\">K\u00fcldet\u00e9s\u00fcnk, hogy megb\u00edzhat\u00f3 b\u00e1lah\u00e1l\u00f3s csomagol\u00e1si megold\u00e1sokat k\u00edn\u00e1ljunk praktikus specifik\u00e1ci\u00f3kkal, \u00e1lland\u00f3 min\u0151s\u00e9ggel \u00e9s hat\u00e9kony t\u00e1mogat\u00e1ssal a mez\u0151gazdas\u00e1gi csomagol\u00e1si ig\u00e9nyekhez.<\/p><\/div>\n\n\n\n<div class=\"wp-block-uagb-advanced-heading uagb-block-3b00767d\"><h3 class=\"uagb-heading-text\">\u00c9rt\u00e9keink<\/h3><p class=\"uagb-desc-text\">Nagyra \u00e9rt\u00e9kelj\u00fck a tisztas\u00e1got, a k\u00f6vetkezetess\u00e9get \u00e9s a hossz\u00fa t\u00e1v\u00fa \u00fczleti egy\u00fcttm\u0171k\u00f6d\u00e9st. C\u00e9lunk, hogy a term\u00e9kinform\u00e1ci\u00f3kat vil\u00e1gosan k\u00f6z\u00f6lj\u00fck, a megkeres\u00e9sekre azonnal v\u00e1laszoljunk, \u00e9s megb\u00edzhat\u00f3 szolg\u00e1ltat\u00e1ssal t\u00e1mogassuk az \u00fcgyfeleket. <\/p><\/div>\n<\/div>\n<\/div><\/div>\n\n<div class=\"wp-block-uagb-container uagb-block-61e8ac2a alignfull uagb-is-root-container\"><div class=\"uagb-container-inner-blocks-wrap\">\n<div class=\"wp-block-uagb-image aligncenter uagb-block-052b1f4c wp-block-uagb-image--layout-default wp-block-uagb-image--effect-static wp-block-uagb-image--align-center\"><figure class=\"wp-block-uagb-image__figure\"><img decoding=\"async\" srcset=\"\/wp-content\/uploads\/2021\/11\/quotes.svg ,\/wp-content\/uploads\/2021\/11\/quotes.svg 780w, \/wp-content\/uploads\/2021\/11\/quotes.svg 360w\" sizes=\"auto, (max-width: 480px) 150px\" src=\"\/wp-content\/uploads\/2021\/11\/quotes.svg\" alt=\"\" class=\"uag-image-117\" width=\"37\" height=\"38\" title=\"id\u00e9zi\" loading=\"lazy\" role=\"img\"><\/figure><\/div>\n\n\n\n<div class=\"wp-block-uagb-info-box uagb-block-54aaf525 uagb-infobox__content-wrap  uagb-infobox-icon-below-title uagb-infobox-image-valign-top\"><div class=\"uagb-ifb-content\"><div class=\"uagb-ifb-title-wrap\"><h4 class=\"uagb-ifb-title\">Mit k\u00edn\u00e1lunk<\/h4><\/div><p class=\"uagb-ifb-desc\">T\u00e1mogatjuk \u00fcgyfeleinket:<br\/> <br\/>&#8211; Term\u00e9kinform\u00e1ci\u00f3k<br\/> &#8211; Specifik\u00e1ci\u00f3s visszaigazol\u00e1s<br\/>&#8211; Aj\u00e1nlatk\u00e9r\u00e9si t\u00e1mogat\u00e1s<br\/>&#8211; Megrendel\u00e9ssel kapcsolatos kommunik\u00e1ci\u00f3<br\/>&#8211; \u00c1ltal\u00e1nos \u00fczleti k\u00e9rd\u00e9sek<br\/> <br\/> <br\/>\u00dczleti inform\u00e1ci\u00f3k<br\/> <br\/>Jogi szem\u00e9ly: Changzhou Meshel Netting Co., Ltd.<br\/>Weboldal \u00fczemeltet\u0151je: Changzhou Meshel Netting Co., Ltd.<br\/>M\u00e1rka: XES\u00ae<br\/>\u00dczleti c\u00edm: No.236 East Jinsheng Road, Changzhou, K\u00edna<br\/>Email: sw@xesbalenet.com<br\/>Telefon \/ WhatsApp: +<br\/> <br\/> <br\/>Ha term\u00e9kle\u00edr\u00e1sokat, \u00e1rinform\u00e1ci\u00f3kat vagy megrendel\u00e9ssel kapcsolatos seg\u00edts\u00e9get szeretne, k\u00e9rj\u00fck, l\u00e9pjen kapcsolatba csapatunkkal k\u00f6zvetlen\u00fcl a kapcsolatfelv\u00e9teli oldalon kereszt\u00fcl. <\/p><\/div><\/div>\n<\/div><\/div>\n","protected":false},"excerpt":{"rendered":"<p>R\u00f3lunk A XES\u00ae egy b\u00e1lah\u00e1l\u00f3-m\u00e1rka, amely a mez\u0151gazdas\u00e1gi csomagol\u00e1si alkalmaz\u00e1sokra \u00f6sszpontos\u00edt. A Changzhou Meshel Netting Co., Ltd. a weboldal \u00fczemeltet\u00e9s\u00e9\u00e9rt, az \u00fcgyf\u00e9lkommunik\u00e1ci\u00f3 kezel\u00e9s\u00e9\u00e9rt, az \u00e1raj\u00e1nlatok elk\u00e9sz\u00edt\u00e9s\u00e9\u00e9rt \u00e9s a XES\u00ae m\u00e1rka \u00e9rt\u00e9kes\u00edt\u00e9s\u00e9vel kapcsolatos szolg\u00e1ltat\u00e1sok\u00e9rt felel\u0151s jogi szem\u00e9ly. Sz\u00e9na, szalma, szil\u00e1zs \u00e9s egy\u00e9b mez\u0151gazdas\u00e1gi csomagol\u00e1si ig\u00e9nyekhez k\u00edn\u00e1lunk b\u00e1lah\u00e1l\u00f3kat. C\u00e9lunk, hogy vil\u00e1gos term\u00e9kinform\u00e1ci\u00f3kat, megb\u00edzhat\u00f3 ell\u00e1t\u00e1si koordin\u00e1ci\u00f3t \u00e9s gyors [&hellip;]<\/p>\n","protected":false},"author":1,"featured_media":0,"parent":0,"menu_order":0,"comment_status":"closed","ping_status":"closed","template":"","meta":{"_uag_custom_page_level_css":"","site-sidebar-layout":"no-sidebar","site-content-layout":"page-builder","ast-site-content-layout":"full-width-container","site-content-style":"unboxed","site-sidebar-style":"default","ast-global-header-display":"","ast-banner-title-visibility":"","ast-main-header-display":"","ast-hfb-above-header-display":"","ast-hfb-below-header-display":"","ast-hfb-mobile-header-display":"","site-post-title":"disabled","ast-breadcrumbs-content":"","ast-featured-img":"disabled","footer-sml-layout":"","ast-disable-related-posts":"","theme-transparent-header-meta":"enabled","adv-header-id-meta":"","stick-header-meta":"","header-above-stick-meta":"","header-main-stick-meta":"","header-below-stick-meta":"","astra-migrate-meta-layouts":"default","ast-page-background-enabled":"default","ast-page-background-meta":{"desktop":{"background-color":"var(--ast-global-color-4)","background-image":"","background-repeat":"repeat","background-position":"center center","background-size":"auto","background-attachment":"scroll","background-type":"","background-media":"","overlay-type":"","overlay-color":"","overlay-opacity":"","overlay-gradient":""},"tablet":{"background-color":"","background-image":"","background-repeat":"repeat","background-position":"center center","background-size":"auto","background-attachment":"scroll","background-type":"","background-media":"","overlay-type":"","overlay-color":"","overlay-opacity":"","overlay-gradient":""},"mobile":{"background-color":"","background-image":"","background-repeat":"repeat","background-position":"center center","background-size":"auto","background-attachment":"scroll","background-type":"","background-media":"","overlay-type":"","overlay-color":"","overlay-opacity":"","overlay-gradient":""}},"ast-content-background-meta":{"desktop":{"background-color":"var(--ast-global-color-5)","background-image":"","background-repeat":"repeat","background-position":"center center","background-size":"auto","background-attachment":"scroll","background-type":"","background-media":"","overlay-type":"","overlay-color":"","overlay-opacity":"","overlay-gradient":""},"tablet":{"background-color":"var(--ast-global-color-5)","background-image":"","background-repeat":"repeat","background-position":"center center","background-size":"auto","background-attachment":"scroll","background-type":"","background-media":"","overlay-type":"","overlay-color":"","overlay-opacity":"","overlay-gradient":""},"mobile":{"background-color":"var(--ast-global-color-5)","background-image":"","background-repeat":"repeat","background-position":"center center","background-size":"auto","background-attachment":"scroll","background-type":"","background-media":"","overlay-type":"","overlay-color":"","overlay-opacity":"","overlay-gradient":""}},"_joinchat":[],"footnotes":""},"class_list":["post-3900","page","type-page","status-publish","hentry"],"aioseo_notices":[],"uagb_featured_image_src":{"full":false,"thumbnail":false,"medium":false,"medium_large":false,"large":false,"1536x1536":false,"2048x2048":false},"uagb_author_info":{"display_name":"xesbalenet","author_link":"https:\/\/xesbalenet.com\/hu\/author\/zx9212110726live-com\/"},"uagb_comment_info":0,"uagb_excerpt":"R\u00f3lunk A XES\u00ae egy b\u00e1lah\u00e1l\u00f3-m\u00e1rka, amely a mez\u0151gazdas\u00e1gi csomagol\u00e1si alkalmaz\u00e1sokra \u00f6sszpontos\u00edt. A Changzhou Meshel Netting Co., Ltd. a weboldal \u00fczemeltet\u00e9s\u00e9\u00e9rt, az \u00fcgyf\u00e9lkommunik\u00e1ci\u00f3 kezel\u00e9s\u00e9\u00e9rt, az \u00e1raj\u00e1nlatok elk\u00e9sz\u00edt\u00e9s\u00e9\u00e9rt \u00e9s a XES\u00ae m\u00e1rka \u00e9rt\u00e9kes\u00edt\u00e9s\u00e9vel kapcsolatos szolg\u00e1ltat\u00e1sok\u00e9rt felel\u0151s jogi szem\u00e9ly. Sz\u00e9na, szalma, szil\u00e1zs \u00e9s egy\u00e9b mez\u0151gazdas\u00e1gi csomagol\u00e1si ig\u00e9nyekhez k\u00edn\u00e1lunk b\u00e1lah\u00e1l\u00f3kat. C\u00e9lunk, hogy vil\u00e1gos term\u00e9kinform\u00e1ci\u00f3kat, megb\u00edzhat\u00f3 ell\u00e1t\u00e1si koordin\u00e1ci\u00f3t \u00e9s gyors&hellip;","_links":{"self":[{"href":"https:\/\/xesbalenet.com\/hu\/wp-json\/wp\/v2\/pages\/3900","targetHints":{"allow":["GET"]}}],"collection":[{"href":"https:\/\/xesbalenet.com\/hu\/wp-json\/wp\/v2\/pages"}],"about":[{"href":"https:\/\/xesbalenet.com\/hu\/wp-json\/wp\/v2\/types\/page"}],"author":[{"embeddable":true,"href":"https:\/\/xesbalenet.com\/hu\/wp-json\/wp\/v2\/users\/1"}],"replies":[{"embeddable":true,"href":"https:\/\/xesbalenet.com\/hu\/wp-json\/wp\/v2\/comments?post=3900"}],"version-history":[{"count":0,"href":"https:\/\/xesbalenet.com\/hu\/wp-json\/wp\/v2\/pages\/3900\/revisions"}],"wp:attachment":[{"href":"https:\/\/xesbalenet.com\/hu\/wp-json\/wp\/v2\/media?parent=3900"}],"curies":[{"name":"wp","href":"https:\/\/api.w.org\/{rel}","templated":true}]}}