{"id":3938,"date":"2025-06-25T09:13:24","date_gmt":"2025-06-25T09:13:24","guid":{"rendered":"https:\/\/xesbalenet.com\/home\/"},"modified":"2026-04-30T05:55:47","modified_gmt":"2026-04-30T05:55:47","slug":"home-hu","status":"publish","type":"page","link":"https:\/\/xesbalenet.com\/hu\/","title":{"rendered":"Home"},"content":{"rendered":"\n<div class=\"wp-block-uagb-container uagb-block-494c42c4 alignfull uagb-is-root-container\"><div class=\"uagb-container-inner-blocks-wrap\">\n<div class=\"wp-block-uagb-info-box uagb-block-cd2517a4 uagb-infobox__content-wrap  uagb-infobox-icon-above-title uagb-infobox-image-valign-top wp-block-uagb-info-box--has-margin\"><div class=\"uagb-infobox-margin-wrapper\"><div class=\"uagb-ifb-content\"><div class=\"uagb-ifb-title-wrap\"><h1 class=\"uagb-ifb-title-prefix\">XES\u00ae B\u00c1LA H\u00c1L\u00d3S CSOMAGOL\u00d3ANYAG<\/h1><\/div><p class=\"uagb-ifb-desc\">SZ\u00c9LS\u0150S\u00c9GES | GAZDAS\u00c1GI | FENNTARTHAT\u00d3<\/p><div class=\"uagb-ifb-button-wrapper wp-block-button\"><a href=\"https:\/\/xesbalenet.com\/hu\/kapcsolat\/\" class=\"uagb-infobox-cta-link wp-block-button__link\" target=\"_self\" rel=\"noopener noreferrer\" onclick=\"return true;\"><span class=\"uagb-inline-editing\">Kezdje el<\/span><\/a><\/div><\/div><\/div><\/div>\n<\/div><\/div>\n\n<div class=\"wp-block-uagb-container uagb-block-5fcee4f8 alignfull uagb-is-root-container\"><div class=\"uagb-container-inner-blocks-wrap\">\n<div class=\"wp-block-uagb-advanced-heading uagb-block-2b5f3149\"><h2 class=\"uagb-heading-text\">Szolg\u00e1ltat\u00e1saink<\/h2><div class=\"uagb-separator\"><\/div><\/div>\n\n\n\n<div class=\"wp-block-uagb-container uagb-block-4a8e1942\">\n<div class=\"wp-block-uagb-container uagb-block-c988f562\">\n<div class=\"wp-block-uagb-image alignleft uagb-block-a35d235b wp-block-uagb-image--layout-default wp-block-uagb-image--effect-static wp-block-uagb-image--align-left\"><figure class=\"wp-block-uagb-image__figure\"><img decoding=\"async\" srcset=\"https:\/\/xesbalenet.com\/wp-content\/uploads\/2025\/06\/B_11604-1024x683.jpg ,https:\/\/xesbalenet.com\/wp-content\/uploads\/2025\/06\/B_11604.jpg 780w, https:\/\/xesbalenet.com\/wp-content\/uploads\/2025\/06\/B_11604.jpg 360w\" sizes=\"(max-width: 480px) 150px\" src=\"https:\/\/xesbalenet.com\/wp-content\/uploads\/2025\/06\/B_11604-1024x683.jpg\" alt=\"b\u00e1l\u00e1z\u00f3k, amelyek b\u00e1l\u00e1t k\u00e9sz\u00edtenek\" class=\"uag-image-2705\" width=\"373\" height=\"464\" title=\"_B_11604\" role=\"img\"><\/figure><\/div>\n\n\n\n<div class=\"wp-block-uagb-advanced-heading uagb-block-b07219d5\"><h3 class=\"uagb-heading-text\">Er\u0151ss\u00e9g<\/h3><p class=\"uagb-desc-text\"><strong>Az XES Extreme B\u00e1lah\u00e1l\u00f3 <\/strong>szabadalmaztatott l\u00e1ncszerkezet\u0171 l\u00e1ncszemek seg\u00edts\u00e9g\u00e9vel <strong>maximaliz\u00e1lja <\/strong>a szil\u00e1rds\u00e1got \u00e9s a rugalmass\u00e1got.<\/p><\/div>\n<\/div>\n\n\n\n<div class=\"wp-block-uagb-container uagb-block-0ad6ff4e\">\n<div class=\"wp-block-uagb-image alignleft uagb-block-930d8e85 wp-block-uagb-image--layout-default wp-block-uagb-image--effect-static wp-block-uagb-image--align-left\"><figure class=\"wp-block-uagb-image__figure\"><img decoding=\"async\" srcset=\"https:\/\/xesbalenet.com\/wp-content\/uploads\/2025\/06\/2-1024x683.jpg ,https:\/\/xesbalenet.com\/wp-content\/uploads\/2025\/06\/2.jpg 780w, https:\/\/xesbalenet.com\/wp-content\/uploads\/2025\/06\/2.jpg 360w\" sizes=\"auto, (max-width: 480px) 150px\" src=\"https:\/\/xesbalenet.com\/wp-content\/uploads\/2025\/06\/2-1024x683.jpg\" alt=\"b\u00e1l\u00e1k mez\u0151\" class=\"uag-image-2706\" width=\"373\" height=\"464\" title=\"2\" loading=\"lazy\" role=\"img\"><\/figure><\/div>\n\n\n\n<div class=\"wp-block-uagb-advanced-heading uagb-block-3974de5a\"><h3 class=\"uagb-heading-text\">Szak\u00e9rt\u0151i csapat<\/h3><p class=\"uagb-desc-text\"><strong>A XES\u00ae b\u00e1lah\u00e1l\u00f3t<\/strong> a sz\u00e9nab\u00e1l\u00e1khoz szak\u00e9rt\u0151k fejlesztett\u00e9k ki, \u00e9s a mez\u0151gazdas\u00e1gban m\u00e1r 20 \u00e9ve sikeresen haszn\u00e1lj\u00e1k.<\/p><\/div>\n<\/div>\n\n\n\n<div class=\"wp-block-uagb-container uagb-block-48a31e6a\">\n<div class=\"wp-block-uagb-image alignleft uagb-block-2675d6b0 wp-block-uagb-image--layout-default wp-block-uagb-image--effect-static wp-block-uagb-image--align-left\"><figure class=\"wp-block-uagb-image__figure\"><img decoding=\"async\" srcset=\"https:\/\/xesbalenet.com\/wp-content\/uploads\/2025\/06\/gd2acfe125d284d6aa8677450b4f1d0296f0564874c1cbfba6c03eede87d91d02a600108ca6d69685dc2893710761ea40c45554b6047e5f9444326fca9b6b2dff_1280-3521063-1024x682.jpg ,https:\/\/xesbalenet.com\/wp-content\/uploads\/2025\/06\/gd2acfe125d284d6aa8677450b4f1d0296f0564874c1cbfba6c03eede87d91d02a600108ca6d69685dc2893710761ea40c45554b6047e5f9444326fca9b6b2dff_1280-3521063.jpg 780w, https:\/\/xesbalenet.com\/wp-content\/uploads\/2025\/06\/gd2acfe125d284d6aa8677450b4f1d0296f0564874c1cbfba6c03eede87d91d02a600108ca6d69685dc2893710761ea40c45554b6047e5f9444326fca9b6b2dff_1280-3521063.jpg 360w\" sizes=\"auto, (max-width: 480px) 150px\" src=\"https:\/\/xesbalenet.com\/wp-content\/uploads\/2025\/06\/gd2acfe125d284d6aa8677450b4f1d0296f0564874c1cbfba6c03eede87d91d02a600108ca6d69685dc2893710761ea40c45554b6047e5f9444326fca9b6b2dff_1280-3521063-1024x682.jpg\" alt=\"mez\u0151, sz\u00e9nab\u00e1la, naplemente, b\u00fazamez\u0151, term\u00e9szet, mez\u0151gazdas\u00e1g, betakar\u00edt\u00e1s, arat\u00e1s ideje\" class=\"uag-image-2964\" width=\"373\" height=\"464\" title=\"gd2acfe125d284d6aa8677450b4f1d0296f0564874c1cbfba6c03eede87d91d02a600108ca6d69685dc2893710761ea40c45554b6047e5f9444326fca9b6b2dff_1280-3521063\" loading=\"lazy\" role=\"img\"><\/figure><\/div>\n\n\n\n<div class=\"wp-block-uagb-advanced-heading uagb-block-8f982c10\"><h3 class=\"uagb-heading-text\">Min\u0151s\u00e9g<\/h3><p class=\"uagb-desc-text\">A <strong>XES\u00ae term\u00e9kcsal\u00e1d<\/strong> megb\u00edzhat\u00f3 \u00e9s m\u00e9g neh\u00e9z k\u00f6r\u00fclm\u00e9nyek k\u00f6z\u00f6tt is k\u00f6nnyen kezelhet\u0151.  <\/p><\/div>\n<\/div>\n<\/div>\n<\/div><\/div>\n\n<figure class=\"wp-block-embed is-type-video is-provider-youtube wp-block-embed-youtube wp-embed-aspect-16-9 wp-has-aspect-ratio\"><div class=\"wp-block-embed__wrapper\">\n<iframe title=\"XES Netting 2023 Campaign\" width=\"500\" height=\"281\" src=\"https:\/\/www.youtube.com\/embed\/D6ppO5Ni6SA?feature=oembed\" frameborder=\"0\" allow=\"accelerometer; autoplay; clipboard-write; encrypted-media; gyroscope; picture-in-picture; web-share\" referrerpolicy=\"strict-origin-when-cross-origin\" allowfullscreen><\/iframe>\n<\/div><\/figure>\n\n<div class=\"wp-block-uagb-container uagb-block-fb32e4bf alignfull uagb-is-root-container\"><div class=\"uagb-container-inner-blocks-wrap\">\n<div class=\"wp-block-uagb-image aligncenter uagb-block-052b1f4c wp-block-uagb-image--layout-default wp-block-uagb-image--effect-static wp-block-uagb-image--align-center\"><figure class=\"wp-block-uagb-image__figure\"><img decoding=\"async\" srcset=\"\/wp-content\/uploads\/2021\/11\/quotes.svg ,\/wp-content\/uploads\/2021\/11\/quotes.svg 780w, \/wp-content\/uploads\/2021\/11\/quotes.svg 360w\" sizes=\"auto, (max-width: 480px) 150px\" src=\"\/wp-content\/uploads\/2021\/11\/quotes.svg\" alt=\"\" class=\"uag-image-117\" width=\"37\" height=\"38\" title=\"id\u00e9zi\" loading=\"lazy\" role=\"img\"><\/figure><\/div>\n\n\n\n<div class=\"wp-block-uagb-info-box uagb-block-54aaf525 uagb-infobox__content-wrap  uagb-infobox-icon-below-title uagb-infobox-image-valign-top\"><div class=\"uagb-ifb-content\"><div class=\"uagb-ifb-title-wrap\"><h4 class=\"uagb-ifb-title\">A XES\u00ae pr\u00e9mium min\u0151s\u00e9g\u0171 b\u00e1lah\u00e1l\u00f3t k\u00edn\u00e1l kerek b\u00e1l\u00e1khoz. T\u00f6bb mint 20 \u00e9ves tapasztalat magas min\u0151s\u00e9g\u0171, k\u00f6lts\u00e9ghat\u00e9kony \u00e9s tart\u00f3s h\u00e1l\u00f3megold\u00e1sok biztos\u00edt\u00e1s\u00e1ban Eur\u00f3p\u00e1ban. <\/h4><\/div><\/div><\/div>\n<\/div><\/div>\n\n<div class=\"wp-block-cover alignfull is-light\"><span aria-hidden=\"true\" class=\"wp-block-cover__background has-background-dim-100 has-background-dim\" style=\"background-color:#ffffff\"><\/span><div class=\"wp-block-cover__inner-container is-layout-constrained wp-block-cover-is-layout-constrained\">\n<div class=\"wp-block-media-text alignwide is-stacked-on-mobile is-vertically-aligned-center\" style=\"margin-top:0;margin-bottom:0;padding-top:0;padding-bottom:0;grid-template-columns:39% auto\"><figure class=\"wp-block-media-text__media\"><img decoding=\"async\" width=\"1024\" height=\"683\" src=\"https:\/\/xesbalenet.com\/wp-content\/uploads\/2025\/06\/B_11575-1024x683.jpg\" alt=\"xes b\u00e1lah\u00e1l\u00f3\" class=\"wp-image-2712 size-full\" srcset=\"https:\/\/xesbalenet.com\/wp-content\/uploads\/2025\/06\/B_11575-1024x683.jpg 1024w, https:\/\/xesbalenet.com\/wp-content\/uploads\/2025\/06\/B_11575-300x200.jpg 300w, https:\/\/xesbalenet.com\/wp-content\/uploads\/2025\/06\/B_11575-768x512.jpg 768w, https:\/\/xesbalenet.com\/wp-content\/uploads\/2025\/06\/B_11575-1536x1024.jpg 1536w, https:\/\/xesbalenet.com\/wp-content\/uploads\/2025\/06\/B_11575.jpg 2048w\" sizes=\"(max-width: 1024px) 100vw, 1024px\" \/><\/figure><div class=\"wp-block-media-text__content\">\n<h5 class=\"wp-block-heading has-ast-global-color-2-color has-text-color\" style=\"font-size:32px\">Mi\u00e9rt v\u00e1lassza a XES\u00ae-t<\/h5>\n\n\n\n<p class=\"has-ast-global-color-2-color has-text-color\" style=\"font-size:17px\">Megb\u00edzhat\u00f3 teljes\u00edtm\u00e9ny B\u00e1lah\u00e1l\u00f3s csomagol\u00f3 term\u00e9keinket \u00fagy tervezt\u00fck, hogy ig\u00e9nyes mez\u0151gazdas\u00e1gi k\u00f6r\u00fclm\u00e9nyek k\u00f6z\u00f6tt is stabil csomagol\u00e1si teljes\u00edtm\u00e9nyt \u00e9s megb\u00edzhat\u00f3 haszn\u00e1latot biztos\u00edtsanak.<\/p>\n\n\n\n<p class=\"has-ast-global-color-2-color has-text-color\" style=\"font-size:17px\">K\u00f6vetkezetes specifik\u00e1ci\u00f3k A vil\u00e1gos term\u00e9kle\u00edr\u00e1sokra \u00e9s a k\u00f6vetkezetes min\u0151s\u00e9gre \u00f6sszpontos\u00edtunk, hogy seg\u00edts\u00fck \u00fcgyfeleinket a b\u00e1l\u00e1z\u00e1si \u00e9s csomagol\u00e1si ig\u00e9nyeiknek megfelel\u0151 term\u00e9kek kiv\u00e1laszt\u00e1s\u00e1ban.<\/p>\n\n\n\n<p class=\"has-ast-global-color-2-color has-text-color\" style=\"font-size:17px\">Reag\u00e1l\u00f3 szolg\u00e1ltat\u00e1s A forgalmaz\u00f3kat, nagykeresked\u0151ket \u00e9s mez\u0151gazdas\u00e1gi vev\u0151ket term\u00e9kinform\u00e1ci\u00f3kkal, \u00e1raj\u00e1nlat-t\u00e1mogat\u00e1ssal \u00e9s id\u0151ben t\u00f6rt\u00e9n\u0151 kommunik\u00e1ci\u00f3val t\u00e1mogatjuk.<br\/> <\/p>\n\n\n\n<div class=\"wp-block-buttons is-layout-flex wp-block-buttons-is-layout-flex\"><\/div>\n<\/div><\/div>\n<\/div><\/div>\n\n<div class=\"wp-block-uagb-container uagb-layout-grid uagb-block-0186287e alignfull uagb-is-root-container\"><div class=\"uagb-container-inner-blocks-wrap\">\n<div class=\"wp-block-uagb-info-box uagb-block-03550eeb uagb-infobox__content-wrap  uagb-infobox-icon-above-title uagb-infobox-image-valign-top wp-block-uagb-info-box--has-margin\"><div class=\"uagb-infobox-margin-wrapper\"><div class=\"uagb-ifb-content\"><div class=\"uagb-ifb-title-wrap\"><span class=\"uagb-ifb-title-prefix\">A XES\u00ae-r\u0151l<\/span><h4 class=\"uagb-ifb-title\">A XES\u00ae egy b\u00e1lah\u00e1l\u00f3-m\u00e1rka, amely a mez\u0151gazdas\u00e1gi csomagol\u00e1si alkalmaz\u00e1sokra \u00f6sszpontos\u00edt.<\/h4><\/div><p class=\"uagb-ifb-desc\">Ezt a weboldalt a Changzhou Meshel Netting Co., Ltd. \u00fczemelteti, amely jogi szem\u00e9ly felel\u0151s a weboldal \u00fczemeltet\u00e9s\u00e9\u00e9rt, az \u00fcgyf\u00e9lkommunik\u00e1ci\u00f3\u00e9rt, az \u00e1raj\u00e1nlatok\u00e9rt \u00e9s a XES\u00ae m\u00e1rk\u00e1hoz kapcsol\u00f3d\u00f3 \u00e9rt\u00e9kes\u00edt\u00e9si szolg\u00e1ltat\u00e1sok\u00e9rt. Mez\u0151gazdas\u00e1gi felhaszn\u00e1l\u00e1sra sz\u00e1nt b\u00e1lah\u00e1l\u00f3-f\u00f3li\u00e1z\u00e1si term\u00e9keket k\u00edn\u00e1lunk, \u00e9s azon dolgozunk, hogy stabil term\u00e9kmin\u0151s\u00e9get, egy\u00e9rtelm\u0171 specifik\u00e1ci\u00f3kat \u00e9s megb\u00edzhat\u00f3 \u00fcgyf\u00e9lszolg\u00e1latot biztos\u00edtsunk.   <\/p><div class=\"uagb-ifb-button-wrapper wp-block-button\"><a href=\"https:\/\/xesbalenet.com\/hu\/kapcsolat\/\" class=\"uagb-infobox-cta-link ast-outline-button\" target=\"_self\" rel=\"noopener noreferrer\" style=\"border-width:revert-layer\" onclick=\"return true;\"><span class=\"uagb-inline-editing\">Tudjon meg t\u00f6bbet<\/span><\/a><\/div><\/div><\/div><\/div>\n\n\n\n<div class=\"wp-block-uagb-image alignright uagb-block-37933192 wp-block-uagb-image--layout-default wp-block-uagb-image--effect-static wp-block-uagb-image--align-right\"><figure class=\"wp-block-uagb-image__figure\"><img decoding=\"async\" srcset=\"https:\/\/xesbalenet.com\/wp-content\/uploads\/2025\/06\/06302.jpg ,https:\/\/xesbalenet.com\/wp-content\/uploads\/2025\/06\/06302.jpg 780w, https:\/\/xesbalenet.com\/wp-content\/uploads\/2025\/06\/06302.jpg 360w\" sizes=\"auto, (max-width: 480px) 150px\" src=\"https:\/\/xesbalenet.com\/wp-content\/uploads\/2025\/06\/06302.jpg\" alt=\"xes b\u00e1lah\u00e1l\u00f3 alkalmazottakkal\" class=\"uag-image-2961\" width=\"470\" height=\"570\" title=\"06302\" loading=\"lazy\" role=\"img\"><\/figure><\/div>\n<\/div><\/div>\n<ul class=\"wp-block-latest-posts__list is-grid columns-3 has-dates has-author aligncenter wp-block-latest-posts\"><li><div class=\"wp-block-latest-posts__featured-image alignleft\"><img decoding=\"async\" width=\"300\" height=\"225\" src=\"https:\/\/xesbalenet.com\/wp-content\/uploads\/2025\/09\/hbnet1-13-300x225.jpg\" class=\"attachment-medium size-medium wp-post-image\" alt=\"B\u00e1lah\u00e1l\u00f3 csomagol\u00e1st haszn\u00e1ljon\" style=\"max-width:225px;max-height:225px;\" srcset=\"https:\/\/xesbalenet.com\/wp-content\/uploads\/2025\/09\/hbnet1-13-300x225.jpg 300w, https:\/\/xesbalenet.com\/wp-content\/uploads\/2025\/09\/hbnet1-13.jpg 600w\" sizes=\"(max-width: 300px) 100vw, 300px\" \/><\/div><a class=\"wp-block-latest-posts__post-title\" href=\"https:\/\/xesbalenet.com\/hu\/hogyan-forradalmasitja-a-xes-supreme-net-a-balahalo-csomagolasi-piacot\/\">Hogyan forradalmas\u00edtja a XES\u00ae Supreme Net a b\u00e1lah\u00e1l\u00f3 csomagol\u00e1si piacot?<\/a><div class=\"wp-block-latest-posts__post-author\">Szerz\u0151: xesbalenet<\/div><time datetime=\"2026-04-10T07:54:50+00:00\" class=\"wp-block-latest-posts__post-date\">\u00e1prilis 10, 2026<\/time><\/li>\n<li><div class=\"wp-block-latest-posts__featured-image alignleft\"><img decoding=\"async\" width=\"300\" height=\"300\" src=\"https:\/\/xesbalenet.com\/wp-content\/uploads\/2025\/12\/image-7-5-300x300.jpg\" class=\"attachment-medium size-medium wp-post-image\" alt=\"\" style=\"max-width:225px;max-height:225px;\" srcset=\"https:\/\/xesbalenet.com\/wp-content\/uploads\/2025\/12\/image-7-5-300x300.jpg 300w, https:\/\/xesbalenet.com\/wp-content\/uploads\/2025\/12\/image-7-5-150x150.jpg 150w, https:\/\/xesbalenet.com\/wp-content\/uploads\/2025\/12\/image-7-5-768x768.jpg 768w, https:\/\/xesbalenet.com\/wp-content\/uploads\/2025\/12\/image-7-5.jpg 1024w\" sizes=\"(max-width: 300px) 100vw, 300px\" \/><\/div><a class=\"wp-block-latest-posts__post-title\" href=\"https:\/\/xesbalenet.com\/hu\/mire-hasznaljak-a-szenabalakat\/\">Mire haszn\u00e1lj\u00e1k a sz\u00e9nab\u00e1l\u00e1kat?<\/a><div class=\"wp-block-latest-posts__post-author\">Szerz\u0151: xesbalenet<\/div><time datetime=\"2025-12-22T06:34:12+00:00\" class=\"wp-block-latest-posts__post-date\">december 22, 2025<\/time><\/li>\n<\/ul>\n<div class=\"wp-block-uagb-container uagb-block-05a4a518 alignfull uagb-is-root-container\"><div class=\"uagb-container-inner-blocks-wrap\">\n<div class=\"wp-block-uagb-info-box uagb-block-9a97965e uagb-infobox__content-wrap  uagb-infobox-icon-above-title uagb-infobox-image-valign-top wp-block-uagb-info-box--has-margin\"><div class=\"uagb-infobox-margin-wrapper\"><div class=\"uagb-ifb-content\"><div class=\"uagb-ifb-title-wrap\"><h4 class=\"uagb-ifb-title\">K\u00c9RD\u00c9SEK?<\/h4><\/div><p class=\"uagb-ifb-desc\">Ak\u00e1r term\u00e9kadatokat, ak\u00e1r \u00f6mlesztett \u00e1rakat, ak\u00e1r haszn\u00e1lati tippeket keres, mi seg\u00edt\u00fcnk \u00d6nnek minden b\u00e1lah\u00e1l\u00f3-f\u00f3li\u00e1z\u00e1ssal kapcsolatos k\u00e9rd\u00e9s\u00e9ben.<\/p><div class=\"uagb-ifb-button-wrapper wp-block-button\"><a href=\"https:\/\/xesbalenet.com\/hu\/kapcsolat\/\" class=\"uagb-infobox-cta-link wp-block-button__link\" target=\"_self\" rel=\"noopener noreferrer\" onclick=\"return true;\"><span class=\"uagb-inline-editing\">Besz\u00e9lj\u00fcnk most<\/span><\/a><\/div><\/div><\/div><\/div>\n<\/div><\/div>\n\n<p><\/p>\n","protected":false},"excerpt":{"rendered":"<p>Szolg\u00e1ltat\u00e1saink Er\u0151ss\u00e9g Az XES Extreme B\u00e1lah\u00e1l\u00f3 szabadalmaztatott l\u00e1ncszerkezet\u0171 l\u00e1ncszemek seg\u00edts\u00e9g\u00e9vel maximaliz\u00e1lja a szil\u00e1rds\u00e1got \u00e9s a rugalmass\u00e1got. Szak\u00e9rt\u0151i csapat A XES\u00ae b\u00e1lah\u00e1l\u00f3t a sz\u00e9nab\u00e1l\u00e1khoz szak\u00e9rt\u0151k fejlesztett\u00e9k ki, \u00e9s a mez\u0151gazdas\u00e1gban m\u00e1r 20 \u00e9ve sikeresen haszn\u00e1lj\u00e1k. Min\u0151s\u00e9g A XES\u00ae term\u00e9kcsal\u00e1d megb\u00edzhat\u00f3 \u00e9s m\u00e9g neh\u00e9z k\u00f6r\u00fclm\u00e9nyek k\u00f6z\u00f6tt is k\u00f6nnyen kezelhet\u0151.<\/p>\n","protected":false},"author":1,"featured_media":0,"parent":0,"menu_order":0,"comment_status":"closed","ping_status":"closed","template":"","meta":{"_uag_custom_page_level_css":"","site-sidebar-layout":"no-sidebar","site-content-layout":"page-builder","ast-site-content-layout":"full-width-container","site-content-style":"unboxed","site-sidebar-style":"unboxed","ast-global-header-display":"","ast-banner-title-visibility":"","ast-main-header-display":"","ast-hfb-above-header-display":"","ast-hfb-below-header-display":"","ast-hfb-mobile-header-display":"","site-post-title":"disabled","ast-breadcrumbs-content":"","ast-featured-img":"disabled","footer-sml-layout":"","ast-disable-related-posts":"","theme-transparent-header-meta":"enabled","adv-header-id-meta":"","stick-header-meta":"","header-above-stick-meta":"","header-main-stick-meta":"","header-below-stick-meta":"","astra-migrate-meta-layouts":"default","ast-page-background-enabled":"default","ast-page-background-meta":{"desktop":{"background-color":"var(--ast-global-color-4)","background-image":"","background-repeat":"repeat","background-position":"center center","background-size":"auto","background-attachment":"scroll","background-type":"","background-media":"","overlay-type":"","overlay-color":"","overlay-opacity":"","overlay-gradient":""},"tablet":{"background-color":"","background-image":"","background-repeat":"repeat","background-position":"center center","background-size":"auto","background-attachment":"scroll","background-type":"","background-media":"","overlay-type":"","overlay-color":"","overlay-opacity":"","overlay-gradient":""},"mobile":{"background-color":"","background-image":"","background-repeat":"repeat","background-position":"center center","background-size":"auto","background-attachment":"scroll","background-type":"","background-media":"","overlay-type":"","overlay-color":"","overlay-opacity":"","overlay-gradient":""}},"ast-content-background-meta":{"desktop":{"background-color":"var(--ast-global-color-5)","background-image":"","background-repeat":"repeat","background-position":"center center","background-size":"auto","background-attachment":"scroll","background-type":"","background-media":"","overlay-type":"","overlay-color":"","overlay-opacity":"","overlay-gradient":""},"tablet":{"background-color":"var(--ast-global-color-5)","background-image":"","background-repeat":"repeat","background-position":"center center","background-size":"auto","background-attachment":"scroll","background-type":"","background-media":"","overlay-type":"","overlay-color":"","overlay-opacity":"","overlay-gradient":""},"mobile":{"background-color":"var(--ast-global-color-5)","background-image":"","background-repeat":"repeat","background-position":"center center","background-size":"auto","background-attachment":"scroll","background-type":"","background-media":"","overlay-type":"","overlay-color":"","overlay-opacity":"","overlay-gradient":""}},"_joinchat":[],"footnotes":""},"class_list":["post-3938","page","type-page","status-publish","hentry"],"aioseo_notices":[],"uagb_featured_image_src":{"full":false,"thumbnail":false,"medium":false,"medium_large":false,"large":false,"1536x1536":false,"2048x2048":false},"uagb_author_info":{"display_name":"xesbalenet","author_link":"https:\/\/xesbalenet.com\/hu\/author\/zx9212110726live-com\/"},"uagb_comment_info":0,"uagb_excerpt":"Szolg\u00e1ltat\u00e1saink Er\u0151ss\u00e9g Az XES Extreme B\u00e1lah\u00e1l\u00f3 szabadalmaztatott l\u00e1ncszerkezet\u0171 l\u00e1ncszemek seg\u00edts\u00e9g\u00e9vel maximaliz\u00e1lja a szil\u00e1rds\u00e1got \u00e9s a rugalmass\u00e1got. Szak\u00e9rt\u0151i csapat A XES\u00ae b\u00e1lah\u00e1l\u00f3t a sz\u00e9nab\u00e1l\u00e1khoz szak\u00e9rt\u0151k fejlesztett\u00e9k ki, \u00e9s a mez\u0151gazdas\u00e1gban m\u00e1r 20 \u00e9ve sikeresen haszn\u00e1lj\u00e1k. Min\u0151s\u00e9g A XES\u00ae term\u00e9kcsal\u00e1d megb\u00edzhat\u00f3 \u00e9s m\u00e9g neh\u00e9z k\u00f6r\u00fclm\u00e9nyek k\u00f6z\u00f6tt is k\u00f6nnyen kezelhet\u0151.","_links":{"self":[{"href":"https:\/\/xesbalenet.com\/hu\/wp-json\/wp\/v2\/pages\/3938","targetHints":{"allow":["GET"]}}],"collection":[{"href":"https:\/\/xesbalenet.com\/hu\/wp-json\/wp\/v2\/pages"}],"about":[{"href":"https:\/\/xesbalenet.com\/hu\/wp-json\/wp\/v2\/types\/page"}],"author":[{"embeddable":true,"href":"https:\/\/xesbalenet.com\/hu\/wp-json\/wp\/v2\/users\/1"}],"replies":[{"embeddable":true,"href":"https:\/\/xesbalenet.com\/hu\/wp-json\/wp\/v2\/comments?post=3938"}],"version-history":[{"count":0,"href":"https:\/\/xesbalenet.com\/hu\/wp-json\/wp\/v2\/pages\/3938\/revisions"}],"wp:attachment":[{"href":"https:\/\/xesbalenet.com\/hu\/wp-json\/wp\/v2\/media?parent=3938"}],"curies":[{"name":"wp","href":"https:\/\/api.w.org\/{rel}","templated":true}]}}