{"id":3999,"date":"2025-07-02T08:17:11","date_gmt":"2025-07-02T08:17:11","guid":{"rendered":"https:\/\/xesbalenet.com\/balahalo-wrap-supreme\/"},"modified":"2026-04-30T07:02:24","modified_gmt":"2026-04-30T07:02:24","slug":"balahalo-wrap-supreme","status":"publish","type":"page","link":"https:\/\/xesbalenet.com\/hu\/balahalo-wrap-supreme\/","title":{"rendered":"B\u00e1lah\u00e1l\u00f3 Wrap Supreme"},"content":{"rendered":"\n<div class=\"wp-block-columns is-layout-flex wp-container-core-columns-is-layout-28f84493 wp-block-columns-is-layout-flex\">\n<div class=\"wp-block-column is-layout-flow wp-block-column-is-layout-flow\">\n<figure class=\"wp-block-image aligncenter size-full\"><img decoding=\"async\" width=\"420\" height=\"172\" src=\"https:\/\/xesbalenet.com\/wp-content\/uploads\/2025\/07\/070403.jpg\" alt=\"\" class=\"wp-image-3042\" srcset=\"https:\/\/xesbalenet.com\/wp-content\/uploads\/2025\/07\/070403.jpg 420w, https:\/\/xesbalenet.com\/wp-content\/uploads\/2025\/07\/070403-300x123.jpg 300w\" sizes=\"(max-width: 420px) 100vw, 420px\" \/><\/figure>\n\n\n\n<figure class=\"wp-block-image size-large\"><img decoding=\"async\" width=\"1024\" height=\"768\" src=\"https:\/\/xesbalenet.com\/wp-content\/uploads\/2025\/07\/51-1-1024x768.jpg\" alt=\"\" class=\"wp-image-3044\" srcset=\"https:\/\/xesbalenet.com\/wp-content\/uploads\/2025\/07\/51-1-1024x768.jpg 1024w, https:\/\/xesbalenet.com\/wp-content\/uploads\/2025\/07\/51-1-300x225.jpg 300w, https:\/\/xesbalenet.com\/wp-content\/uploads\/2025\/07\/51-1-768x576.jpg 768w, https:\/\/xesbalenet.com\/wp-content\/uploads\/2025\/07\/51-1-1536x1152.jpg 1536w, https:\/\/xesbalenet.com\/wp-content\/uploads\/2025\/07\/51-1-2048x1536.jpg 2048w\" sizes=\"(max-width: 1024px) 100vw, 1024px\" \/><\/figure>\n\n\n\n<figure class=\"wp-block-image size-large\"><img decoding=\"async\" src=\"https:\/\/xesbalenet.com\/wp-content\/uploads\/2025\/07\/&#x5FAE;&#x4FE1;&#x56FE;&#x7247;_20220713093010-1024x1024.jpg\" alt=\"\" class=\"wp-image-3048\"\/><\/figure>\n<\/div>\n\n\n\n<div class=\"wp-block-column is-layout-flow wp-block-column-is-layout-flow\">\n<h2 class=\"wp-block-heading\">XES\u00ae Supreme B\u00e1lah\u00e1l\u00f3 csomagol\u00f3anyag<\/h2>\n\n\n\n<p><strong>Innovat\u00edv b\u00e1lah\u00e1l\u00f3 szabadalmaztatott technol\u00f3gi\u00e1val.<\/strong><\/p>\n\n\n\n<p>Ez a technol\u00f3gia nem ig\u00e9nyel sz\u00f6v\u00e9st, egy l\u00e1ncfonal h\u00e1rom vet\u00fcl\u00e9kfonalat k\u00f6t \u00f6ssze, a nagy fel\u00fclet \u00e9s a nagy s\u00farl\u00f3d\u00e1s pedig ellen\u00e1ll\u00f3bb\u00e1 teszi a h\u00e1l\u00f3kat a naps\u00fct\u00e9ssel szemben. A h\u00e1l\u00f3 fel\u00fclete sima \u00e9s lapos, \u00e9s kev\u00e9sb\u00e9 val\u00f3sz\u00edn\u0171, hogy megs\u00e9r\u00fcl a csomagol\u00f3g\u00e9pben. Ez egyenletesen osztja el a s\u00falyt az eg\u00e9sz h\u00e1l\u00f3ra, \u00e9s n\u00f6veli a szakad\u00e1s\u00e1ll\u00f3s\u00e1got. Eredm\u00e9ny: 5000 m\u00e9ter helyett 3000 m\u00e9ter azonos s\u00faly \u00e9s g\u00f6rd\u00fcl\u00e9si \u00e1tm\u00e9r\u0151 mellett. A mez\u0151gazdas\u00e1gban az alacsony \u00e1ll\u00e1sid\u0151k r\u00e9v\u00e9n maxim\u00e1lis hat\u00e9konys\u00e1gra optimaliz\u00e1lt.<\/p>\n\n\n\n<p>Nagy, mintegy 300 kg-os szak\u00edt\u00f3szil\u00e1rds\u00e1g\u00e1val olyan ig\u00e9nyes feladatokra is alkalmas, mint p\u00e9ld\u00e1ul a kukorica betakar\u00edt\u00e1sa. A XES\u00ae Supreme b\u00e1lah\u00e1l\u00f3 a k\u00f6vetkez\u0151 tulajdons\u00e1gokkal rendelkezik:<\/p>\n\n\n\n<p>&#8211; Nagy szak\u00edt\u00f3szil\u00e1rds\u00e1g \u00e9s ny\u00fajthat\u00f3s\u00e1g (XES\u00ae Supremeup 300 kg-ig)<\/p>\n\n\n\n<p>&#8211; hib\u00e1tlanul fut minden l\u00e9tez\u0151 g\u00e9pen<\/p>\n\n\n\n<p>&#8211; K\u00f6rnyezetbar\u00e1t HDPE-b\u0151l k\u00e9sz\u00fclt<\/p>\n\n\n\n<p>(Nagy s\u0171r\u0171s\u00e9g\u0171 polietil\u00e9n)<\/p>\n\n\n\n<p>&#8211; Prec\u00edz \u00e9l\u0171 \u00e9s egyenletes tekercsel\u00e9s<\/p>\n\n\n\n<p>&#8211; UV-stabilit\u00e1s 1 \u00e9v K\u00f6z\u00e9p-Eur\u00f3pa eset\u00e9ben<\/p>\n\n\n\n<p>&#8211; DIN EN ISO 9001 szerint tan\u00fas\u00edtott gy\u00e1rt\u00f3<\/p>\n\n\n\n<p>Fedezze fel a szigor\u00fa szabv\u00e1nyokat \u00e9s a kiv\u00e9teles tulajdons\u00e1gokat, amelyek megk\u00fcl\u00f6nb\u00f6ztetik a h\u00e1l\u00f3csomagol\u00e1st <a rel=\"noreferrer noopener\" href=\"https:\/\/pruefberichte.dlg.org\/filestorage\/7439_e.pdf\" target=\"_blank\">a DLG tesztjelent\u00e9s\u00fcnk megtekint\u00e9s\u00e9vel .<\/a><\/p>\n\n\n\n<figure class=\"wp-block-table\"><table class=\"has-fixed-layout\"><tbody><tr><td><\/td><td><strong>XES\u00ae Supreme<\/strong><\/td><\/tr><tr><td>Szak\u00edt\u00f3szil\u00e1rds\u00e1g<\/td><td>270kg<\/td><\/tr><tr><td>Tekercs sz\u00e9less\u00e9ge<\/td><td>1.23m \/ 1.25m<\/td><\/tr><tr><td>Garant\u00e1lt hossz\u00fas\u00e1g<\/td><td>3000m\/4000m<\/td><\/tr><tr><td>S\u00faly<\/td><td>25kg\/32.8kg<\/td><\/tr><tr><td>Anyag<\/td><td>K\u00f6rnyezetbar\u00e1t HDPE<\/td><\/tr><tr><td>UV-ellen\u00e1ll\u00e1s<\/td><td>12 h\u00f3nap<\/td><\/tr><tr><td>Alkalmaz\u00e1sok<\/td><td>Szil\u00e1zs, sz\u00e9na, szalma, kukorica<\/td><\/tr><tr><td>Alkalmaz\u00e1sok<\/td><td>Szil\u00e1zs, sz\u00e9na, szalma, er\u0151s szalma,<br\/>kukorica, cukorr\u00e9pap\u00e9p \u00e9s r\u00e9pap\u00e1lca.<\/td><\/tr><\/tbody><\/table><\/figure>\n<\/div>\n<\/div>\n\n<div class=\"wp-block-aioseo-key-points\"><div class=\"aioseo-key-points-block-content\">\n<ul class=\"wp-block-list\">\n<li><strong>Innovat\u00edv b\u00e1lah\u00e1l\u00f3 technol\u00f3gia:<\/strong> A XES\u00ae Supreme B\u00e1lah\u00e1l\u00f3 szabadalmaztatott, sz\u00f6v\u00e9smentes technol\u00f3gi\u00e1val rendelkezik, amely nagy s\u00farl\u00f3d\u00e1ssal \u00e9s nagy fel\u00fclettel rendelkezik, \u00edgy fokozza a napf\u00e9ny okozta k\u00e1rosod\u00e1ssal szembeni ellen\u00e1ll\u00e1st \u00e9s n\u00f6veli a szak\u00edt\u00f3szil\u00e1rds\u00e1got.<\/li>\n\n\n\n<li><strong>Fokozott hat\u00e9konys\u00e1g \u00e9s tart\u00f3ss\u00e1g:<\/strong> A h\u00e1l\u00f3 azonos s\u00faly mellett ak\u00e1r 5000 m\u00e9ter hossz\u00fas\u00e1got biztos\u00edt, nagy, k\u00f6r\u00fclbel\u00fcl 300 kg szak\u00edt\u00f3szil\u00e1rds\u00e1got k\u00edn\u00e1l, \u00e9s egyenletesen osztja el a s\u00falyt, \u00edgy alkalmas az olyan ig\u00e9nyes mez\u0151gazdas\u00e1gi feladatokra, mint a kukorica betakar\u00edt\u00e1sa.<\/li>\n\n\n\n<li><strong>Sz\u00e9les k\u00f6r\u0171 kompatibilit\u00e1s \u00e9s alkalmaz\u00e1s:<\/strong> Alkalmas k\u00fcl\u00f6nb\u00f6z\u0151 felhaszn\u00e1l\u00e1si c\u00e9lokra, bele\u00e9rtve a szil\u00e1zs, sz\u00e9na, szalma, kukorica, cukorr\u00e9pap\u00e9p \u00e9s p\u00e1lcika felhaszn\u00e1l\u00e1s\u00e1t.<\/li>\n<\/ul>\n<\/div><\/div>\n\n<div data-schema-only=\"false\" class=\"wp-block-aioseo-faq\"><h3 class=\"aioseo-faq-block-question\">Is the XES\u00ae Supreme Bale Net Wrap suitable for different agricultural applications?<\/h3><div class=\"aioseo-faq-block-answer\">\n<p>Igen, k\u00fcl\u00f6nb\u00f6z\u0151 c\u00e9lokra, t\u00f6bbek k\u00f6z\u00f6tt szil\u00e1zsra, sz\u00e9n\u00e1ra, szalm\u00e1ra, kukoric\u00e1ra, cukorr\u00e9pap\u00e9pre \u00e9s p\u00e1lcik\u00e1ra alkalmas, \u00e9s minden bevett csomagol\u00f3g\u00e9pen gond n\u00e9lk\u00fcl haszn\u00e1lhat\u00f3.<\/p>\n<\/div><\/div>\n\n<div data-schema-only=\"false\" class=\"wp-block-aioseo-faq\"><h3 class=\"aioseo-faq-block-question\">How does the innovative technology of XES\u00ae Supreme Bale Net Wrap improve its durability?<\/h3><div class=\"aioseo-faq-block-answer\">\n<p>A szabadalmaztatott sz\u00f6v\u00e9smentes technol\u00f3gia, a nagy fel\u00fcleti s\u00farl\u00f3d\u00e1ssal \u00e9s a nagy \u00e9rintkez\u00e9si fel\u00fclettel kombin\u00e1lva, fokozza a nap\u00e1ll\u00f3s\u00e1got \u00e9s a szak\u00edt\u00f3szil\u00e1rds\u00e1got, \u00edgy a h\u00e1l\u00f3 ellen\u00e1ll az ig\u00e9nyes mez\u0151gazdas\u00e1gi feladatoknak \u00e9s hosszabb \u00e9lettartamot biztos\u00edt.<\/p>\n<\/div><\/div>\n\n<div data-schema-only=\"false\" class=\"wp-block-aioseo-faq\"><h3 class=\"aioseo-faq-block-question\">What are the key features of the XES\u00ae Supreme Bale Net Wrap?<\/h3><div class=\"aioseo-faq-block-answer\">\n<p>A XES\u00ae Supreme B\u00e1lah\u00e1l\u00f3-et szabadalmaztatott, sz\u00f6v\u00e9smentes technol\u00f3gia, nagy s\u00farl\u00f3d\u00e1s, nagy fel\u00fclet, maxim\u00e1lis hat\u00e9konys\u00e1g, nagy, kb. 300 kg-os szak\u00edt\u00f3szil\u00e1rds\u00e1g \u00e9s k\u00f6rnyezetbar\u00e1t HDPE anyag jellemzi. Emellett egy \u00e9vig UV-stabilit\u00e1st biztos\u00edt, \u00e9s kompatibilis az \u00f6sszes bevett csomagol\u00f3g\u00e9ppel. <\/p>\n<\/div><\/div>\n","protected":false},"excerpt":{"rendered":"<p>XES\u00ae Supreme B\u00e1lah\u00e1l\u00f3 csomagol\u00f3anyag Innovat\u00edv b\u00e1lah\u00e1l\u00f3 szabadalmaztatott technol\u00f3gi\u00e1val. Ez a technol\u00f3gia nem ig\u00e9nyel sz\u00f6v\u00e9st, egy l\u00e1ncfonal h\u00e1rom vet\u00fcl\u00e9kfonalat k\u00f6t \u00f6ssze, a nagy fel\u00fclet \u00e9s a nagy s\u00farl\u00f3d\u00e1s pedig ellen\u00e1ll\u00f3bb\u00e1 teszi a h\u00e1l\u00f3kat a naps\u00fct\u00e9ssel szemben. A h\u00e1l\u00f3 fel\u00fclete sima \u00e9s lapos, \u00e9s kev\u00e9sb\u00e9 val\u00f3sz\u00edn\u0171, hogy megs\u00e9r\u00fcl a csomagol\u00f3g\u00e9pben. Ez egyenletesen osztja el a s\u00falyt az [&hellip;]<\/p>\n","protected":false},"author":1,"featured_media":0,"parent":0,"menu_order":0,"comment_status":"closed","ping_status":"closed","template":"","meta":{"_uag_custom_page_level_css":"","site-sidebar-layout":"default","site-content-layout":"","ast-site-content-layout":"default","site-content-style":"default","site-sidebar-style":"default","ast-global-header-display":"","ast-banner-title-visibility":"","ast-main-header-display":"","ast-hfb-above-header-display":"","ast-hfb-below-header-display":"","ast-hfb-mobile-header-display":"","site-post-title":"","ast-breadcrumbs-content":"","ast-featured-img":"","footer-sml-layout":"","ast-disable-related-posts":"","theme-transparent-header-meta":"","adv-header-id-meta":"","stick-header-meta":"","header-above-stick-meta":"","header-main-stick-meta":"","header-below-stick-meta":"","astra-migrate-meta-layouts":"set","ast-page-background-enabled":"default","ast-page-background-meta":{"desktop":{"background-color":"var(--ast-global-color-4)","background-image":"","background-repeat":"repeat","background-position":"center center","background-size":"auto","background-attachment":"scroll","background-type":"","background-media":"","overlay-type":"","overlay-color":"","overlay-opacity":"","overlay-gradient":""},"tablet":{"background-color":"","background-image":"","background-repeat":"repeat","background-position":"center center","background-size":"auto","background-attachment":"scroll","background-type":"","background-media":"","overlay-type":"","overlay-color":"","overlay-opacity":"","overlay-gradient":""},"mobile":{"background-color":"","background-image":"","background-repeat":"repeat","background-position":"center center","background-size":"auto","background-attachment":"scroll","background-type":"","background-media":"","overlay-type":"","overlay-color":"","overlay-opacity":"","overlay-gradient":""}},"ast-content-background-meta":{"desktop":{"background-color":"var(--ast-global-color-5)","background-image":"","background-repeat":"repeat","background-position":"center center","background-size":"auto","background-attachment":"scroll","background-type":"","background-media":"","overlay-type":"","overlay-color":"","overlay-opacity":"","overlay-gradient":""},"tablet":{"background-color":"var(--ast-global-color-5)","background-image":"","background-repeat":"repeat","background-position":"center center","background-size":"auto","background-attachment":"scroll","background-type":"","background-media":"","overlay-type":"","overlay-color":"","overlay-opacity":"","overlay-gradient":""},"mobile":{"background-color":"var(--ast-global-color-5)","background-image":"","background-repeat":"repeat","background-position":"center center","background-size":"auto","background-attachment":"scroll","background-type":"","background-media":"","overlay-type":"","overlay-color":"","overlay-opacity":"","overlay-gradient":""}},"_joinchat":[],"footnotes":""},"class_list":["post-3999","page","type-page","status-publish","hentry"],"aioseo_notices":[],"uagb_featured_image_src":{"full":false,"thumbnail":false,"medium":false,"medium_large":false,"large":false,"1536x1536":false,"2048x2048":false},"uagb_author_info":{"display_name":"xesbalenet","author_link":"https:\/\/xesbalenet.com\/hu\/author\/zx9212110726live-com\/"},"uagb_comment_info":0,"uagb_excerpt":"XES\u00ae Supreme B\u00e1lah\u00e1l\u00f3 csomagol\u00f3anyag Innovat\u00edv b\u00e1lah\u00e1l\u00f3 szabadalmaztatott technol\u00f3gi\u00e1val. Ez a technol\u00f3gia nem ig\u00e9nyel sz\u00f6v\u00e9st, egy l\u00e1ncfonal h\u00e1rom vet\u00fcl\u00e9kfonalat k\u00f6t \u00f6ssze, a nagy fel\u00fclet \u00e9s a nagy s\u00farl\u00f3d\u00e1s pedig ellen\u00e1ll\u00f3bb\u00e1 teszi a h\u00e1l\u00f3kat a naps\u00fct\u00e9ssel szemben. A h\u00e1l\u00f3 fel\u00fclete sima \u00e9s lapos, \u00e9s kev\u00e9sb\u00e9 val\u00f3sz\u00edn\u0171, hogy megs\u00e9r\u00fcl a csomagol\u00f3g\u00e9pben. Ez egyenletesen osztja el a s\u00falyt az&hellip;","_links":{"self":[{"href":"https:\/\/xesbalenet.com\/hu\/wp-json\/wp\/v2\/pages\/3999","targetHints":{"allow":["GET"]}}],"collection":[{"href":"https:\/\/xesbalenet.com\/hu\/wp-json\/wp\/v2\/pages"}],"about":[{"href":"https:\/\/xesbalenet.com\/hu\/wp-json\/wp\/v2\/types\/page"}],"author":[{"embeddable":true,"href":"https:\/\/xesbalenet.com\/hu\/wp-json\/wp\/v2\/users\/1"}],"replies":[{"embeddable":true,"href":"https:\/\/xesbalenet.com\/hu\/wp-json\/wp\/v2\/comments?post=3999"}],"version-history":[{"count":0,"href":"https:\/\/xesbalenet.com\/hu\/wp-json\/wp\/v2\/pages\/3999\/revisions"}],"wp:attachment":[{"href":"https:\/\/xesbalenet.com\/hu\/wp-json\/wp\/v2\/media?parent=3999"}],"curies":[{"name":"wp","href":"https:\/\/api.w.org\/{rel}","templated":true}]}}