{"id":4070,"date":"2025-08-01T06:21:22","date_gmt":"2025-08-01T06:21:22","guid":{"rendered":"https:\/\/xesbalenet.com\/balahalo-wrap-classic\/"},"modified":"2026-04-30T06:41:43","modified_gmt":"2026-04-30T06:41:43","slug":"balahalo-wrap-classic","status":"publish","type":"page","link":"https:\/\/xesbalenet.com\/hu\/balahalo-wrap-classic\/","title":{"rendered":"B\u00e1lah\u00e1l\u00f3 Wrap Classic"},"content":{"rendered":"\n<div class=\"wp-block-columns are-vertically-aligned-top is-layout-flex wp-container-core-columns-is-layout-28f84493 wp-block-columns-is-layout-flex\">\n<div class=\"wp-block-column is-vertically-aligned-top is-layout-flow wp-block-column-is-layout-flow\">\n<figure class=\"wp-block-image size-large\"><img decoding=\"async\" width=\"954\" height=\"1024\" src=\"https:\/\/xesbalenet.com\/wp-content\/uploads\/2025\/08\/B_11639-954x1024.jpg\" alt=\"\" class=\"wp-image-3090\" srcset=\"https:\/\/xesbalenet.com\/wp-content\/uploads\/2025\/08\/B_11639-954x1024.jpg 954w, https:\/\/xesbalenet.com\/wp-content\/uploads\/2025\/08\/B_11639-279x300.jpg 279w, https:\/\/xesbalenet.com\/wp-content\/uploads\/2025\/08\/B_11639-768x825.jpg 768w, https:\/\/xesbalenet.com\/wp-content\/uploads\/2025\/08\/B_11639.jpg 990w\" sizes=\"(max-width: 954px) 100vw, 954px\" \/><\/figure>\n\n\n\n<figure class=\"wp-block-image size-large\"><img decoding=\"async\" width=\"1024\" height=\"683\" src=\"https:\/\/xesbalenet.com\/wp-content\/uploads\/2025\/07\/B_11604-1024x683.jpg\" alt=\"\" class=\"wp-image-3039\" srcset=\"https:\/\/xesbalenet.com\/wp-content\/uploads\/2025\/07\/B_11604-1024x683.jpg 1024w, https:\/\/xesbalenet.com\/wp-content\/uploads\/2025\/07\/B_11604-300x200.jpg 300w, https:\/\/xesbalenet.com\/wp-content\/uploads\/2025\/07\/B_11604-768x512.jpg 768w, https:\/\/xesbalenet.com\/wp-content\/uploads\/2025\/07\/B_11604-1536x1024.jpg 1536w, https:\/\/xesbalenet.com\/wp-content\/uploads\/2025\/07\/B_11604.jpg 2048w\" sizes=\"(max-width: 1024px) 100vw, 1024px\" \/><\/figure>\n<\/div>\n\n\n\n<div class=\"wp-block-column is-vertically-aligned-top is-layout-flow wp-block-column-is-layout-flow\">\n<h2 class=\"wp-block-heading\">XES\u00ae Classic b\u00e1lah\u00e1l\u00f3 csomagol\u00e1sa<\/h2>\n\n\n\n<p>M\u00e1r az alapv\u00e1ltozat is leny\u0171g\u00f6z\u0151 min\u0151s\u00e9get biztos\u00edt a 270 kg-os szak\u00edt\u00f3szil\u00e1rds\u00e1ggal<br\/>. M\u00e1s kiv\u00e1l\u00f3 min\u0151s\u00e9g\u0171 h\u00e1l\u00f3inkhoz hasonl\u00f3an ez a h\u00e1l\u00f3 is<br\/>k\u00f6rnyezetbar\u00e1t HDPE-b\u0151l (nagy s\u0171r\u0171s\u00e9g\u0171 polietil\u00e9n) k\u00e9sz\u00fclt<br\/>\u00e9s legal\u00e1bb egy \u00e9ves UV-stabilit\u00e1st garant\u00e1l K\u00f6z\u00e9p-Eur\u00f3p\u00e1ban.<\/p>\n\n\n\n<p>A XES\u00ae egy vil\u00e1gszerte ismert \u00e9s tapasztalt mez\u0151gazdas\u00e1gi h\u00e1l\u00f3k gy\u00e1rt\u00f3j\u00e1nak eur\u00f3pai forgalmaz\u00f3ja. A XES\u00ae term\u00e9kek t\u00f6bb mint 20 \u00e9ve k\u00f6vetkezetesen kiemelked\u0151 min\u0151s\u00e9get, kiv\u00e1l\u00f3 k\u00f6lts\u00e9ghat\u00e9konys\u00e1got \u00e9s kiv\u00e9teles eredm\u00e9nyeket biztos\u00edtanak a terepen, Eur\u00f3pa-szerte a gazd\u00e1lkod\u00f3k \u00e9s a mez\u0151gazdas\u00e1gi v\u00e1llalkoz\u00f3k b\u00edznak a XES\u00ae term\u00e9kekben.<\/p>\n\n\n\n<h3 class=\"wp-block-heading\">F\u0151 jellemz\u0151k<\/h3>\n\n\n\n<ul class=\"wp-block-list\">\n<li><strong>\ud83d\udcaa Klasszikus er\u0151ss\u00e9g:<\/strong> Speci\u00e1lis k\u00f6t\u00f6tt l\u00e1ncszerkezet\u00fcnk meger\u0151s\u00edtett sz\u00e1lakkal rendk\u00edv\u00fcli szil\u00e1rds\u00e1got biztos\u00edt \u00e9s cs\u00f6kkenti a hullad\u00e9kot.  <\/li>\n\n\n\n<li><strong>\ud83e\udd1d Illeszkedik minden kerek b\u00e1l\u00e1z\u00f3hoz:<\/strong> John Deere, New Holland, Vermeer.<\/li>\n\n\n\n<li><strong>\ud83d\udccf Garant\u00e1lt hossz\u00fas\u00e1g:<\/strong> \u00cdgy biztos\u00edtjuk, hogy mindig pontosan azt kapja, amit \u00edg\u00e9rt\u00fcnk.<\/li>\n\n\n\n<li><strong>\ud83c\udfaf Tiszta jel\u00f6l\u0151k:<\/strong> Az oldals\u00f3 jel\u00f6l\u00e9sek \u00e9s a tekercs v\u00e9g\u00e9t jelz\u0151 vil\u00e1gos piros jelz\u00e9s fokozza a b\u00e1l\u00e1z\u00e1si folyamat hat\u00e9konys\u00e1g\u00e1t.<\/li>\n\n\n\n<li><strong>\u2714\ufe0f Rendezett \u00e9s egyenletes:<\/strong> Tapasztalja meg a kevesebb hullad\u00e9kot \u00e9s a jobb illeszked\u00e9st a pontosan szeg\u00e9lyezett \u00e9s egyenletesen feltekert b\u00e1lah\u00e1l\u00f3val, amelyet \u00fagy tervezt\u00fcnk, hogy cs\u00f6kkentse az \u00e1ll\u00e1sid\u0151t \u00e9s z\u00f6kken\u0151mentesen m\u0171k\u00f6dj\u00f6n a b\u00e1l\u00e1z\u00e1s.<\/li>\n<\/ul>\n\n\n\n<figure class=\"wp-block-table\"><table class=\"has-fixed-layout\"><tbody><tr><td><\/td><td><strong>XES\u00ae Classic<\/strong><\/td><\/tr><tr><td>Tekercs sz\u00e9less\u00e9ge<\/td><td>1.23m \/ 1.25m<\/td><\/tr><tr><td>Garant\u00e1lt hossz\u00fas\u00e1g<\/td><td>2,000m\/3,000m<\/td><\/tr><tr><td>Szak\u00edt\u00f3szil\u00e1rds\u00e1g<\/td><td>270kg<\/td><\/tr><tr><td>S\u00faly<\/td><td>22.8kg\/32.8kg<\/td><\/tr><tr><td>UV-ellen\u00e1ll\u00e1s<\/td><td>minimum 12 h\u00f3nap<\/td><\/tr><tr><td>Oldaljel\u00f6l\u00e9s<\/td><td>S\u00e1rga\/k\u00e9k\/narancss\u00e1rga a bal oldalon<\/td><\/tr><tr><td>Tekercs k\u00fcls\u0151 \u00e1tm\u00e9r\u0151je<\/td><td>20.5cm(+\/-1.0cm)\/22.5cm(+\/- 1,0cm)<\/td><\/tr><tr><td>V\u00e9ge jel\u00f6l\u00e9s<\/td><td>Piros, utols\u00f3 50m<\/td><\/tr><tr><td>Anyag<\/td><td>K\u00f6rnyezetbar\u00e1t HDPE<\/td><\/tr><tr><td>Alkalmaz\u00e1sok<\/td><td>Sz\u00e9na, szalma, szil\u00e1zs<\/td><\/tr><\/tbody><\/table><\/figure>\n<\/div>\n<\/div>\n\n<div class=\"wp-block-aioseo-key-points\"><div class=\"aioseo-key-points-block-content\">\n<ul class=\"wp-block-list\">\n<li><strong>XES\u00ae Classic b\u00e1lah\u00e1l\u00f3 csomagol\u00f3h\u00e1l\u00f3 m\u00e9retei \u00e9s \u00f6sszet\u00e9tele:<\/strong> A k\u00f6rnyezetbar\u00e1t HDPE-b\u0151l k\u00e9sz\u00fclt h\u00e1l\u00f3 szak\u00edt\u00f3szil\u00e1rds\u00e1ga 270 kg, UV-stabilit\u00e1sa K\u00f6z\u00e9p-Eur\u00f3p\u00e1ban legal\u00e1bb egy \u00e9v, tekercsm\u00e9rete pedig 2000-3000 m\u00e9ter.<\/li>\n\n\n\n<li><strong>A XES\u00ae Classic b\u00e1lah\u00e1l\u00f3 kiv\u00e1l\u00f3 min\u0151s\u00e9g\u0171 jellemz\u0151i:<\/strong> A h\u00e1l\u00f3 k\u00f6t\u00f6tt l\u00e1ncszerkezettel rendelkezik a fokozott szil\u00e1rds\u00e1g \u00e9rdek\u00e9ben, egy\u00e9rtelm\u0171 jel\u00f6l\u00e9ssel \u00e9s jelz\u00e9sekkel a hat\u00e9kony b\u00e1l\u00e1z\u00e1s \u00e9rdek\u00e9ben, valamint kiegyens\u00falyozott kialak\u00edt\u00e1ssal a hullad\u00e9k \u00e9s az \u00e1ll\u00e1sid\u0151 cs\u00f6kkent\u00e9se \u00e9rdek\u00e9ben.<\/li>\n\n\n\n<li><strong>Kompatibilit\u00e1s \u00e9s gyakorlati el\u0151ny\u00f6k:<\/strong> John Deere, New Holland \u00e9s Vermeer b\u00e1l\u00e1z\u00f3khoz tervezve, pontos hossz\u00fas\u00e1got, tiszta sz\u00e9leket \u00e9s a mez\u0151gazdas\u00e1gi rutinokba val\u00f3 z\u00f6kken\u0151mentes integr\u00e1ci\u00f3t biztos\u00edt.<\/li>\n\n\n\n<li><strong>A term\u00e9k legfontosabb jellemz\u0151i \u00e9s specifik\u00e1ci\u00f3i:<\/strong> A jellemz\u0151k k\u00f6z\u00e9 tartozik a k\u00fcl\u00f6nb\u00f6z\u0151 tekercssz\u00e9less\u00e9g (1,23 m vagy 1,25 m), a garant\u00e1lt hossz, a s\u00faly, az UV-\u00e1ll\u00f3s\u00e1g id\u0151tartama \u00e9s a j\u00f3l megk\u00fcl\u00f6nb\u00f6ztethet\u0151 oldaljel\u00f6l\u00e9s, \u00edgy sokoldal\u00faan haszn\u00e1lhat\u00f3 sz\u00e9na, szalma \u00e9s szil\u00e1zs eset\u00e9ben.<\/li>\n<\/ul>\n<\/div><\/div>\n\n<div data-schema-only=\"false\" class=\"wp-block-aioseo-faq\"><h3 class=\"aioseo-faq-block-question\">What practical benefits does the XES\u00ae Classic Bale Net Wrap provide during baling?<\/h3><div class=\"aioseo-faq-block-answer\">\n<p>Vil\u00e1gos tekercsv\u00e9g-jelz\u00e9seket, oldals\u00f3 jel\u00f6l\u00e9seket a hat\u00e9konys\u00e1g \u00e9rdek\u00e9ben, tiszta \u00e9s kiegyens\u00falyozott \u00e9leket a hullad\u00e9k minimaliz\u00e1l\u00e1sa \u00e9rdek\u00e9ben, valamint robusztus kialak\u00edt\u00e1st k\u00edn\u00e1l, amely cs\u00f6kkenti az \u00e1ll\u00e1sid\u0151t \u00e9s jav\u00edtja a teljes b\u00e1l\u00e1z\u00e1si folyamatot.<\/p>\n<\/div><\/div>\n\n<div data-schema-only=\"false\" class=\"wp-block-aioseo-faq\"><h3 class=\"aioseo-faq-block-question\">Why is the environmental aspect of XES\u00ae Classic Bale Net Wrap important?<\/h3><div class=\"aioseo-faq-block-answer\">\n<p>A h\u00e1l\u00f3 k\u00f6rnyezetbar\u00e1t HDPE-b\u0151l k\u00e9sz\u00fcl, hangs\u00falyozva a fenntarthat\u00f3s\u00e1got, a k\u00f6rnyezeti hat\u00e1sok cs\u00f6kkent\u00e9s\u00e9t \u00e9s a k\u00f6rnyezettudatos gazd\u00e1lkod\u00e1si gyakorlathoz val\u00f3 igazod\u00e1st.<\/p>\n<\/div><\/div>\n\n<div data-schema-only=\"false\" class=\"wp-block-aioseo-faq\"><h3 class=\"aioseo-faq-block-question\">What are the dimensions and capacity of the XES\u00ae Classic Bale Net Wrap?<\/h3><div class=\"aioseo-faq-block-answer\">\n<p>A h\u00e1l\u00f3s csomagol\u00f3anyag 1,23 m vagy 1,25 m sz\u00e9less\u00e9g\u0171 tekercsben, 2000 m vagy 3000 m garant\u00e1lt hossz\u00fas\u00e1ggal \u00e9s 22,8 kg \u00e9s 32,8 kg k\u00f6z\u00f6tti tekercst\u00f6meggel kaphat\u00f3.<\/p>\n<\/div><\/div>\n\n<div data-schema-only=\"false\" class=\"wp-block-aioseo-faq\"><h3 class=\"aioseo-faq-block-question\">How does the XES\u00ae Classic Bale Net Wrap ensure compatibility with various balers?<\/h3><div class=\"aioseo-faq-block-answer\">\n<p>A h\u00e1l\u00f3csomagol\u00e1s kompatibilis az \u00f6sszes n\u00e9pszer\u0171 k\u00f6rb\u00e1l\u00e1z\u00f3 m\u00e1rk\u00e1val \u00e9s modellel, bele\u00e9rtve a John Deere, a New Holland \u00e9s a Vermeer modelleket is, biztos\u00edtva a z\u00f6kken\u0151mentes illeszked\u00e9st a k\u00fcl\u00f6nb\u00f6z\u0151 berendez\u00e9st\u00edpusokhoz.<\/p>\n<\/div><\/div>\n\n<div data-schema-only=\"false\" class=\"wp-block-aioseo-faq\"><h3 class=\"aioseo-faq-block-question\">What are the main features of XES\u00ae Classic Bale Net Wrap?<\/h3><div class=\"aioseo-faq-block-answer\">\n<p>A XES\u00ae Classic b\u00e1lah\u00e1l\u00f3 270 kg szak\u00edt\u00f3szil\u00e1rds\u00e1g\u00fa, k\u00f6rnyezetbar\u00e1t HDPE-b\u0151l k\u00e9sz\u00fclt, K\u00f6z\u00e9p-Eur\u00f3p\u00e1ban legal\u00e1bb egy\u00e9ves UV-stabilit\u00e1ssal, meger\u0151s\u00edtett k\u00f6t\u00f6tt l\u00e1ncszerkezettel, egy\u00e9rtelm\u0171 oldaljel\u00f6l\u00e9ssel \u00e9s a hullad\u00e9kcs\u00f6kkent\u00e9s \u00e9rdek\u00e9ben pontos, egyenletes tekercsel\u00e9ssel b\u00fcszk\u00e9lkedhet.<\/p>\n<\/div><\/div>\n","protected":false},"excerpt":{"rendered":"<p>XES\u00ae Classic b\u00e1lah\u00e1l\u00f3 csomagol\u00e1sa M\u00e1r az alapv\u00e1ltozat is leny\u0171g\u00f6z\u0151 min\u0151s\u00e9get biztos\u00edt a 270 kg-os szak\u00edt\u00f3szil\u00e1rds\u00e1ggal. M\u00e1s kiv\u00e1l\u00f3 min\u0151s\u00e9g\u0171 h\u00e1l\u00f3inkhoz hasonl\u00f3an ez a h\u00e1l\u00f3 isk\u00f6rnyezetbar\u00e1t HDPE-b\u0151l (nagy s\u0171r\u0171s\u00e9g\u0171 polietil\u00e9n) k\u00e9sz\u00fclt\u00e9s legal\u00e1bb egy \u00e9ves UV-stabilit\u00e1st garant\u00e1l K\u00f6z\u00e9p-Eur\u00f3p\u00e1ban. A XES\u00ae egy vil\u00e1gszerte ismert \u00e9s tapasztalt mez\u0151gazdas\u00e1gi h\u00e1l\u00f3k gy\u00e1rt\u00f3j\u00e1nak eur\u00f3pai forgalmaz\u00f3ja. A XES\u00ae term\u00e9kek t\u00f6bb mint 20 \u00e9ve k\u00f6vetkezetesen [&hellip;]<\/p>\n","protected":false},"author":1,"featured_media":0,"parent":0,"menu_order":0,"comment_status":"closed","ping_status":"closed","template":"","meta":{"_uag_custom_page_level_css":"","site-sidebar-layout":"default","site-content-layout":"","ast-site-content-layout":"default","site-content-style":"default","site-sidebar-style":"default","ast-global-header-display":"","ast-banner-title-visibility":"","ast-main-header-display":"","ast-hfb-above-header-display":"","ast-hfb-below-header-display":"","ast-hfb-mobile-header-display":"","site-post-title":"","ast-breadcrumbs-content":"","ast-featured-img":"","footer-sml-layout":"","ast-disable-related-posts":"","theme-transparent-header-meta":"","adv-header-id-meta":"","stick-header-meta":"","header-above-stick-meta":"","header-main-stick-meta":"","header-below-stick-meta":"","astra-migrate-meta-layouts":"set","ast-page-background-enabled":"default","ast-page-background-meta":{"desktop":{"background-color":"var(--ast-global-color-4)","background-image":"","background-repeat":"repeat","background-position":"center center","background-size":"auto","background-attachment":"scroll","background-type":"","background-media":"","overlay-type":"","overlay-color":"","overlay-opacity":"","overlay-gradient":""},"tablet":{"background-color":"","background-image":"","background-repeat":"repeat","background-position":"center center","background-size":"auto","background-attachment":"scroll","background-type":"","background-media":"","overlay-type":"","overlay-color":"","overlay-opacity":"","overlay-gradient":""},"mobile":{"background-color":"","background-image":"","background-repeat":"repeat","background-position":"center center","background-size":"auto","background-attachment":"scroll","background-type":"","background-media":"","overlay-type":"","overlay-color":"","overlay-opacity":"","overlay-gradient":""}},"ast-content-background-meta":{"desktop":{"background-color":"var(--ast-global-color-5)","background-image":"","background-repeat":"repeat","background-position":"center center","background-size":"auto","background-attachment":"scroll","background-type":"","background-media":"","overlay-type":"","overlay-color":"","overlay-opacity":"","overlay-gradient":""},"tablet":{"background-color":"var(--ast-global-color-5)","background-image":"","background-repeat":"repeat","background-position":"center center","background-size":"auto","background-attachment":"scroll","background-type":"","background-media":"","overlay-type":"","overlay-color":"","overlay-opacity":"","overlay-gradient":""},"mobile":{"background-color":"var(--ast-global-color-5)","background-image":"","background-repeat":"repeat","background-position":"center center","background-size":"auto","background-attachment":"scroll","background-type":"","background-media":"","overlay-type":"","overlay-color":"","overlay-opacity":"","overlay-gradient":""}},"_joinchat":[],"footnotes":""},"class_list":["post-4070","page","type-page","status-publish","hentry"],"aioseo_notices":[],"uagb_featured_image_src":{"full":false,"thumbnail":false,"medium":false,"medium_large":false,"large":false,"1536x1536":false,"2048x2048":false},"uagb_author_info":{"display_name":"xesbalenet","author_link":"https:\/\/xesbalenet.com\/hu\/author\/zx9212110726live-com\/"},"uagb_comment_info":0,"uagb_excerpt":"XES\u00ae Classic b\u00e1lah\u00e1l\u00f3 csomagol\u00e1sa M\u00e1r az alapv\u00e1ltozat is leny\u0171g\u00f6z\u0151 min\u0151s\u00e9get biztos\u00edt a 270 kg-os szak\u00edt\u00f3szil\u00e1rds\u00e1ggal. M\u00e1s kiv\u00e1l\u00f3 min\u0151s\u00e9g\u0171 h\u00e1l\u00f3inkhoz hasonl\u00f3an ez a h\u00e1l\u00f3 isk\u00f6rnyezetbar\u00e1t HDPE-b\u0151l (nagy s\u0171r\u0171s\u00e9g\u0171 polietil\u00e9n) k\u00e9sz\u00fclt\u00e9s legal\u00e1bb egy \u00e9ves UV-stabilit\u00e1st garant\u00e1l K\u00f6z\u00e9p-Eur\u00f3p\u00e1ban. A XES\u00ae egy vil\u00e1gszerte ismert \u00e9s tapasztalt mez\u0151gazdas\u00e1gi h\u00e1l\u00f3k gy\u00e1rt\u00f3j\u00e1nak eur\u00f3pai forgalmaz\u00f3ja. A XES\u00ae term\u00e9kek t\u00f6bb mint 20 \u00e9ve k\u00f6vetkezetesen&hellip;","_links":{"self":[{"href":"https:\/\/xesbalenet.com\/hu\/wp-json\/wp\/v2\/pages\/4070","targetHints":{"allow":["GET"]}}],"collection":[{"href":"https:\/\/xesbalenet.com\/hu\/wp-json\/wp\/v2\/pages"}],"about":[{"href":"https:\/\/xesbalenet.com\/hu\/wp-json\/wp\/v2\/types\/page"}],"author":[{"embeddable":true,"href":"https:\/\/xesbalenet.com\/hu\/wp-json\/wp\/v2\/users\/1"}],"replies":[{"embeddable":true,"href":"https:\/\/xesbalenet.com\/hu\/wp-json\/wp\/v2\/comments?post=4070"}],"version-history":[{"count":0,"href":"https:\/\/xesbalenet.com\/hu\/wp-json\/wp\/v2\/pages\/4070\/revisions"}],"wp:attachment":[{"href":"https:\/\/xesbalenet.com\/hu\/wp-json\/wp\/v2\/media?parent=4070"}],"curies":[{"name":"wp","href":"https:\/\/api.w.org\/{rel}","templated":true}]}}