{"id":3890,"date":"2025-06-25T09:13:24","date_gmt":"2025-06-25T09:13:24","guid":{"rendered":"https:\/\/xesbalenet.com\/o\/"},"modified":"2026-04-30T05:55:40","modified_gmt":"2026-04-30T05:55:40","slug":"o","status":"publish","type":"page","link":"https:\/\/xesbalenet.com\/pl\/o\/","title":{"rendered":"O"},"content":{"rendered":"\n<div class=\"wp-block-uagb-container uagb-block-3ad17e27 alignfull uagb-is-root-container\"><div class=\"uagb-container-inner-blocks-wrap\">\n<div class=\"wp-block-uagb-advanced-heading uagb-block-8a1eebc0\"><h1 class=\"uagb-heading-text\">O nas<\/h1><\/div>\n<\/div><\/div>\n\n<div class=\"wp-block-uagb-container uagb-block-f8ec2bd3 alignfull uagb-is-root-container\"><div class=\"uagb-container-inner-blocks-wrap\">\n<div class=\"wp-block-uagb-advanced-heading uagb-block-e874992d\"><h4 class=\"uagb-heading-text\">XES\u00ae to marka owijek do bel skoncentrowana na zastosowaniach opakowaniowych w rolnictwie.<br\/> <br\/>Changzhou Meshel Netting Co., Ltd. jest podmiotem prawnym odpowiedzialnym za prowadzenie tej strony internetowej, obs\u0142ug\u0119 komunikacji z klientami, przygotowywanie ofert i zarz\u0105dzanie us\u0142ugami zwi\u0105zanymi ze sprzeda\u017c\u0105 marki XES\u00ae.<br\/> <br\/>Dostarczamy produkty do owijania bel siana, s\u0142omy, kiszonki i innych opakowa\u0144 rolniczych. Naszym celem jest oferowanie przejrzystych informacji o produktach, niezawodnej koordynacji dostaw i elastycznej obs\u0142ugi dla dystrybutor\u00f3w, hurtownik\u00f3w i klient\u00f3w z bran\u017cy rolniczej.<br\/> <br\/>W celu zapewnienia przejrzysto\u015bci, Changzhou Meshel Netting Co., Ltd. jest podmiotem gospodarczym odpowiedzialnym za t\u0119 stron\u0119 internetow\u0105 oraz za dzia\u0142ania handlowe skierowane do klient\u00f3w zwi\u0105zane z zapytaniami i zam\u00f3wieniami sk\u0142adanymi za po\u015brednictwem tej strony internetowej. Changzhou Meshel Netting Co., Ltd. dzia\u0142a wy\u0142\u0105cznie jako partner produkcyjny i nie sprzedaje bezpo\u015brednio produkt\u00f3w za po\u015brednictwem tej strony internetowej. <br\/><\/h4><\/div>\n\n\n\n<div class=\"wp-block-uagb-image aligncenter uagb-block-2d710799 wp-block-uagb-image--layout-default wp-block-uagb-image--effect-static wp-block-uagb-image--align-center\"><figure class=\"wp-block-uagb-image__figure\"><img decoding=\"async\" srcset=\"https:\/\/xesbalenet.com\/wp-content\/uploads\/2025\/06\/B_11556-1024x683.jpg ,https:\/\/xesbalenet.com\/wp-content\/uploads\/2025\/06\/B_11556.jpg 780w, https:\/\/xesbalenet.com\/wp-content\/uploads\/2025\/06\/B_11556.jpg 360w\" sizes=\"auto, (max-width: 480px) 150px\" src=\"https:\/\/xesbalenet.com\/wp-content\/uploads\/2025\/06\/B_11556-1024x683.jpg\" alt=\"\" class=\"uag-image-2889\" width=\"1024\" height=\"683\" title=\"_B_11556\" loading=\"lazy\" role=\"img\"><\/figure><\/div>\n\n\n\n<div class=\"wp-block-uagb-container uagb-block-72514f6d\">\n<div class=\"wp-block-uagb-advanced-heading uagb-block-b317ae0b\"><h3 class=\"uagb-heading-text\">Nasza misja<\/h3><p class=\"uagb-desc-text\">Nasz\u0105 misj\u0105 jest dostarczanie niezawodnych rozwi\u0105za\u0144 w zakresie owijania siatk\u0105 do belowania o praktycznych specyfikacjach, sta\u0142ej jako\u015bci i wydajnym wsparciu dla potrzeb pakowania w rolnictwie.<\/p><\/div>\n\n\n\n<div class=\"wp-block-uagb-advanced-heading uagb-block-3b00767d\"><h3 class=\"uagb-heading-text\">Nasze warto\u015bci<\/h3><p class=\"uagb-desc-text\">Cenimy jasno\u015b\u0107, sp\u00f3jno\u015b\u0107 i d\u0142ugoterminow\u0105 wsp\u00f3\u0142prac\u0119 biznesow\u0105. Naszym celem jest jasne przekazywanie informacji o produktach, szybkie odpowiadanie na zapytania i wspieranie klient\u00f3w niezawodn\u0105 obs\u0142ug\u0105. <\/p><\/div>\n<\/div>\n<\/div><\/div>\n\n<div class=\"wp-block-uagb-container uagb-block-61e8ac2a alignfull uagb-is-root-container\"><div class=\"uagb-container-inner-blocks-wrap\">\n<div class=\"wp-block-uagb-image aligncenter uagb-block-052b1f4c wp-block-uagb-image--layout-default wp-block-uagb-image--effect-static wp-block-uagb-image--align-center\"><figure class=\"wp-block-uagb-image__figure\"><img decoding=\"async\" srcset=\"\/wp-content\/uploads\/2021\/11\/quotes.svg ,\/wp-content\/uploads\/2021\/11\/quotes.svg 780w, \/wp-content\/uploads\/2021\/11\/quotes.svg 360w\" sizes=\"auto, (max-width: 480px) 150px\" src=\"\/wp-content\/uploads\/2021\/11\/quotes.svg\" alt=\"\" class=\"uag-image-117\" width=\"37\" height=\"38\" title=\"cytaty\" loading=\"lazy\" role=\"img\"><\/figure><\/div>\n\n\n\n<div class=\"wp-block-uagb-info-box uagb-block-54aaf525 uagb-infobox__content-wrap  uagb-infobox-icon-below-title uagb-infobox-image-valign-top\"><div class=\"uagb-ifb-content\"><div class=\"uagb-ifb-title-wrap\"><h4 class=\"uagb-ifb-title\">Co oferujemy<\/h4><\/div><p class=\"uagb-ifb-desc\">Wspieramy klient\u00f3w w zakresie:<br\/> <br\/>&#8211; Informacji o produkcie<br\/> &#8211; Potwierdzenia specyfikacji<br\/>&#8211; Obs\u0142ugi ofert<br\/>&#8211; Komunikacji zwi\u0105zanej z zam\u00f3wieniami<br\/>&#8211; Og\u00f3lnych zapyta\u0144 biznesowych<br\/> <br\/> <br\/>Informacje biznesowe<br\/> <br\/>Podmiot prawny: Changzhou Meshel Netting Co., Ltd.<br\/>Operator strony internetowej: Changzhou Meshel Netting Co., Ltd.<br\/>Marka: XES\u00ae<br\/>Adres firmy: No.236 East Jinsheng Road, Changzhou, Chiny<br\/>Email: sw@xesbalenet.com<br\/>Phone \/ WhatsApp: +8613616102703<br\/> <br\/> <br\/>Je\u015bli potrzebujesz specyfikacji produktu, informacji o cenach lub pomocy zwi\u0105zanej z zam\u00f3wieniem, skontaktuj si\u0119 bezpo\u015brednio z naszym zespo\u0142em za po\u015brednictwem strony kontaktowej. <\/p><\/div><\/div>\n<\/div><\/div>\n","protected":false},"excerpt":{"rendered":"<p>O nas XES\u00ae to marka owijek do bel skoncentrowana na zastosowaniach opakowaniowych w rolnictwie. Changzhou Meshel Netting Co., Ltd. jest podmiotem prawnym odpowiedzialnym za prowadzenie tej strony internetowej, obs\u0142ug\u0119 komunikacji z klientami, przygotowywanie ofert i zarz\u0105dzanie us\u0142ugami zwi\u0105zanymi ze sprzeda\u017c\u0105 marki XES\u00ae. Dostarczamy produkty do owijania bel siana, s\u0142omy, kiszonki i innych opakowa\u0144 rolniczych. Naszym [&hellip;]<\/p>\n","protected":false},"author":1,"featured_media":0,"parent":0,"menu_order":0,"comment_status":"closed","ping_status":"closed","template":"","meta":{"_uag_custom_page_level_css":"","site-sidebar-layout":"no-sidebar","site-content-layout":"page-builder","ast-site-content-layout":"full-width-container","site-content-style":"unboxed","site-sidebar-style":"default","ast-global-header-display":"","ast-banner-title-visibility":"","ast-main-header-display":"","ast-hfb-above-header-display":"","ast-hfb-below-header-display":"","ast-hfb-mobile-header-display":"","site-post-title":"disabled","ast-breadcrumbs-content":"","ast-featured-img":"disabled","footer-sml-layout":"","ast-disable-related-posts":"","theme-transparent-header-meta":"enabled","adv-header-id-meta":"","stick-header-meta":"","header-above-stick-meta":"","header-main-stick-meta":"","header-below-stick-meta":"","astra-migrate-meta-layouts":"default","ast-page-background-enabled":"default","ast-page-background-meta":{"desktop":{"background-color":"var(--ast-global-color-4)","background-image":"","background-repeat":"repeat","background-position":"center center","background-size":"auto","background-attachment":"scroll","background-type":"","background-media":"","overlay-type":"","overlay-color":"","overlay-opacity":"","overlay-gradient":""},"tablet":{"background-color":"","background-image":"","background-repeat":"repeat","background-position":"center center","background-size":"auto","background-attachment":"scroll","background-type":"","background-media":"","overlay-type":"","overlay-color":"","overlay-opacity":"","overlay-gradient":""},"mobile":{"background-color":"","background-image":"","background-repeat":"repeat","background-position":"center center","background-size":"auto","background-attachment":"scroll","background-type":"","background-media":"","overlay-type":"","overlay-color":"","overlay-opacity":"","overlay-gradient":""}},"ast-content-background-meta":{"desktop":{"background-color":"var(--ast-global-color-5)","background-image":"","background-repeat":"repeat","background-position":"center center","background-size":"auto","background-attachment":"scroll","background-type":"","background-media":"","overlay-type":"","overlay-color":"","overlay-opacity":"","overlay-gradient":""},"tablet":{"background-color":"var(--ast-global-color-5)","background-image":"","background-repeat":"repeat","background-position":"center center","background-size":"auto","background-attachment":"scroll","background-type":"","background-media":"","overlay-type":"","overlay-color":"","overlay-opacity":"","overlay-gradient":""},"mobile":{"background-color":"var(--ast-global-color-5)","background-image":"","background-repeat":"repeat","background-position":"center center","background-size":"auto","background-attachment":"scroll","background-type":"","background-media":"","overlay-type":"","overlay-color":"","overlay-opacity":"","overlay-gradient":""}},"_joinchat":[],"footnotes":""},"class_list":["post-3890","page","type-page","status-publish","hentry"],"aioseo_notices":[],"uagb_featured_image_src":{"full":false,"thumbnail":false,"medium":false,"medium_large":false,"large":false,"1536x1536":false,"2048x2048":false},"uagb_author_info":{"display_name":"xesbalenet","author_link":"https:\/\/xesbalenet.com\/pl\/author\/zx9212110726live-com\/"},"uagb_comment_info":0,"uagb_excerpt":"O nas XES\u00ae to marka owijek do bel skoncentrowana na zastosowaniach opakowaniowych w rolnictwie. Changzhou Meshel Netting Co., Ltd. jest podmiotem prawnym odpowiedzialnym za prowadzenie tej strony internetowej, obs\u0142ug\u0119 komunikacji z klientami, przygotowywanie ofert i zarz\u0105dzanie us\u0142ugami zwi\u0105zanymi ze sprzeda\u017c\u0105 marki XES\u00ae. Dostarczamy produkty do owijania bel siana, s\u0142omy, kiszonki i innych opakowa\u0144 rolniczych. Naszym&hellip;","_links":{"self":[{"href":"https:\/\/xesbalenet.com\/pl\/wp-json\/wp\/v2\/pages\/3890","targetHints":{"allow":["GET"]}}],"collection":[{"href":"https:\/\/xesbalenet.com\/pl\/wp-json\/wp\/v2\/pages"}],"about":[{"href":"https:\/\/xesbalenet.com\/pl\/wp-json\/wp\/v2\/types\/page"}],"author":[{"embeddable":true,"href":"https:\/\/xesbalenet.com\/pl\/wp-json\/wp\/v2\/users\/1"}],"replies":[{"embeddable":true,"href":"https:\/\/xesbalenet.com\/pl\/wp-json\/wp\/v2\/comments?post=3890"}],"version-history":[{"count":0,"href":"https:\/\/xesbalenet.com\/pl\/wp-json\/wp\/v2\/pages\/3890\/revisions"}],"wp:attachment":[{"href":"https:\/\/xesbalenet.com\/pl\/wp-json\/wp\/v2\/media?parent=3890"}],"curies":[{"name":"wp","href":"https:\/\/api.w.org\/{rel}","templated":true}]}}