{"id":3929,"date":"2025-06-25T09:13:24","date_gmt":"2025-06-25T09:13:24","guid":{"rendered":"https:\/\/xesbalenet.com\/strona-glowna\/"},"modified":"2026-04-30T05:55:47","modified_gmt":"2026-04-30T05:55:47","slug":"home-pl","status":"publish","type":"page","link":"https:\/\/xesbalenet.com\/pl\/","title":{"rendered":"Strona g\u0142\u00f3wna"},"content":{"rendered":"\n<div class=\"wp-block-uagb-container uagb-block-494c42c4 alignfull uagb-is-root-container\"><div class=\"uagb-container-inner-blocks-wrap\">\n<div class=\"wp-block-uagb-info-box uagb-block-cd2517a4 uagb-infobox__content-wrap  uagb-infobox-icon-above-title uagb-infobox-image-valign-top wp-block-uagb-info-box--has-margin\"><div class=\"uagb-infobox-margin-wrapper\"><div class=\"uagb-ifb-content\"><div class=\"uagb-ifb-title-wrap\"><h1 class=\"uagb-ifb-title-prefix\">SIATKA XES\u00ae DO BELOWANIA<\/h1><\/div><p class=\"uagb-ifb-desc\">EKSTREMALNE | EKONOMICZNE | ZR\u00d3WNOWA\u017bONE<\/p><div class=\"uagb-ifb-button-wrapper wp-block-button\"><a href=\"https:\/\/xesbalenet.com\/pl\/kontakt\/\" class=\"uagb-infobox-cta-link wp-block-button__link\" target=\"_self\" rel=\"noopener noreferrer\" onclick=\"return true;\"><span class=\"uagb-inline-editing\">Rozpocznij<\/span><\/a><\/div><\/div><\/div><\/div>\n<\/div><\/div>\n\n<div class=\"wp-block-uagb-container uagb-block-5fcee4f8 alignfull uagb-is-root-container\"><div class=\"uagb-container-inner-blocks-wrap\">\n<div class=\"wp-block-uagb-advanced-heading uagb-block-2b5f3149\"><h2 class=\"uagb-heading-text\">Nasze us\u0142ugi<\/h2><div class=\"uagb-separator\"><\/div><\/div>\n\n\n\n<div class=\"wp-block-uagb-container uagb-block-4a8e1942\">\n<div class=\"wp-block-uagb-container uagb-block-c988f562\">\n<div class=\"wp-block-uagb-image alignleft uagb-block-a35d235b wp-block-uagb-image--layout-default wp-block-uagb-image--effect-static wp-block-uagb-image--align-left\"><figure class=\"wp-block-uagb-image__figure\"><img decoding=\"async\" srcset=\"https:\/\/xesbalenet.com\/wp-content\/uploads\/2025\/06\/B_11604-1024x683.jpg ,https:\/\/xesbalenet.com\/wp-content\/uploads\/2025\/06\/B_11604.jpg 780w, https:\/\/xesbalenet.com\/wp-content\/uploads\/2025\/06\/B_11604.jpg 360w\" sizes=\"(max-width: 480px) 150px\" src=\"https:\/\/xesbalenet.com\/wp-content\/uploads\/2025\/06\/B_11604-1024x683.jpg\" alt=\"prasy do belowania\" class=\"uag-image-2705\" width=\"373\" height=\"464\" title=\"_B_11604\" role=\"img\"><\/figure><\/div>\n\n\n\n<div class=\"wp-block-uagb-advanced-heading uagb-block-b07219d5\"><h3 class=\"uagb-heading-text\">Si\u0142a<\/h3><p class=\"uagb-desc-text\"><strong>Siatka do belowania XES Extreme Siatka do belowania <\/strong>maksymalizuje wytrzyma\u0142o\u015b\u0107 i spr\u0119\u017cysto\u015b\u0107 dzi\u0119ki opatentowanej strukturze \u0142a\u0144cucha osnowowego.<\/p><\/div>\n<\/div>\n\n\n\n<div class=\"wp-block-uagb-container uagb-block-0ad6ff4e\">\n<div class=\"wp-block-uagb-image alignleft uagb-block-930d8e85 wp-block-uagb-image--layout-default wp-block-uagb-image--effect-static wp-block-uagb-image--align-left\"><figure class=\"wp-block-uagb-image__figure\"><img decoding=\"async\" srcset=\"https:\/\/xesbalenet.com\/wp-content\/uploads\/2025\/06\/2-1024x683.jpg ,https:\/\/xesbalenet.com\/wp-content\/uploads\/2025\/06\/2.jpg 780w, https:\/\/xesbalenet.com\/wp-content\/uploads\/2025\/06\/2.jpg 360w\" sizes=\"auto, (max-width: 480px) 150px\" src=\"https:\/\/xesbalenet.com\/wp-content\/uploads\/2025\/06\/2-1024x683.jpg\" alt=\"pole bel\" class=\"uag-image-2706\" width=\"373\" height=\"464\" title=\"2\" loading=\"lazy\" role=\"img\"><\/figure><\/div>\n\n\n\n<div class=\"wp-block-uagb-advanced-heading uagb-block-3974de5a\"><h3 class=\"uagb-heading-text\">Zesp\u00f3\u0142 ekspert\u00f3w<\/h3><p class=\"uagb-desc-text\">Siatki <strong>XES\u00ae<\/strong> do belowania siana zosta\u0142y opracowane przez ekspert\u00f3w i s\u0105 z powodzeniem stosowane w rolnictwie od 20 lat.<\/p><\/div>\n<\/div>\n\n\n\n<div class=\"wp-block-uagb-container uagb-block-48a31e6a\">\n<div class=\"wp-block-uagb-image alignleft uagb-block-2675d6b0 wp-block-uagb-image--layout-default wp-block-uagb-image--effect-static wp-block-uagb-image--align-left\"><figure class=\"wp-block-uagb-image__figure\"><img decoding=\"async\" srcset=\"https:\/\/xesbalenet.com\/wp-content\/uploads\/2025\/06\/gd2acfe125d284d6aa8677450b4f1d0296f0564874c1cbfba6c03eede87d91d02a600108ca6d69685dc2893710761ea40c45554b6047e5f9444326fca9b6b2dff_1280-3521063-1024x682.jpg ,https:\/\/xesbalenet.com\/wp-content\/uploads\/2025\/06\/gd2acfe125d284d6aa8677450b4f1d0296f0564874c1cbfba6c03eede87d91d02a600108ca6d69685dc2893710761ea40c45554b6047e5f9444326fca9b6b2dff_1280-3521063.jpg 780w, https:\/\/xesbalenet.com\/wp-content\/uploads\/2025\/06\/gd2acfe125d284d6aa8677450b4f1d0296f0564874c1cbfba6c03eede87d91d02a600108ca6d69685dc2893710761ea40c45554b6047e5f9444326fca9b6b2dff_1280-3521063.jpg 360w\" sizes=\"auto, (max-width: 480px) 150px\" src=\"https:\/\/xesbalenet.com\/wp-content\/uploads\/2025\/06\/gd2acfe125d284d6aa8677450b4f1d0296f0564874c1cbfba6c03eede87d91d02a600108ca6d69685dc2893710761ea40c45554b6047e5f9444326fca9b6b2dff_1280-3521063-1024x682.jpg\" alt=\"pole, bela siana, zach\u00f3d s\u0142o\u0144ca, pole pszenicy, natura, rolnictwo, czas zbior\u00f3w\" class=\"uag-image-2964\" width=\"373\" height=\"464\" title=\"gd2acfe125d284d6aa8677450b4f1d0296f0564874c1cbfba6c03eede87d91d02a600108ca6d69685dc2893710761ea40c45554b6047e5f9444326fca9b6b2dff_1280-3521063\" loading=\"lazy\" role=\"img\"><\/figure><\/div>\n\n\n\n<div class=\"wp-block-uagb-advanced-heading uagb-block-8f982c10\"><h3 class=\"uagb-heading-text\">Jako\u015b\u0107<\/h3><p class=\"uagb-desc-text\">Gama produkt\u00f3w <strong>XES\u00ae<\/strong> jest niezawodna i zapewnia \u0142atw\u0105 obs\u0142ug\u0119 nawet w trudnych warunkach.  <\/p><\/div>\n<\/div>\n<\/div>\n<\/div><\/div>\n\n<figure class=\"wp-block-embed is-type-video is-provider-youtube wp-block-embed-youtube wp-embed-aspect-16-9 wp-has-aspect-ratio\"><div class=\"wp-block-embed__wrapper\">\n<iframe title=\"XES Netting 2023 Campaign\" width=\"500\" height=\"281\" src=\"https:\/\/www.youtube.com\/embed\/D6ppO5Ni6SA?feature=oembed\" frameborder=\"0\" allow=\"accelerometer; autoplay; clipboard-write; encrypted-media; gyroscope; picture-in-picture; web-share\" referrerpolicy=\"strict-origin-when-cross-origin\" allowfullscreen><\/iframe>\n<\/div><\/figure>\n\n<div class=\"wp-block-uagb-container uagb-block-fb32e4bf alignfull uagb-is-root-container\"><div class=\"uagb-container-inner-blocks-wrap\">\n<div class=\"wp-block-uagb-image aligncenter uagb-block-052b1f4c wp-block-uagb-image--layout-default wp-block-uagb-image--effect-static wp-block-uagb-image--align-center\"><figure class=\"wp-block-uagb-image__figure\"><img decoding=\"async\" srcset=\"\/wp-content\/uploads\/2021\/11\/quotes.svg ,\/wp-content\/uploads\/2021\/11\/quotes.svg 780w, \/wp-content\/uploads\/2021\/11\/quotes.svg 360w\" sizes=\"auto, (max-width: 480px) 150px\" src=\"\/wp-content\/uploads\/2021\/11\/quotes.svg\" alt=\"\" class=\"uag-image-117\" width=\"37\" height=\"38\" title=\"cytaty\" loading=\"lazy\" role=\"img\"><\/figure><\/div>\n\n\n\n<div class=\"wp-block-uagb-info-box uagb-block-54aaf525 uagb-infobox__content-wrap  uagb-infobox-icon-below-title uagb-infobox-image-valign-top\"><div class=\"uagb-ifb-content\"><div class=\"uagb-ifb-title-wrap\"><h4 class=\"uagb-ifb-title\">XES\u00ae oferuje najwy\u017cszej jako\u015bci siatki do bel okr\u0105g\u0142ych. Ponad 20 lat do\u015bwiadczenia w dostarczaniu wysokiej jako\u015bci, op\u0142acalnych i trwa\u0142ych rozwi\u0105za\u0144 siatkowych w Europie. <\/h4><\/div><\/div><\/div>\n<\/div><\/div>\n\n<div class=\"wp-block-cover alignfull is-light\"><span aria-hidden=\"true\" class=\"wp-block-cover__background has-background-dim-100 has-background-dim\" style=\"background-color:#ffffff\"><\/span><div class=\"wp-block-cover__inner-container is-layout-constrained wp-block-cover-is-layout-constrained\">\n<div class=\"wp-block-media-text alignwide is-stacked-on-mobile is-vertically-aligned-center\" style=\"margin-top:0;margin-bottom:0;padding-top:0;padding-bottom:0;grid-template-columns:39% auto\"><figure class=\"wp-block-media-text__media\"><img decoding=\"async\" width=\"1024\" height=\"683\" src=\"https:\/\/xesbalenet.com\/wp-content\/uploads\/2025\/06\/B_11575-1024x683.jpg\" alt=\"Siatka do belowania xes\" class=\"wp-image-2712 size-full\" srcset=\"https:\/\/xesbalenet.com\/wp-content\/uploads\/2025\/06\/B_11575-1024x683.jpg 1024w, https:\/\/xesbalenet.com\/wp-content\/uploads\/2025\/06\/B_11575-300x200.jpg 300w, https:\/\/xesbalenet.com\/wp-content\/uploads\/2025\/06\/B_11575-768x512.jpg 768w, https:\/\/xesbalenet.com\/wp-content\/uploads\/2025\/06\/B_11575-1536x1024.jpg 1536w, https:\/\/xesbalenet.com\/wp-content\/uploads\/2025\/06\/B_11575.jpg 2048w\" sizes=\"(max-width: 1024px) 100vw, 1024px\" \/><\/figure><div class=\"wp-block-media-text__content\">\n<h5 class=\"wp-block-heading has-ast-global-color-2-color has-text-color\" style=\"font-size:32px\">Dlaczego warto wybra\u0107 XES<\/h5>\n\n\n\n<p class=\"has-ast-global-color-2-color has-text-color\" style=\"font-size:17px\">Niezawodna wydajno\u015b\u0107 Nasze produkty do owijania bel siatk\u0105 zosta\u0142y zaprojektowane z my\u015bl\u0105 o stabilnym owijaniu i niezawodnym u\u017cytkowaniu w wymagaj\u0105cych warunkach rolniczych.<\/p>\n\n\n\n<p class=\"has-ast-global-color-2-color has-text-color\" style=\"font-size:17px\">Koncentrujemy si\u0119 na jasnych specyfikacjach produkt\u00f3w i sta\u0142ej jako\u015bci, aby pom\u00f3c klientom wybra\u0107 odpowiednie produkty do ich potrzeb w zakresie belowania i pakowania.<\/p>\n\n\n\n<p class=\"has-ast-global-color-2-color has-text-color\" style=\"font-size:17px\">Responsywna obs\u0142uga Wspieramy dystrybutor\u00f3w, hurtownik\u00f3w i nabywc\u00f3w rolnych, udzielaj\u0105c informacji o produktach, wsparcia w zakresie wyceny i terminowej komunikacji.<br\/> <\/p>\n\n\n\n<div class=\"wp-block-buttons is-layout-flex wp-block-buttons-is-layout-flex\"><\/div>\n<\/div><\/div>\n<\/div><\/div>\n\n<div class=\"wp-block-uagb-container uagb-layout-grid uagb-block-0186287e alignfull uagb-is-root-container\"><div class=\"uagb-container-inner-blocks-wrap\">\n<div class=\"wp-block-uagb-info-box uagb-block-03550eeb uagb-infobox__content-wrap  uagb-infobox-icon-above-title uagb-infobox-image-valign-top wp-block-uagb-info-box--has-margin\"><div class=\"uagb-infobox-margin-wrapper\"><div class=\"uagb-ifb-content\"><div class=\"uagb-ifb-title-wrap\"><span class=\"uagb-ifb-title-prefix\">O XES\u00ae<\/span><h4 class=\"uagb-ifb-title\">XES\u00ae to marka owijek do bel skoncentrowana na zastosowaniach opakowaniowych w rolnictwie.<\/h4><\/div><p class=\"uagb-ifb-desc\">Niniejsza strona internetowa jest obs\u0142ugiwana przez Changzhou Meshel Netting Co., Ltd., podmiot prawny odpowiedzialny za obs\u0142ug\u0119 strony internetowej, komunikacj\u0119 z klientami, wyceny i us\u0142ugi zwi\u0105zane ze sprzeda\u017c\u0105 zwi\u0105zane z mark\u0105 XES\u00ae. Dostarczamy produkty do belowania siatk\u0105 do u\u017cytku rolniczego i pracujemy nad utrzymaniem stabilnej jako\u015bci produkt\u00f3w, jasnych specyfikacji i niezawodnej obs\u0142ugi klienta.   <\/p><div class=\"uagb-ifb-button-wrapper wp-block-button\"><a href=\"https:\/\/xesbalenet.com\/pl\/kontakt\/\" class=\"uagb-infobox-cta-link ast-outline-button\" target=\"_self\" rel=\"noopener noreferrer\" style=\"border-width:revert-layer\" onclick=\"return true;\"><span class=\"uagb-inline-editing\">Dowiedz si\u0119 wi\u0119cej<\/span><\/a><\/div><\/div><\/div><\/div>\n\n\n\n<div class=\"wp-block-uagb-image alignright uagb-block-37933192 wp-block-uagb-image--layout-default wp-block-uagb-image--effect-static wp-block-uagb-image--align-right\"><figure class=\"wp-block-uagb-image__figure\"><img decoding=\"async\" srcset=\"https:\/\/xesbalenet.com\/wp-content\/uploads\/2025\/06\/06302.jpg ,https:\/\/xesbalenet.com\/wp-content\/uploads\/2025\/06\/06302.jpg 780w, https:\/\/xesbalenet.com\/wp-content\/uploads\/2025\/06\/06302.jpg 360w\" sizes=\"auto, (max-width: 480px) 150px\" src=\"https:\/\/xesbalenet.com\/wp-content\/uploads\/2025\/06\/06302.jpg\" alt=\"xes siatka do bel z pracownikami\" class=\"uag-image-2961\" width=\"470\" height=\"570\" title=\"06302\" loading=\"lazy\" role=\"img\"><\/figure><\/div>\n<\/div><\/div>\n<ul class=\"wp-block-latest-posts__list is-grid columns-3 has-dates has-author aligncenter wp-block-latest-posts\"><li><div class=\"wp-block-latest-posts__featured-image alignleft\"><img decoding=\"async\" width=\"300\" height=\"225\" src=\"https:\/\/xesbalenet.com\/wp-content\/uploads\/2025\/09\/hbnet1-13-300x225.jpg\" class=\"attachment-medium size-medium wp-post-image\" alt=\"Siatka do belowania\" style=\"max-width:225px;max-height:225px;\" srcset=\"https:\/\/xesbalenet.com\/wp-content\/uploads\/2025\/09\/hbnet1-13-300x225.jpg 300w, https:\/\/xesbalenet.com\/wp-content\/uploads\/2025\/09\/hbnet1-13.jpg 600w\" sizes=\"(max-width: 300px) 100vw, 300px\" \/><\/div><a class=\"wp-block-latest-posts__post-title\" href=\"https:\/\/xesbalenet.com\/pl\/jak-xes-supreme-net-rewolucjonizuje-rynek-siatek-do-belowania\/\">Jak XES\u00ae Supreme Net rewolucjonizuje rynek siatek do belowania<\/a><div class=\"wp-block-latest-posts__post-author\">przez xesbalenet<\/div><time datetime=\"2026-04-10T07:54:50+00:00\" class=\"wp-block-latest-posts__post-date\">10 kwietnia, 2026<\/time><\/li>\n<li><div class=\"wp-block-latest-posts__featured-image alignleft\"><img decoding=\"async\" width=\"300\" height=\"300\" src=\"https:\/\/xesbalenet.com\/wp-content\/uploads\/2025\/12\/image-7-5-300x300.jpg\" class=\"attachment-medium size-medium wp-post-image\" alt=\"\" style=\"max-width:225px;max-height:225px;\" srcset=\"https:\/\/xesbalenet.com\/wp-content\/uploads\/2025\/12\/image-7-5-300x300.jpg 300w, https:\/\/xesbalenet.com\/wp-content\/uploads\/2025\/12\/image-7-5-150x150.jpg 150w, https:\/\/xesbalenet.com\/wp-content\/uploads\/2025\/12\/image-7-5-768x768.jpg 768w, https:\/\/xesbalenet.com\/wp-content\/uploads\/2025\/12\/image-7-5.jpg 1024w\" sizes=\"(max-width: 300px) 100vw, 300px\" \/><\/div><a class=\"wp-block-latest-posts__post-title\" href=\"https:\/\/xesbalenet.com\/pl\/do-czego-sluza-bele-siana\/\">Do czego s\u0142u\u017c\u0105 bele siana?<\/a><div class=\"wp-block-latest-posts__post-author\">przez xesbalenet<\/div><time datetime=\"2025-12-22T06:34:12+00:00\" class=\"wp-block-latest-posts__post-date\">22 grudnia, 2025<\/time><\/li>\n<\/ul>\n<div class=\"wp-block-uagb-container uagb-block-05a4a518 alignfull uagb-is-root-container\"><div class=\"uagb-container-inner-blocks-wrap\">\n<div class=\"wp-block-uagb-info-box uagb-block-9a97965e uagb-infobox__content-wrap  uagb-infobox-icon-above-title uagb-infobox-image-valign-top wp-block-uagb-info-box--has-margin\"><div class=\"uagb-infobox-margin-wrapper\"><div class=\"uagb-ifb-content\"><div class=\"uagb-ifb-title-wrap\"><h4 class=\"uagb-ifb-title\">PYTANIA?<\/h4><\/div><p class=\"uagb-ifb-desc\">Niezale\u017cnie od tego, czy szukasz specyfikacji produktu, cen hurtowych czy wskaz\u00f3wek dotycz\u0105cych u\u017cytkowania, jeste\u015bmy tutaj, aby pom\u00f3c we wszystkich kwestiach zwi\u0105zanych z owijaniem siatk\u0105 do belowania.<\/p><div class=\"uagb-ifb-button-wrapper wp-block-button\"><a href=\"https:\/\/xesbalenet.com\/pl\/kontakt\/\" class=\"uagb-infobox-cta-link wp-block-button__link\" target=\"_self\" rel=\"noopener noreferrer\" onclick=\"return true;\"><span class=\"uagb-inline-editing\">Porozmawiajmy teraz<\/span><\/a><\/div><\/div><\/div><\/div>\n<\/div><\/div>\n\n<p><\/p>\n","protected":false},"excerpt":{"rendered":"<p>Nasze us\u0142ugi Si\u0142a Siatka do belowania XES Extreme Siatka do belowania maksymalizuje wytrzyma\u0142o\u015b\u0107 i spr\u0119\u017cysto\u015b\u0107 dzi\u0119ki opatentowanej strukturze \u0142a\u0144cucha osnowowego. Zesp\u00f3\u0142 ekspert\u00f3w Siatki XES\u00ae do belowania siana zosta\u0142y opracowane przez ekspert\u00f3w i s\u0105 z powodzeniem stosowane w rolnictwie od 20 lat. Jako\u015b\u0107 Gama produkt\u00f3w XES\u00ae jest niezawodna i zapewnia \u0142atw\u0105 obs\u0142ug\u0119 nawet w trudnych warunkach.<\/p>\n","protected":false},"author":1,"featured_media":0,"parent":0,"menu_order":0,"comment_status":"closed","ping_status":"closed","template":"","meta":{"_uag_custom_page_level_css":"","site-sidebar-layout":"no-sidebar","site-content-layout":"page-builder","ast-site-content-layout":"full-width-container","site-content-style":"unboxed","site-sidebar-style":"unboxed","ast-global-header-display":"","ast-banner-title-visibility":"","ast-main-header-display":"","ast-hfb-above-header-display":"","ast-hfb-below-header-display":"","ast-hfb-mobile-header-display":"","site-post-title":"disabled","ast-breadcrumbs-content":"","ast-featured-img":"disabled","footer-sml-layout":"","ast-disable-related-posts":"","theme-transparent-header-meta":"enabled","adv-header-id-meta":"","stick-header-meta":"","header-above-stick-meta":"","header-main-stick-meta":"","header-below-stick-meta":"","astra-migrate-meta-layouts":"default","ast-page-background-enabled":"default","ast-page-background-meta":{"desktop":{"background-color":"var(--ast-global-color-4)","background-image":"","background-repeat":"repeat","background-position":"center center","background-size":"auto","background-attachment":"scroll","background-type":"","background-media":"","overlay-type":"","overlay-color":"","overlay-opacity":"","overlay-gradient":""},"tablet":{"background-color":"","background-image":"","background-repeat":"repeat","background-position":"center center","background-size":"auto","background-attachment":"scroll","background-type":"","background-media":"","overlay-type":"","overlay-color":"","overlay-opacity":"","overlay-gradient":""},"mobile":{"background-color":"","background-image":"","background-repeat":"repeat","background-position":"center center","background-size":"auto","background-attachment":"scroll","background-type":"","background-media":"","overlay-type":"","overlay-color":"","overlay-opacity":"","overlay-gradient":""}},"ast-content-background-meta":{"desktop":{"background-color":"var(--ast-global-color-5)","background-image":"","background-repeat":"repeat","background-position":"center center","background-size":"auto","background-attachment":"scroll","background-type":"","background-media":"","overlay-type":"","overlay-color":"","overlay-opacity":"","overlay-gradient":""},"tablet":{"background-color":"var(--ast-global-color-5)","background-image":"","background-repeat":"repeat","background-position":"center center","background-size":"auto","background-attachment":"scroll","background-type":"","background-media":"","overlay-type":"","overlay-color":"","overlay-opacity":"","overlay-gradient":""},"mobile":{"background-color":"var(--ast-global-color-5)","background-image":"","background-repeat":"repeat","background-position":"center center","background-size":"auto","background-attachment":"scroll","background-type":"","background-media":"","overlay-type":"","overlay-color":"","overlay-opacity":"","overlay-gradient":""}},"_joinchat":[],"footnotes":""},"class_list":["post-3929","page","type-page","status-publish","hentry"],"aioseo_notices":[],"uagb_featured_image_src":{"full":false,"thumbnail":false,"medium":false,"medium_large":false,"large":false,"1536x1536":false,"2048x2048":false},"uagb_author_info":{"display_name":"xesbalenet","author_link":"https:\/\/xesbalenet.com\/pl\/author\/zx9212110726live-com\/"},"uagb_comment_info":0,"uagb_excerpt":"Nasze us\u0142ugi Si\u0142a Siatka do belowania XES Extreme Siatka do belowania maksymalizuje wytrzyma\u0142o\u015b\u0107 i spr\u0119\u017cysto\u015b\u0107 dzi\u0119ki opatentowanej strukturze \u0142a\u0144cucha osnowowego. Zesp\u00f3\u0142 ekspert\u00f3w Siatki XES\u00ae do belowania siana zosta\u0142y opracowane przez ekspert\u00f3w i s\u0105 z powodzeniem stosowane w rolnictwie od 20 lat. Jako\u015b\u0107 Gama produkt\u00f3w XES\u00ae jest niezawodna i zapewnia \u0142atw\u0105 obs\u0142ug\u0119 nawet w trudnych warunkach.","_links":{"self":[{"href":"https:\/\/xesbalenet.com\/pl\/wp-json\/wp\/v2\/pages\/3929","targetHints":{"allow":["GET"]}}],"collection":[{"href":"https:\/\/xesbalenet.com\/pl\/wp-json\/wp\/v2\/pages"}],"about":[{"href":"https:\/\/xesbalenet.com\/pl\/wp-json\/wp\/v2\/types\/page"}],"author":[{"embeddable":true,"href":"https:\/\/xesbalenet.com\/pl\/wp-json\/wp\/v2\/users\/1"}],"replies":[{"embeddable":true,"href":"https:\/\/xesbalenet.com\/pl\/wp-json\/wp\/v2\/comments?post=3929"}],"version-history":[{"count":0,"href":"https:\/\/xesbalenet.com\/pl\/wp-json\/wp\/v2\/pages\/3929\/revisions"}],"wp:attachment":[{"href":"https:\/\/xesbalenet.com\/pl\/wp-json\/wp\/v2\/media?parent=3929"}],"curies":[{"name":"wp","href":"https:\/\/api.w.org\/{rel}","templated":true}]}}