{"id":3963,"date":"2025-07-02T08:07:20","date_gmt":"2025-07-02T08:07:20","guid":{"rendered":"https:\/\/xesbalenet.com\/siatka-do-belowania-extreme\/"},"modified":"2026-04-30T06:57:52","modified_gmt":"2026-04-30T06:57:52","slug":"siatka-do-belowania-extreme","status":"publish","type":"page","link":"https:\/\/xesbalenet.com\/pl\/siatka-do-belowania-extreme\/","title":{"rendered":"Siatka do belowania Extreme"},"content":{"rendered":"\n<div class=\"wp-block-columns are-vertically-aligned-top is-layout-flex wp-container-core-columns-is-layout-28f84493 wp-block-columns-is-layout-flex\">\n<div class=\"wp-block-column is-vertically-aligned-top is-layout-flow wp-block-column-is-layout-flow\">\n<figure class=\"wp-block-image aligncenter size-full\"><img decoding=\"async\" width=\"420\" height=\"254\" src=\"https:\/\/xesbalenet.com\/wp-content\/uploads\/2025\/07\/070402.jpg\" alt=\"\" class=\"wp-image-3036\" srcset=\"https:\/\/xesbalenet.com\/wp-content\/uploads\/2025\/07\/070402.jpg 420w, https:\/\/xesbalenet.com\/wp-content\/uploads\/2025\/07\/070402-300x181.jpg 300w\" sizes=\"(max-width: 420px) 100vw, 420px\" \/><\/figure>\n\n\n\n<figure class=\"wp-block-image aligncenter size-full\"><img decoding=\"async\" width=\"420\" height=\"565\" src=\"https:\/\/xesbalenet.com\/wp-content\/uploads\/2025\/07\/070401.jpg\" alt=\"\" class=\"wp-image-3033\" srcset=\"https:\/\/xesbalenet.com\/wp-content\/uploads\/2025\/07\/070401.jpg 420w, https:\/\/xesbalenet.com\/wp-content\/uploads\/2025\/07\/070401-223x300.jpg 223w\" sizes=\"(max-width: 420px) 100vw, 420px\" \/><\/figure>\n\n\n\n<figure class=\"wp-block-image size-large\"><img decoding=\"async\" width=\"1024\" height=\"683\" src=\"https:\/\/xesbalenet.com\/wp-content\/uploads\/2025\/07\/B_11575-1024x683.jpg\" alt=\"\" class=\"wp-image-3038\" srcset=\"https:\/\/xesbalenet.com\/wp-content\/uploads\/2025\/07\/B_11575-1024x683.jpg 1024w, https:\/\/xesbalenet.com\/wp-content\/uploads\/2025\/07\/B_11575-300x200.jpg 300w, https:\/\/xesbalenet.com\/wp-content\/uploads\/2025\/07\/B_11575-768x512.jpg 768w, https:\/\/xesbalenet.com\/wp-content\/uploads\/2025\/07\/B_11575-1536x1024.jpg 1536w, https:\/\/xesbalenet.com\/wp-content\/uploads\/2025\/07\/B_11575.jpg 2048w\" sizes=\"(max-width: 1024px) 100vw, 1024px\" \/><\/figure>\n\n\n\n<figure class=\"wp-block-image size-large\"><img decoding=\"async\" width=\"1024\" height=\"683\" src=\"https:\/\/xesbalenet.com\/wp-content\/uploads\/2025\/07\/B_11604-1024x683.jpg\" alt=\"\" class=\"wp-image-3039\" srcset=\"https:\/\/xesbalenet.com\/wp-content\/uploads\/2025\/07\/B_11604-1024x683.jpg 1024w, https:\/\/xesbalenet.com\/wp-content\/uploads\/2025\/07\/B_11604-300x200.jpg 300w, https:\/\/xesbalenet.com\/wp-content\/uploads\/2025\/07\/B_11604-768x512.jpg 768w, https:\/\/xesbalenet.com\/wp-content\/uploads\/2025\/07\/B_11604-1536x1024.jpg 1536w, https:\/\/xesbalenet.com\/wp-content\/uploads\/2025\/07\/B_11604.jpg 2048w\" sizes=\"(max-width: 1024px) 100vw, 1024px\" \/><\/figure>\n<\/div>\n\n\n\n<div class=\"wp-block-column is-vertically-aligned-top is-layout-flow wp-block-column-is-layout-flow\">\n<h2 class=\"wp-block-heading\">Siatka do belowania XES\u00ae Extreme<\/h2>\n\n\n\n<p>Poznaj nasz\u0105 najwy\u017cszej jako\u015bci owijark\u0119 siatkow\u0105 do bel, produkt opracowany przez ekspert\u00f3w, zaprojektowany z my\u015bl\u0105 o trwa\u0142o\u015bci i niezawodno\u015bci w terenie. Uzyskaj niezawodn\u0105, siln\u0105 ochron\u0119 swoich upraw w ekonomicznej cenie.<\/p>\n\n\n\n<h3 class=\"wp-block-heading\"><strong>Certyfikat DLG (Niemieckiego Towarzystwa Rolniczego): Znak doskona\u0142o\u015bci<\/strong><\/h3>\n\n\n\n<figure class=\"wp-block-image is-resized\"><a href=\"https:\/\/pruefberichte.dlg.org\/filestorage\/7439_e.pdf\" target=\"_blank\" rel=\"noreferrer noopener\"><img decoding=\"async\" src=\"https:\/\/cdn.shopify.com\/s\/files\/1\/0723\/2998\/6368\/files\/1548452d7e98d03d51435624522d88b_480x480.jpg?v=1701750322\" alt=\"Znak certyfikatu DLG\" style=\"width:250px\"\/><\/a><\/figure>\n\n\n\n<p>Nasza siatka posiada certyfikat DLG, co oznacza, \u017ce spe\u0142nia wysokie standardy Niemieckiego Towarzystwa Rolniczego (Deutsche Landwirtschafts-Gesellschaft). Ten presti\u017cowy certyfikat jest uznawany za rygorystyczne testy i zapewnienie jako\u015bci, dzi\u0119ki czemu nasz produkt wyr\u00f3\u017cnia si\u0119 na rynku wyj\u0105tkow\u0105 jako\u015bci\u0105 i niezawodno\u015bci\u0105.<\/p>\n\n\n\n<p>Odkryj rygorystyczne standardy i wyj\u0105tkowe w\u0142a\u015bciwo\u015bci, kt\u00f3re wyr\u00f3\u017cniaj\u0105 nasze owijki siatkowe, przegl\u0105daj\u0105c <a href=\"https:\/\/pruefberichte.dlg.org\/filestorage\/7439_e.pdf\" target=\"_blank\" rel=\"noreferrer noopener\">raport z test\u00f3w DLG<\/a>.<\/p>\n\n\n\n<h3 class=\"wp-block-heading\">Kluczowe cechy<\/h3>\n\n\n\n<ul class=\"wp-block-list\">\n<li><strong>Ekstremalna wytrzyma\u0142o\u015b\u0107:<\/strong> Maksymalna wytrzyma\u0142o\u015b\u0107 i odporno\u015b\u0107 dzi\u0119ki naszej opatentowanej strukturze \u0142a\u0144cucha z osnow\u0105.  <\/li>\n\n\n\n<li><strong>Pasuje do wszystkich pras roluj\u0105cych:<\/strong> Nasza siatka doskonale pasuje do wszystkich popularnych marek i modeli pras roluj\u0105cych, w tym John Deere, New Holland i Vermeer.<\/li>\n\n\n\n<li><strong>Gwarantowana d\u0142ugo\u015b\u0107:<\/strong> Dajemy Ci dodatkowe 150 st\u00f3p* na ka\u017cdej rolce &#8211; to nasz spos\u00f3b na zapewnienie, \u017ce za ka\u017cdym razem otrzymasz dok\u0142adnie to, co obieca\u0142e\u015b.<\/li>\n\n\n\n<li><strong>Wyra\u017ane znaczniki:<\/strong> Oznaczenia boczne i wyra\u017any czerwony sygna\u0142 ko\u0144ca rolki zwi\u0119kszaj\u0105 wydajno\u015b\u0107 procesu belowania.<\/li>\n\n\n\n<li><strong>\u2714\ufe0f Schludnie i r\u00f3wno:<\/strong> Mniej odpad\u00f3w i lepsze dopasowanie dzi\u0119ki naszej precyzyjnie obszytej i r\u00f3wnomiernie nawini\u0119tej siatce, zaprojektowanej w celu skr\u00f3cenia przestoj\u00f3w i zapewnienia p\u0142ynnego prasowania.<\/li>\n<\/ul>\n\n\n\n<figure class=\"wp-block-table\"><table class=\"has-fixed-layout\"><tbody><tr><td><\/td><td><strong>XES\u00ae Extreme<\/strong><\/td><\/tr><tr><td>Szeroko\u015b\u0107 rolki<\/td><td>1,23 m \/ 1,25 m<\/td><\/tr><tr><td>Gwarantowana d\u0142ugo\u015b\u0107<\/td><td>2,000m\/3,000m<\/td><\/tr><tr><td>Wytrzyma\u0142o\u015b\u0107 na rozci\u0105ganie<\/td><td>270 kg &#8211; 300 kg<\/td><\/tr><tr><td>Waga<\/td><td>22,8 kg\/32,8 kg<\/td><\/tr><tr><td>Odporno\u015b\u0107 na promieniowanie UV<\/td><td>Minimum 12 miesi\u0119cy<\/td><\/tr><tr><td>Oznaczenie boczne<\/td><td>\u017b\u00f3\u0142ty\/niebieski\/pomara\u0144czowy po lewej<\/td><\/tr><tr><td>\u015arednica zewn\u0119trzna rolki<\/td><td>20.5cm(+\/-1.0cm)\/22.5cm(+\/- 1,0cm)<\/td><\/tr><tr><td>Oznaczenie ko\u0144cowe<\/td><td>Czerwony, ostatnie 50 m<\/td><\/tr><tr><td>Materia\u0142<\/td><td>Ekologiczny HDPE<\/td><\/tr><tr><td>Zastosowania<\/td><td>Siano, s\u0142oma, kiszonka<\/td><\/tr><\/tbody><\/table><\/figure>\n<\/div>\n<\/div>\n\n<div class=\"wp-block-aioseo-key-points\"><div class=\"aioseo-key-points-block-content\">\n<ul class=\"wp-block-list\">\n<li><strong>Siatka do belowania XES\u00ae Extreme Wprowadzenie:<\/strong> Ten produkt to najwy\u017cszej jako\u015bci Siatka do belowania zaprojektowana z my\u015bl\u0105 o trwa\u0142o\u015bci i niezawodnej ochronie upraw, zaprojektowana z fachowym kunsztem i oferowana w ekonomicznej cenie.<\/li>\n<\/ul>\n<\/div><\/div>\n\n<div class=\"wp-block-aioseo-key-points\"><div class=\"aioseo-key-points-block-content\">\n<ul class=\"wp-block-list\">\n<li><strong>Certyfikat DLG oznacza jako\u015b\u0107:<\/strong> Nasza owijka siatkowa posiada certyfikat Niemieckiego Towarzystwa Rolniczego (DLG), odzwierciedlaj\u0105cy przestrzeganie wysokich standard\u00f3w testowania i zapewniania jako\u015bci, co gwarantuje jej wyj\u0105tkow\u0105 jako\u015b\u0107 i niezawodno\u015b\u0107.<\/li>\n\n\n\n<li><strong>Kluczowe cechy owijarki siatkowej:<\/strong> Siatka owijaj\u0105ca charakteryzuje si\u0119 wyj\u0105tkow\u0105 wytrzyma\u0142o\u015bci\u0105 dzi\u0119ki opatentowanej konstrukcji \u0142a\u0144cucha, uniwersaln\u0105 kompatybilno\u015bci\u0105 z g\u0142\u00f3wnymi prasami roluj\u0105cymi, gwarantowan\u0105 wyd\u0142u\u017con\u0105 d\u0142ugo\u015bci\u0105, wyra\u017anymi znacznikami zapewniaj\u0105cymi wydajno\u015b\u0107 i precyzyjnymi kraw\u0119dziami w celu zmniejszenia ilo\u015bci odpad\u00f3w.<\/li>\n\n\n\n<li><strong>Specyfikacje i zastosowania produktu:<\/strong> Siatka do belowania jest dost\u0119pna w r\u00f3\u017cnych rozmiarach, a jej specyfikacje obejmuj\u0105 wytrzyma\u0142o\u015b\u0107 na rozci\u0105ganie 270-300 kg, odporno\u015b\u0107 na promieniowanie UV przez co najmniej 12 miesi\u0119cy, ekologiczny materia\u0142 HDPE i nadaje si\u0119 do belowania siana, s\u0142omy i kiszonki.<\/li>\n\n\n\n<li><strong>Dodatkowe zalety produktu:<\/strong> Funkcje takie jak oznaczenia boczne i czerwony wska\u017anik ko\u0144ca rolki zwi\u0119kszaj\u0105 wydajno\u015b\u0107 operacyjn\u0105, a precyzyjna konstrukcja minimalizuje przestoje i maksymalizuje produktywno\u015b\u0107 w terenie.<\/li>\n<\/ul>\n<\/div><\/div>\n\n<div data-schema-only=\"false\" class=\"wp-block-aioseo-faq\"><h3 class=\"aioseo-faq-block-question\">What is XES\u00ae Extreme Bale Net Wrap and what are its main features?<\/h3><div class=\"aioseo-faq-block-answer\">\n<p>Siatka do belowania XES\u00ae Extreme to najwy\u017cszej jako\u015bci, trwa\u0142a siatka zaprojektowana z my\u015bl\u0105 o niezawodnej ochronie upraw. Jej g\u0142\u00f3wne cechy to wyj\u0105tkowa wytrzyma\u0142o\u015b\u0107 dzi\u0119ki opatentowanej strukturze \u0142a\u0144cucha z wk\u0142adk\u0105 osnowow\u0105, kompatybilno\u015b\u0107 z r\u00f3\u017cnymi prasami roluj\u0105cymi, dodatkowa gwarantowana d\u0142ugo\u015b\u0107 150 st\u00f3p, wyra\u017ane oznaczenia boczne i czerwony sygna\u0142 ko\u0144ca rolki oraz precyzyjne kraw\u0119dzie w celu zmniejszenia ilo\u015bci odpad\u00f3w. <\/p>\n<\/div><\/div>\n\n<div data-schema-only=\"false\" class=\"wp-block-aioseo-faq\"><h3 class=\"aioseo-faq-block-question\">What certification does the XES\u00ae Extreme Bale Net Wrap have and what does it signify?<\/h3><div class=\"aioseo-faq-block-answer\">\n<p>Siatka do belowania XES\u00ae Extreme jest certyfikowana przez Niemieckie Towarzystwo Rolnicze (DLG), co oznacza, \u017ce spe\u0142nia wysokie standardy testowania i zapewniania jako\u015bci, gwarantuj\u0105c wyj\u0105tkow\u0105 jako\u015b\u0107 i niezawodno\u015b\u0107.<\/p>\n<\/div><\/div>\n\n<div data-schema-only=\"false\" class=\"wp-block-aioseo-faq\"><h3 class=\"aioseo-faq-block-question\">How does the DLG certification benefit the performance and quality of the net wrap?<\/h3><div class=\"aioseo-faq-block-answer\">\n<p>Certyfikat DLG oznacza, \u017ce siatka zosta\u0142a poddana rygorystycznym testom i standardom jako\u015bci, dzi\u0119ki czemu jest wysokiej jako\u015bci, niezawodna i skutecznie sprawdza si\u0119 w rolnictwie.<\/p>\n<\/div><\/div>\n\n<div data-schema-only=\"false\" class=\"wp-block-aioseo-faq\"><h3 class=\"aioseo-faq-block-question\">What materials and application sizes are available for XES\u00ae Extreme Bale Net Wrap?<\/h3><div class=\"aioseo-faq-block-answer\">\n<p>Siatka do belowania wykonana jest z ekologicznego materia\u0142u HDPE, w rozmiarach od 1,23 m do 1,25 m szeroko\u015bci i d\u0142ugo\u015bci 2000 m lub 3000 m, odpowiednich do belowania siana, s\u0142omy i kiszonki.<\/p>\n<\/div><\/div>\n\n<div data-schema-only=\"false\" class=\"wp-block-aioseo-faq\"><h3 class=\"aioseo-faq-block-question\">What operational advantages does the XES\u00ae Extreme Bale Net Wrap offer to farmers?<\/h3><div class=\"aioseo-faq-block-answer\">\n<p>Siatka do belowania posiada wyra\u017ane znaczniki i czerwony wska\u017anik ko\u0144ca rolki, kt\u00f3re zwi\u0119kszaj\u0105 wydajno\u015b\u0107, a jej precyzyjna konstrukcja minimalizuje ilo\u015b\u0107 odpad\u00f3w i przestoj\u00f3w, zwi\u0119kszaj\u0105c tym samym produktywno\u015b\u0107 podczas operacji belowania.<\/p>\n<\/div><\/div>\n","protected":false},"excerpt":{"rendered":"<p>Siatka do belowania XES\u00ae Extreme Poznaj nasz\u0105 najwy\u017cszej jako\u015bci owijark\u0119 siatkow\u0105 do bel, produkt opracowany przez ekspert\u00f3w, zaprojektowany z my\u015bl\u0105 o trwa\u0142o\u015bci i niezawodno\u015bci w terenie. Uzyskaj niezawodn\u0105, siln\u0105 ochron\u0119 swoich upraw w ekonomicznej cenie. Certyfikat DLG (Niemieckiego Towarzystwa Rolniczego): Znak doskona\u0142o\u015bci Nasza siatka posiada certyfikat DLG, co oznacza, \u017ce spe\u0142nia wysokie standardy Niemieckiego Towarzystwa [&hellip;]<\/p>\n","protected":false},"author":1,"featured_media":0,"parent":0,"menu_order":0,"comment_status":"closed","ping_status":"closed","template":"","meta":{"_uag_custom_page_level_css":"","site-sidebar-layout":"default","site-content-layout":"","ast-site-content-layout":"default","site-content-style":"default","site-sidebar-style":"default","ast-global-header-display":"","ast-banner-title-visibility":"","ast-main-header-display":"","ast-hfb-above-header-display":"","ast-hfb-below-header-display":"","ast-hfb-mobile-header-display":"","site-post-title":"","ast-breadcrumbs-content":"","ast-featured-img":"","footer-sml-layout":"","ast-disable-related-posts":"","theme-transparent-header-meta":"","adv-header-id-meta":"","stick-header-meta":"","header-above-stick-meta":"","header-main-stick-meta":"","header-below-stick-meta":"","astra-migrate-meta-layouts":"set","ast-page-background-enabled":"default","ast-page-background-meta":{"desktop":{"background-color":"var(--ast-global-color-4)","background-image":"","background-repeat":"repeat","background-position":"center center","background-size":"auto","background-attachment":"scroll","background-type":"","background-media":"","overlay-type":"","overlay-color":"","overlay-opacity":"","overlay-gradient":""},"tablet":{"background-color":"","background-image":"","background-repeat":"repeat","background-position":"center center","background-size":"auto","background-attachment":"scroll","background-type":"","background-media":"","overlay-type":"","overlay-color":"","overlay-opacity":"","overlay-gradient":""},"mobile":{"background-color":"","background-image":"","background-repeat":"repeat","background-position":"center center","background-size":"auto","background-attachment":"scroll","background-type":"","background-media":"","overlay-type":"","overlay-color":"","overlay-opacity":"","overlay-gradient":""}},"ast-content-background-meta":{"desktop":{"background-color":"var(--ast-global-color-5)","background-image":"","background-repeat":"repeat","background-position":"center center","background-size":"auto","background-attachment":"scroll","background-type":"","background-media":"","overlay-type":"","overlay-color":"","overlay-opacity":"","overlay-gradient":""},"tablet":{"background-color":"var(--ast-global-color-5)","background-image":"","background-repeat":"repeat","background-position":"center center","background-size":"auto","background-attachment":"scroll","background-type":"","background-media":"","overlay-type":"","overlay-color":"","overlay-opacity":"","overlay-gradient":""},"mobile":{"background-color":"var(--ast-global-color-5)","background-image":"","background-repeat":"repeat","background-position":"center center","background-size":"auto","background-attachment":"scroll","background-type":"","background-media":"","overlay-type":"","overlay-color":"","overlay-opacity":"","overlay-gradient":""}},"_joinchat":[],"footnotes":""},"class_list":["post-3963","page","type-page","status-publish","hentry"],"aioseo_notices":[],"uagb_featured_image_src":{"full":false,"thumbnail":false,"medium":false,"medium_large":false,"large":false,"1536x1536":false,"2048x2048":false},"uagb_author_info":{"display_name":"xesbalenet","author_link":"https:\/\/xesbalenet.com\/pl\/author\/zx9212110726live-com\/"},"uagb_comment_info":0,"uagb_excerpt":"Siatka do belowania XES\u00ae Extreme Poznaj nasz\u0105 najwy\u017cszej jako\u015bci owijark\u0119 siatkow\u0105 do bel, produkt opracowany przez ekspert\u00f3w, zaprojektowany z my\u015bl\u0105 o trwa\u0142o\u015bci i niezawodno\u015bci w terenie. Uzyskaj niezawodn\u0105, siln\u0105 ochron\u0119 swoich upraw w ekonomicznej cenie. Certyfikat DLG (Niemieckiego Towarzystwa Rolniczego): Znak doskona\u0142o\u015bci Nasza siatka posiada certyfikat DLG, co oznacza, \u017ce spe\u0142nia wysokie standardy Niemieckiego Towarzystwa&hellip;","_links":{"self":[{"href":"https:\/\/xesbalenet.com\/pl\/wp-json\/wp\/v2\/pages\/3963","targetHints":{"allow":["GET"]}}],"collection":[{"href":"https:\/\/xesbalenet.com\/pl\/wp-json\/wp\/v2\/pages"}],"about":[{"href":"https:\/\/xesbalenet.com\/pl\/wp-json\/wp\/v2\/types\/page"}],"author":[{"embeddable":true,"href":"https:\/\/xesbalenet.com\/pl\/wp-json\/wp\/v2\/users\/1"}],"replies":[{"embeddable":true,"href":"https:\/\/xesbalenet.com\/pl\/wp-json\/wp\/v2\/comments?post=3963"}],"version-history":[{"count":0,"href":"https:\/\/xesbalenet.com\/pl\/wp-json\/wp\/v2\/pages\/3963\/revisions"}],"wp:attachment":[{"href":"https:\/\/xesbalenet.com\/pl\/wp-json\/wp\/v2\/media?parent=3963"}],"curies":[{"name":"wp","href":"https:\/\/api.w.org\/{rel}","templated":true}]}}