{"id":4044,"date":"2025-07-02T08:17:11","date_gmt":"2025-07-02T08:17:11","guid":{"rendered":"https:\/\/xesbalenet.com\/siatka-do-belowania-supreme\/"},"modified":"2026-04-30T07:02:24","modified_gmt":"2026-04-30T07:02:24","slug":"siatka-do-belowania-supreme","status":"publish","type":"page","link":"https:\/\/xesbalenet.com\/pl\/siatka-do-belowania-supreme\/","title":{"rendered":"Siatka do belowania Supreme"},"content":{"rendered":"\n<div class=\"wp-block-columns is-layout-flex wp-container-core-columns-is-layout-28f84493 wp-block-columns-is-layout-flex\">\n<div class=\"wp-block-column is-layout-flow wp-block-column-is-layout-flow\">\n<figure class=\"wp-block-image aligncenter size-full\"><img decoding=\"async\" width=\"420\" height=\"172\" src=\"https:\/\/xesbalenet.com\/wp-content\/uploads\/2025\/07\/070403.jpg\" alt=\"\" class=\"wp-image-3042\" srcset=\"https:\/\/xesbalenet.com\/wp-content\/uploads\/2025\/07\/070403.jpg 420w, https:\/\/xesbalenet.com\/wp-content\/uploads\/2025\/07\/070403-300x123.jpg 300w\" sizes=\"(max-width: 420px) 100vw, 420px\" \/><\/figure>\n\n\n\n<figure class=\"wp-block-image size-large\"><img decoding=\"async\" width=\"1024\" height=\"768\" src=\"https:\/\/xesbalenet.com\/wp-content\/uploads\/2025\/07\/51-1-1024x768.jpg\" alt=\"\" class=\"wp-image-3044\" srcset=\"https:\/\/xesbalenet.com\/wp-content\/uploads\/2025\/07\/51-1-1024x768.jpg 1024w, https:\/\/xesbalenet.com\/wp-content\/uploads\/2025\/07\/51-1-300x225.jpg 300w, https:\/\/xesbalenet.com\/wp-content\/uploads\/2025\/07\/51-1-768x576.jpg 768w, https:\/\/xesbalenet.com\/wp-content\/uploads\/2025\/07\/51-1-1536x1152.jpg 1536w, https:\/\/xesbalenet.com\/wp-content\/uploads\/2025\/07\/51-1-2048x1536.jpg 2048w\" sizes=\"(max-width: 1024px) 100vw, 1024px\" \/><\/figure>\n\n\n\n<figure class=\"wp-block-image size-large\"><img decoding=\"async\" src=\"https:\/\/xesbalenet.com\/wp-content\/uploads\/2025\/07\/&#x5FAE;&#x4FE1;&#x56FE;&#x7247;_20220713093010-1024x1024.jpg\" alt=\"\" class=\"wp-image-3048\"\/><\/figure>\n<\/div>\n\n\n\n<div class=\"wp-block-column is-layout-flow wp-block-column-is-layout-flow\">\n<h2 class=\"wp-block-heading\">Siatka do belowania XES\u00ae Supreme<\/h2>\n\n\n\n<p><strong>Nasza innowacyjna siatka do bel z opatentowan\u0105 technologi\u0105.<\/strong><\/p>\n\n\n\n<p>Technologia ta nie wymaga tkania, jedna ni\u0107 osnowy \u0142\u0105czy trzy nici w\u0105tku, a du\u017ca powierzchnia i wysokie tarcie sprawiaj\u0105, \u017ce siatki s\u0105 bardziej odporne na dzia\u0142anie promieni s\u0142onecznych. Powierzchnia siatki jest g\u0142adka i p\u0142aska, co zmniejsza prawdopodobie\u0144stwo jej uszkodzenia w maszynie pakuj\u0105cej. Rozk\u0142ada ci\u0119\u017car r\u00f3wnomiernie na ca\u0142ej siatce i zwi\u0119ksza odporno\u015b\u0107 na rozdarcia. Rezultat: 5000 metr\u00f3w zamiast 3000 metr\u00f3w przy tej samej wadze i \u015brednicy toczenia. Zoptymalizowany pod k\u0105tem maksymalnej wydajno\u015bci i kr\u00f3tkich przestoj\u00f3w w rolnictwie.<\/p>\n\n\n\n<p>Dzi\u0119ki wysokiej odporno\u015bci na rozdarcie wynosz\u0105cej oko\u0142o 300 kg, nadaje si\u0119 r\u00f3wnie\u017c do wymagaj\u0105cych zada\u0144, takich jak zbi\u00f3r kukurydzy. Nasza siatka do bel XES\u00ae Supreme oferuje nast\u0119puj\u0105ce funkcje:<\/p>\n\n\n\n<p>&#8211; Wysoka wytrzyma\u0142o\u015b\u0107 na rozci\u0105ganie i rozci\u0105gliwo\u015b\u0107 (XES\u00ae Supremeup do 300 kg)<\/p>\n\n\n\n<p>&#8211; dzia\u0142a bezb\u0142\u0119dnie na wszystkich sprawdzonych maszynach<\/p>\n\n\n\n<p>&#8211; Wykonane z przyjaznego dla \u015brodowiska HDPE<\/p>\n\n\n\n<p>(Polietylen o wysokiej g\u0119sto\u015bci)<\/p>\n\n\n\n<p>&#8211; Precyzyjne i r\u00f3wnomierne nawijanie<\/p>\n\n\n\n<p>&#8211; Stabilno\u015b\u0107 UV 1 rok dla Europy \u015arodkowej<\/p>\n\n\n\n<p>&#8211; Producent certyfikowany zgodnie z norm\u0105 DIN EN ISO 9001<\/p>\n\n\n\n<p>Odkryj rygorystyczne standardy i wyj\u0105tkowe w\u0142a\u015bciwo\u015bci, kt\u00f3re wyr\u00f3\u017cniaj\u0105 nasze owijki siatkowe, przegl\u0105daj\u0105c <a rel=\"noreferrer noopener\" href=\"https:\/\/pruefberichte.dlg.org\/filestorage\/7439_e.pdf\" target=\"_blank\">raport z test\u00f3w DLG<\/a>.<\/p>\n\n\n\n<figure class=\"wp-block-table\"><table class=\"has-fixed-layout\"><tbody><tr><td><\/td><td><strong>XES\u00ae Supreme<\/strong><\/td><\/tr><tr><td>Wytrzyma\u0142o\u015b\u0107 na rozci\u0105ganie<\/td><td>270 kg<\/td><\/tr><tr><td>Szeroko\u015b\u0107 rolki<\/td><td>1,23 m \/ 1,25 m<\/td><\/tr><tr><td>Gwarantowana d\u0142ugo\u015b\u0107<\/td><td>3000m\/4000m<\/td><\/tr><tr><td>Waga<\/td><td>25 kg\/32,8 kg<\/td><\/tr><tr><td>Materia\u0142<\/td><td>Ekologiczny HDPE<\/td><\/tr><tr><td>Odporno\u015b\u0107 na promieniowanie UV<\/td><td>12 miesi\u0119cy<\/td><\/tr><tr><td>Zastosowania<\/td><td>Kiszonka, siano, s\u0142oma, kukurydza<\/td><\/tr><tr><td>Zastosowania<\/td><td>Kiszonka, siano, s\u0142oma, mocna s\u0142oma,<br\/>kukurydza, wys\u0142odki buraczane i patyki<\/td><\/tr><\/tbody><\/table><\/figure>\n<\/div>\n<\/div>\n\n<div class=\"wp-block-aioseo-key-points\"><div class=\"aioseo-key-points-block-content\">\n<ul class=\"wp-block-list\">\n<li><strong>Innowacyjna technologia siatki do bel:<\/strong> Siatka do belowania XES\u00ae Supreme Siatka do belowania charakteryzuje si\u0119 opatentowan\u0105, pozbawion\u0105 splot\u00f3w technologi\u0105 o wysokim wsp\u00f3\u0142czynniku tarcia i du\u017cej powierzchni, co zwi\u0119ksza odporno\u015b\u0107 na uszkodzenia s\u0142oneczne i wytrzyma\u0142o\u015b\u0107 na rozerwanie.<\/li>\n\n\n\n<li><strong>Zwi\u0119kszona wydajno\u015b\u0107 i trwa\u0142o\u015b\u0107:<\/strong> Siatka zapewnia do 5000 metr\u00f3w d\u0142ugo\u015bci przy tej samej wadze, oferuje wysok\u0105 wytrzyma\u0142o\u015b\u0107 na rozci\u0105ganie wynosz\u0105c\u0105 oko\u0142o 300 kg i r\u00f3wnomiernie rozk\u0142ada ci\u0119\u017car, dzi\u0119ki czemu nadaje si\u0119 do wymagaj\u0105cych zada\u0144 rolniczych, takich jak zbi\u00f3r kukurydzy.<\/li>\n\n\n\n<li><strong>Szeroka kompatybilno\u015b\u0107 i zastosowanie:<\/strong> Zaprojektowany do bezb\u0142\u0119dnej pracy na wszystkich uznanych maszynach pakuj\u0105cych i odpowiedni do r\u00f3\u017cnych zastosowa\u0144, w tym kiszonki, siana, s\u0142omy, kukurydzy, wys\u0142odk\u00f3w buraczanych i patyk\u00f3w.<\/li>\n<\/ul>\n<\/div><\/div>\n\n<div data-schema-only=\"false\" class=\"wp-block-aioseo-faq\"><h3 class=\"aioseo-faq-block-question\">Is the XES\u00ae Supreme Bale Net Wrap suitable for different agricultural applications?<\/h3><div class=\"aioseo-faq-block-answer\">\n<p>Tak, nadaje si\u0119 do r\u00f3\u017cnych cel\u00f3w, w tym do kiszonki, siana, s\u0142omy, kukurydzy, wys\u0142odk\u00f3w buraczanych i patyk\u00f3w, i mo\u017ce by\u0107 bezproblemowo stosowany we wszystkich znanych maszynach pakuj\u0105cych.<\/p>\n<\/div><\/div>\n\n<div data-schema-only=\"false\" class=\"wp-block-aioseo-faq\"><h3 class=\"aioseo-faq-block-question\">How does the innovative technology of XES\u00ae Supreme Bale Net Wrap improve its durability?<\/h3><div class=\"aioseo-faq-block-answer\">\n<p>Opatentowana technologia bez tkania, w po\u0142\u0105czeniu z wysokim tarciem powierzchniowym i du\u017c\u0105 powierzchni\u0105 styku, zwi\u0119ksza odporno\u015b\u0107 na s\u0142o\u0144ce i wytrzyma\u0142o\u015b\u0107 na rozdarcie, dzi\u0119ki czemu siatka mo\u017ce sprosta\u0107 wymagaj\u0105cym zadaniom rolniczym i zapewnia d\u0142u\u017csz\u0105 \u017cywotno\u015b\u0107.<\/p>\n<\/div><\/div>\n\n<div data-schema-only=\"false\" class=\"wp-block-aioseo-faq\"><h3 class=\"aioseo-faq-block-question\">What are the key features of the XES\u00ae Supreme Bale Net Wrap?<\/h3><div class=\"aioseo-faq-block-answer\">\n<p>Siatka do belowania XES\u00ae Supreme charakteryzuje si\u0119 opatentowan\u0105 technologi\u0105 bez tkania, wysokim wsp\u00f3\u0142czynnikiem tarcia, du\u017c\u0105 powierzchni\u0105, maksymaln\u0105 wydajno\u015bci\u0105, wysok\u0105 odporno\u015bci\u0105 na rozdarcie wynosz\u0105c\u0105 oko\u0142o 300 kg oraz ekologicznym materia\u0142em HDPE. Zapewnia r\u00f3wnie\u017c stabilno\u015b\u0107 UV przez rok i jest kompatybilna ze wszystkimi uznanymi maszynami pakuj\u0105cymi. <\/p>\n<\/div><\/div>\n","protected":false},"excerpt":{"rendered":"<p>Siatka do belowania XES\u00ae Supreme Nasza innowacyjna siatka do bel z opatentowan\u0105 technologi\u0105. Technologia ta nie wymaga tkania, jedna ni\u0107 osnowy \u0142\u0105czy trzy nici w\u0105tku, a du\u017ca powierzchnia i wysokie tarcie sprawiaj\u0105, \u017ce siatki s\u0105 bardziej odporne na dzia\u0142anie promieni s\u0142onecznych. Powierzchnia siatki jest g\u0142adka i p\u0142aska, co zmniejsza prawdopodobie\u0144stwo jej uszkodzenia w maszynie pakuj\u0105cej. [&hellip;]<\/p>\n","protected":false},"author":1,"featured_media":0,"parent":0,"menu_order":0,"comment_status":"closed","ping_status":"closed","template":"","meta":{"_uag_custom_page_level_css":"","site-sidebar-layout":"default","site-content-layout":"","ast-site-content-layout":"default","site-content-style":"default","site-sidebar-style":"default","ast-global-header-display":"","ast-banner-title-visibility":"","ast-main-header-display":"","ast-hfb-above-header-display":"","ast-hfb-below-header-display":"","ast-hfb-mobile-header-display":"","site-post-title":"","ast-breadcrumbs-content":"","ast-featured-img":"","footer-sml-layout":"","ast-disable-related-posts":"","theme-transparent-header-meta":"","adv-header-id-meta":"","stick-header-meta":"","header-above-stick-meta":"","header-main-stick-meta":"","header-below-stick-meta":"","astra-migrate-meta-layouts":"set","ast-page-background-enabled":"default","ast-page-background-meta":{"desktop":{"background-color":"var(--ast-global-color-4)","background-image":"","background-repeat":"repeat","background-position":"center center","background-size":"auto","background-attachment":"scroll","background-type":"","background-media":"","overlay-type":"","overlay-color":"","overlay-opacity":"","overlay-gradient":""},"tablet":{"background-color":"","background-image":"","background-repeat":"repeat","background-position":"center center","background-size":"auto","background-attachment":"scroll","background-type":"","background-media":"","overlay-type":"","overlay-color":"","overlay-opacity":"","overlay-gradient":""},"mobile":{"background-color":"","background-image":"","background-repeat":"repeat","background-position":"center center","background-size":"auto","background-attachment":"scroll","background-type":"","background-media":"","overlay-type":"","overlay-color":"","overlay-opacity":"","overlay-gradient":""}},"ast-content-background-meta":{"desktop":{"background-color":"var(--ast-global-color-5)","background-image":"","background-repeat":"repeat","background-position":"center center","background-size":"auto","background-attachment":"scroll","background-type":"","background-media":"","overlay-type":"","overlay-color":"","overlay-opacity":"","overlay-gradient":""},"tablet":{"background-color":"var(--ast-global-color-5)","background-image":"","background-repeat":"repeat","background-position":"center center","background-size":"auto","background-attachment":"scroll","background-type":"","background-media":"","overlay-type":"","overlay-color":"","overlay-opacity":"","overlay-gradient":""},"mobile":{"background-color":"var(--ast-global-color-5)","background-image":"","background-repeat":"repeat","background-position":"center center","background-size":"auto","background-attachment":"scroll","background-type":"","background-media":"","overlay-type":"","overlay-color":"","overlay-opacity":"","overlay-gradient":""}},"_joinchat":[],"footnotes":""},"class_list":["post-4044","page","type-page","status-publish","hentry"],"aioseo_notices":[],"uagb_featured_image_src":{"full":false,"thumbnail":false,"medium":false,"medium_large":false,"large":false,"1536x1536":false,"2048x2048":false},"uagb_author_info":{"display_name":"xesbalenet","author_link":"https:\/\/xesbalenet.com\/pl\/author\/zx9212110726live-com\/"},"uagb_comment_info":0,"uagb_excerpt":"Siatka do belowania XES\u00ae Supreme Nasza innowacyjna siatka do bel z opatentowan\u0105 technologi\u0105. Technologia ta nie wymaga tkania, jedna ni\u0107 osnowy \u0142\u0105czy trzy nici w\u0105tku, a du\u017ca powierzchnia i wysokie tarcie sprawiaj\u0105, \u017ce siatki s\u0105 bardziej odporne na dzia\u0142anie promieni s\u0142onecznych. Powierzchnia siatki jest g\u0142adka i p\u0142aska, co zmniejsza prawdopodobie\u0144stwo jej uszkodzenia w maszynie pakuj\u0105cej.&hellip;","_links":{"self":[{"href":"https:\/\/xesbalenet.com\/pl\/wp-json\/wp\/v2\/pages\/4044","targetHints":{"allow":["GET"]}}],"collection":[{"href":"https:\/\/xesbalenet.com\/pl\/wp-json\/wp\/v2\/pages"}],"about":[{"href":"https:\/\/xesbalenet.com\/pl\/wp-json\/wp\/v2\/types\/page"}],"author":[{"embeddable":true,"href":"https:\/\/xesbalenet.com\/pl\/wp-json\/wp\/v2\/users\/1"}],"replies":[{"embeddable":true,"href":"https:\/\/xesbalenet.com\/pl\/wp-json\/wp\/v2\/comments?post=4044"}],"version-history":[{"count":0,"href":"https:\/\/xesbalenet.com\/pl\/wp-json\/wp\/v2\/pages\/4044\/revisions"}],"wp:attachment":[{"href":"https:\/\/xesbalenet.com\/pl\/wp-json\/wp\/v2\/media?parent=4044"}],"curies":[{"name":"wp","href":"https:\/\/api.w.org\/{rel}","templated":true}]}}