{"id":4066,"date":"2025-08-01T06:21:22","date_gmt":"2025-08-01T06:21:22","guid":{"rendered":"https:\/\/xesbalenet.com\/siatka-do-belowania-classic\/"},"modified":"2026-04-30T06:41:43","modified_gmt":"2026-04-30T06:41:43","slug":"siatka-do-belowania-classic","status":"publish","type":"page","link":"https:\/\/xesbalenet.com\/pl\/siatka-do-belowania-classic\/","title":{"rendered":"Siatka do belowania Classic"},"content":{"rendered":"\n<div class=\"wp-block-columns are-vertically-aligned-top is-layout-flex wp-container-core-columns-is-layout-28f84493 wp-block-columns-is-layout-flex\">\n<div class=\"wp-block-column is-vertically-aligned-top is-layout-flow wp-block-column-is-layout-flow\">\n<figure class=\"wp-block-image size-large\"><img decoding=\"async\" width=\"954\" height=\"1024\" src=\"https:\/\/xesbalenet.com\/wp-content\/uploads\/2025\/08\/B_11639-954x1024.jpg\" alt=\"\" class=\"wp-image-3090\" srcset=\"https:\/\/xesbalenet.com\/wp-content\/uploads\/2025\/08\/B_11639-954x1024.jpg 954w, https:\/\/xesbalenet.com\/wp-content\/uploads\/2025\/08\/B_11639-279x300.jpg 279w, https:\/\/xesbalenet.com\/wp-content\/uploads\/2025\/08\/B_11639-768x825.jpg 768w, https:\/\/xesbalenet.com\/wp-content\/uploads\/2025\/08\/B_11639.jpg 990w\" sizes=\"(max-width: 954px) 100vw, 954px\" \/><\/figure>\n\n\n\n<figure class=\"wp-block-image size-large\"><img decoding=\"async\" width=\"1024\" height=\"683\" src=\"https:\/\/xesbalenet.com\/wp-content\/uploads\/2025\/07\/B_11604-1024x683.jpg\" alt=\"\" class=\"wp-image-3039\" srcset=\"https:\/\/xesbalenet.com\/wp-content\/uploads\/2025\/07\/B_11604-1024x683.jpg 1024w, https:\/\/xesbalenet.com\/wp-content\/uploads\/2025\/07\/B_11604-300x200.jpg 300w, https:\/\/xesbalenet.com\/wp-content\/uploads\/2025\/07\/B_11604-768x512.jpg 768w, https:\/\/xesbalenet.com\/wp-content\/uploads\/2025\/07\/B_11604-1536x1024.jpg 1536w, https:\/\/xesbalenet.com\/wp-content\/uploads\/2025\/07\/B_11604.jpg 2048w\" sizes=\"(max-width: 1024px) 100vw, 1024px\" \/><\/figure>\n<\/div>\n\n\n\n<div class=\"wp-block-column is-vertically-aligned-top is-layout-flow wp-block-column-is-layout-flow\">\n<h2 class=\"wp-block-heading\">Siatka do belowania XES\u00ae Classic<\/h2>\n\n\n\n<p>Ju\u017c wersja podstawowa zapewnia imponuj\u0105c\u0105 jako\u015b\u0107 dzi\u0119ki wytrzyma\u0142o\u015bci na rozci\u0105ganie<br\/>wynosz\u0105cej 270 kg. Podobnie jak inne nasze siatki wysokiej jako\u015bci, ta siatka jest r\u00f3wnie\u017c<br\/>wykonana z przyjaznego dla \u015brodowiska HDPE (polietylenu o wysokiej g\u0119sto\u015bci)<br\/>i gwarantuje stabilno\u015b\u0107 UV przez co najmniej rok w Europie \u015arodkowej.<\/p>\n\n\n\n<p>XES\u00ae jest europejsk\u0105 sp\u00f3\u0142k\u0105 dystrybucyjn\u0105 znanego na ca\u0142ym \u015bwiecie i do\u015bwiadczonego producenta siatek rolniczych. Od ponad 20 lat produkty XES\u00ae konsekwentnie zapewniaj\u0105 wyj\u0105tkow\u0105 jako\u015b\u0107, najwy\u017csz\u0105 op\u0142acalno\u015b\u0107 i wyj\u0105tkowe wyniki w terenie. W ca\u0142ej Europie rolnicy i przedsi\u0119biorcy rolni ufaj\u0105 produktom XES\u00ae.<\/p>\n\n\n\n<h3 class=\"wp-block-heading\">Kluczowe cechy<\/h3>\n\n\n\n<ul class=\"wp-block-list\">\n<li><strong>Klasyczna wytrzyma\u0142o\u015b\u0107:<\/strong> Nasza specjalna dziana struktura \u0142a\u0144cucha ze wzmocnionymi nitkami zapewnia ekstremaln\u0105 wytrzyma\u0142o\u015b\u0107 i zmniejsza ilo\u015b\u0107 odpad\u00f3w.  <\/li>\n\n\n\n<li><strong>Pasuje do wszystkich pras roluj\u0105cych:<\/strong> Nasza siatka doskonale pasuje do wszystkich popularnych marek i modeli pras roluj\u0105cych, w tym John Deere, New Holland i Vermeer.<\/li>\n\n\n\n<li><strong>Gwarantowana d\u0142ugo\u015b\u0107:<\/strong> Dajemy Ci dodatkowe 150 st\u00f3p* na ka\u017cdej rolce &#8211; to nasz spos\u00f3b na zapewnienie, \u017ce za ka\u017cdym razem otrzymasz dok\u0142adnie to, co obieca\u0142e\u015b.<\/li>\n\n\n\n<li><strong>Wyra\u017ane znaczniki:<\/strong> Oznaczenia boczne i wyra\u017any czerwony sygna\u0142 ko\u0144ca rolki zwi\u0119kszaj\u0105 wydajno\u015b\u0107 procesu belowania.<\/li>\n\n\n\n<li><strong>\u2714\ufe0f Schludnie i r\u00f3wno:<\/strong> Mniej odpad\u00f3w i lepsze dopasowanie dzi\u0119ki naszej precyzyjnie obszytej i r\u00f3wnomiernie nawini\u0119tej siatce, zaprojektowanej w celu skr\u00f3cenia przestoj\u00f3w i zapewnienia p\u0142ynnego prasowania.<\/li>\n<\/ul>\n\n\n\n<figure class=\"wp-block-table\"><table class=\"has-fixed-layout\"><tbody><tr><td><\/td><td><strong>XES\u00ae Classic<\/strong><\/td><\/tr><tr><td>Szeroko\u015b\u0107 rolki<\/td><td>1,23 m \/ 1,25 m<\/td><\/tr><tr><td>Gwarantowana d\u0142ugo\u015b\u0107<\/td><td>2,000m\/3,000m<\/td><\/tr><tr><td>Wytrzyma\u0142o\u015b\u0107 na rozci\u0105ganie<\/td><td>270 kg<\/td><\/tr><tr><td>Waga<\/td><td>22,8 kg\/32,8 kg<\/td><\/tr><tr><td>Odporno\u015b\u0107 na promieniowanie UV<\/td><td>Minimum 12 miesi\u0119cy<\/td><\/tr><tr><td>Oznaczenie boczne<\/td><td>\u017b\u00f3\u0142ty\/niebieski\/pomara\u0144czowy po lewej<\/td><\/tr><tr><td>\u015arednica zewn\u0119trzna rolki<\/td><td>20.5cm(+\/-1.0cm)\/22.5cm(+\/- 1,0cm)<\/td><\/tr><tr><td>Oznaczenie ko\u0144cowe<\/td><td>Czerwony, ostatnie 50 m<\/td><\/tr><tr><td>Materia\u0142<\/td><td>Ekologiczny HDPE<\/td><\/tr><tr><td>Zastosowania<\/td><td>Siano, s\u0142oma, kiszonka<\/td><\/tr><\/tbody><\/table><\/figure>\n<\/div>\n<\/div>\n\n<div class=\"wp-block-aioseo-key-points\"><div class=\"aioseo-key-points-block-content\">\n<ul class=\"wp-block-list\">\n<li><strong>Siatka do belowania XES\u00ae Classic Wymiary i sk\u0142ad:<\/strong> Wykonana z przyjaznego dla \u015brodowiska HDPE siatka charakteryzuje si\u0119 wytrzyma\u0142o\u015bci\u0105 na rozci\u0105ganie wynosz\u0105c\u0105 270 kg, stabilno\u015bci\u0105 UV przez co najmniej rok w Europie \u015arodkowej oraz rozmiarami rolek od 2000 do 3000 metr\u00f3w.<\/li>\n\n\n\n<li><strong>Wysokiej jako\u015bci cechy siatki do bel XES\u00ae Classic:<\/strong> Siatka ma dzianinow\u0105 struktur\u0119 \u0142a\u0144cucha dla zwi\u0119kszenia wytrzyma\u0142o\u015bci, wyra\u017ane oznaczenia i sygna\u0142y dla wydajnego belowania oraz zr\u00f3wnowa\u017con\u0105 konstrukcj\u0119 w celu zmniejszenia ilo\u015bci odpad\u00f3w i przestoj\u00f3w.<\/li>\n\n\n\n<li><strong>Kompatybilno\u015b\u0107 i praktyczne korzy\u015bci:<\/strong> Zaprojektowany tak, aby pasowa\u0142 do wszystkich popularnych pras roluj\u0105cych, takich jak John Deere, New Holland i Vermeer, zapewnia precyzyjn\u0105 d\u0142ugo\u015b\u0107, czyste kraw\u0119dzie i p\u0142ynn\u0105 integracj\u0119 z rutynami rolniczymi.<\/li>\n\n\n\n<li><strong>Kluczowe cechy i specyfikacje produktu:<\/strong> Cechy obejmuj\u0105 r\u00f3\u017cne szeroko\u015bci rolki (1,23 m lub 1,25 m), gwarantowan\u0105 d\u0142ugo\u015b\u0107, wag\u0119, czas odporno\u015bci na promieniowanie UV i wyra\u017ane oznaczenia boczne, dzi\u0119ki czemu jest wszechstronny do siana, s\u0142omy i kiszonki.<\/li>\n<\/ul>\n<\/div><\/div>\n\n<div data-schema-only=\"false\" class=\"wp-block-aioseo-faq\"><h3 class=\"aioseo-faq-block-question\">What practical benefits does the XES\u00ae Classic Bale Net Wrap provide during baling?<\/h3><div class=\"aioseo-faq-block-answer\">\n<p>Oferuje wyra\u017ane sygna\u0142y ko\u0144ca rolki, boczne oznaczenia zapewniaj\u0105ce wydajno\u015b\u0107, schludne i zr\u00f3wnowa\u017cone kraw\u0119dzie w celu zminimalizowania odpad\u00f3w oraz solidn\u0105 konstrukcj\u0119, kt\u00f3ra skraca przestoje i usprawnia ca\u0142y proces belowania.<\/p>\n<\/div><\/div>\n\n<div data-schema-only=\"false\" class=\"wp-block-aioseo-faq\"><h3 class=\"aioseo-faq-block-question\">Why is the environmental aspect of XES\u00ae Classic Bale Net Wrap important?<\/h3><div class=\"aioseo-faq-block-answer\">\n<p>Siatka wykonana jest z przyjaznego dla \u015brodowiska HDPE, co k\u0142adzie nacisk na zr\u00f3wnowa\u017cony rozw\u00f3j, zmniejszenie wp\u0142ywu na \u015brodowisko i dostosowanie do \u015bwiadomych ekologicznie praktyk rolniczych.<\/p>\n<\/div><\/div>\n\n<div data-schema-only=\"false\" class=\"wp-block-aioseo-faq\"><h3 class=\"aioseo-faq-block-question\">What are the dimensions and capacity of the XES\u00ae Classic Bale Net Wrap?<\/h3><div class=\"aioseo-faq-block-answer\">\n<p>Siatka jest dost\u0119pna w rolkach o szeroko\u015bci 1,23 m lub 1,25 m, o gwarantowanej d\u0142ugo\u015bci 2 000 m lub 3 000 m i wadze od 22,8 kg do 32,8 kg.<\/p>\n<\/div><\/div>\n\n<div data-schema-only=\"false\" class=\"wp-block-aioseo-faq\"><h3 class=\"aioseo-faq-block-question\">How does the XES\u00ae Classic Bale Net Wrap ensure compatibility with various balers?<\/h3><div class=\"aioseo-faq-block-answer\">\n<p>Siatka jest kompatybilna ze wszystkimi popularnymi markami i modelami pras zwijaj\u0105cych, w tym John Deere, New Holland i Vermeer, zapewniaj\u0105c bezproblemowe dopasowanie do wielu typ\u00f3w sprz\u0119tu.<\/p>\n<\/div><\/div>\n\n<div data-schema-only=\"false\" class=\"wp-block-aioseo-faq\"><h3 class=\"aioseo-faq-block-question\">What are the main features of XES\u00ae Classic Bale Net Wrap?<\/h3><div class=\"aioseo-faq-block-answer\">\n<p>Siatka do belowania XES\u00ae Classic charakteryzuje si\u0119 wytrzyma\u0142o\u015bci\u0105 na rozci\u0105ganie wynosz\u0105c\u0105 270 kg, wykonaniem z przyjaznego dla \u015brodowiska HDPE, co najmniej roczn\u0105 stabilno\u015bci\u0105 UV w Europie \u015arodkowej, wzmocnion\u0105 dzianinow\u0105 struktur\u0105 \u0142a\u0144cucha, wyra\u017anymi oznaczeniami bocznymi i precyzyjnym, r\u00f3wnomiernym nawijaniem w celu zmniejszenia ilo\u015bci odpad\u00f3w.<\/p>\n<\/div><\/div>\n","protected":false},"excerpt":{"rendered":"<p>Siatka do belowania XES\u00ae Classic Ju\u017c wersja podstawowa zapewnia imponuj\u0105c\u0105 jako\u015b\u0107 dzi\u0119ki wytrzyma\u0142o\u015bci na rozci\u0105ganiewynosz\u0105cej 270 kg. Podobnie jak inne nasze siatki wysokiej jako\u015bci, ta siatka jest r\u00f3wnie\u017cwykonana z przyjaznego dla \u015brodowiska HDPE (polietylenu o wysokiej g\u0119sto\u015bci)i gwarantuje stabilno\u015b\u0107 UV przez co najmniej rok w Europie \u015arodkowej. XES\u00ae jest europejsk\u0105 sp\u00f3\u0142k\u0105 dystrybucyjn\u0105 znanego na ca\u0142ym [&hellip;]<\/p>\n","protected":false},"author":1,"featured_media":0,"parent":0,"menu_order":0,"comment_status":"closed","ping_status":"closed","template":"","meta":{"_uag_custom_page_level_css":"","site-sidebar-layout":"default","site-content-layout":"","ast-site-content-layout":"default","site-content-style":"default","site-sidebar-style":"default","ast-global-header-display":"","ast-banner-title-visibility":"","ast-main-header-display":"","ast-hfb-above-header-display":"","ast-hfb-below-header-display":"","ast-hfb-mobile-header-display":"","site-post-title":"","ast-breadcrumbs-content":"","ast-featured-img":"","footer-sml-layout":"","ast-disable-related-posts":"","theme-transparent-header-meta":"","adv-header-id-meta":"","stick-header-meta":"","header-above-stick-meta":"","header-main-stick-meta":"","header-below-stick-meta":"","astra-migrate-meta-layouts":"set","ast-page-background-enabled":"default","ast-page-background-meta":{"desktop":{"background-color":"var(--ast-global-color-4)","background-image":"","background-repeat":"repeat","background-position":"center center","background-size":"auto","background-attachment":"scroll","background-type":"","background-media":"","overlay-type":"","overlay-color":"","overlay-opacity":"","overlay-gradient":""},"tablet":{"background-color":"","background-image":"","background-repeat":"repeat","background-position":"center center","background-size":"auto","background-attachment":"scroll","background-type":"","background-media":"","overlay-type":"","overlay-color":"","overlay-opacity":"","overlay-gradient":""},"mobile":{"background-color":"","background-image":"","background-repeat":"repeat","background-position":"center center","background-size":"auto","background-attachment":"scroll","background-type":"","background-media":"","overlay-type":"","overlay-color":"","overlay-opacity":"","overlay-gradient":""}},"ast-content-background-meta":{"desktop":{"background-color":"var(--ast-global-color-5)","background-image":"","background-repeat":"repeat","background-position":"center center","background-size":"auto","background-attachment":"scroll","background-type":"","background-media":"","overlay-type":"","overlay-color":"","overlay-opacity":"","overlay-gradient":""},"tablet":{"background-color":"var(--ast-global-color-5)","background-image":"","background-repeat":"repeat","background-position":"center center","background-size":"auto","background-attachment":"scroll","background-type":"","background-media":"","overlay-type":"","overlay-color":"","overlay-opacity":"","overlay-gradient":""},"mobile":{"background-color":"var(--ast-global-color-5)","background-image":"","background-repeat":"repeat","background-position":"center center","background-size":"auto","background-attachment":"scroll","background-type":"","background-media":"","overlay-type":"","overlay-color":"","overlay-opacity":"","overlay-gradient":""}},"_joinchat":[],"footnotes":""},"class_list":["post-4066","page","type-page","status-publish","hentry"],"aioseo_notices":[],"uagb_featured_image_src":{"full":false,"thumbnail":false,"medium":false,"medium_large":false,"large":false,"1536x1536":false,"2048x2048":false},"uagb_author_info":{"display_name":"xesbalenet","author_link":"https:\/\/xesbalenet.com\/pl\/author\/zx9212110726live-com\/"},"uagb_comment_info":0,"uagb_excerpt":"Siatka do belowania XES\u00ae Classic Ju\u017c wersja podstawowa zapewnia imponuj\u0105c\u0105 jako\u015b\u0107 dzi\u0119ki wytrzyma\u0142o\u015bci na rozci\u0105ganiewynosz\u0105cej 270 kg. Podobnie jak inne nasze siatki wysokiej jako\u015bci, ta siatka jest r\u00f3wnie\u017cwykonana z przyjaznego dla \u015brodowiska HDPE (polietylenu o wysokiej g\u0119sto\u015bci)i gwarantuje stabilno\u015b\u0107 UV przez co najmniej rok w Europie \u015arodkowej. XES\u00ae jest europejsk\u0105 sp\u00f3\u0142k\u0105 dystrybucyjn\u0105 znanego na ca\u0142ym&hellip;","_links":{"self":[{"href":"https:\/\/xesbalenet.com\/pl\/wp-json\/wp\/v2\/pages\/4066","targetHints":{"allow":["GET"]}}],"collection":[{"href":"https:\/\/xesbalenet.com\/pl\/wp-json\/wp\/v2\/pages"}],"about":[{"href":"https:\/\/xesbalenet.com\/pl\/wp-json\/wp\/v2\/types\/page"}],"author":[{"embeddable":true,"href":"https:\/\/xesbalenet.com\/pl\/wp-json\/wp\/v2\/users\/1"}],"replies":[{"embeddable":true,"href":"https:\/\/xesbalenet.com\/pl\/wp-json\/wp\/v2\/comments?post=4066"}],"version-history":[{"count":0,"href":"https:\/\/xesbalenet.com\/pl\/wp-json\/wp\/v2\/pages\/4066\/revisions"}],"wp:attachment":[{"href":"https:\/\/xesbalenet.com\/pl\/wp-json\/wp\/v2\/media?parent=4066"}],"curies":[{"name":"wp","href":"https:\/\/api.w.org\/{rel}","templated":true}]}}