{"id":3882,"date":"2025-06-25T09:13:24","date_gmt":"2025-06-25T09:13:24","guid":{"rendered":"https:\/\/xesbalenet.com\/sobre-voce\/"},"modified":"2026-04-30T05:55:39","modified_gmt":"2026-04-30T05:55:39","slug":"sobre-voce","status":"publish","type":"page","link":"https:\/\/xesbalenet.com\/pt-br\/sobre-voce\/","title":{"rendered":"Sobre voc\u00ea"},"content":{"rendered":"\n<div class=\"wp-block-uagb-container uagb-block-3ad17e27 alignfull uagb-is-root-container\"><div class=\"uagb-container-inner-blocks-wrap\">\n<div class=\"wp-block-uagb-advanced-heading uagb-block-8a1eebc0\"><h1 class=\"uagb-heading-text\">Sobre n\u00f3s<\/h1><\/div>\n<\/div><\/div>\n\n<div class=\"wp-block-uagb-container uagb-block-f8ec2bd3 alignfull uagb-is-root-container\"><div class=\"uagb-container-inner-blocks-wrap\">\n<div class=\"wp-block-uagb-advanced-heading uagb-block-e874992d\"><h4 class=\"uagb-heading-text\">A XES\u00ae \u00e9 uma marca de envolt\u00f3rio de rede para fardos focada em aplica\u00e7\u00f5es de embalagens agr\u00edcolas.<br\/> <br\/>A Changzhou Meshel Netting Co., Ltd. \u00e9 a pessoa jur\u00eddica respons\u00e1vel pela opera\u00e7\u00e3o deste site, pelo tratamento das comunica\u00e7\u00f5es com os clientes, pela prepara\u00e7\u00e3o de cota\u00e7\u00f5es e pelo gerenciamento dos servi\u00e7os relacionados a vendas da marca XES\u00ae.<br\/> <br\/>Fornecemos produtos de embalagem de rede para fardos para feno, palha, silagem e outras necessidades de embalagem agr\u00edcola. Nosso objetivo \u00e9 oferecer informa\u00e7\u00f5es claras sobre os produtos, coordena\u00e7\u00e3o de suprimentos confi\u00e1vel e servi\u00e7o \u00e1gil para distribuidores, atacadistas e clientes agr\u00edcolas.<br\/> <br\/>Para fins de transpar\u00eancia, a Changzhou Meshel Netting Co., Ltd. \u00e9 a entidade comercial respons\u00e1vel por este site e pelas atividades comerciais voltadas para o cliente relacionadas a consultas e pedidos enviados por meio deste site. A Changzhou Meshel Netting Co., Ltd. atua apenas como parceira de fabrica\u00e7\u00e3o e n\u00e3o vende produtos diretamente por meio deste site. <br\/><\/h4><\/div>\n\n\n\n<div class=\"wp-block-uagb-image aligncenter uagb-block-2d710799 wp-block-uagb-image--layout-default wp-block-uagb-image--effect-static wp-block-uagb-image--align-center\"><figure class=\"wp-block-uagb-image__figure\"><img decoding=\"async\" srcset=\"https:\/\/xesbalenet.com\/wp-content\/uploads\/2025\/06\/B_11556-1024x683.jpg ,https:\/\/xesbalenet.com\/wp-content\/uploads\/2025\/06\/B_11556.jpg 780w, https:\/\/xesbalenet.com\/wp-content\/uploads\/2025\/06\/B_11556.jpg 360w\" sizes=\"auto, (max-width: 480px) 150px\" src=\"https:\/\/xesbalenet.com\/wp-content\/uploads\/2025\/06\/B_11556-1024x683.jpg\" alt=\"\" class=\"uag-image-2889\" width=\"1024\" height=\"683\" title=\"_B_11556\" loading=\"lazy\" role=\"img\"><\/figure><\/div>\n\n\n\n<div class=\"wp-block-uagb-container uagb-block-72514f6d\">\n<div class=\"wp-block-uagb-advanced-heading uagb-block-b317ae0b\"><h3 class=\"uagb-heading-text\">Nossa miss\u00e3o<\/h3><p class=\"uagb-desc-text\">Nossa miss\u00e3o \u00e9 fornecer solu\u00e7\u00f5es confi\u00e1veis de envolt\u00f3rio de rede para fardos com especifica\u00e7\u00f5es pr\u00e1ticas, qualidade consistente e suporte eficiente para as necessidades de embalagens agr\u00edcolas.<\/p><\/div>\n\n\n\n<div class=\"wp-block-uagb-advanced-heading uagb-block-3b00767d\"><h3 class=\"uagb-heading-text\">Nossos valores<\/h3><p class=\"uagb-desc-text\">Valorizamos a clareza, a consist\u00eancia e a coopera\u00e7\u00e3o comercial de longo prazo. Nosso objetivo \u00e9 comunicar claramente as informa\u00e7\u00f5es sobre os produtos, responder prontamente \u00e0s consultas e oferecer suporte aos clientes com um servi\u00e7o confi\u00e1vel. <\/p><\/div>\n<\/div>\n<\/div><\/div>\n\n<div class=\"wp-block-uagb-container uagb-block-61e8ac2a alignfull uagb-is-root-container\"><div class=\"uagb-container-inner-blocks-wrap\">\n<div class=\"wp-block-uagb-image aligncenter uagb-block-052b1f4c wp-block-uagb-image--layout-default wp-block-uagb-image--effect-static wp-block-uagb-image--align-center\"><figure class=\"wp-block-uagb-image__figure\"><img decoding=\"async\" srcset=\"\/wp-content\/uploads\/2021\/11\/quotes.svg ,\/wp-content\/uploads\/2021\/11\/quotes.svg 780w, \/wp-content\/uploads\/2021\/11\/quotes.svg 360w\" sizes=\"auto, (max-width: 480px) 150px\" src=\"\/wp-content\/uploads\/2021\/11\/quotes.svg\" alt=\"\" class=\"uag-image-117\" width=\"37\" height=\"38\" title=\"cita\u00e7\u00f5es\" loading=\"lazy\" role=\"img\"><\/figure><\/div>\n\n\n\n<div class=\"wp-block-uagb-info-box uagb-block-54aaf525 uagb-infobox__content-wrap  uagb-infobox-icon-below-title uagb-infobox-image-valign-top\"><div class=\"uagb-ifb-content\"><div class=\"uagb-ifb-title-wrap\"><h4 class=\"uagb-ifb-title\">O que oferecemos<\/h4><\/div><p class=\"uagb-ifb-desc\">Oferecemos suporte aos clientes com:<br\/> <br\/>&#8211; Informa\u00e7\u00f5es sobre produtos<br\/> &#8211; Confirma\u00e7\u00e3o de especifica\u00e7\u00f5es<br\/>&#8211; Suporte a cota\u00e7\u00f5es<br\/>&#8211; Comunica\u00e7\u00e3o relacionada a pedidos<br\/>&#8211; Consultas comerciais gerais<br\/> <br\/> <br\/>Informa\u00e7\u00f5es comerciais<br\/> <br\/>Entidade jur\u00eddica: Changzhou Meshel Netting Co., Ltd.<br\/>Operador do site: Changzhou Meshel Netting Co., Ltd.<br\/>Marca: XES\u00ae<br\/>Endere\u00e7o comercial: No.236 East Jinsheng Road, Changzhou, China<br\/>E-mail: sw@xesbalenet.com<br\/>Telefone \/ WhatsApp: +8613616102703<br\/> <br\/> <br\/>Se voc\u00ea quiser especifica\u00e7\u00f5es de produtos, informa\u00e7\u00f5es sobre pre\u00e7os ou assist\u00eancia relacionada a pedidos, entre em contato com nossa equipe diretamente pela p\u00e1gina de contato. <\/p><\/div><\/div>\n<\/div><\/div>\n","protected":false},"excerpt":{"rendered":"<p>Sobre n\u00f3s A XES\u00ae \u00e9 uma marca de envolt\u00f3rio de rede para fardos focada em aplica\u00e7\u00f5es de embalagens agr\u00edcolas. A Changzhou Meshel Netting Co., Ltd. \u00e9 a pessoa jur\u00eddica respons\u00e1vel pela opera\u00e7\u00e3o deste site, pelo tratamento das comunica\u00e7\u00f5es com os clientes, pela prepara\u00e7\u00e3o de cota\u00e7\u00f5es e pelo gerenciamento dos servi\u00e7os relacionados a vendas da marca [&hellip;]<\/p>\n","protected":false},"author":1,"featured_media":0,"parent":0,"menu_order":0,"comment_status":"closed","ping_status":"closed","template":"","meta":{"_uag_custom_page_level_css":"","site-sidebar-layout":"no-sidebar","site-content-layout":"page-builder","ast-site-content-layout":"full-width-container","site-content-style":"unboxed","site-sidebar-style":"default","ast-global-header-display":"","ast-banner-title-visibility":"","ast-main-header-display":"","ast-hfb-above-header-display":"","ast-hfb-below-header-display":"","ast-hfb-mobile-header-display":"","site-post-title":"disabled","ast-breadcrumbs-content":"","ast-featured-img":"disabled","footer-sml-layout":"","ast-disable-related-posts":"","theme-transparent-header-meta":"enabled","adv-header-id-meta":"","stick-header-meta":"","header-above-stick-meta":"","header-main-stick-meta":"","header-below-stick-meta":"","astra-migrate-meta-layouts":"default","ast-page-background-enabled":"default","ast-page-background-meta":{"desktop":{"background-color":"var(--ast-global-color-4)","background-image":"","background-repeat":"repeat","background-position":"center center","background-size":"auto","background-attachment":"scroll","background-type":"","background-media":"","overlay-type":"","overlay-color":"","overlay-opacity":"","overlay-gradient":""},"tablet":{"background-color":"","background-image":"","background-repeat":"repeat","background-position":"center center","background-size":"auto","background-attachment":"scroll","background-type":"","background-media":"","overlay-type":"","overlay-color":"","overlay-opacity":"","overlay-gradient":""},"mobile":{"background-color":"","background-image":"","background-repeat":"repeat","background-position":"center center","background-size":"auto","background-attachment":"scroll","background-type":"","background-media":"","overlay-type":"","overlay-color":"","overlay-opacity":"","overlay-gradient":""}},"ast-content-background-meta":{"desktop":{"background-color":"var(--ast-global-color-5)","background-image":"","background-repeat":"repeat","background-position":"center center","background-size":"auto","background-attachment":"scroll","background-type":"","background-media":"","overlay-type":"","overlay-color":"","overlay-opacity":"","overlay-gradient":""},"tablet":{"background-color":"var(--ast-global-color-5)","background-image":"","background-repeat":"repeat","background-position":"center center","background-size":"auto","background-attachment":"scroll","background-type":"","background-media":"","overlay-type":"","overlay-color":"","overlay-opacity":"","overlay-gradient":""},"mobile":{"background-color":"var(--ast-global-color-5)","background-image":"","background-repeat":"repeat","background-position":"center center","background-size":"auto","background-attachment":"scroll","background-type":"","background-media":"","overlay-type":"","overlay-color":"","overlay-opacity":"","overlay-gradient":""}},"_joinchat":[],"footnotes":""},"class_list":["post-3882","page","type-page","status-publish","hentry"],"aioseo_notices":[],"uagb_featured_image_src":{"full":false,"thumbnail":false,"medium":false,"medium_large":false,"large":false,"1536x1536":false,"2048x2048":false},"uagb_author_info":{"display_name":"xesbalenet","author_link":"https:\/\/xesbalenet.com\/pt-br\/author\/zx9212110726live-com\/"},"uagb_comment_info":0,"uagb_excerpt":"Sobre n\u00f3s A XES\u00ae \u00e9 uma marca de envolt\u00f3rio de rede para fardos focada em aplica\u00e7\u00f5es de embalagens agr\u00edcolas. A Changzhou Meshel Netting Co., Ltd. \u00e9 a pessoa jur\u00eddica respons\u00e1vel pela opera\u00e7\u00e3o deste site, pelo tratamento das comunica\u00e7\u00f5es com os clientes, pela prepara\u00e7\u00e3o de cota\u00e7\u00f5es e pelo gerenciamento dos servi\u00e7os relacionados a vendas da marca&hellip;","_links":{"self":[{"href":"https:\/\/xesbalenet.com\/pt-br\/wp-json\/wp\/v2\/pages\/3882","targetHints":{"allow":["GET"]}}],"collection":[{"href":"https:\/\/xesbalenet.com\/pt-br\/wp-json\/wp\/v2\/pages"}],"about":[{"href":"https:\/\/xesbalenet.com\/pt-br\/wp-json\/wp\/v2\/types\/page"}],"author":[{"embeddable":true,"href":"https:\/\/xesbalenet.com\/pt-br\/wp-json\/wp\/v2\/users\/1"}],"replies":[{"embeddable":true,"href":"https:\/\/xesbalenet.com\/pt-br\/wp-json\/wp\/v2\/comments?post=3882"}],"version-history":[{"count":0,"href":"https:\/\/xesbalenet.com\/pt-br\/wp-json\/wp\/v2\/pages\/3882\/revisions"}],"wp:attachment":[{"href":"https:\/\/xesbalenet.com\/pt-br\/wp-json\/wp\/v2\/media?parent=3882"}],"curies":[{"name":"wp","href":"https:\/\/api.w.org\/{rel}","templated":true}]}}