{"id":3915,"date":"2025-06-25T09:13:24","date_gmt":"2025-06-25T09:13:24","guid":{"rendered":"https:\/\/xesbalenet.com\/inicio\/"},"modified":"2026-04-30T05:55:47","modified_gmt":"2026-04-30T05:55:47","slug":"inicio","status":"publish","type":"page","link":"https:\/\/xesbalenet.com\/pt-br\/","title":{"rendered":"In\u00edcio"},"content":{"rendered":"\n<div class=\"wp-block-uagb-container uagb-block-494c42c4 alignfull uagb-is-root-container\"><div class=\"uagb-container-inner-blocks-wrap\">\n<div class=\"wp-block-uagb-info-box uagb-block-cd2517a4 uagb-infobox__content-wrap  uagb-infobox-icon-above-title uagb-infobox-image-valign-top wp-block-uagb-info-box--has-margin\"><div class=\"uagb-infobox-margin-wrapper\"><div class=\"uagb-ifb-content\"><div class=\"uagb-ifb-title-wrap\"><h1 class=\"uagb-ifb-title-prefix\">ENVOLT\u00d3RIO DE REDE PARA FARDOS XES<\/h1><\/div><p class=\"uagb-ifb-desc\">EXTREMO | ECON\u00d4MICO | SUSTENT\u00c1VEL<\/p><div class=\"uagb-ifb-button-wrapper wp-block-button\"><a href=\"https:\/\/xesbalenet.com\/pt-br\/contato\/\" class=\"uagb-infobox-cta-link wp-block-button__link\" target=\"_self\" rel=\"noopener noreferrer\" onclick=\"return true;\"><span class=\"uagb-inline-editing\">Come\u00e7ar a usar<\/span><\/a><\/div><\/div><\/div><\/div>\n<\/div><\/div>\n\n<div class=\"wp-block-uagb-container uagb-block-5fcee4f8 alignfull uagb-is-root-container\"><div class=\"uagb-container-inner-blocks-wrap\">\n<div class=\"wp-block-uagb-advanced-heading uagb-block-2b5f3149\"><h2 class=\"uagb-heading-text\">Nossos servi\u00e7os<\/h2><div class=\"uagb-separator\"><\/div><\/div>\n\n\n\n<div class=\"wp-block-uagb-container uagb-block-4a8e1942\">\n<div class=\"wp-block-uagb-container uagb-block-c988f562\">\n<div class=\"wp-block-uagb-image alignleft uagb-block-a35d235b wp-block-uagb-image--layout-default wp-block-uagb-image--effect-static wp-block-uagb-image--align-left\"><figure class=\"wp-block-uagb-image__figure\"><img decoding=\"async\" srcset=\"https:\/\/xesbalenet.com\/wp-content\/uploads\/2025\/06\/B_11604-1024x683.jpg ,https:\/\/xesbalenet.com\/wp-content\/uploads\/2025\/06\/B_11604.jpg 780w, https:\/\/xesbalenet.com\/wp-content\/uploads\/2025\/06\/B_11604.jpg 360w\" sizes=\"(max-width: 480px) 150px\" src=\"https:\/\/xesbalenet.com\/wp-content\/uploads\/2025\/06\/B_11604-1024x683.jpg\" alt=\"enfardadeiras que produzem fardos\" class=\"uag-image-2705\" width=\"373\" height=\"464\" title=\"_B_11604\" role=\"img\"><\/figure><\/div>\n\n\n\n<div class=\"wp-block-uagb-advanced-heading uagb-block-b07219d5\"><h3 class=\"uagb-heading-text\">For\u00e7a<\/h3><p class=\"uagb-desc-text\"><strong>O XES Extreme Bale Net Wrap <\/strong>maximiza a for\u00e7a e a resili\u00eancia por meio de uma estrutura patenteada de corrente inserida na urdidura.<\/p><\/div>\n<\/div>\n\n\n\n<div class=\"wp-block-uagb-container uagb-block-0ad6ff4e\">\n<div class=\"wp-block-uagb-image alignleft uagb-block-930d8e85 wp-block-uagb-image--layout-default wp-block-uagb-image--effect-static wp-block-uagb-image--align-left\"><figure class=\"wp-block-uagb-image__figure\"><img decoding=\"async\" srcset=\"https:\/\/xesbalenet.com\/wp-content\/uploads\/2025\/06\/2-1024x683.jpg ,https:\/\/xesbalenet.com\/wp-content\/uploads\/2025\/06\/2.jpg 780w, https:\/\/xesbalenet.com\/wp-content\/uploads\/2025\/06\/2.jpg 360w\" sizes=\"auto, (max-width: 480px) 150px\" src=\"https:\/\/xesbalenet.com\/wp-content\/uploads\/2025\/06\/2-1024x683.jpg\" alt=\"campo de fardos\" class=\"uag-image-2706\" width=\"373\" height=\"464\" title=\"2\" loading=\"lazy\" role=\"img\"><\/figure><\/div>\n\n\n\n<div class=\"wp-block-uagb-advanced-heading uagb-block-3974de5a\"><h3 class=\"uagb-heading-text\">Equipe de especialistas<\/h3><p class=\"uagb-desc-text\">O envolt\u00f3rio de rede de fardos <strong>XES\u00ae<\/strong> para fardos de feno foi desenvolvido por especialistas e tem sido usado com sucesso na agricultura h\u00e1 20 anos.<\/p><\/div>\n<\/div>\n\n\n\n<div class=\"wp-block-uagb-container uagb-block-48a31e6a\">\n<div class=\"wp-block-uagb-image alignleft uagb-block-2675d6b0 wp-block-uagb-image--layout-default wp-block-uagb-image--effect-static wp-block-uagb-image--align-left\"><figure class=\"wp-block-uagb-image__figure\"><img decoding=\"async\" srcset=\"https:\/\/xesbalenet.com\/wp-content\/uploads\/2025\/06\/gd2acfe125d284d6aa8677450b4f1d0296f0564874c1cbfba6c03eede87d91d02a600108ca6d69685dc2893710761ea40c45554b6047e5f9444326fca9b6b2dff_1280-3521063-1024x682.jpg ,https:\/\/xesbalenet.com\/wp-content\/uploads\/2025\/06\/gd2acfe125d284d6aa8677450b4f1d0296f0564874c1cbfba6c03eede87d91d02a600108ca6d69685dc2893710761ea40c45554b6047e5f9444326fca9b6b2dff_1280-3521063.jpg 780w, https:\/\/xesbalenet.com\/wp-content\/uploads\/2025\/06\/gd2acfe125d284d6aa8677450b4f1d0296f0564874c1cbfba6c03eede87d91d02a600108ca6d69685dc2893710761ea40c45554b6047e5f9444326fca9b6b2dff_1280-3521063.jpg 360w\" sizes=\"auto, (max-width: 480px) 150px\" src=\"https:\/\/xesbalenet.com\/wp-content\/uploads\/2025\/06\/gd2acfe125d284d6aa8677450b4f1d0296f0564874c1cbfba6c03eede87d91d02a600108ca6d69685dc2893710761ea40c45554b6047e5f9444326fca9b6b2dff_1280-3521063-1024x682.jpg\" alt=\"campo, fardo de feno, p\u00f4r do sol, campo de trigo, natureza, agricultura, \u00e9poca de colheita\" class=\"uag-image-2964\" width=\"373\" height=\"464\" title=\"gd2acfe125d284d6aa8677450b4f1d0296f0564874c1cbfba6c03eede87d91d02a600108ca6d69685dc2893710761ea40c45554b6047e5f9444326fca9b6b2dff_1280-3521063\" loading=\"lazy\" role=\"img\"><\/figure><\/div>\n\n\n\n<div class=\"wp-block-uagb-advanced-heading uagb-block-8f982c10\"><h3 class=\"uagb-heading-text\">Qualidade<\/h3><p class=\"uagb-desc-text\">A linha de produtos <strong>XES\u00ae<\/strong> \u00e9 confi\u00e1vel e oferece f\u00e1cil manuseio, mesmo em condi\u00e7\u00f5es dif\u00edceis.  <\/p><\/div>\n<\/div>\n<\/div>\n<\/div><\/div>\n\n<figure class=\"wp-block-embed is-type-video is-provider-youtube wp-block-embed-youtube wp-embed-aspect-16-9 wp-has-aspect-ratio\"><div class=\"wp-block-embed__wrapper\">\n<iframe title=\"XES Netting 2023 Campaign\" width=\"500\" height=\"281\" src=\"https:\/\/www.youtube.com\/embed\/D6ppO5Ni6SA?feature=oembed\" frameborder=\"0\" allow=\"accelerometer; autoplay; clipboard-write; encrypted-media; gyroscope; picture-in-picture; web-share\" referrerpolicy=\"strict-origin-when-cross-origin\" allowfullscreen><\/iframe>\n<\/div><\/figure>\n\n<div class=\"wp-block-uagb-container uagb-block-fb32e4bf alignfull uagb-is-root-container\"><div class=\"uagb-container-inner-blocks-wrap\">\n<div class=\"wp-block-uagb-image aligncenter uagb-block-052b1f4c wp-block-uagb-image--layout-default wp-block-uagb-image--effect-static wp-block-uagb-image--align-center\"><figure class=\"wp-block-uagb-image__figure\"><img decoding=\"async\" srcset=\"\/wp-content\/uploads\/2021\/11\/quotes.svg ,\/wp-content\/uploads\/2021\/11\/quotes.svg 780w, \/wp-content\/uploads\/2021\/11\/quotes.svg 360w\" sizes=\"auto, (max-width: 480px) 150px\" src=\"\/wp-content\/uploads\/2021\/11\/quotes.svg\" alt=\"\" class=\"uag-image-117\" width=\"37\" height=\"38\" title=\"cita\u00e7\u00f5es\" loading=\"lazy\" role=\"img\"><\/figure><\/div>\n\n\n\n<div class=\"wp-block-uagb-info-box uagb-block-54aaf525 uagb-infobox__content-wrap  uagb-infobox-icon-below-title uagb-infobox-image-valign-top\"><div class=\"uagb-ifb-content\"><div class=\"uagb-ifb-title-wrap\"><h4 class=\"uagb-ifb-title\">A XES\u00ae oferece um envolt\u00f3rio de rede de fardos premium para fardos redondos. Mais de 20 anos de experi\u00eancia no fornecimento de solu\u00e7\u00f5es de redes de alta qualidade, econ\u00f4micas e dur\u00e1veis na Europa. <\/h4><\/div><\/div><\/div>\n<\/div><\/div>\n\n<div class=\"wp-block-cover alignfull is-light\"><span aria-hidden=\"true\" class=\"wp-block-cover__background has-background-dim-100 has-background-dim\" style=\"background-color:#ffffff\"><\/span><div class=\"wp-block-cover__inner-container is-layout-constrained wp-block-cover-is-layout-constrained\">\n<div class=\"wp-block-media-text alignwide is-stacked-on-mobile is-vertically-aligned-center\" style=\"margin-top:0;margin-bottom:0;padding-top:0;padding-bottom:0;grid-template-columns:39% auto\"><figure class=\"wp-block-media-text__media\"><img decoding=\"async\" width=\"1024\" height=\"683\" src=\"https:\/\/xesbalenet.com\/wp-content\/uploads\/2025\/06\/B_11575-1024x683.jpg\" alt=\"Envolt\u00f3rio de rede para fardos de xes\" class=\"wp-image-2712 size-full\" srcset=\"https:\/\/xesbalenet.com\/wp-content\/uploads\/2025\/06\/B_11575-1024x683.jpg 1024w, https:\/\/xesbalenet.com\/wp-content\/uploads\/2025\/06\/B_11575-300x200.jpg 300w, https:\/\/xesbalenet.com\/wp-content\/uploads\/2025\/06\/B_11575-768x512.jpg 768w, https:\/\/xesbalenet.com\/wp-content\/uploads\/2025\/06\/B_11575-1536x1024.jpg 1536w, https:\/\/xesbalenet.com\/wp-content\/uploads\/2025\/06\/B_11575.jpg 2048w\" sizes=\"(max-width: 1024px) 100vw, 1024px\" \/><\/figure><div class=\"wp-block-media-text__content\">\n<h5 class=\"wp-block-heading has-ast-global-color-2-color has-text-color\" style=\"font-size:32px\">Por que escolher o XES\u00ae?<\/h5>\n\n\n\n<p class=\"has-ast-global-color-2-color has-text-color\" style=\"font-size:17px\">Desempenho confi\u00e1vel Nossos produtos de envolt\u00f3rio de rede para fardos s\u00e3o projetados para suportar um desempenho est\u00e1vel de envolt\u00f3rio e uso confi\u00e1vel em condi\u00e7\u00f5es agr\u00edcolas exigentes.<\/p>\n\n\n\n<p class=\"has-ast-global-color-2-color has-text-color\" style=\"font-size:17px\">Especifica\u00e7\u00f5es consistentes N\u00f3s nos concentramos em especifica\u00e7\u00f5es de produto claras e qualidade consistente para ajudar os clientes a escolher os produtos adequados para suas necessidades de enfardamento e embalagem.<\/p>\n\n\n\n<p class=\"has-ast-global-color-2-color has-text-color\" style=\"font-size:17px\">Servi\u00e7o \u00e1gil Oferecemos suporte a distribuidores, atacadistas e compradores agr\u00edcolas com informa\u00e7\u00f5es sobre produtos, suporte a cota\u00e7\u00f5es e comunica\u00e7\u00e3o oportuna.<br\/> <\/p>\n\n\n\n<div class=\"wp-block-buttons is-layout-flex wp-block-buttons-is-layout-flex\"><\/div>\n<\/div><\/div>\n<\/div><\/div>\n\n<div class=\"wp-block-uagb-container uagb-layout-grid uagb-block-0186287e alignfull uagb-is-root-container\"><div class=\"uagb-container-inner-blocks-wrap\">\n<div class=\"wp-block-uagb-info-box uagb-block-03550eeb uagb-infobox__content-wrap  uagb-infobox-icon-above-title uagb-infobox-image-valign-top wp-block-uagb-info-box--has-margin\"><div class=\"uagb-infobox-margin-wrapper\"><div class=\"uagb-ifb-content\"><div class=\"uagb-ifb-title-wrap\"><span class=\"uagb-ifb-title-prefix\">Sobre o XES\u00ae.<\/span><h4 class=\"uagb-ifb-title\">A XES\u00ae \u00e9 uma marca de envolt\u00f3rio de rede para fardos focada em aplica\u00e7\u00f5es de embalagens agr\u00edcolas.<\/h4><\/div><p class=\"uagb-ifb-desc\">Este site \u00e9 operado pela Changzhou Meshel Netting Co., Ltd., a entidade legal respons\u00e1vel pela opera\u00e7\u00e3o do site, comunica\u00e7\u00e3o com o cliente, cota\u00e7\u00f5es e servi\u00e7os relacionados a vendas ligados \u00e0 marca XES\u00ae. Fornecemos produtos de embalagem de rede para fardos para uso agr\u00edcola e trabalhamos para manter a qualidade est\u00e1vel dos produtos, especifica\u00e7\u00f5es claras e suporte confi\u00e1vel ao cliente.   <\/p><div class=\"uagb-ifb-button-wrapper wp-block-button\"><a href=\"https:\/\/xesbalenet.com\/pt-br\/contato\/\" class=\"uagb-infobox-cta-link ast-outline-button\" target=\"_self\" rel=\"noopener noreferrer\" style=\"border-width:revert-layer\" onclick=\"return true;\"><span class=\"uagb-inline-editing\">Saiba mais<\/span><\/a><\/div><\/div><\/div><\/div>\n\n\n\n<div class=\"wp-block-uagb-image alignright uagb-block-37933192 wp-block-uagb-image--layout-default wp-block-uagb-image--effect-static wp-block-uagb-image--align-right\"><figure class=\"wp-block-uagb-image__figure\"><img decoding=\"async\" srcset=\"https:\/\/xesbalenet.com\/wp-content\/uploads\/2025\/06\/06302.jpg ,https:\/\/xesbalenet.com\/wp-content\/uploads\/2025\/06\/06302.jpg 780w, https:\/\/xesbalenet.com\/wp-content\/uploads\/2025\/06\/06302.jpg 360w\" sizes=\"auto, (max-width: 480px) 150px\" src=\"https:\/\/xesbalenet.com\/wp-content\/uploads\/2025\/06\/06302.jpg\" alt=\"rede de fardos de xes com funcion\u00e1rios\" class=\"uag-image-2961\" width=\"470\" height=\"570\" title=\"06302\" loading=\"lazy\" role=\"img\"><\/figure><\/div>\n<\/div><\/div>\n<ul class=\"wp-block-latest-posts__list is-grid columns-3 has-dates has-author aligncenter wp-block-latest-posts\"><li><div class=\"wp-block-latest-posts__featured-image alignleft\"><img decoding=\"async\" width=\"300\" height=\"225\" src=\"https:\/\/xesbalenet.com\/wp-content\/uploads\/2025\/09\/hbnet1-13-300x225.jpg\" class=\"attachment-medium size-medium wp-post-image\" alt=\"usar envolt\u00f3rio de rede para fardos\" style=\"max-width:225px;max-height:225px;\" srcset=\"https:\/\/xesbalenet.com\/wp-content\/uploads\/2025\/09\/hbnet1-13-300x225.jpg 300w, https:\/\/xesbalenet.com\/wp-content\/uploads\/2025\/09\/hbnet1-13.jpg 600w\" sizes=\"(max-width: 300px) 100vw, 300px\" \/><\/div><a class=\"wp-block-latest-posts__post-title\" href=\"https:\/\/xesbalenet.com\/pt-br\/como-a-xes-supreme-net-esta-revolucionando-o-mercado-de-envoltorios-de-rede-para-fardos\/\">Como a XES\u00ae Supreme Net est\u00e1 revolucionando o mercado de envolt\u00f3rios de rede para fardos<\/a><div class=\"wp-block-latest-posts__post-author\">por xesbalenet<\/div><time datetime=\"2026-04-10T07:54:50+00:00\" class=\"wp-block-latest-posts__post-date\">abril 10, 2026<\/time><\/li>\n<li><div class=\"wp-block-latest-posts__featured-image alignleft\"><img decoding=\"async\" width=\"300\" height=\"300\" src=\"https:\/\/xesbalenet.com\/wp-content\/uploads\/2025\/12\/image-7-5-300x300.jpg\" class=\"attachment-medium size-medium wp-post-image\" alt=\"\" style=\"max-width:225px;max-height:225px;\" srcset=\"https:\/\/xesbalenet.com\/wp-content\/uploads\/2025\/12\/image-7-5-300x300.jpg 300w, https:\/\/xesbalenet.com\/wp-content\/uploads\/2025\/12\/image-7-5-150x150.jpg 150w, https:\/\/xesbalenet.com\/wp-content\/uploads\/2025\/12\/image-7-5-768x768.jpg 768w, https:\/\/xesbalenet.com\/wp-content\/uploads\/2025\/12\/image-7-5.jpg 1024w\" sizes=\"(max-width: 300px) 100vw, 300px\" \/><\/div><a class=\"wp-block-latest-posts__post-title\" href=\"https:\/\/xesbalenet.com\/pt-br\/para-que-sao-usados-os-fardos-de-feno\/\">Para que s\u00e3o usados os fardos de feno?<\/a><div class=\"wp-block-latest-posts__post-author\">por xesbalenet<\/div><time datetime=\"2025-12-22T06:34:12+00:00\" class=\"wp-block-latest-posts__post-date\">dezembro 22, 2025<\/time><\/li>\n<\/ul>\n<div class=\"wp-block-uagb-container uagb-block-05a4a518 alignfull uagb-is-root-container\"><div class=\"uagb-container-inner-blocks-wrap\">\n<div class=\"wp-block-uagb-info-box uagb-block-9a97965e uagb-infobox__content-wrap  uagb-infobox-icon-above-title uagb-infobox-image-valign-top wp-block-uagb-info-box--has-margin\"><div class=\"uagb-infobox-margin-wrapper\"><div class=\"uagb-ifb-content\"><div class=\"uagb-ifb-title-wrap\"><h4 class=\"uagb-ifb-title\">PERGUNTAS?<\/h4><\/div><p class=\"uagb-ifb-desc\">Se voc\u00ea estiver procurando especifica\u00e7\u00f5es de produtos, pre\u00e7os a granel ou dicas de uso, estamos aqui para ajudar com todas as suas perguntas sobre o envolt\u00f3rio de rede para fardos.<\/p><div class=\"uagb-ifb-button-wrapper wp-block-button\"><a href=\"https:\/\/xesbalenet.com\/pt-br\/contato\/\" class=\"uagb-infobox-cta-link wp-block-button__link\" target=\"_self\" rel=\"noopener noreferrer\" onclick=\"return true;\"><span class=\"uagb-inline-editing\">Vamos conversar agora<\/span><\/a><\/div><\/div><\/div><\/div>\n<\/div><\/div>\n\n<p><\/p>\n","protected":false},"excerpt":{"rendered":"<p>Nossos servi\u00e7os For\u00e7a O XES Extreme Bale Net Wrap maximiza a for\u00e7a e a resili\u00eancia por meio de uma estrutura patenteada de corrente inserida na urdidura. Equipe de especialistas O envolt\u00f3rio de rede de fardos XES\u00ae para fardos de feno foi desenvolvido por especialistas e tem sido usado com sucesso na agricultura h\u00e1 20 anos. [&hellip;]<\/p>\n","protected":false},"author":1,"featured_media":0,"parent":0,"menu_order":0,"comment_status":"closed","ping_status":"closed","template":"","meta":{"_uag_custom_page_level_css":"","site-sidebar-layout":"no-sidebar","site-content-layout":"page-builder","ast-site-content-layout":"full-width-container","site-content-style":"unboxed","site-sidebar-style":"unboxed","ast-global-header-display":"","ast-banner-title-visibility":"","ast-main-header-display":"","ast-hfb-above-header-display":"","ast-hfb-below-header-display":"","ast-hfb-mobile-header-display":"","site-post-title":"disabled","ast-breadcrumbs-content":"","ast-featured-img":"disabled","footer-sml-layout":"","ast-disable-related-posts":"","theme-transparent-header-meta":"enabled","adv-header-id-meta":"","stick-header-meta":"","header-above-stick-meta":"","header-main-stick-meta":"","header-below-stick-meta":"","astra-migrate-meta-layouts":"default","ast-page-background-enabled":"default","ast-page-background-meta":{"desktop":{"background-color":"var(--ast-global-color-4)","background-image":"","background-repeat":"repeat","background-position":"center center","background-size":"auto","background-attachment":"scroll","background-type":"","background-media":"","overlay-type":"","overlay-color":"","overlay-opacity":"","overlay-gradient":""},"tablet":{"background-color":"","background-image":"","background-repeat":"repeat","background-position":"center center","background-size":"auto","background-attachment":"scroll","background-type":"","background-media":"","overlay-type":"","overlay-color":"","overlay-opacity":"","overlay-gradient":""},"mobile":{"background-color":"","background-image":"","background-repeat":"repeat","background-position":"center center","background-size":"auto","background-attachment":"scroll","background-type":"","background-media":"","overlay-type":"","overlay-color":"","overlay-opacity":"","overlay-gradient":""}},"ast-content-background-meta":{"desktop":{"background-color":"var(--ast-global-color-5)","background-image":"","background-repeat":"repeat","background-position":"center center","background-size":"auto","background-attachment":"scroll","background-type":"","background-media":"","overlay-type":"","overlay-color":"","overlay-opacity":"","overlay-gradient":""},"tablet":{"background-color":"var(--ast-global-color-5)","background-image":"","background-repeat":"repeat","background-position":"center center","background-size":"auto","background-attachment":"scroll","background-type":"","background-media":"","overlay-type":"","overlay-color":"","overlay-opacity":"","overlay-gradient":""},"mobile":{"background-color":"var(--ast-global-color-5)","background-image":"","background-repeat":"repeat","background-position":"center center","background-size":"auto","background-attachment":"scroll","background-type":"","background-media":"","overlay-type":"","overlay-color":"","overlay-opacity":"","overlay-gradient":""}},"_joinchat":[],"footnotes":""},"class_list":["post-3915","page","type-page","status-publish","hentry"],"aioseo_notices":[],"uagb_featured_image_src":{"full":false,"thumbnail":false,"medium":false,"medium_large":false,"large":false,"1536x1536":false,"2048x2048":false},"uagb_author_info":{"display_name":"xesbalenet","author_link":"https:\/\/xesbalenet.com\/pt-br\/author\/zx9212110726live-com\/"},"uagb_comment_info":0,"uagb_excerpt":"Nossos servi\u00e7os For\u00e7a O XES Extreme Bale Net Wrap maximiza a for\u00e7a e a resili\u00eancia por meio de uma estrutura patenteada de corrente inserida na urdidura. Equipe de especialistas O envolt\u00f3rio de rede de fardos XES\u00ae para fardos de feno foi desenvolvido por especialistas e tem sido usado com sucesso na agricultura h\u00e1 20 anos.&hellip;","_links":{"self":[{"href":"https:\/\/xesbalenet.com\/pt-br\/wp-json\/wp\/v2\/pages\/3915","targetHints":{"allow":["GET"]}}],"collection":[{"href":"https:\/\/xesbalenet.com\/pt-br\/wp-json\/wp\/v2\/pages"}],"about":[{"href":"https:\/\/xesbalenet.com\/pt-br\/wp-json\/wp\/v2\/types\/page"}],"author":[{"embeddable":true,"href":"https:\/\/xesbalenet.com\/pt-br\/wp-json\/wp\/v2\/users\/1"}],"replies":[{"embeddable":true,"href":"https:\/\/xesbalenet.com\/pt-br\/wp-json\/wp\/v2\/comments?post=3915"}],"version-history":[{"count":0,"href":"https:\/\/xesbalenet.com\/pt-br\/wp-json\/wp\/v2\/pages\/3915\/revisions"}],"wp:attachment":[{"href":"https:\/\/xesbalenet.com\/pt-br\/wp-json\/wp\/v2\/media?parent=3915"}],"curies":[{"name":"wp","href":"https:\/\/api.w.org\/{rel}","templated":true}]}}