{"id":3952,"date":"2025-07-02T08:07:20","date_gmt":"2025-07-02T08:07:20","guid":{"rendered":"https:\/\/xesbalenet.com\/bale-net-wrap-extreme\/"},"modified":"2026-04-30T06:57:52","modified_gmt":"2026-04-30T06:57:52","slug":"bale-net-wrap-extreme","status":"publish","type":"page","link":"https:\/\/xesbalenet.com\/pt-br\/bale-net-wrap-extreme\/","title":{"rendered":"Bale Net Wrap Extreme"},"content":{"rendered":"\n<div class=\"wp-block-columns are-vertically-aligned-top is-layout-flex wp-container-core-columns-is-layout-28f84493 wp-block-columns-is-layout-flex\">\n<div class=\"wp-block-column is-vertically-aligned-top is-layout-flow wp-block-column-is-layout-flow\">\n<figure class=\"wp-block-image aligncenter size-full\"><img decoding=\"async\" width=\"420\" height=\"254\" src=\"https:\/\/xesbalenet.com\/wp-content\/uploads\/2025\/07\/070402.jpg\" alt=\"\" class=\"wp-image-3036\" srcset=\"https:\/\/xesbalenet.com\/wp-content\/uploads\/2025\/07\/070402.jpg 420w, https:\/\/xesbalenet.com\/wp-content\/uploads\/2025\/07\/070402-300x181.jpg 300w\" sizes=\"(max-width: 420px) 100vw, 420px\" \/><\/figure>\n\n\n\n<figure class=\"wp-block-image aligncenter size-full\"><img decoding=\"async\" width=\"420\" height=\"565\" src=\"https:\/\/xesbalenet.com\/wp-content\/uploads\/2025\/07\/070401.jpg\" alt=\"\" class=\"wp-image-3033\" srcset=\"https:\/\/xesbalenet.com\/wp-content\/uploads\/2025\/07\/070401.jpg 420w, https:\/\/xesbalenet.com\/wp-content\/uploads\/2025\/07\/070401-223x300.jpg 223w\" sizes=\"(max-width: 420px) 100vw, 420px\" \/><\/figure>\n\n\n\n<figure class=\"wp-block-image size-large\"><img decoding=\"async\" width=\"1024\" height=\"683\" src=\"https:\/\/xesbalenet.com\/wp-content\/uploads\/2025\/07\/B_11575-1024x683.jpg\" alt=\"\" class=\"wp-image-3038\" srcset=\"https:\/\/xesbalenet.com\/wp-content\/uploads\/2025\/07\/B_11575-1024x683.jpg 1024w, https:\/\/xesbalenet.com\/wp-content\/uploads\/2025\/07\/B_11575-300x200.jpg 300w, https:\/\/xesbalenet.com\/wp-content\/uploads\/2025\/07\/B_11575-768x512.jpg 768w, https:\/\/xesbalenet.com\/wp-content\/uploads\/2025\/07\/B_11575-1536x1024.jpg 1536w, https:\/\/xesbalenet.com\/wp-content\/uploads\/2025\/07\/B_11575.jpg 2048w\" sizes=\"(max-width: 1024px) 100vw, 1024px\" \/><\/figure>\n\n\n\n<figure class=\"wp-block-image size-large\"><img decoding=\"async\" width=\"1024\" height=\"683\" src=\"https:\/\/xesbalenet.com\/wp-content\/uploads\/2025\/07\/B_11604-1024x683.jpg\" alt=\"\" class=\"wp-image-3039\" srcset=\"https:\/\/xesbalenet.com\/wp-content\/uploads\/2025\/07\/B_11604-1024x683.jpg 1024w, https:\/\/xesbalenet.com\/wp-content\/uploads\/2025\/07\/B_11604-300x200.jpg 300w, https:\/\/xesbalenet.com\/wp-content\/uploads\/2025\/07\/B_11604-768x512.jpg 768w, https:\/\/xesbalenet.com\/wp-content\/uploads\/2025\/07\/B_11604-1536x1024.jpg 1536w, https:\/\/xesbalenet.com\/wp-content\/uploads\/2025\/07\/B_11604.jpg 2048w\" sizes=\"(max-width: 1024px) 100vw, 1024px\" \/><\/figure>\n<\/div>\n\n\n\n<div class=\"wp-block-column is-vertically-aligned-top is-layout-flow wp-block-column-is-layout-flow\">\n<h2 class=\"wp-block-heading\">XES\u00ae Extreme Bale Net Wrap<\/h2>\n\n\n\n<p>Conhe\u00e7a nosso envolt\u00f3rio de rede para fardos premium, um produto de engenharia especializada, projetado para durabilidade e confiabilidade no campo. Obtenha prote\u00e7\u00e3o forte e confi\u00e1vel para suas planta\u00e7\u00f5es a um pre\u00e7o econ\u00f4mico.<\/p>\n\n\n\n<h3 class=\"wp-block-heading\"><strong>Certifica\u00e7\u00e3o DLG (Sociedade Agr\u00edcola Alem\u00e3): Uma marca de excel\u00eancia<\/strong><\/h3>\n\n\n\n<figure class=\"wp-block-image is-resized\"><a href=\"https:\/\/pruefberichte.dlg.org\/filestorage\/7439_e.pdf\" target=\"_blank\" rel=\"noreferrer noopener\"><img decoding=\"async\" src=\"https:\/\/cdn.shopify.com\/s\/files\/1\/0723\/2998\/6368\/files\/1548452d7e98d03d51435624522d88b_480x480.jpg?v=1701750322\" alt=\"Marca do certificado DLG\" style=\"width:250px\"\/><\/a><\/figure>\n\n\n\n<p>Nosso envolt\u00f3rio de rede \u00e9 orgulhosamente certificado pela DLG, o que significa que ele atende aos altos padr\u00f5es da Sociedade Agr\u00edcola Alem\u00e3 (Deutsche Landwirtschafts-Gesellschaft). Essa prestigiosa certifica\u00e7\u00e3o \u00e9 reconhecida por seus rigorosos testes e garantia de qualidade, assegurando que nosso produto se destaque no mercado por sua excepcional qualidade e confiabilidade.<\/p>\n\n\n\n<p>Descubra os padr\u00f5es rigorosos e as qualidades excepcionais que diferenciam nosso envolt\u00f3rio de rede, visualizando <a href=\"https:\/\/pruefberichte.dlg.org\/filestorage\/7439_e.pdf\" target=\"_blank\" rel=\"noreferrer noopener\">nosso relat\u00f3rio de teste DLG<\/a>.<\/p>\n\n\n\n<h3 class=\"wp-block-heading\">Principais recursos<\/h3>\n\n\n\n<ul class=\"wp-block-list\">\n<li><strong>For\u00e7a extrema:<\/strong> Maximize a resist\u00eancia e a resili\u00eancia com nossa estrutura patenteada de corrente inserida na urdidura.  <\/li>\n\n\n\n<li><strong>Compat\u00edvel com todas as enfardadeiras de fardos redondos:<\/strong> Nosso envolt\u00f3rio de rede combina perfeitamente com todas as marcas e modelos populares de enfardadeiras de fardos redondos, incluindo John Deere, New Holland e Vermeer.<\/li>\n\n\n\n<li><strong>Comprimento garantido:<\/strong> Estamos dando a voc\u00ea 150 p\u00e9s* extras em cada rolo &#8211; essa \u00e9 a nossa maneira de garantir que voc\u00ea receba exatamente o que foi prometido, sempre.<\/li>\n\n\n\n<li><strong>Marcadores claros:<\/strong> As marca\u00e7\u00f5es laterais e um sinal vermelho claro de fim de rolo aumentam a efici\u00eancia do processo de enfardamento.<\/li>\n\n\n\n<li><strong>\u2714\ufe0f Limpo e uniforme:<\/strong> Voc\u00ea ter\u00e1 menos desperd\u00edcio e um melhor ajuste com nosso envolt\u00f3rio de rede com bordas precisas e enroladas uniformemente, projetado para reduzir o tempo de inatividade e manter o enfardamento funcionando sem problemas<\/li>\n<\/ul>\n\n\n\n<figure class=\"wp-block-table\"><table class=\"has-fixed-layout\"><tbody><tr><td><\/td><td><strong>XES\u00ae Extreme<\/strong><\/td><\/tr><tr><td>Largura do rolo<\/td><td>1,23 m \/ 1,25 m<\/td><\/tr><tr><td>Comprimento garantido<\/td><td>2.000m\/3.000m<\/td><\/tr><tr><td>Resist\u00eancia \u00e0 tra\u00e7\u00e3o<\/td><td>270 kg &#8211; 300 kg<\/td><\/tr><tr><td>Peso<\/td><td>22,8 kg\/32,8 kg<\/td><\/tr><tr><td>Resist\u00eancia aos raios UV<\/td><td>M\u00ednimo de 12 meses<\/td><\/tr><tr><td>Marca\u00e7\u00e3o lateral<\/td><td>Amarelo\/azul\/laranja \u00e0 esquerda<\/td><\/tr><tr><td>Di\u00e2metro externo do rolo<\/td><td>20.5cm(+\/-1.0cm)\/22.5cm(+\/- 1,0cm)<\/td><\/tr><tr><td>Marca\u00e7\u00e3o final<\/td><td>Vermelho, \u00faltimos 50 m<\/td><\/tr><tr><td>Material<\/td><td>PEAD ecol\u00f3gico<\/td><\/tr><tr><td>Aplicativos<\/td><td>Feno, palha, silagem<\/td><\/tr><\/tbody><\/table><\/figure>\n<\/div>\n<\/div>\n\n<div class=\"wp-block-aioseo-key-points\"><div class=\"aioseo-key-points-block-content\">\n<ul class=\"wp-block-list\">\n<li><strong>XES\u00ae Extreme Bale Net Wrap Introdu\u00e7\u00e3o:<\/strong> Este produto \u00e9 um envolt\u00f3rio de rede de fardos premium projetado para durabilidade e prote\u00e7\u00e3o confi\u00e1vel das colheitas, desenvolvido com m\u00e3o de obra especializada e oferecido a um pre\u00e7o econ\u00f4mico.<\/li>\n<\/ul>\n<\/div><\/div>\n\n<div class=\"wp-block-aioseo-key-points\"><div class=\"aioseo-key-points-block-content\">\n<ul class=\"wp-block-list\">\n<li><strong>A certifica\u00e7\u00e3o DLG significa qualidade:<\/strong> Nosso envolt\u00f3rio l\u00edquido \u00e9 certificado pela Sociedade Agr\u00edcola Alem\u00e3 (DLG), o que reflete sua ades\u00e3o a altos padr\u00f5es de testes e garantia de qualidade, assegurando sua excepcional qualidade e confiabilidade.<\/li>\n\n\n\n<li><strong>Principais recursos do Net Wrap:<\/strong> O envolt\u00f3rio de rede apresenta extrema resist\u00eancia por meio de uma estrutura patenteada de corrente inserida em urdidura, compatibilidade universal com as principais enfardadeiras de fardos redondos, comprimento estendido garantido, marcadores claros para maior efici\u00eancia e bordas precisas para reduzir o desperd\u00edcio.<\/li>\n\n\n\n<li><strong>Especifica\u00e7\u00f5es e aplica\u00e7\u00f5es do produto:<\/strong> O envolt\u00f3rio de rede \u00e9 fornecido em v\u00e1rios tamanhos com especifica\u00e7\u00f5es que incluem resist\u00eancia \u00e0 tra\u00e7\u00e3o de 270 a 300 kg, resist\u00eancia aos raios UV por pelo menos 12 meses, material HDPE ecologicamente correto e \u00e9 adequado para enfardar feno, palha e silagem.<\/li>\n\n\n\n<li><strong>Benef\u00edcios adicionais do produto:<\/strong> Recursos como marca\u00e7\u00f5es laterais e um indicador vermelho de fim de rolagem aumentam a efici\u00eancia operacional, enquanto a constru\u00e7\u00e3o precisa minimiza o tempo de inatividade e maximiza a produtividade nas opera\u00e7\u00f5es de campo.<\/li>\n<\/ul>\n<\/div><\/div>\n\n<div data-schema-only=\"false\" class=\"wp-block-aioseo-faq\"><h3 class=\"aioseo-faq-block-question\">What is XES\u00ae Extreme Bale Net Wrap and what are its main features?<\/h3><div class=\"aioseo-faq-block-answer\">\n<p>O XES\u00ae Extreme Bale Net Wrap \u00e9 uma rede premium e dur\u00e1vel projetada para prote\u00e7\u00e3o confi\u00e1vel da cultura. Suas principais caracter\u00edsticas incluem extrema resist\u00eancia por meio de uma estrutura de corrente patenteada inserida na urdidura, compatibilidade com v\u00e1rias enfardadeiras de fardos redondos, um comprimento extra garantido de 150 p\u00e9s, marca\u00e7\u00f5es laterais claras e um sinal vermelho de fim de rolo, al\u00e9m de bordas precisas para reduzir o desperd\u00edcio. <\/p>\n<\/div><\/div>\n\n<div data-schema-only=\"false\" class=\"wp-block-aioseo-faq\"><h3 class=\"aioseo-faq-block-question\">What certification does the XES\u00ae Extreme Bale Net Wrap have and what does it signify?<\/h3><div class=\"aioseo-faq-block-answer\">\n<p>O XES\u00ae Extreme Bale Net Wrap \u00e9 certificado pela Sociedade Agr\u00edcola Alem\u00e3 (DLG), o que indica que ele atende aos altos padr\u00f5es de testes e garantia de qualidade, assegurando sua excepcional qualidade e confiabilidade.<\/p>\n<\/div><\/div>\n\n<div data-schema-only=\"false\" class=\"wp-block-aioseo-faq\"><h3 class=\"aioseo-faq-block-question\">How does the DLG certification benefit the performance and quality of the net wrap?<\/h3><div class=\"aioseo-faq-block-answer\">\n<p>A certifica\u00e7\u00e3o DLG significa que o envolt\u00f3rio de rede foi submetido a rigorosos testes e padr\u00f5es de qualidade, garantindo sua alta qualidade, confiabilidade e desempenho eficaz em opera\u00e7\u00f5es agr\u00edcolas.<\/p>\n<\/div><\/div>\n\n<div data-schema-only=\"false\" class=\"wp-block-aioseo-faq\"><h3 class=\"aioseo-faq-block-question\">What materials and application sizes are available for XES\u00ae Extreme Bale Net Wrap?<\/h3><div class=\"aioseo-faq-block-answer\">\n<p>O envolt\u00f3rio de rede \u00e9 feito de material HDPE ecol\u00f3gico, com tamanhos que variam de 1,23 m a 1,25 m de largura e comprimentos de 2.000 m ou 3.000 m, adequados para enfardar feno, palha e silagem.<\/p>\n<\/div><\/div>\n\n<div data-schema-only=\"false\" class=\"wp-block-aioseo-faq\"><h3 class=\"aioseo-faq-block-question\">What operational advantages does the XES\u00ae Extreme Bale Net Wrap offer to farmers?<\/h3><div class=\"aioseo-faq-block-answer\">\n<p>O envolt\u00f3rio de rede apresenta marcadores claros e um indicador vermelho de fim de rolo que aumentam a efici\u00eancia, e sua constru\u00e7\u00e3o precisa minimiza o desperd\u00edcio e o tempo de inatividade, aumentando assim a produtividade durante as opera\u00e7\u00f5es de enfardamento.<\/p>\n<\/div><\/div>\n","protected":false},"excerpt":{"rendered":"<p>XES\u00ae Extreme Bale Net Wrap Conhe\u00e7a nosso envolt\u00f3rio de rede para fardos premium, um produto de engenharia especializada, projetado para durabilidade e confiabilidade no campo. Obtenha prote\u00e7\u00e3o forte e confi\u00e1vel para suas planta\u00e7\u00f5es a um pre\u00e7o econ\u00f4mico. Certifica\u00e7\u00e3o DLG (Sociedade Agr\u00edcola Alem\u00e3): Uma marca de excel\u00eancia Nosso envolt\u00f3rio de rede \u00e9 orgulhosamente certificado pela DLG, [&hellip;]<\/p>\n","protected":false},"author":1,"featured_media":0,"parent":0,"menu_order":0,"comment_status":"closed","ping_status":"closed","template":"","meta":{"_uag_custom_page_level_css":"","site-sidebar-layout":"default","site-content-layout":"","ast-site-content-layout":"default","site-content-style":"default","site-sidebar-style":"default","ast-global-header-display":"","ast-banner-title-visibility":"","ast-main-header-display":"","ast-hfb-above-header-display":"","ast-hfb-below-header-display":"","ast-hfb-mobile-header-display":"","site-post-title":"","ast-breadcrumbs-content":"","ast-featured-img":"","footer-sml-layout":"","ast-disable-related-posts":"","theme-transparent-header-meta":"","adv-header-id-meta":"","stick-header-meta":"","header-above-stick-meta":"","header-main-stick-meta":"","header-below-stick-meta":"","astra-migrate-meta-layouts":"default","ast-page-background-enabled":"default","ast-page-background-meta":{"desktop":{"background-color":"var(--ast-global-color-4)","background-image":"","background-repeat":"repeat","background-position":"center center","background-size":"auto","background-attachment":"scroll","background-type":"","background-media":"","overlay-type":"","overlay-color":"","overlay-opacity":"","overlay-gradient":""},"tablet":{"background-color":"","background-image":"","background-repeat":"repeat","background-position":"center center","background-size":"auto","background-attachment":"scroll","background-type":"","background-media":"","overlay-type":"","overlay-color":"","overlay-opacity":"","overlay-gradient":""},"mobile":{"background-color":"","background-image":"","background-repeat":"repeat","background-position":"center center","background-size":"auto","background-attachment":"scroll","background-type":"","background-media":"","overlay-type":"","overlay-color":"","overlay-opacity":"","overlay-gradient":""}},"ast-content-background-meta":{"desktop":{"background-color":"var(--ast-global-color-5)","background-image":"","background-repeat":"repeat","background-position":"center center","background-size":"auto","background-attachment":"scroll","background-type":"","background-media":"","overlay-type":"","overlay-color":"","overlay-opacity":"","overlay-gradient":""},"tablet":{"background-color":"var(--ast-global-color-5)","background-image":"","background-repeat":"repeat","background-position":"center center","background-size":"auto","background-attachment":"scroll","background-type":"","background-media":"","overlay-type":"","overlay-color":"","overlay-opacity":"","overlay-gradient":""},"mobile":{"background-color":"var(--ast-global-color-5)","background-image":"","background-repeat":"repeat","background-position":"center center","background-size":"auto","background-attachment":"scroll","background-type":"","background-media":"","overlay-type":"","overlay-color":"","overlay-opacity":"","overlay-gradient":""}},"_joinchat":[],"footnotes":""},"class_list":["post-3952","page","type-page","status-publish","hentry"],"aioseo_notices":[],"uagb_featured_image_src":{"full":false,"thumbnail":false,"medium":false,"medium_large":false,"large":false,"1536x1536":false,"2048x2048":false},"uagb_author_info":{"display_name":"xesbalenet","author_link":"https:\/\/xesbalenet.com\/pt-br\/author\/zx9212110726live-com\/"},"uagb_comment_info":0,"uagb_excerpt":"XES\u00ae Extreme Bale Net Wrap Conhe\u00e7a nosso envolt\u00f3rio de rede para fardos premium, um produto de engenharia especializada, projetado para durabilidade e confiabilidade no campo. Obtenha prote\u00e7\u00e3o forte e confi\u00e1vel para suas planta\u00e7\u00f5es a um pre\u00e7o econ\u00f4mico. Certifica\u00e7\u00e3o DLG (Sociedade Agr\u00edcola Alem\u00e3): Uma marca de excel\u00eancia Nosso envolt\u00f3rio de rede \u00e9 orgulhosamente certificado pela DLG,&hellip;","_links":{"self":[{"href":"https:\/\/xesbalenet.com\/pt-br\/wp-json\/wp\/v2\/pages\/3952","targetHints":{"allow":["GET"]}}],"collection":[{"href":"https:\/\/xesbalenet.com\/pt-br\/wp-json\/wp\/v2\/pages"}],"about":[{"href":"https:\/\/xesbalenet.com\/pt-br\/wp-json\/wp\/v2\/types\/page"}],"author":[{"embeddable":true,"href":"https:\/\/xesbalenet.com\/pt-br\/wp-json\/wp\/v2\/users\/1"}],"replies":[{"embeddable":true,"href":"https:\/\/xesbalenet.com\/pt-br\/wp-json\/wp\/v2\/comments?post=3952"}],"version-history":[{"count":0,"href":"https:\/\/xesbalenet.com\/pt-br\/wp-json\/wp\/v2\/pages\/3952\/revisions"}],"wp:attachment":[{"href":"https:\/\/xesbalenet.com\/pt-br\/wp-json\/wp\/v2\/media?parent=3952"}],"curies":[{"name":"wp","href":"https:\/\/api.w.org\/{rel}","templated":true}]}}