{"id":4034,"date":"2025-07-02T08:17:11","date_gmt":"2025-07-02T08:17:11","guid":{"rendered":"https:\/\/xesbalenet.com\/bale-net-wrap-supreme\/"},"modified":"2026-04-30T07:02:25","modified_gmt":"2026-04-30T07:02:25","slug":"bale-net-wrap-supreme","status":"publish","type":"page","link":"https:\/\/xesbalenet.com\/pt-br\/bale-net-wrap-supreme\/","title":{"rendered":"Bale Net Wrap Supreme"},"content":{"rendered":"\n<div class=\"wp-block-columns is-layout-flex wp-container-core-columns-is-layout-28f84493 wp-block-columns-is-layout-flex\">\n<div class=\"wp-block-column is-layout-flow wp-block-column-is-layout-flow\">\n<figure class=\"wp-block-image aligncenter size-full\"><img decoding=\"async\" width=\"420\" height=\"172\" src=\"https:\/\/xesbalenet.com\/wp-content\/uploads\/2025\/07\/070403.jpg\" alt=\"\" class=\"wp-image-3042\" srcset=\"https:\/\/xesbalenet.com\/wp-content\/uploads\/2025\/07\/070403.jpg 420w, https:\/\/xesbalenet.com\/wp-content\/uploads\/2025\/07\/070403-300x123.jpg 300w\" sizes=\"(max-width: 420px) 100vw, 420px\" \/><\/figure>\n\n\n\n<figure class=\"wp-block-image size-large\"><img decoding=\"async\" width=\"1024\" height=\"768\" src=\"https:\/\/xesbalenet.com\/wp-content\/uploads\/2025\/07\/51-1-1024x768.jpg\" alt=\"\" class=\"wp-image-3044\" srcset=\"https:\/\/xesbalenet.com\/wp-content\/uploads\/2025\/07\/51-1-1024x768.jpg 1024w, https:\/\/xesbalenet.com\/wp-content\/uploads\/2025\/07\/51-1-300x225.jpg 300w, https:\/\/xesbalenet.com\/wp-content\/uploads\/2025\/07\/51-1-768x576.jpg 768w, https:\/\/xesbalenet.com\/wp-content\/uploads\/2025\/07\/51-1-1536x1152.jpg 1536w, https:\/\/xesbalenet.com\/wp-content\/uploads\/2025\/07\/51-1-2048x1536.jpg 2048w\" sizes=\"(max-width: 1024px) 100vw, 1024px\" \/><\/figure>\n\n\n\n<figure class=\"wp-block-image size-large\"><img decoding=\"async\" src=\"https:\/\/xesbalenet.com\/wp-content\/uploads\/2025\/07\/&#x5FAE;&#x4FE1;&#x56FE;&#x7247;_20220713093010-1024x1024.jpg\" alt=\"\" class=\"wp-image-3048\"\/><\/figure>\n<\/div>\n\n\n\n<div class=\"wp-block-column is-layout-flow wp-block-column-is-layout-flow\">\n<h2 class=\"wp-block-heading\">XES\u00ae Supreme Bale Net Wrap<\/h2>\n\n\n\n<p><strong>Nossa inovadora rede de fardos com tecnologia patenteada.<\/strong><\/p>\n\n\n\n<p>Essa tecnologia n\u00e3o requer tecelagem, um fio de urdidura conecta tr\u00eas fios de trama, e a grande \u00e1rea de superf\u00edcie e o alto atrito tornam as redes mais resistentes \u00e0 exposi\u00e7\u00e3o ao sol. A superf\u00edcie da rede \u00e9 lisa e plana, e \u00e9 menos prov\u00e1vel que ela seja danificada dentro da m\u00e1quina de embalagem. Ele distribui o peso uniformemente por toda a rede e aumenta a resist\u00eancia a rasgos. Resultado: 5.000 metros em vez de 3.000 metros com o mesmo peso e di\u00e2metro de rolagem. Otimizado para m\u00e1xima efici\u00eancia com baixos tempos de parada na agricultura.<\/p>\n\n\n\n<p>Com uma alta resist\u00eancia ao rasgo de cerca de 300 kg, ele tamb\u00e9m \u00e9 adequado para tarefas exigentes, como a colheita de milho. Nossa rede de fardos XES\u00ae Supreme oferece os seguintes recursos:<\/p>\n\n\n\n<p>&#8211; Alta resist\u00eancia \u00e0 tra\u00e7\u00e3o e capacidade de alongamento (XES\u00ae Supremeup at\u00e9 300 kg)<\/p>\n\n\n\n<p>&#8211; funciona perfeitamente em todas as m\u00e1quinas estabelecidas<\/p>\n\n\n\n<p>&#8211; Fabricado em PEAD ecologicamente correto<\/p>\n\n\n\n<p>(Polietileno de alta densidade)<\/p>\n\n\n\n<p>&#8211; Enrolamento preciso e uniforme<\/p>\n\n\n\n<p>&#8211; Estabilidade UV 1 ano para a Europa Central<\/p>\n\n\n\n<p>&#8211; Fabricante certificado de acordo com a norma DIN EN ISO 9001<\/p>\n\n\n\n<p>Descubra os padr\u00f5es rigorosos e as qualidades excepcionais que diferenciam nosso envolt\u00f3rio de rede, visualizando <a rel=\"noreferrer noopener\" href=\"https:\/\/pruefberichte.dlg.org\/filestorage\/7439_e.pdf\" target=\"_blank\">nosso relat\u00f3rio de teste DLG<\/a>.<\/p>\n\n\n\n<figure class=\"wp-block-table\"><table class=\"has-fixed-layout\"><tbody><tr><td><\/td><td><strong>XES\u00ae Supreme<\/strong><\/td><\/tr><tr><td>Resist\u00eancia \u00e0 tra\u00e7\u00e3o<\/td><td>270 kg<\/td><\/tr><tr><td>Largura do rolo<\/td><td>1,23 m \/ 1,25 m<\/td><\/tr><tr><td>Comprimento garantido<\/td><td>3000m\/4000m<\/td><\/tr><tr><td>Peso<\/td><td>25 kg\/32,8 kg<\/td><\/tr><tr><td>Material<\/td><td>PEAD ecol\u00f3gico<\/td><\/tr><tr><td>Resist\u00eancia aos raios UV<\/td><td>12 meses<\/td><\/tr><tr><td>Aplicativos<\/td><td>Silagem, feno, palha, milho<\/td><\/tr><tr><td>Aplicativos<\/td><td>Silagem, feno, palha, palha forte,<br\/>milho, polpa de beterraba e gravetos<\/td><\/tr><\/tbody><\/table><\/figure>\n<\/div>\n<\/div>\n\n<div class=\"wp-block-aioseo-key-points\"><div class=\"aioseo-key-points-block-content\">\n<ul class=\"wp-block-list\">\n<li><strong>Tecnologia inovadora de rede de fardos:<\/strong> O XES\u00ae Supreme Bale Net Wrap apresenta uma tecnologia patenteada, sem tecelagem, com alta fric\u00e7\u00e3o e grande \u00e1rea de superf\u00edcie, melhorando a resist\u00eancia aos danos causados pelo sol e aumentando a resist\u00eancia ao rasgo.<\/li>\n\n\n\n<li><strong>Efici\u00eancia e durabilidade aprimoradas:<\/strong> A rede fornece at\u00e9 5.000 metros de comprimento com o mesmo peso, oferece alta resist\u00eancia \u00e0 tra\u00e7\u00e3o de cerca de 300 kg e distribui o peso uniformemente, tornando-a adequada para tarefas agr\u00edcolas exigentes, como a colheita de milho.<\/li>\n\n\n\n<li><strong>Ampla compatibilidade e aplica\u00e7\u00e3o:<\/strong> Projetado para funcionar perfeitamente em todas as m\u00e1quinas de embalagem estabelecidas e adequado para v\u00e1rios usos, incluindo silagem, feno, palha, milho, polpa de beterraba e palitos.<\/li>\n<\/ul>\n<\/div><\/div>\n\n<div data-schema-only=\"false\" class=\"wp-block-aioseo-faq\"><h3 class=\"aioseo-faq-block-question\">Is the XES\u00ae Supreme Bale Net Wrap suitable for different agricultural applications?<\/h3><div class=\"aioseo-faq-block-answer\">\n<p>Sim, ele \u00e9 adequado para v\u00e1rias finalidades, incluindo silagem, feno, palha, milho, polpa de beterraba e palitos, e pode ser usado em todas as m\u00e1quinas de embalagem estabelecidas sem problemas.<\/p>\n<\/div><\/div>\n\n<div data-schema-only=\"false\" class=\"wp-block-aioseo-faq\"><h3 class=\"aioseo-faq-block-question\">How does the innovative technology of XES\u00ae Supreme Bale Net Wrap improve its durability?<\/h3><div class=\"aioseo-faq-block-answer\">\n<p>Sua tecnologia patenteada sem tecelagem, combinada com a alta fric\u00e7\u00e3o da superf\u00edcie e a grande \u00e1rea de contato, aumenta a resist\u00eancia ao sol e a resist\u00eancia ao rasgo, permitindo que a rede resista a tarefas agr\u00edcolas exigentes e proporcione uma vida \u00fatil mais longa.<\/p>\n<\/div><\/div>\n\n<div data-schema-only=\"false\" class=\"wp-block-aioseo-faq\"><h3 class=\"aioseo-faq-block-question\">What are the key features of the XES\u00ae Supreme Bale Net Wrap?<\/h3><div class=\"aioseo-faq-block-answer\">\n<p>O XES\u00ae Supreme Bale Net Wrap \u00e9 caracterizado por sua tecnologia patenteada e sem tecelagem, alta fric\u00e7\u00e3o, grande \u00e1rea de superf\u00edcie, efici\u00eancia m\u00e1xima, alta resist\u00eancia ao rasgo de cerca de 300 kg e material PEAD ecologicamente correto. Ele tamb\u00e9m oferece estabilidade UV por um ano e \u00e9 compat\u00edvel com todas as m\u00e1quinas de embalagem existentes. <\/p>\n<\/div><\/div>\n","protected":false},"excerpt":{"rendered":"<p>XES\u00ae Supreme Bale Net Wrap Nossa inovadora rede de fardos com tecnologia patenteada. Essa tecnologia n\u00e3o requer tecelagem, um fio de urdidura conecta tr\u00eas fios de trama, e a grande \u00e1rea de superf\u00edcie e o alto atrito tornam as redes mais resistentes \u00e0 exposi\u00e7\u00e3o ao sol. A superf\u00edcie da rede \u00e9 lisa e plana, e [&hellip;]<\/p>\n","protected":false},"author":1,"featured_media":0,"parent":0,"menu_order":0,"comment_status":"closed","ping_status":"closed","template":"","meta":{"_uag_custom_page_level_css":"","site-sidebar-layout":"default","site-content-layout":"","ast-site-content-layout":"default","site-content-style":"default","site-sidebar-style":"default","ast-global-header-display":"","ast-banner-title-visibility":"","ast-main-header-display":"","ast-hfb-above-header-display":"","ast-hfb-below-header-display":"","ast-hfb-mobile-header-display":"","site-post-title":"","ast-breadcrumbs-content":"","ast-featured-img":"","footer-sml-layout":"","ast-disable-related-posts":"","theme-transparent-header-meta":"","adv-header-id-meta":"","stick-header-meta":"","header-above-stick-meta":"","header-main-stick-meta":"","header-below-stick-meta":"","astra-migrate-meta-layouts":"set","ast-page-background-enabled":"default","ast-page-background-meta":{"desktop":{"background-color":"var(--ast-global-color-4)","background-image":"","background-repeat":"repeat","background-position":"center center","background-size":"auto","background-attachment":"scroll","background-type":"","background-media":"","overlay-type":"","overlay-color":"","overlay-opacity":"","overlay-gradient":""},"tablet":{"background-color":"","background-image":"","background-repeat":"repeat","background-position":"center center","background-size":"auto","background-attachment":"scroll","background-type":"","background-media":"","overlay-type":"","overlay-color":"","overlay-opacity":"","overlay-gradient":""},"mobile":{"background-color":"","background-image":"","background-repeat":"repeat","background-position":"center center","background-size":"auto","background-attachment":"scroll","background-type":"","background-media":"","overlay-type":"","overlay-color":"","overlay-opacity":"","overlay-gradient":""}},"ast-content-background-meta":{"desktop":{"background-color":"var(--ast-global-color-5)","background-image":"","background-repeat":"repeat","background-position":"center center","background-size":"auto","background-attachment":"scroll","background-type":"","background-media":"","overlay-type":"","overlay-color":"","overlay-opacity":"","overlay-gradient":""},"tablet":{"background-color":"var(--ast-global-color-5)","background-image":"","background-repeat":"repeat","background-position":"center center","background-size":"auto","background-attachment":"scroll","background-type":"","background-media":"","overlay-type":"","overlay-color":"","overlay-opacity":"","overlay-gradient":""},"mobile":{"background-color":"var(--ast-global-color-5)","background-image":"","background-repeat":"repeat","background-position":"center center","background-size":"auto","background-attachment":"scroll","background-type":"","background-media":"","overlay-type":"","overlay-color":"","overlay-opacity":"","overlay-gradient":""}},"_joinchat":[],"footnotes":""},"class_list":["post-4034","page","type-page","status-publish","hentry"],"aioseo_notices":[],"uagb_featured_image_src":{"full":false,"thumbnail":false,"medium":false,"medium_large":false,"large":false,"1536x1536":false,"2048x2048":false},"uagb_author_info":{"display_name":"xesbalenet","author_link":"https:\/\/xesbalenet.com\/pt-br\/author\/zx9212110726live-com\/"},"uagb_comment_info":0,"uagb_excerpt":"XES\u00ae Supreme Bale Net Wrap Nossa inovadora rede de fardos com tecnologia patenteada. Essa tecnologia n\u00e3o requer tecelagem, um fio de urdidura conecta tr\u00eas fios de trama, e a grande \u00e1rea de superf\u00edcie e o alto atrito tornam as redes mais resistentes \u00e0 exposi\u00e7\u00e3o ao sol. A superf\u00edcie da rede \u00e9 lisa e plana, e&hellip;","_links":{"self":[{"href":"https:\/\/xesbalenet.com\/pt-br\/wp-json\/wp\/v2\/pages\/4034","targetHints":{"allow":["GET"]}}],"collection":[{"href":"https:\/\/xesbalenet.com\/pt-br\/wp-json\/wp\/v2\/pages"}],"about":[{"href":"https:\/\/xesbalenet.com\/pt-br\/wp-json\/wp\/v2\/types\/page"}],"author":[{"embeddable":true,"href":"https:\/\/xesbalenet.com\/pt-br\/wp-json\/wp\/v2\/users\/1"}],"replies":[{"embeddable":true,"href":"https:\/\/xesbalenet.com\/pt-br\/wp-json\/wp\/v2\/comments?post=4034"}],"version-history":[{"count":0,"href":"https:\/\/xesbalenet.com\/pt-br\/wp-json\/wp\/v2\/pages\/4034\/revisions"}],"wp:attachment":[{"href":"https:\/\/xesbalenet.com\/pt-br\/wp-json\/wp\/v2\/media?parent=4034"}],"curies":[{"name":"wp","href":"https:\/\/api.w.org\/{rel}","templated":true}]}}