{"id":4062,"date":"2025-08-01T06:21:22","date_gmt":"2025-08-01T06:21:22","guid":{"rendered":"https:\/\/xesbalenet.com\/bale-net-wrap-classic\/"},"modified":"2026-04-30T06:41:43","modified_gmt":"2026-04-30T06:41:43","slug":"bale-net-wrap-classic","status":"publish","type":"page","link":"https:\/\/xesbalenet.com\/pt-br\/bale-net-wrap-classic\/","title":{"rendered":"Bale Net Wrap Classic"},"content":{"rendered":"\n<div class=\"wp-block-columns are-vertically-aligned-top is-layout-flex wp-container-core-columns-is-layout-28f84493 wp-block-columns-is-layout-flex\">\n<div class=\"wp-block-column is-vertically-aligned-top is-layout-flow wp-block-column-is-layout-flow\">\n<figure class=\"wp-block-image size-large\"><img decoding=\"async\" width=\"954\" height=\"1024\" src=\"https:\/\/xesbalenet.com\/wp-content\/uploads\/2025\/08\/B_11639-954x1024.jpg\" alt=\"\" class=\"wp-image-3090\" srcset=\"https:\/\/xesbalenet.com\/wp-content\/uploads\/2025\/08\/B_11639-954x1024.jpg 954w, https:\/\/xesbalenet.com\/wp-content\/uploads\/2025\/08\/B_11639-279x300.jpg 279w, https:\/\/xesbalenet.com\/wp-content\/uploads\/2025\/08\/B_11639-768x825.jpg 768w, https:\/\/xesbalenet.com\/wp-content\/uploads\/2025\/08\/B_11639.jpg 990w\" sizes=\"(max-width: 954px) 100vw, 954px\" \/><\/figure>\n\n\n\n<figure class=\"wp-block-image size-large\"><img decoding=\"async\" width=\"1024\" height=\"683\" src=\"https:\/\/xesbalenet.com\/wp-content\/uploads\/2025\/07\/B_11604-1024x683.jpg\" alt=\"\" class=\"wp-image-3039\" srcset=\"https:\/\/xesbalenet.com\/wp-content\/uploads\/2025\/07\/B_11604-1024x683.jpg 1024w, https:\/\/xesbalenet.com\/wp-content\/uploads\/2025\/07\/B_11604-300x200.jpg 300w, https:\/\/xesbalenet.com\/wp-content\/uploads\/2025\/07\/B_11604-768x512.jpg 768w, https:\/\/xesbalenet.com\/wp-content\/uploads\/2025\/07\/B_11604-1536x1024.jpg 1536w, https:\/\/xesbalenet.com\/wp-content\/uploads\/2025\/07\/B_11604.jpg 2048w\" sizes=\"(max-width: 1024px) 100vw, 1024px\" \/><\/figure>\n<\/div>\n\n\n\n<div class=\"wp-block-column is-vertically-aligned-top is-layout-flow wp-block-column-is-layout-flow\">\n<h2 class=\"wp-block-heading\">XES\u00ae Classic Bale Net Wrap<\/h2>\n\n\n\n<p>A vers\u00e3o b\u00e1sica j\u00e1 garante uma qualidade impressionante com uma resist\u00eancia \u00e0 tra\u00e7\u00e3o<br\/>de 270 kg. Assim como nossas outras redes de alta qualidade, essa rede tamb\u00e9m \u00e9<br\/>feita de HDPE (polietileno de alta densidade) ecol\u00f3gico<br\/>e garante uma estabilidade UV de pelo menos um ano para a Europa Central.<\/p>\n\n\n\n<p>A XES\u00ae \u00e9 a empresa de distribui\u00e7\u00e3o europeia de um fabricante de redes agr\u00edcolas experiente e reconhecido mundialmente. Por mais de 20 anos, os produtos XES\u00ae t\u00eam proporcionado, de forma consistente, excelente qualidade, custo-benef\u00edcio superior e resultados excepcionais no campo. Em toda a Europa, agricultores e empreiteiros agr\u00edcolas confiam nos produtos XES\u00ae.<\/p>\n\n\n\n<h3 class=\"wp-block-heading\">Principais recursos<\/h3>\n\n\n\n<ul class=\"wp-block-list\">\n<li><strong>Resist\u00eancia cl\u00e1ssica:<\/strong> Nossa estrutura especial de corrente tricotada com fios refor\u00e7ados oferece extrema resist\u00eancia e reduz o desperd\u00edcio.  <\/li>\n\n\n\n<li><strong>Compat\u00edvel com todas as enfardadeiras de fardos redondos:<\/strong> Nosso envolt\u00f3rio de rede combina perfeitamente com todas as marcas e modelos populares de enfardadeiras de fardos redondos, incluindo John Deere, New Holland e Vermeer.<\/li>\n\n\n\n<li><strong>Comprimento garantido:<\/strong> Estamos dando a voc\u00ea 150 p\u00e9s* extras em cada rolo &#8211; essa \u00e9 a nossa maneira de garantir que voc\u00ea receba exatamente o que foi prometido, sempre.<\/li>\n\n\n\n<li><strong>Marcadores claros:<\/strong> As marca\u00e7\u00f5es laterais e um sinal vermelho claro de fim de rolo aumentam a efici\u00eancia do processo de enfardamento.<\/li>\n\n\n\n<li><strong>\u2714\ufe0f Limpo e uniforme:<\/strong> Voc\u00ea ter\u00e1 menos desperd\u00edcio e um melhor ajuste com nosso envolt\u00f3rio de rede com bordas precisas e enroladas uniformemente, projetado para reduzir o tempo de inatividade e manter o enfardamento funcionando sem problemas<\/li>\n<\/ul>\n\n\n\n<figure class=\"wp-block-table\"><table class=\"has-fixed-layout\"><tbody><tr><td><\/td><td><strong>XES\u00ae Classic<\/strong><\/td><\/tr><tr><td>Largura do rolo<\/td><td>1,23 m \/ 1,25 m<\/td><\/tr><tr><td>Comprimento garantido<\/td><td>2.000m\/3.000m<\/td><\/tr><tr><td>Resist\u00eancia \u00e0 tra\u00e7\u00e3o<\/td><td>270 kg<\/td><\/tr><tr><td>Peso<\/td><td>22,8 kg\/32,8 kg<\/td><\/tr><tr><td>Resist\u00eancia aos raios UV<\/td><td>M\u00ednimo de 12 meses<\/td><\/tr><tr><td>Marca\u00e7\u00e3o lateral<\/td><td>Amarelo\/azul\/laranja \u00e0 esquerda<\/td><\/tr><tr><td>Di\u00e2metro externo do rolo<\/td><td>20.5cm(+\/-1.0cm)\/22.5cm(+\/- 1,0cm)<\/td><\/tr><tr><td>Marca\u00e7\u00e3o final<\/td><td>Vermelho, \u00faltimos 50 m<\/td><\/tr><tr><td>Material<\/td><td>PEAD ecol\u00f3gico<\/td><\/tr><tr><td>Aplicativos<\/td><td>Feno, palha, silagem<\/td><\/tr><\/tbody><\/table><\/figure>\n<\/div>\n<\/div>\n\n<div class=\"wp-block-aioseo-key-points\"><div class=\"aioseo-key-points-block-content\">\n<ul class=\"wp-block-list\">\n<li><strong>XES\u00ae Classic Bale Net Wrap Dimens\u00f5es e composi\u00e7\u00e3o:<\/strong> Feita de PEAD ecologicamente correto, essa rede apresenta uma resist\u00eancia \u00e0 tra\u00e7\u00e3o de 270 kg, estabilidade UV de pelo menos um ano na Europa Central e tamanhos de rolo de 2.000 a 3.000 metros.<\/li>\n\n\n\n<li><strong>Recursos de alta qualidade da rede de fardos XES\u00ae Classic:<\/strong> A rede tem uma estrutura de corrente tricotada para maior resist\u00eancia, marca\u00e7\u00e3o e sinais claros para um enfardamento eficiente e um design equilibrado para reduzir o desperd\u00edcio e o tempo de inatividade.<\/li>\n\n\n\n<li><strong>Compatibilidade e benef\u00edcios pr\u00e1ticos:<\/strong> Projetado para se ajustar a todas as enfardadeiras de fardos redondos populares, como John Deere, New Holland e Vermeer, ele garante comprimento preciso, bordas perfeitas e integra\u00e7\u00e3o perfeita \u00e0s rotinas agr\u00edcolas.<\/li>\n\n\n\n<li><strong>Principais atributos e especifica\u00e7\u00f5es do produto:<\/strong> As caracter\u00edsticas incluem v\u00e1rias larguras de rolo (1,23 m ou 1,25 m), comprimento garantido, peso, dura\u00e7\u00e3o da resist\u00eancia aos raios UV e marca\u00e7\u00f5es laterais distintas, tornando-o vers\u00e1til para feno, palha e silagem.<\/li>\n<\/ul>\n<\/div><\/div>\n\n<div data-schema-only=\"false\" class=\"wp-block-aioseo-faq\"><h3 class=\"aioseo-faq-block-question\">What practical benefits does the XES\u00ae Classic Bale Net Wrap provide during baling?<\/h3><div class=\"aioseo-faq-block-answer\">\n<p>Ele oferece sinais claros de fim de rolo, marca\u00e7\u00f5es laterais para maior efici\u00eancia, bordas limpas e equilibradas para minimizar o desperd\u00edcio e um design robusto que reduz o tempo de inatividade e aprimora o processo geral de enfardamento.<\/p>\n<\/div><\/div>\n\n<div data-schema-only=\"false\" class=\"wp-block-aioseo-faq\"><h3 class=\"aioseo-faq-block-question\">Why is the environmental aspect of XES\u00ae Classic Bale Net Wrap important?<\/h3><div class=\"aioseo-faq-block-answer\">\n<p>A rede \u00e9 feita de HDPE ecol\u00f3gico, enfatizando a sustentabilidade, reduzindo o impacto ambiental e alinhando-se \u00e0s pr\u00e1ticas agr\u00edcolas ambientalmente conscientes.<\/p>\n<\/div><\/div>\n\n<div data-schema-only=\"false\" class=\"wp-block-aioseo-faq\"><h3 class=\"aioseo-faq-block-question\">What are the dimensions and capacity of the XES\u00ae Classic Bale Net Wrap?<\/h3><div class=\"aioseo-faq-block-answer\">\n<p>O envolt\u00f3rio de rede est\u00e1 dispon\u00edvel em larguras de rolo de 1,23 m ou 1,25 m, com comprimentos garantidos de 2.000 m ou 3.000 m e pesos de rolo que variam de 22,8 kg a 32,8 kg.<\/p>\n<\/div><\/div>\n\n<div data-schema-only=\"false\" class=\"wp-block-aioseo-faq\"><h3 class=\"aioseo-faq-block-question\">How does the XES\u00ae Classic Bale Net Wrap ensure compatibility with various balers?<\/h3><div class=\"aioseo-faq-block-answer\">\n<p>O envolt\u00f3rio de rede \u00e9 compat\u00edvel com todas as marcas e modelos populares de enfardadeiras de fardos redondos, incluindo John Deere, New Holland e Vermeer, garantindo um ajuste perfeito em v\u00e1rios tipos de equipamentos.<\/p>\n<\/div><\/div>\n\n<div data-schema-only=\"false\" class=\"wp-block-aioseo-faq\"><h3 class=\"aioseo-faq-block-question\">What are the main features of XES\u00ae Classic Bale Net Wrap?<\/h3><div class=\"aioseo-faq-block-answer\">\n<p>O XES\u00ae Classic Bale Net Wrap tem uma resist\u00eancia \u00e0 tra\u00e7\u00e3o de 270 kg, \u00e9 feito de HDPE ecol\u00f3gico, com estabilidade UV de pelo menos um ano na Europa Central, estrutura de corrente de malha refor\u00e7ada, marca\u00e7\u00f5es laterais claras e um enrolamento preciso e uniforme para reduzir o desperd\u00edcio.<\/p>\n<\/div><\/div>\n","protected":false},"excerpt":{"rendered":"<p>XES\u00ae Classic Bale Net Wrap A vers\u00e3o b\u00e1sica j\u00e1 garante uma qualidade impressionante com uma resist\u00eancia \u00e0 tra\u00e7\u00e3ode 270 kg. Assim como nossas outras redes de alta qualidade, essa rede tamb\u00e9m \u00e9feita de HDPE (polietileno de alta densidade) ecol\u00f3gicoe garante uma estabilidade UV de pelo menos um ano para a Europa Central. A XES\u00ae \u00e9 [&hellip;]<\/p>\n","protected":false},"author":1,"featured_media":0,"parent":0,"menu_order":0,"comment_status":"closed","ping_status":"closed","template":"","meta":{"_uag_custom_page_level_css":"","site-sidebar-layout":"default","site-content-layout":"","ast-site-content-layout":"default","site-content-style":"default","site-sidebar-style":"default","ast-global-header-display":"","ast-banner-title-visibility":"","ast-main-header-display":"","ast-hfb-above-header-display":"","ast-hfb-below-header-display":"","ast-hfb-mobile-header-display":"","site-post-title":"","ast-breadcrumbs-content":"","ast-featured-img":"","footer-sml-layout":"","ast-disable-related-posts":"","theme-transparent-header-meta":"","adv-header-id-meta":"","stick-header-meta":"","header-above-stick-meta":"","header-main-stick-meta":"","header-below-stick-meta":"","astra-migrate-meta-layouts":"default","ast-page-background-enabled":"default","ast-page-background-meta":{"desktop":{"background-color":"var(--ast-global-color-4)","background-image":"","background-repeat":"repeat","background-position":"center center","background-size":"auto","background-attachment":"scroll","background-type":"","background-media":"","overlay-type":"","overlay-color":"","overlay-opacity":"","overlay-gradient":""},"tablet":{"background-color":"","background-image":"","background-repeat":"repeat","background-position":"center center","background-size":"auto","background-attachment":"scroll","background-type":"","background-media":"","overlay-type":"","overlay-color":"","overlay-opacity":"","overlay-gradient":""},"mobile":{"background-color":"","background-image":"","background-repeat":"repeat","background-position":"center center","background-size":"auto","background-attachment":"scroll","background-type":"","background-media":"","overlay-type":"","overlay-color":"","overlay-opacity":"","overlay-gradient":""}},"ast-content-background-meta":{"desktop":{"background-color":"var(--ast-global-color-5)","background-image":"","background-repeat":"repeat","background-position":"center center","background-size":"auto","background-attachment":"scroll","background-type":"","background-media":"","overlay-type":"","overlay-color":"","overlay-opacity":"","overlay-gradient":""},"tablet":{"background-color":"var(--ast-global-color-5)","background-image":"","background-repeat":"repeat","background-position":"center center","background-size":"auto","background-attachment":"scroll","background-type":"","background-media":"","overlay-type":"","overlay-color":"","overlay-opacity":"","overlay-gradient":""},"mobile":{"background-color":"var(--ast-global-color-5)","background-image":"","background-repeat":"repeat","background-position":"center center","background-size":"auto","background-attachment":"scroll","background-type":"","background-media":"","overlay-type":"","overlay-color":"","overlay-opacity":"","overlay-gradient":""}},"_joinchat":[],"footnotes":""},"class_list":["post-4062","page","type-page","status-publish","hentry"],"aioseo_notices":[],"uagb_featured_image_src":{"full":false,"thumbnail":false,"medium":false,"medium_large":false,"large":false,"1536x1536":false,"2048x2048":false},"uagb_author_info":{"display_name":"xesbalenet","author_link":"https:\/\/xesbalenet.com\/pt-br\/author\/zx9212110726live-com\/"},"uagb_comment_info":0,"uagb_excerpt":"XES\u00ae Classic Bale Net Wrap A vers\u00e3o b\u00e1sica j\u00e1 garante uma qualidade impressionante com uma resist\u00eancia \u00e0 tra\u00e7\u00e3ode 270 kg. Assim como nossas outras redes de alta qualidade, essa rede tamb\u00e9m \u00e9feita de HDPE (polietileno de alta densidade) ecol\u00f3gicoe garante uma estabilidade UV de pelo menos um ano para a Europa Central. A XES\u00ae \u00e9&hellip;","_links":{"self":[{"href":"https:\/\/xesbalenet.com\/pt-br\/wp-json\/wp\/v2\/pages\/4062","targetHints":{"allow":["GET"]}}],"collection":[{"href":"https:\/\/xesbalenet.com\/pt-br\/wp-json\/wp\/v2\/pages"}],"about":[{"href":"https:\/\/xesbalenet.com\/pt-br\/wp-json\/wp\/v2\/types\/page"}],"author":[{"embeddable":true,"href":"https:\/\/xesbalenet.com\/pt-br\/wp-json\/wp\/v2\/users\/1"}],"replies":[{"embeddable":true,"href":"https:\/\/xesbalenet.com\/pt-br\/wp-json\/wp\/v2\/comments?post=4062"}],"version-history":[{"count":0,"href":"https:\/\/xesbalenet.com\/pt-br\/wp-json\/wp\/v2\/pages\/4062\/revisions"}],"wp:attachment":[{"href":"https:\/\/xesbalenet.com\/pt-br\/wp-json\/wp\/v2\/media?parent=4062"}],"curies":[{"name":"wp","href":"https:\/\/api.w.org\/{rel}","templated":true}]}}