{"id":3784,"date":"2025-06-06T09:14:25","date_gmt":"2025-06-06T09:14:25","guid":{"rendered":"https:\/\/xesbalenet.com\/persoana-de-contact\/"},"modified":"2026-04-30T05:55:32","modified_gmt":"2026-04-30T05:55:32","slug":"persoana-de-contact","status":"publish","type":"page","link":"https:\/\/xesbalenet.com\/ro\/persoana-de-contact\/","title":{"rendered":"Persoan\u0103 de contact"},"content":{"rendered":"\n<div class=\"wp-block-uagb-container uagb-block-93b94c88 alignfull uagb-is-root-container\"><div class=\"uagb-container-inner-blocks-wrap\">\n<div class=\"wp-block-uagb-advanced-heading uagb-block-8a1eebc0\"><h1 class=\"uagb-heading-text\">contacta\u021bi-ne<\/h1><\/div>\n<\/div><\/div>\n\n<div class=\"wp-block-uagb-container uagb-block-6826f4ab alignfull uagb-is-root-container\"><div class=\"uagb-container-inner-blocks-wrap\">\n<div class=\"wp-block-uagb-container uagb-block-5a263685\">\n<p>Dac\u0103 ave\u021bi \u00eentreb\u0103ri despre produse, specifica\u021bii, pre\u021buri sau comenzi, v\u0103 rug\u0103m s\u0103 ne contacta\u021bi folosind informa\u021biile de mai jos sau s\u0103 ne trimite\u021bi un mesaj prin intermediul formularului de contact.  <\/p>\n\n\n\n<p class=\"has-text-align-left\">Changzhou Meshel Netting Co., Ltd.  <\/p>\n\n\n\n<p>Nu.236 East Jinsheng Road, Changzhou, China  <\/p>\n\n\n\n<p class=\"has-text-align-left\">E-mail: <a href=\"mailto:sw@xesbalenet.com\" title=\"\">sw@xesbalenet.com<\/a><\/p>\n\n\n\n<p>Telefon \/ WhatsApp: +8613616102703<\/p>\n\n\n\n<p><\/p>\n\n\n\n<p class=\"has-text-align-left\">Website: <a href=\"https:\/\/xesbalenet.com\/ro\/\"><u>https:\/\/xesbalenet.com<\/u><\/a><\/p>\n\n\n\n<p>Entitate juridic\u0103: Changzhou Meshel Netting Co., Ltd.<\/p>\n\n\n\n<p>Operator site web: Changzhou Meshel Netting Co., Ltd.<\/p>\n\n\n\n<p>Marca: XES\u00ae<\/p>\n<\/div>\n\n\n\n<div class=\"wp-block-uagb-container uagb-block-38cde86a\">\n<div class=\"wp-block-uagb-advanced-heading uagb-block-ae4fc204\"><h4 class=\"uagb-heading-text\">S\u0103 lu\u0103m leg\u0103tura<\/h4><\/div>\n\n\n<div class=\"wpforms-container wpforms-block wpforms-block-930984ba-563e-4a8d-b0f3-fd39c0a79657\" id=\"wpforms-4\"><form id=\"wpforms-form-4\" class=\"wpforms-validate wpforms-form wpforms-ajax-form\" data-formid=\"4\" method=\"post\" enctype=\"multipart\/form-data\" action=\"\/ro\/wp-json\/wp\/v2\/pages\/3784\" data-token=\"84666acf16f5638fa688a9be285f0e98\" data-token-time=\"1777732810\"><noscript class=\"wpforms-error-noscript\">Please enable JavaScript in your browser to complete this form.<\/noscript><div class=\"wpforms-field-container\"><div id=\"wpforms-4-field_0-container\" class=\"wpforms-field wpforms-field-name\" data-field-id=\"0\"><label class=\"wpforms-field-label wpforms-label-hide\" for=\"wpforms-4-field_0\">Your Name <span class=\"wpforms-required-label\">*<\/span><\/label><input type=\"text\" id=\"wpforms-4-field_0\" class=\"wpforms-field-large wpforms-field-required\" name=\"wpforms[fields][0]\" placeholder=\"Your Name\" required><\/div><div id=\"wpforms-4-field_1-container\" class=\"wpforms-field wpforms-field-email\" data-field-id=\"1\"><label class=\"wpforms-field-label wpforms-label-hide\" for=\"wpforms-4-field_1\">Email Address <span class=\"wpforms-required-label\">*<\/span><\/label><input type=\"email\" id=\"wpforms-4-field_1\" class=\"wpforms-field-large wpforms-field-required\" name=\"wpforms[fields][1]\" placeholder=\"Your Email\" spellcheck=\"false\" required><\/div><div id=\"wpforms-4-field_2-container\" class=\"wpforms-field wpforms-field-textarea\" data-field-id=\"2\"><label class=\"wpforms-field-label wpforms-label-hide\" for=\"wpforms-4-field_2\">Your Message <span class=\"wpforms-required-label\">*<\/span><\/label><textarea id=\"wpforms-4-field_2\" class=\"wpforms-field-medium wpforms-field-required\" name=\"wpforms[fields][2]\" placeholder=\"Message\" required><\/textarea><\/div><\/div><!-- .wpforms-field-container --><div class=\"wpforms-submit-container\" ><input type=\"hidden\" name=\"wpforms[id]\" value=\"4\"><input type=\"hidden\" name=\"page_title\" value=\"\"><input type=\"hidden\" name=\"page_url\" value=\"https:\/\/xesbalenet.com\/ro\/wp-json\/wp\/v2\/pages\/3784\"><input type=\"hidden\" name=\"url_referer\" value=\"\"><button type=\"submit\" name=\"wpforms[submit]\" id=\"wpforms-submit-4\" class=\"wpforms-submit\" data-alt-text=\"Sending...\" data-submit-text=\"Send Message\" aria-live=\"assertive\" value=\"wpforms-submit\">Send Message<\/button><img decoding=\"async\" src=\"https:\/\/xesbalenet.com\/wp-content\/plugins\/wpforms-lite\/assets\/images\/submit-spin.svg\" class=\"wpforms-submit-spinner\" style=\"display: none;\" width=\"26\" height=\"26\" alt=\"Loading\"><\/div><\/form><\/div>  <!-- .wpforms-container --><\/div>\n<\/div><\/div>\n\n<p><\/p>\n","protected":false},"excerpt":{"rendered":"<p>contacta\u021bi-ne Dac\u0103 ave\u021bi \u00eentreb\u0103ri despre produse, specifica\u021bii, pre\u021buri sau comenzi, v\u0103 rug\u0103m s\u0103 ne contacta\u021bi folosind informa\u021biile de mai jos sau s\u0103 ne trimite\u021bi un mesaj prin intermediul formularului de contact. Changzhou Meshel Netting Co., Ltd. Nu.236 East Jinsheng Road, Changzhou, China E-mail: sw@xesbalenet.com Telefon \/ WhatsApp: +8613616102703 Website: https:\/\/xesbalenet.com Entitate juridic\u0103: Changzhou Meshel Netting [&hellip;]<\/p>\n","protected":false},"author":1,"featured_media":0,"parent":0,"menu_order":0,"comment_status":"closed","ping_status":"closed","template":"","meta":{"_uag_custom_page_level_css":"","site-sidebar-layout":"no-sidebar","site-content-layout":"page-builder","ast-site-content-layout":"full-width-container","site-content-style":"unboxed","site-sidebar-style":"unboxed","ast-global-header-display":"","ast-banner-title-visibility":"","ast-main-header-display":"","ast-hfb-above-header-display":"","ast-hfb-below-header-display":"","ast-hfb-mobile-header-display":"","site-post-title":"disabled","ast-breadcrumbs-content":"","ast-featured-img":"disabled","footer-sml-layout":"","ast-disable-related-posts":"","theme-transparent-header-meta":"enabled","adv-header-id-meta":"","stick-header-meta":"","header-above-stick-meta":"","header-main-stick-meta":"","header-below-stick-meta":"","astra-migrate-meta-layouts":"default","ast-page-background-enabled":"default","ast-page-background-meta":{"desktop":{"background-color":"var(--ast-global-color-4)","background-image":"","background-repeat":"repeat","background-position":"center center","background-size":"auto","background-attachment":"scroll","background-type":"","background-media":"","overlay-type":"","overlay-color":"","overlay-opacity":"","overlay-gradient":""},"tablet":{"background-color":"","background-image":"","background-repeat":"repeat","background-position":"center center","background-size":"auto","background-attachment":"scroll","background-type":"","background-media":"","overlay-type":"","overlay-color":"","overlay-opacity":"","overlay-gradient":""},"mobile":{"background-color":"","background-image":"","background-repeat":"repeat","background-position":"center center","background-size":"auto","background-attachment":"scroll","background-type":"","background-media":"","overlay-type":"","overlay-color":"","overlay-opacity":"","overlay-gradient":""}},"ast-content-background-meta":{"desktop":{"background-color":"var(--ast-global-color-5)","background-image":"","background-repeat":"repeat","background-position":"center center","background-size":"auto","background-attachment":"scroll","background-type":"","background-media":"","overlay-type":"","overlay-color":"","overlay-opacity":"","overlay-gradient":""},"tablet":{"background-color":"var(--ast-global-color-5)","background-image":"","background-repeat":"repeat","background-position":"center center","background-size":"auto","background-attachment":"scroll","background-type":"","background-media":"","overlay-type":"","overlay-color":"","overlay-opacity":"","overlay-gradient":""},"mobile":{"background-color":"var(--ast-global-color-5)","background-image":"","background-repeat":"repeat","background-position":"center center","background-size":"auto","background-attachment":"scroll","background-type":"","background-media":"","overlay-type":"","overlay-color":"","overlay-opacity":"","overlay-gradient":""}},"_joinchat":[],"footnotes":""},"class_list":["post-3784","page","type-page","status-publish","hentry"],"aioseo_notices":[],"uagb_featured_image_src":{"full":false,"thumbnail":false,"medium":false,"medium_large":false,"large":false,"1536x1536":false,"2048x2048":false},"uagb_author_info":{"display_name":"xesbalenet","author_link":"https:\/\/xesbalenet.com\/ro\/author\/zx9212110726live-com\/"},"uagb_comment_info":0,"uagb_excerpt":"contacta\u021bi-ne Dac\u0103 ave\u021bi \u00eentreb\u0103ri despre produse, specifica\u021bii, pre\u021buri sau comenzi, v\u0103 rug\u0103m s\u0103 ne contacta\u021bi folosind informa\u021biile de mai jos sau s\u0103 ne trimite\u021bi un mesaj prin intermediul formularului de contact. Changzhou Meshel Netting Co., Ltd. Nu.236 East Jinsheng Road, Changzhou, China E-mail: sw@xesbalenet.com Telefon \/ WhatsApp: +8613616102703 Website: https:\/\/xesbalenet.com Entitate juridic\u0103: Changzhou Meshel Netting&hellip;","_links":{"self":[{"href":"https:\/\/xesbalenet.com\/ro\/wp-json\/wp\/v2\/pages\/3784","targetHints":{"allow":["GET"]}}],"collection":[{"href":"https:\/\/xesbalenet.com\/ro\/wp-json\/wp\/v2\/pages"}],"about":[{"href":"https:\/\/xesbalenet.com\/ro\/wp-json\/wp\/v2\/types\/page"}],"author":[{"embeddable":true,"href":"https:\/\/xesbalenet.com\/ro\/wp-json\/wp\/v2\/users\/1"}],"replies":[{"embeddable":true,"href":"https:\/\/xesbalenet.com\/ro\/wp-json\/wp\/v2\/comments?post=3784"}],"version-history":[{"count":0,"href":"https:\/\/xesbalenet.com\/ro\/wp-json\/wp\/v2\/pages\/3784\/revisions"}],"wp:attachment":[{"href":"https:\/\/xesbalenet.com\/ro\/wp-json\/wp\/v2\/media?parent=3784"}],"curies":[{"name":"wp","href":"https:\/\/api.w.org\/{rel}","templated":true}]}}