{"id":3877,"date":"2025-06-25T09:13:24","date_gmt":"2025-06-25T09:13:24","guid":{"rendered":"https:\/\/xesbalenet.com\/despre\/"},"modified":"2026-04-30T05:55:39","modified_gmt":"2026-04-30T05:55:39","slug":"despre","status":"publish","type":"page","link":"https:\/\/xesbalenet.com\/ro\/despre\/","title":{"rendered":"Despre"},"content":{"rendered":"\n<div class=\"wp-block-uagb-container uagb-block-3ad17e27 alignfull uagb-is-root-container\"><div class=\"uagb-container-inner-blocks-wrap\">\n<div class=\"wp-block-uagb-advanced-heading uagb-block-8a1eebc0\"><h1 class=\"uagb-heading-text\">Despre noi<\/h1><\/div>\n<\/div><\/div>\n\n<div class=\"wp-block-uagb-container uagb-block-f8ec2bd3 alignfull uagb-is-root-container\"><div class=\"uagb-container-inner-blocks-wrap\">\n<div class=\"wp-block-uagb-advanced-heading uagb-block-e874992d\"><h4 class=\"uagb-heading-text\">XES\u00ae este o marc\u0103 de plase pentru balo\u021bi axat\u0103 pe aplica\u021bii de ambalare \u00een agricultur\u0103.<br\/> <br\/>Changzhou Meshel Netting Co., Ltd. este entitatea juridic\u0103 responsabil\u0103 pentru operarea acestui site web, gestionarea comunic\u0103rilor cu clien\u021bii, preg\u0103tirea ofertelor \u0219i gestionarea serviciilor legate de v\u00e2nz\u0103ri pentru marca XES\u00ae.<br\/> <br\/>Oferim produse de \u00eempachetare cu plase pentru balo\u021bi pentru f\u00e2n, paie, siloz \u0219i alte necesit\u0103\u021bi de ambalare agricol\u0103. Scopul nostru este s\u0103 oferim informa\u021bii clare despre produse, o coordonare fiabil\u0103 a aprovizion\u0103rii \u0219i servicii receptive pentru distribuitori, angrosi\u0219ti \u0219i clien\u021bi agricoli.<br\/> <br\/>Pentru transparen\u021b\u0103, Changzhou Meshel Netting Co., Ltd. este entitatea comercial\u0103 responsabil\u0103 pentru acest site web \u0219i pentru activit\u0103\u021bile comerciale cu clien\u021bii legate de solicit\u0103rile \u0219i comenzile transmise prin intermediul acestui site web., Ltd. ac\u021bioneaz\u0103 exclusiv ca partener de produc\u021bie \u0219i nu vinde direct produse prin intermediul acestui site web. <br\/><\/h4><\/div>\n\n\n\n<div class=\"wp-block-uagb-image aligncenter uagb-block-2d710799 wp-block-uagb-image--layout-default wp-block-uagb-image--effect-static wp-block-uagb-image--align-center\"><figure class=\"wp-block-uagb-image__figure\"><img decoding=\"async\" srcset=\"https:\/\/xesbalenet.com\/wp-content\/uploads\/2025\/06\/B_11556-1024x683.jpg ,https:\/\/xesbalenet.com\/wp-content\/uploads\/2025\/06\/B_11556.jpg 780w, https:\/\/xesbalenet.com\/wp-content\/uploads\/2025\/06\/B_11556.jpg 360w\" sizes=\"auto, (max-width: 480px) 150px\" src=\"https:\/\/xesbalenet.com\/wp-content\/uploads\/2025\/06\/B_11556-1024x683.jpg\" alt=\"\" class=\"uag-image-2889\" width=\"1024\" height=\"683\" title=\"_B_11556\" loading=\"lazy\" role=\"img\"><\/figure><\/div>\n\n\n\n<div class=\"wp-block-uagb-container uagb-block-72514f6d\">\n<div class=\"wp-block-uagb-advanced-heading uagb-block-b317ae0b\"><h3 class=\"uagb-heading-text\">Misiunea noastr\u0103<\/h3><p class=\"uagb-desc-text\">Misiunea noastr\u0103 este de a oferi solu\u021bii fiabile de Plas\u0103 pentru balo\u021bi cu specifica\u021bii practice, calitate constant\u0103 \u0219i suport eficient pentru nevoile de ambalare agricol\u0103.<\/p><\/div>\n\n\n\n<div class=\"wp-block-uagb-advanced-heading uagb-block-3b00767d\"><h3 class=\"uagb-heading-text\">Valorile noastre<\/h3><p class=\"uagb-desc-text\">Apreciem claritatea, consecven\u021ba \u0219i cooperarea comercial\u0103 pe termen lung. Ne propunem s\u0103 comunic\u0103m \u00een mod clar informa\u021biile despre produse, s\u0103 r\u0103spundem prompt la solicit\u0103ri \u0219i s\u0103 sprijinim clien\u021bii cu servicii de \u00eencredere. <\/p><\/div>\n<\/div>\n<\/div><\/div>\n\n<div class=\"wp-block-uagb-container uagb-block-61e8ac2a alignfull uagb-is-root-container\"><div class=\"uagb-container-inner-blocks-wrap\">\n<div class=\"wp-block-uagb-image aligncenter uagb-block-052b1f4c wp-block-uagb-image--layout-default wp-block-uagb-image--effect-static wp-block-uagb-image--align-center\"><figure class=\"wp-block-uagb-image__figure\"><img decoding=\"async\" srcset=\"\/wp-content\/uploads\/2021\/11\/quotes.svg ,\/wp-content\/uploads\/2021\/11\/quotes.svg 780w, \/wp-content\/uploads\/2021\/11\/quotes.svg 360w\" sizes=\"auto, (max-width: 480px) 150px\" src=\"\/wp-content\/uploads\/2021\/11\/quotes.svg\" alt=\"\" class=\"uag-image-117\" width=\"37\" height=\"38\" title=\"citate\" loading=\"lazy\" role=\"img\"><\/figure><\/div>\n\n\n\n<div class=\"wp-block-uagb-info-box uagb-block-54aaf525 uagb-infobox__content-wrap  uagb-infobox-icon-below-title uagb-infobox-image-valign-top\"><div class=\"uagb-ifb-content\"><div class=\"uagb-ifb-title-wrap\"><h4 class=\"uagb-ifb-title\">Ce oferim<\/h4><\/div><p class=\"uagb-ifb-desc\">Sprijinim clien\u021bii cu:<br\/> <br\/>&#8211; Informa\u021bii despre produse<br\/> &#8211; Confirmarea specifica\u021biilor<br\/>&#8211; Sprijin pentru ofertare<br\/>&#8211; Comunicare legat\u0103 de comenzi<br\/>&#8211; \u00centreb\u0103ri comerciale generale<br\/> <br\/> <br\/>Informa\u021bii comerciale<br\/> <br\/>Entitate juridic\u0103: Changzhou Meshel Netting Co., Ltd.<br\/>Operator site web: Changzhou Meshel Netting Co., Ltd.<br\/>Brand: XES\u00ae<br\/>Adresa de afaceri: Nr: No.236 East Jinsheng Road, Changzhou, China<br\/>E-mail: sw@xesbalenet.com<br\/>Telefon \/ WhatsApp: +8613616102703<br\/> <br\/> <br\/>Dac\u0103 dori\u021bi specifica\u021biile produselor, informa\u021bii despre pre\u021buri sau asisten\u021b\u0103 pentru comenzi, v\u0103 rug\u0103m s\u0103 contacta\u021bi echipa noastr\u0103 direct prin intermediul paginii de contact. <\/p><\/div><\/div>\n<\/div><\/div>\n","protected":false},"excerpt":{"rendered":"<p>Despre noi XES\u00ae este o marc\u0103 de plase pentru balo\u021bi axat\u0103 pe aplica\u021bii de ambalare \u00een agricultur\u0103. Changzhou Meshel Netting Co., Ltd. este entitatea juridic\u0103 responsabil\u0103 pentru operarea acestui site web, gestionarea comunic\u0103rilor cu clien\u021bii, preg\u0103tirea ofertelor \u0219i gestionarea serviciilor legate de v\u00e2nz\u0103ri pentru marca XES\u00ae. Oferim produse de \u00eempachetare cu plase pentru balo\u021bi pentru [&hellip;]<\/p>\n","protected":false},"author":1,"featured_media":0,"parent":0,"menu_order":0,"comment_status":"closed","ping_status":"closed","template":"","meta":{"_uag_custom_page_level_css":"","site-sidebar-layout":"no-sidebar","site-content-layout":"page-builder","ast-site-content-layout":"full-width-container","site-content-style":"unboxed","site-sidebar-style":"default","ast-global-header-display":"","ast-banner-title-visibility":"","ast-main-header-display":"","ast-hfb-above-header-display":"","ast-hfb-below-header-display":"","ast-hfb-mobile-header-display":"","site-post-title":"disabled","ast-breadcrumbs-content":"","ast-featured-img":"disabled","footer-sml-layout":"","ast-disable-related-posts":"","theme-transparent-header-meta":"enabled","adv-header-id-meta":"","stick-header-meta":"","header-above-stick-meta":"","header-main-stick-meta":"","header-below-stick-meta":"","astra-migrate-meta-layouts":"default","ast-page-background-enabled":"default","ast-page-background-meta":{"desktop":{"background-color":"var(--ast-global-color-4)","background-image":"","background-repeat":"repeat","background-position":"center center","background-size":"auto","background-attachment":"scroll","background-type":"","background-media":"","overlay-type":"","overlay-color":"","overlay-opacity":"","overlay-gradient":""},"tablet":{"background-color":"","background-image":"","background-repeat":"repeat","background-position":"center center","background-size":"auto","background-attachment":"scroll","background-type":"","background-media":"","overlay-type":"","overlay-color":"","overlay-opacity":"","overlay-gradient":""},"mobile":{"background-color":"","background-image":"","background-repeat":"repeat","background-position":"center center","background-size":"auto","background-attachment":"scroll","background-type":"","background-media":"","overlay-type":"","overlay-color":"","overlay-opacity":"","overlay-gradient":""}},"ast-content-background-meta":{"desktop":{"background-color":"var(--ast-global-color-5)","background-image":"","background-repeat":"repeat","background-position":"center center","background-size":"auto","background-attachment":"scroll","background-type":"","background-media":"","overlay-type":"","overlay-color":"","overlay-opacity":"","overlay-gradient":""},"tablet":{"background-color":"var(--ast-global-color-5)","background-image":"","background-repeat":"repeat","background-position":"center center","background-size":"auto","background-attachment":"scroll","background-type":"","background-media":"","overlay-type":"","overlay-color":"","overlay-opacity":"","overlay-gradient":""},"mobile":{"background-color":"var(--ast-global-color-5)","background-image":"","background-repeat":"repeat","background-position":"center center","background-size":"auto","background-attachment":"scroll","background-type":"","background-media":"","overlay-type":"","overlay-color":"","overlay-opacity":"","overlay-gradient":""}},"_joinchat":[],"footnotes":""},"class_list":["post-3877","page","type-page","status-publish","hentry"],"aioseo_notices":[],"uagb_featured_image_src":{"full":false,"thumbnail":false,"medium":false,"medium_large":false,"large":false,"1536x1536":false,"2048x2048":false},"uagb_author_info":{"display_name":"xesbalenet","author_link":"https:\/\/xesbalenet.com\/ro\/author\/zx9212110726live-com\/"},"uagb_comment_info":0,"uagb_excerpt":"Despre noi XES\u00ae este o marc\u0103 de plase pentru balo\u021bi axat\u0103 pe aplica\u021bii de ambalare \u00een agricultur\u0103. Changzhou Meshel Netting Co., Ltd. este entitatea juridic\u0103 responsabil\u0103 pentru operarea acestui site web, gestionarea comunic\u0103rilor cu clien\u021bii, preg\u0103tirea ofertelor \u0219i gestionarea serviciilor legate de v\u00e2nz\u0103ri pentru marca XES\u00ae. Oferim produse de \u00eempachetare cu plase pentru balo\u021bi pentru&hellip;","_links":{"self":[{"href":"https:\/\/xesbalenet.com\/ro\/wp-json\/wp\/v2\/pages\/3877","targetHints":{"allow":["GET"]}}],"collection":[{"href":"https:\/\/xesbalenet.com\/ro\/wp-json\/wp\/v2\/pages"}],"about":[{"href":"https:\/\/xesbalenet.com\/ro\/wp-json\/wp\/v2\/types\/page"}],"author":[{"embeddable":true,"href":"https:\/\/xesbalenet.com\/ro\/wp-json\/wp\/v2\/users\/1"}],"replies":[{"embeddable":true,"href":"https:\/\/xesbalenet.com\/ro\/wp-json\/wp\/v2\/comments?post=3877"}],"version-history":[{"count":0,"href":"https:\/\/xesbalenet.com\/ro\/wp-json\/wp\/v2\/pages\/3877\/revisions"}],"wp:attachment":[{"href":"https:\/\/xesbalenet.com\/ro\/wp-json\/wp\/v2\/media?parent=3877"}],"curies":[{"name":"wp","href":"https:\/\/api.w.org\/{rel}","templated":true}]}}