{"id":3904,"date":"2025-06-25T09:13:24","date_gmt":"2025-06-25T09:13:24","guid":{"rendered":"https:\/\/xesbalenet.com\/acasa\/"},"modified":"2026-04-30T05:55:47","modified_gmt":"2026-04-30T05:55:47","slug":"acasa","status":"publish","type":"page","link":"https:\/\/xesbalenet.com\/ro\/","title":{"rendered":"Acas\u0103"},"content":{"rendered":"\n<div class=\"wp-block-uagb-container uagb-block-494c42c4 alignfull uagb-is-root-container\"><div class=\"uagb-container-inner-blocks-wrap\">\n<div class=\"wp-block-uagb-info-box uagb-block-cd2517a4 uagb-infobox__content-wrap  uagb-infobox-icon-above-title uagb-infobox-image-valign-top wp-block-uagb-info-box--has-margin\"><div class=\"uagb-infobox-margin-wrapper\"><div class=\"uagb-ifb-content\"><div class=\"uagb-ifb-title-wrap\"><h1 class=\"uagb-ifb-title-prefix\">PLAS\u0102 PENTRU BALO\u021aI XES\u00ae<\/h1><\/div><p class=\"uagb-ifb-desc\">EXTREM | ECONOMIC | DURABIL<\/p><div class=\"uagb-ifb-button-wrapper wp-block-button\"><a href=\"https:\/\/xesbalenet.com\/ro\/persoana-de-contact\/\" class=\"uagb-infobox-cta-link wp-block-button__link\" target=\"_self\" rel=\"noopener noreferrer\" onclick=\"return true;\"><span class=\"uagb-inline-editing\">\u00cencepe\u021bi<\/span><\/a><\/div><\/div><\/div><\/div>\n<\/div><\/div>\n\n<div class=\"wp-block-uagb-container uagb-block-5fcee4f8 alignfull uagb-is-root-container\"><div class=\"uagb-container-inner-blocks-wrap\">\n<div class=\"wp-block-uagb-advanced-heading uagb-block-2b5f3149\"><h2 class=\"uagb-heading-text\">Serviciile noastre<\/h2><div class=\"uagb-separator\"><\/div><\/div>\n\n\n\n<div class=\"wp-block-uagb-container uagb-block-4a8e1942\">\n<div class=\"wp-block-uagb-container uagb-block-c988f562\">\n<div class=\"wp-block-uagb-image alignleft uagb-block-a35d235b wp-block-uagb-image--layout-default wp-block-uagb-image--effect-static wp-block-uagb-image--align-left\"><figure class=\"wp-block-uagb-image__figure\"><img decoding=\"async\" srcset=\"https:\/\/xesbalenet.com\/wp-content\/uploads\/2025\/06\/B_11604-1024x683.jpg ,https:\/\/xesbalenet.com\/wp-content\/uploads\/2025\/06\/B_11604.jpg 780w, https:\/\/xesbalenet.com\/wp-content\/uploads\/2025\/06\/B_11604.jpg 360w\" sizes=\"(max-width: 480px) 150px\" src=\"https:\/\/xesbalenet.com\/wp-content\/uploads\/2025\/06\/B_11604-1024x683.jpg\" alt=\"prese de balotat care fac balo\u021bi\" class=\"uag-image-2705\" width=\"373\" height=\"464\" title=\"_B_11604\" role=\"img\"><\/figure><\/div>\n\n\n\n<div class=\"wp-block-uagb-advanced-heading uagb-block-b07219d5\"><h3 class=\"uagb-heading-text\">Putere<\/h3><p class=\"uagb-desc-text\">Plasa pentru <strong>balo\u021bi XES Extreme <\/strong>maximizeaz\u0103 rezisten\u021ba \u0219i rezilien\u021ba prin structura patentat\u0103 a lan\u021bului inserat \u00een urzeal\u0103.<\/p><\/div>\n<\/div>\n\n\n\n<div class=\"wp-block-uagb-container uagb-block-0ad6ff4e\">\n<div class=\"wp-block-uagb-image alignleft uagb-block-930d8e85 wp-block-uagb-image--layout-default wp-block-uagb-image--effect-static wp-block-uagb-image--align-left\"><figure class=\"wp-block-uagb-image__figure\"><img decoding=\"async\" srcset=\"https:\/\/xesbalenet.com\/wp-content\/uploads\/2025\/06\/2-1024x683.jpg ,https:\/\/xesbalenet.com\/wp-content\/uploads\/2025\/06\/2.jpg 780w, https:\/\/xesbalenet.com\/wp-content\/uploads\/2025\/06\/2.jpg 360w\" sizes=\"auto, (max-width: 480px) 150px\" src=\"https:\/\/xesbalenet.com\/wp-content\/uploads\/2025\/06\/2-1024x683.jpg\" alt=\"balo\u021bi c\u00e2mp\" class=\"uag-image-2706\" width=\"373\" height=\"464\" title=\"2\" loading=\"lazy\" role=\"img\"><\/figure><\/div>\n\n\n\n<div class=\"wp-block-uagb-advanced-heading uagb-block-3974de5a\"><h3 class=\"uagb-heading-text\">Echipa de exper\u021bi<\/h3><p class=\"uagb-desc-text\">Plasele pentru balo\u021bi <strong>XES\u00ae<\/strong> pentru balo\u021bi de f\u00e2n sunt dezvoltate de exper\u021bi \u0219i sunt utilizate cu succes \u00een agricultur\u0103 de 20 de ani.<\/p><\/div>\n<\/div>\n\n\n\n<div class=\"wp-block-uagb-container uagb-block-48a31e6a\">\n<div class=\"wp-block-uagb-image alignleft uagb-block-2675d6b0 wp-block-uagb-image--layout-default wp-block-uagb-image--effect-static wp-block-uagb-image--align-left\"><figure class=\"wp-block-uagb-image__figure\"><img decoding=\"async\" srcset=\"https:\/\/xesbalenet.com\/wp-content\/uploads\/2025\/06\/gd2acfe125d284d6aa8677450b4f1d0296f0564874c1cbfba6c03eede87d91d02a600108ca6d69685dc2893710761ea40c45554b6047e5f9444326fca9b6b2dff_1280-3521063-1024x682.jpg ,https:\/\/xesbalenet.com\/wp-content\/uploads\/2025\/06\/gd2acfe125d284d6aa8677450b4f1d0296f0564874c1cbfba6c03eede87d91d02a600108ca6d69685dc2893710761ea40c45554b6047e5f9444326fca9b6b2dff_1280-3521063.jpg 780w, https:\/\/xesbalenet.com\/wp-content\/uploads\/2025\/06\/gd2acfe125d284d6aa8677450b4f1d0296f0564874c1cbfba6c03eede87d91d02a600108ca6d69685dc2893710761ea40c45554b6047e5f9444326fca9b6b2dff_1280-3521063.jpg 360w\" sizes=\"auto, (max-width: 480px) 150px\" src=\"https:\/\/xesbalenet.com\/wp-content\/uploads\/2025\/06\/gd2acfe125d284d6aa8677450b4f1d0296f0564874c1cbfba6c03eede87d91d02a600108ca6d69685dc2893710761ea40c45554b6047e5f9444326fca9b6b2dff_1280-3521063-1024x682.jpg\" alt=\"c\u00e2mp, balot de f\u00e2n, apus de soare, c\u00e2mp de gr\u00e2u, natur\u0103, agricultur\u0103, timpul recoltei\" class=\"uag-image-2964\" width=\"373\" height=\"464\" title=\"gd2acfe125d284d6aa8677450b4f1d0296f0564874c1cbfba6c03eede87d91d02a600108ca6d69685dc2893710761ea40c45554b6047e5f9444326fca9b6b2dff_1280-3521063\" loading=\"lazy\" role=\"img\"><\/figure><\/div>\n\n\n\n<div class=\"wp-block-uagb-advanced-heading uagb-block-8f982c10\"><h3 class=\"uagb-heading-text\">Calitate<\/h3><p class=\"uagb-desc-text\">Gama de produse <strong>XES\u00ae<\/strong> este fiabil\u0103 \u0219i ofer\u0103 o manipulare u\u0219oar\u0103 chiar \u0219i \u00een condi\u021bii dificile.  <\/p><\/div>\n<\/div>\n<\/div>\n<\/div><\/div>\n\n<figure class=\"wp-block-embed is-type-video is-provider-youtube wp-block-embed-youtube wp-embed-aspect-16-9 wp-has-aspect-ratio\"><div class=\"wp-block-embed__wrapper\">\n<iframe title=\"XES Netting 2023 Campaign\" width=\"500\" height=\"281\" src=\"https:\/\/www.youtube.com\/embed\/D6ppO5Ni6SA?feature=oembed\" frameborder=\"0\" allow=\"accelerometer; autoplay; clipboard-write; encrypted-media; gyroscope; picture-in-picture; web-share\" referrerpolicy=\"strict-origin-when-cross-origin\" allowfullscreen><\/iframe>\n<\/div><\/figure>\n\n<div class=\"wp-block-uagb-container uagb-block-fb32e4bf alignfull uagb-is-root-container\"><div class=\"uagb-container-inner-blocks-wrap\">\n<div class=\"wp-block-uagb-image aligncenter uagb-block-052b1f4c wp-block-uagb-image--layout-default wp-block-uagb-image--effect-static wp-block-uagb-image--align-center\"><figure class=\"wp-block-uagb-image__figure\"><img decoding=\"async\" srcset=\"\/wp-content\/uploads\/2021\/11\/quotes.svg ,\/wp-content\/uploads\/2021\/11\/quotes.svg 780w, \/wp-content\/uploads\/2021\/11\/quotes.svg 360w\" sizes=\"auto, (max-width: 480px) 150px\" src=\"\/wp-content\/uploads\/2021\/11\/quotes.svg\" alt=\"\" class=\"uag-image-117\" width=\"37\" height=\"38\" title=\"citate\" loading=\"lazy\" role=\"img\"><\/figure><\/div>\n\n\n\n<div class=\"wp-block-uagb-info-box uagb-block-54aaf525 uagb-infobox__content-wrap  uagb-infobox-icon-below-title uagb-infobox-image-valign-top\"><div class=\"uagb-ifb-content\"><div class=\"uagb-ifb-title-wrap\"><h4 class=\"uagb-ifb-title\">XES\u00ae ofer\u0103 Plas\u0103 pentru balo\u021bi de calitate superioar\u0103 pentru balo\u021bi rotunzi. Peste 20 de ani de experien\u021b\u0103 \u00een furnizarea de solu\u021bii de plas\u0103 de \u00eenalt\u0103 calitate, rentabile \u0219i durabile \u00een Europa. <\/h4><\/div><\/div><\/div>\n<\/div><\/div>\n\n<div class=\"wp-block-cover alignfull is-light\"><span aria-hidden=\"true\" class=\"wp-block-cover__background has-background-dim-100 has-background-dim\" style=\"background-color:#ffffff\"><\/span><div class=\"wp-block-cover__inner-container is-layout-constrained wp-block-cover-is-layout-constrained\">\n<div class=\"wp-block-media-text alignwide is-stacked-on-mobile is-vertically-aligned-center\" style=\"margin-top:0;margin-bottom:0;padding-top:0;padding-bottom:0;grid-template-columns:39% auto\"><figure class=\"wp-block-media-text__media\"><img decoding=\"async\" width=\"1024\" height=\"683\" src=\"https:\/\/xesbalenet.com\/wp-content\/uploads\/2025\/06\/B_11575-1024x683.jpg\" alt=\"Plas\u0103 pentru balo\u021bi xes\" class=\"wp-image-2712 size-full\" srcset=\"https:\/\/xesbalenet.com\/wp-content\/uploads\/2025\/06\/B_11575-1024x683.jpg 1024w, https:\/\/xesbalenet.com\/wp-content\/uploads\/2025\/06\/B_11575-300x200.jpg 300w, https:\/\/xesbalenet.com\/wp-content\/uploads\/2025\/06\/B_11575-768x512.jpg 768w, https:\/\/xesbalenet.com\/wp-content\/uploads\/2025\/06\/B_11575-1536x1024.jpg 1536w, https:\/\/xesbalenet.com\/wp-content\/uploads\/2025\/06\/B_11575.jpg 2048w\" sizes=\"(max-width: 1024px) 100vw, 1024px\" \/><\/figure><div class=\"wp-block-media-text__content\">\n<h5 class=\"wp-block-heading has-ast-global-color-2-color has-text-color\" style=\"font-size:32px\">De ce s\u0103 alege\u021bi XES\u00ae<\/h5>\n\n\n\n<p class=\"has-ast-global-color-2-color has-text-color\" style=\"font-size:17px\">Performan\u021b\u0103 fiabil\u0103 Produsele noastre de \u00eenf\u0103\u0219urare cu plase pentru balo\u021bi sunt concepute pentru a sus\u021bine performan\u021ba stabil\u0103 de \u00eenf\u0103\u0219urare \u0219i utilizarea fiabil\u0103 \u00een condi\u021bii agricole solicitante.<\/p>\n\n\n\n<p class=\"has-ast-global-color-2-color has-text-color\" style=\"font-size:17px\">Specifica\u021bii consecvente Ne concentr\u0103m pe specifica\u021bii clare ale produselor \u0219i pe o calitate consecvent\u0103 pentru a ajuta clien\u021bii s\u0103 aleag\u0103 produsele potrivite pentru nevoile lor de balotare \u0219i ambalare.<\/p>\n\n\n\n<p class=\"has-ast-global-color-2-color has-text-color\" style=\"font-size:17px\">Serviciu receptiv Sprijinim distribuitorii, angrosi\u0219tii \u0219i cump\u0103r\u0103torii agricoli cu informa\u021bii despre produse, asisten\u021b\u0103 pentru ofertele de pre\u021b \u0219i comunicare \u00een timp util.<br\/> <\/p>\n\n\n\n<div class=\"wp-block-buttons is-layout-flex wp-block-buttons-is-layout-flex\"><\/div>\n<\/div><\/div>\n<\/div><\/div>\n\n<div class=\"wp-block-uagb-container uagb-layout-grid uagb-block-0186287e alignfull uagb-is-root-container\"><div class=\"uagb-container-inner-blocks-wrap\">\n<div class=\"wp-block-uagb-info-box uagb-block-03550eeb uagb-infobox__content-wrap  uagb-infobox-icon-above-title uagb-infobox-image-valign-top wp-block-uagb-info-box--has-margin\"><div class=\"uagb-infobox-margin-wrapper\"><div class=\"uagb-ifb-content\"><div class=\"uagb-ifb-title-wrap\"><span class=\"uagb-ifb-title-prefix\">Despre XES\u00ae<\/span><h4 class=\"uagb-ifb-title\">XES\u00ae este o marc\u0103 de plase pentru balo\u021bi axat\u0103 pe aplica\u021bii de ambalare \u00een agricultur\u0103.<\/h4><\/div><p class=\"uagb-ifb-desc\">Acest site web este operat de Changzhou Meshel Netting Co., Ltd., entitatea juridic\u0103 responsabil\u0103 pentru operarea site-ului web, comunicarea cu clien\u021bii, ofertele de pre\u021b \u0219i serviciile legate de v\u00e2nz\u0103ri legate de marca XES\u00ae. Oferim produse de Plas\u0103 pentru balo\u021bi pentru uz agricol \u0219i ne str\u0103duim s\u0103 men\u021binem o calitate stabil\u0103 a produselor, specifica\u021bii clare \u0219i un suport de \u00eencredere pentru clien\u021bi.   <\/p><div class=\"uagb-ifb-button-wrapper wp-block-button\"><a href=\"https:\/\/xesbalenet.com\/ro\/persoana-de-contact\/\" class=\"uagb-infobox-cta-link ast-outline-button\" target=\"_self\" rel=\"noopener noreferrer\" style=\"border-width:revert-layer\" onclick=\"return true;\"><span class=\"uagb-inline-editing\">Afla\u021bi mai multe<\/span><\/a><\/div><\/div><\/div><\/div>\n\n\n\n<div class=\"wp-block-uagb-image alignright uagb-block-37933192 wp-block-uagb-image--layout-default wp-block-uagb-image--effect-static wp-block-uagb-image--align-right\"><figure class=\"wp-block-uagb-image__figure\"><img decoding=\"async\" srcset=\"https:\/\/xesbalenet.com\/wp-content\/uploads\/2025\/06\/06302.jpg ,https:\/\/xesbalenet.com\/wp-content\/uploads\/2025\/06\/06302.jpg 780w, https:\/\/xesbalenet.com\/wp-content\/uploads\/2025\/06\/06302.jpg 360w\" sizes=\"auto, (max-width: 480px) 150px\" src=\"https:\/\/xesbalenet.com\/wp-content\/uploads\/2025\/06\/06302.jpg\" alt=\"xes bale net cu angaja\u021bi\" class=\"uag-image-2961\" width=\"470\" height=\"570\" title=\"06302\" loading=\"lazy\" role=\"img\"><\/figure><\/div>\n<\/div><\/div>\n<ul class=\"wp-block-latest-posts__list is-grid columns-3 has-dates has-author aligncenter wp-block-latest-posts\"><li><div class=\"wp-block-latest-posts__featured-image alignleft\"><img decoding=\"async\" width=\"300\" height=\"225\" src=\"https:\/\/xesbalenet.com\/wp-content\/uploads\/2025\/09\/hbnet1-13-300x225.jpg\" class=\"attachment-medium size-medium wp-post-image\" alt=\"utiliza\u021bi Plas\u0103 pentru balo\u021bi\" style=\"max-width:225px;max-height:225px;\" srcset=\"https:\/\/xesbalenet.com\/wp-content\/uploads\/2025\/09\/hbnet1-13-300x225.jpg 300w, https:\/\/xesbalenet.com\/wp-content\/uploads\/2025\/09\/hbnet1-13.jpg 600w\" sizes=\"(max-width: 300px) 100vw, 300px\" \/><\/div><a class=\"wp-block-latest-posts__post-title\" href=\"https:\/\/xesbalenet.com\/ro\/cum-revolutioneaza-xes-supreme-net-piata-plasei-pentru-baloti\/\">Cum revolu\u021bioneaz\u0103 XES\u00ae Supreme Net pia\u021ba plasei pentru balo\u021bi<\/a><div class=\"wp-block-latest-posts__post-author\">de xesbalenet<\/div><time datetime=\"2026-04-10T07:54:50+00:00\" class=\"wp-block-latest-posts__post-date\">aprilie 10, 2026<\/time><\/li>\n<li><div class=\"wp-block-latest-posts__featured-image alignleft\"><img decoding=\"async\" width=\"300\" height=\"300\" src=\"https:\/\/xesbalenet.com\/wp-content\/uploads\/2025\/12\/image-7-5-300x300.jpg\" class=\"attachment-medium size-medium wp-post-image\" alt=\"\" style=\"max-width:225px;max-height:225px;\" srcset=\"https:\/\/xesbalenet.com\/wp-content\/uploads\/2025\/12\/image-7-5-300x300.jpg 300w, https:\/\/xesbalenet.com\/wp-content\/uploads\/2025\/12\/image-7-5-150x150.jpg 150w, https:\/\/xesbalenet.com\/wp-content\/uploads\/2025\/12\/image-7-5-768x768.jpg 768w, https:\/\/xesbalenet.com\/wp-content\/uploads\/2025\/12\/image-7-5.jpg 1024w\" sizes=\"(max-width: 300px) 100vw, 300px\" \/><\/div><a class=\"wp-block-latest-posts__post-title\" href=\"https:\/\/xesbalenet.com\/ro\/la-ce-sunt-folositi-balotii-de-fan\/\">La ce sunt folosi\u021bi balo\u021bii de f\u00e2n?<\/a><div class=\"wp-block-latest-posts__post-author\">de xesbalenet<\/div><time datetime=\"2025-12-22T06:34:12+00:00\" class=\"wp-block-latest-posts__post-date\">decembrie 22, 2025<\/time><\/li>\n<\/ul>\n<div class=\"wp-block-uagb-container uagb-block-05a4a518 alignfull uagb-is-root-container\"><div class=\"uagb-container-inner-blocks-wrap\">\n<div class=\"wp-block-uagb-info-box uagb-block-9a97965e uagb-infobox__content-wrap  uagb-infobox-icon-above-title uagb-infobox-image-valign-top wp-block-uagb-info-box--has-margin\"><div class=\"uagb-infobox-margin-wrapper\"><div class=\"uagb-ifb-content\"><div class=\"uagb-ifb-title-wrap\"><h4 class=\"uagb-ifb-title\">\u00ceNTREB\u0102RI?<\/h4><\/div><p class=\"uagb-ifb-desc\">Fie c\u0103 sunte\u021bi \u00een c\u0103utarea specifica\u021biilor produsului, a pre\u021burilor \u00een vrac sau a sfaturilor de utilizare, suntem aici pentru a v\u0103 ajuta cu toate \u00eentreb\u0103rile referitoare la plasele pentru balo\u021bi.<\/p><div class=\"uagb-ifb-button-wrapper wp-block-button\"><a href=\"https:\/\/xesbalenet.com\/ro\/persoana-de-contact\/\" class=\"uagb-infobox-cta-link wp-block-button__link\" target=\"_self\" rel=\"noopener noreferrer\" onclick=\"return true;\"><span class=\"uagb-inline-editing\">S\u0103 vorbim acum<\/span><\/a><\/div><\/div><\/div><\/div>\n<\/div><\/div>\n\n<p><\/p>\n","protected":false},"excerpt":{"rendered":"<p>Serviciile noastre Putere Plasa pentru balo\u021bi XES Extreme maximizeaz\u0103 rezisten\u021ba \u0219i rezilien\u021ba prin structura patentat\u0103 a lan\u021bului inserat \u00een urzeal\u0103. Echipa de exper\u021bi Plasele pentru balo\u021bi XES\u00ae pentru balo\u021bi de f\u00e2n sunt dezvoltate de exper\u021bi \u0219i sunt utilizate cu succes \u00een agricultur\u0103 de 20 de ani. Calitate Gama de produse XES\u00ae este fiabil\u0103 \u0219i ofer\u0103 [&hellip;]<\/p>\n","protected":false},"author":1,"featured_media":0,"parent":0,"menu_order":0,"comment_status":"closed","ping_status":"closed","template":"","meta":{"_uag_custom_page_level_css":"","site-sidebar-layout":"no-sidebar","site-content-layout":"page-builder","ast-site-content-layout":"full-width-container","site-content-style":"unboxed","site-sidebar-style":"unboxed","ast-global-header-display":"","ast-banner-title-visibility":"","ast-main-header-display":"","ast-hfb-above-header-display":"","ast-hfb-below-header-display":"","ast-hfb-mobile-header-display":"","site-post-title":"disabled","ast-breadcrumbs-content":"","ast-featured-img":"disabled","footer-sml-layout":"","ast-disable-related-posts":"","theme-transparent-header-meta":"enabled","adv-header-id-meta":"","stick-header-meta":"","header-above-stick-meta":"","header-main-stick-meta":"","header-below-stick-meta":"","astra-migrate-meta-layouts":"default","ast-page-background-enabled":"default","ast-page-background-meta":{"desktop":{"background-color":"var(--ast-global-color-4)","background-image":"","background-repeat":"repeat","background-position":"center center","background-size":"auto","background-attachment":"scroll","background-type":"","background-media":"","overlay-type":"","overlay-color":"","overlay-opacity":"","overlay-gradient":""},"tablet":{"background-color":"","background-image":"","background-repeat":"repeat","background-position":"center center","background-size":"auto","background-attachment":"scroll","background-type":"","background-media":"","overlay-type":"","overlay-color":"","overlay-opacity":"","overlay-gradient":""},"mobile":{"background-color":"","background-image":"","background-repeat":"repeat","background-position":"center center","background-size":"auto","background-attachment":"scroll","background-type":"","background-media":"","overlay-type":"","overlay-color":"","overlay-opacity":"","overlay-gradient":""}},"ast-content-background-meta":{"desktop":{"background-color":"var(--ast-global-color-5)","background-image":"","background-repeat":"repeat","background-position":"center center","background-size":"auto","background-attachment":"scroll","background-type":"","background-media":"","overlay-type":"","overlay-color":"","overlay-opacity":"","overlay-gradient":""},"tablet":{"background-color":"var(--ast-global-color-5)","background-image":"","background-repeat":"repeat","background-position":"center center","background-size":"auto","background-attachment":"scroll","background-type":"","background-media":"","overlay-type":"","overlay-color":"","overlay-opacity":"","overlay-gradient":""},"mobile":{"background-color":"var(--ast-global-color-5)","background-image":"","background-repeat":"repeat","background-position":"center center","background-size":"auto","background-attachment":"scroll","background-type":"","background-media":"","overlay-type":"","overlay-color":"","overlay-opacity":"","overlay-gradient":""}},"_joinchat":[],"footnotes":""},"class_list":["post-3904","page","type-page","status-publish","hentry"],"aioseo_notices":[],"uagb_featured_image_src":{"full":false,"thumbnail":false,"medium":false,"medium_large":false,"large":false,"1536x1536":false,"2048x2048":false},"uagb_author_info":{"display_name":"xesbalenet","author_link":"https:\/\/xesbalenet.com\/ro\/author\/zx9212110726live-com\/"},"uagb_comment_info":0,"uagb_excerpt":"Serviciile noastre Putere Plasa pentru balo\u021bi XES Extreme maximizeaz\u0103 rezisten\u021ba \u0219i rezilien\u021ba prin structura patentat\u0103 a lan\u021bului inserat \u00een urzeal\u0103. Echipa de exper\u021bi Plasele pentru balo\u021bi XES\u00ae pentru balo\u021bi de f\u00e2n sunt dezvoltate de exper\u021bi \u0219i sunt utilizate cu succes \u00een agricultur\u0103 de 20 de ani. Calitate Gama de produse XES\u00ae este fiabil\u0103 \u0219i ofer\u0103&hellip;","_links":{"self":[{"href":"https:\/\/xesbalenet.com\/ro\/wp-json\/wp\/v2\/pages\/3904","targetHints":{"allow":["GET"]}}],"collection":[{"href":"https:\/\/xesbalenet.com\/ro\/wp-json\/wp\/v2\/pages"}],"about":[{"href":"https:\/\/xesbalenet.com\/ro\/wp-json\/wp\/v2\/types\/page"}],"author":[{"embeddable":true,"href":"https:\/\/xesbalenet.com\/ro\/wp-json\/wp\/v2\/users\/1"}],"replies":[{"embeddable":true,"href":"https:\/\/xesbalenet.com\/ro\/wp-json\/wp\/v2\/comments?post=3904"}],"version-history":[{"count":0,"href":"https:\/\/xesbalenet.com\/ro\/wp-json\/wp\/v2\/pages\/3904\/revisions"}],"wp:attachment":[{"href":"https:\/\/xesbalenet.com\/ro\/wp-json\/wp\/v2\/media?parent=3904"}],"curies":[{"name":"wp","href":"https:\/\/api.w.org\/{rel}","templated":true}]}}