{"id":3988,"date":"2025-07-02T08:07:20","date_gmt":"2025-07-02T08:07:20","guid":{"rendered":"https:\/\/xesbalenet.com\/plasa-pentru-baloti-extreme\/"},"modified":"2026-04-30T06:57:52","modified_gmt":"2026-04-30T06:57:52","slug":"plasa-pentru-baloti-extreme","status":"publish","type":"page","link":"https:\/\/xesbalenet.com\/ro\/plasa-pentru-baloti-extreme\/","title":{"rendered":"Plas\u0103 pentru balo\u021bi Extreme"},"content":{"rendered":"\n<div class=\"wp-block-columns are-vertically-aligned-top is-layout-flex wp-container-core-columns-is-layout-28f84493 wp-block-columns-is-layout-flex\">\n<div class=\"wp-block-column is-vertically-aligned-top is-layout-flow wp-block-column-is-layout-flow\">\n<figure class=\"wp-block-image aligncenter size-full\"><img decoding=\"async\" width=\"420\" height=\"254\" src=\"https:\/\/xesbalenet.com\/wp-content\/uploads\/2025\/07\/070402.jpg\" alt=\"\" class=\"wp-image-3036\" srcset=\"https:\/\/xesbalenet.com\/wp-content\/uploads\/2025\/07\/070402.jpg 420w, https:\/\/xesbalenet.com\/wp-content\/uploads\/2025\/07\/070402-300x181.jpg 300w\" sizes=\"(max-width: 420px) 100vw, 420px\" \/><\/figure>\n\n\n\n<figure class=\"wp-block-image aligncenter size-full\"><img decoding=\"async\" width=\"420\" height=\"565\" src=\"https:\/\/xesbalenet.com\/wp-content\/uploads\/2025\/07\/070401.jpg\" alt=\"\" class=\"wp-image-3033\" srcset=\"https:\/\/xesbalenet.com\/wp-content\/uploads\/2025\/07\/070401.jpg 420w, https:\/\/xesbalenet.com\/wp-content\/uploads\/2025\/07\/070401-223x300.jpg 223w\" sizes=\"(max-width: 420px) 100vw, 420px\" \/><\/figure>\n\n\n\n<figure class=\"wp-block-image size-large\"><img decoding=\"async\" width=\"1024\" height=\"683\" src=\"https:\/\/xesbalenet.com\/wp-content\/uploads\/2025\/07\/B_11575-1024x683.jpg\" alt=\"\" class=\"wp-image-3038\" srcset=\"https:\/\/xesbalenet.com\/wp-content\/uploads\/2025\/07\/B_11575-1024x683.jpg 1024w, https:\/\/xesbalenet.com\/wp-content\/uploads\/2025\/07\/B_11575-300x200.jpg 300w, https:\/\/xesbalenet.com\/wp-content\/uploads\/2025\/07\/B_11575-768x512.jpg 768w, https:\/\/xesbalenet.com\/wp-content\/uploads\/2025\/07\/B_11575-1536x1024.jpg 1536w, https:\/\/xesbalenet.com\/wp-content\/uploads\/2025\/07\/B_11575.jpg 2048w\" sizes=\"(max-width: 1024px) 100vw, 1024px\" \/><\/figure>\n\n\n\n<figure class=\"wp-block-image size-large\"><img decoding=\"async\" width=\"1024\" height=\"683\" src=\"https:\/\/xesbalenet.com\/wp-content\/uploads\/2025\/07\/B_11604-1024x683.jpg\" alt=\"\" class=\"wp-image-3039\" srcset=\"https:\/\/xesbalenet.com\/wp-content\/uploads\/2025\/07\/B_11604-1024x683.jpg 1024w, https:\/\/xesbalenet.com\/wp-content\/uploads\/2025\/07\/B_11604-300x200.jpg 300w, https:\/\/xesbalenet.com\/wp-content\/uploads\/2025\/07\/B_11604-768x512.jpg 768w, https:\/\/xesbalenet.com\/wp-content\/uploads\/2025\/07\/B_11604-1536x1024.jpg 1536w, https:\/\/xesbalenet.com\/wp-content\/uploads\/2025\/07\/B_11604.jpg 2048w\" sizes=\"(max-width: 1024px) 100vw, 1024px\" \/><\/figure>\n<\/div>\n\n\n\n<div class=\"wp-block-column is-vertically-aligned-top is-layout-flow wp-block-column-is-layout-flow\">\n<h2 class=\"wp-block-heading\">Plas\u0103 pentru balo\u021bi XES\u00ae Extreme<\/h2>\n\n\n\n<p>Face\u021bi cuno\u0219tin\u021b\u0103 cu Plasa noastr\u0103 premium pentru balo\u021bi, un produs al ingineriei de specialitate, proiectat pentru durabilitate \u0219i fiabilitate \u00een c\u00e2mp. Ob\u021bine\u021bi o protec\u021bie fiabil\u0103 \u0219i puternic\u0103 pentru culturile dvs. la un pre\u021b economic.<\/p>\n\n\n\n<h3 class=\"wp-block-heading\"><strong>Certificarea DLG (Societatea Agricol\u0103 German\u0103): O marc\u0103 a excelen\u021bei<\/strong><\/h3>\n\n\n\n<figure class=\"wp-block-image is-resized\"><a href=\"https:\/\/pruefberichte.dlg.org\/filestorage\/7439_e.pdf\" target=\"_blank\" rel=\"noreferrer noopener\"><img decoding=\"async\" src=\"https:\/\/cdn.shopify.com\/s\/files\/1\/0723\/2998\/6368\/files\/1548452d7e98d03d51435624522d88b_480x480.jpg?v=1701750322\" alt=\"Marca de certificat DLG\" style=\"width:250px\"\/><\/a><\/figure>\n\n\n\n<p>\u00cenveli\u0219ul nostru de plas\u0103 este cu m\u00e2ndrie certificat DLG, ceea ce \u00eenseamn\u0103 c\u0103 \u00eendepline\u0219te standardele \u00eenalte ale Societ\u0103\u021bii Agricole Germane (Deutsche Landwirtschafts-Gesellschaft). Aceast\u0103 certificare prestigioas\u0103 este recunoscut\u0103 pentru testarea riguroas\u0103 \u0219i asigurarea calit\u0103\u021bii, asigur\u00e2nd c\u0103 produsul nostru se remarc\u0103 pe pia\u021b\u0103 prin calitatea \u0219i fiabilitatea sa excep\u021bionale.<\/p>\n\n\n\n<p>Descoperi\u021bi standardele riguroase \u0219i calit\u0103\u021bile excep\u021bionale care diferen\u021biaz\u0103 \u00eenveli\u0219ul nostru de plas\u0103 prin vizualizarea <a href=\"https:\/\/pruefberichte.dlg.org\/filestorage\/7439_e.pdf\" target=\"_blank\" rel=\"noreferrer noopener\">raportului nostru de testare DLG<\/a>.<\/p>\n\n\n\n<h3 class=\"wp-block-heading\">Caracteristici principale<\/h3>\n\n\n\n<ul class=\"wp-block-list\">\n<li><strong>\ud83d\udcaa Rezisten\u021b\u0103 extrem\u0103:<\/strong> Maximiza\u021bi rezisten\u021ba \u0219i rezilien\u021ba cu structura noastr\u0103 patentat\u0103 de lan\u021b inserat \u00een urzeal\u0103.  <\/li>\n\n\n\n<li><strong>\ud83e\udd1d Se potrive\u0219te tuturor balotierelor rotunde:<\/strong> \u00cenveli\u0219ul nostru de plas\u0103 se potrive\u0219te perfect cu toate m\u0103rcile \u0219i modelele populare de prese de balotat rotunde, inclusiv John Deere, New Holland, Vermeer.<\/li>\n\n\n\n<li><strong>\ud83d\udccf Lungime garantat\u0103:<\/strong> \u00ce\u021bi oferim 150ft* \u00een plus pe fiecare rol\u0103 &#8211; acesta este modul nostru de a ne asigura c\u0103 prime\u0219ti exact ceea ce \u021bi s-a promis, de fiecare dat\u0103.<\/li>\n\n\n\n<li><strong>\ud83c\udfaf Marcaje clare:<\/strong> Marcajele laterale \u0219i un semnal ro\u0219u clar de sf\u00e2r\u0219it de rol\u0103 sporesc eficien\u021ba procesului de balotare.<\/li>\n\n\n\n<li><strong>\u2714\ufe0f Neat and Even:<\/strong> Experimenta\u021bi mai pu\u021bin\u0103 risip\u0103 \u0219i o potrivire mai bun\u0103 cu plasele noastre pentru balo\u021bi cu margini precise \u0219i \u00eenf\u0103\u0219urate uniform, concepute pentru a reduce timpii mor\u021bi \u0219i pentru a v\u0103 men\u021bine balo\u021bii func\u021bion\u00e2nd f\u0103r\u0103 probleme<\/li>\n<\/ul>\n\n\n\n<figure class=\"wp-block-table\"><table class=\"has-fixed-layout\"><tbody><tr><td><\/td><td><strong>XES\u00ae Extreme<\/strong><\/td><\/tr><tr><td>L\u0103\u021bimea rolei<\/td><td>1.23m \/ 1.25m<\/td><\/tr><tr><td>Lungime garantat\u0103<\/td><td>2,000m\/3,000m<\/td><\/tr><tr><td>Rezisten\u021ba la trac\u021biune<\/td><td>270 kg &#8211; 300 kg<\/td><\/tr><tr><td>Greutate<\/td><td>22.8kg\/32.8kg<\/td><\/tr><tr><td>Rezisten\u021b\u0103 la UV<\/td><td>Minim 12 luni<\/td><\/tr><tr><td>Marcaj lateral<\/td><td>Galben\/albastru\/portocaliu pe st\u00e2nga<\/td><\/tr><tr><td>Diametrul exterior al rolei<\/td><td>20.5cm(+\/-1.0cm)\/22.5cm(+\/- 1,0cm)<\/td><\/tr><tr><td>Marcare final\u0103<\/td><td>Ro\u0219u, ultimii 50m<\/td><\/tr><tr><td>Material<\/td><td>HDPE ecologic<\/td><\/tr><tr><td>Aplica\u021bii<\/td><td>F\u00e2n, paie, siloz<\/td><\/tr><\/tbody><\/table><\/figure>\n<\/div>\n<\/div>\n\n<div class=\"wp-block-aioseo-key-points\"><div class=\"aioseo-key-points-block-content\">\n<ul class=\"wp-block-list\">\n<li><strong>XES\u00ae Extreme Plas\u0103 pentru balo\u021bi Introducere:<\/strong> Acest produs este o Plas\u0103 pentru balo\u021bi de calitate superioar\u0103, conceput\u0103 pentru durabilitate \u0219i protec\u021bie fiabil\u0103 a culturilor, proiectat\u0103 cu m\u0103iestrie de expert \u0219i oferit\u0103 la un pre\u021b economic.<\/li>\n<\/ul>\n<\/div><\/div>\n\n<div class=\"wp-block-aioseo-key-points\"><div class=\"aioseo-key-points-block-content\">\n<ul class=\"wp-block-list\">\n<li><strong>Certificarea DLG semnific\u0103 calitatea:<\/strong> \u00cenveli\u0219ul nostru de plas\u0103 este certificat de Societatea Agricol\u0103 German\u0103 (DLG), ceea ce reflect\u0103 respectarea unor standarde ridicate de testare \u0219i asigurare a calit\u0103\u021bii, asigur\u00e2nd calitatea \u0219i fiabilitatea sa excep\u021bionale.<\/li>\n\n\n\n<li><strong>Caracteristicile principale ale \u00eenf\u0103\u0219ur\u0103rii cu plas\u0103:<\/strong> \u00cenveli\u0219ul de plas\u0103 se m\u00e2ndre\u0219te cu o rezisten\u021b\u0103 extrem\u0103 prin structura patentat\u0103 a lan\u021bului inserat \u00een urzeal\u0103, compatibilitate universal\u0103 cu principalele prese de balotat rotunde, lungime extins\u0103 garantat\u0103, marcaje clare pentru eficien\u021b\u0103 \u0219i margini precise pentru a reduce de\u0219eurile.<\/li>\n\n\n\n<li><strong>Specifica\u021biile \u0219i aplica\u021biile produsului:<\/strong> Plasa pentru balo\u021bi este disponibil\u0103 \u00een diferite dimensiuni, cu specifica\u021bii care includ rezisten\u021b\u0103 la trac\u021biune de 270-300 kg, rezisten\u021b\u0103 la UV timp de cel pu\u021bin 12 luni, material HDPE ecologic \u0219i este potrivit\u0103 pentru balotarea f\u00e2nului, paielor \u0219i silozului.<\/li>\n\n\n\n<li><strong>Beneficii suplimentare ale produsului:<\/strong> Caracteristici precum marcajele laterale \u0219i un indicator ro\u0219u de sf\u00e2r\u0219it de rulare sporesc eficien\u021ba opera\u021bional\u0103, \u00een timp ce construc\u021bia precis\u0103 minimizeaz\u0103 timpii mor\u021bi \u0219i maximizeaz\u0103 productivitatea \u00een opera\u021biunile de pe teren.<\/li>\n<\/ul>\n<\/div><\/div>\n\n<div data-schema-only=\"false\" class=\"wp-block-aioseo-faq\"><h3 class=\"aioseo-faq-block-question\">What is XES\u00ae Extreme Bale Net Wrap and what are its main features?<\/h3><div class=\"aioseo-faq-block-answer\">\n<p>Plasa pentru balo\u021bi XES\u00ae Extreme este o plas\u0103 premium, durabil\u0103, conceput\u0103 pentru protec\u021bia fiabil\u0103 a culturilor. Caracteristicile sale principale includ rezisten\u021b\u0103 extrem\u0103 datorit\u0103 unei structuri patentate de lan\u021b cu inser\u021bie de urzeal\u0103, compatibilitate cu diverse prese de balotat rotunde, o lungime suplimentar\u0103 garantat\u0103 de 150 ft, marcaje laterale clare \u0219i un semnal ro\u0219u de sf\u00e2r\u0219it de rulare, precum \u0219i o margine precis\u0103 pentru a reduce de\u0219eurile. <\/p>\n<\/div><\/div>\n\n<div data-schema-only=\"false\" class=\"wp-block-aioseo-faq\"><h3 class=\"aioseo-faq-block-question\">What certification does the XES\u00ae Extreme Bale Net Wrap have and what does it signify?<\/h3><div class=\"aioseo-faq-block-answer\">\n<p>Plasa pentru balo\u021bi XES\u00ae Extreme este certificat\u0103 de Societatea Agricol\u0103 German\u0103 (DLG), ceea ce indic\u0103 faptul c\u0103 \u00eendepline\u0219te standarde ridicate de testare \u0219i asigurare a calit\u0103\u021bii, asigur\u00e2nd calitatea \u0219i fiabilitatea sa excep\u021bionale.<\/p>\n<\/div><\/div>\n\n<div data-schema-only=\"false\" class=\"wp-block-aioseo-faq\"><h3 class=\"aioseo-faq-block-question\">How does the DLG certification benefit the performance and quality of the net wrap?<\/h3><div class=\"aioseo-faq-block-answer\">\n<p>Certificarea DLG semnific\u0103 faptul c\u0103 \u00eenveli\u0219ul de plas\u0103 a fost supus unor teste riguroase \u0219i unor standarde de calitate, asigur\u00e2ndu-se c\u0103 este de \u00eenalt\u0103 calitate, fiabil \u0219i func\u021bioneaz\u0103 eficient \u00een cadrul opera\u021biunilor agricole.<\/p>\n<\/div><\/div>\n\n<div data-schema-only=\"false\" class=\"wp-block-aioseo-faq\"><h3 class=\"aioseo-faq-block-question\">What materials and application sizes are available for XES\u00ae Extreme Bale Net Wrap?<\/h3><div class=\"aioseo-faq-block-answer\">\n<p>Plasa pentru balo\u021bi este fabricat\u0103 din material HDPE ecologic, cu dimensiuni cuprinse \u00eentre 1,23 m \u0219i 1,25 m \u00een l\u0103\u021bime \u0219i lungimi de 2.000 m sau 3.000 m, potrivit\u0103 pentru balotarea f\u00e2nului, paielor \u0219i silozului.<\/p>\n<\/div><\/div>\n\n<div data-schema-only=\"false\" class=\"wp-block-aioseo-faq\"><h3 class=\"aioseo-faq-block-question\">What operational advantages does the XES\u00ae Extreme Bale Net Wrap offer to farmers?<\/h3><div class=\"aioseo-faq-block-answer\">\n<p>Plasa pentru balo\u021bi are marcaje clare \u0219i un indicator ro\u0219u de sf\u00e2r\u0219it de rol\u0103 care \u00eembun\u0103t\u0103\u021besc eficien\u021ba, iar construc\u021bia sa precis\u0103 minimizeaz\u0103 de\u0219eurile \u0219i timpii mor\u021bi, sporind astfel productivitatea \u00een timpul opera\u021biunilor de balotare.<\/p>\n<\/div><\/div>\n","protected":false},"excerpt":{"rendered":"<p>Plas\u0103 pentru balo\u021bi XES\u00ae Extreme Face\u021bi cuno\u0219tin\u021b\u0103 cu Plasa noastr\u0103 premium pentru balo\u021bi, un produs al ingineriei de specialitate, proiectat pentru durabilitate \u0219i fiabilitate \u00een c\u00e2mp. Ob\u021bine\u021bi o protec\u021bie fiabil\u0103 \u0219i puternic\u0103 pentru culturile dvs. la un pre\u021b economic. Certificarea DLG (Societatea Agricol\u0103 German\u0103): O marc\u0103 a excelen\u021bei \u00cenveli\u0219ul nostru de plas\u0103 este cu m\u00e2ndrie [&hellip;]<\/p>\n","protected":false},"author":1,"featured_media":0,"parent":0,"menu_order":0,"comment_status":"closed","ping_status":"closed","template":"","meta":{"_uag_custom_page_level_css":"","site-sidebar-layout":"default","site-content-layout":"","ast-site-content-layout":"default","site-content-style":"default","site-sidebar-style":"default","ast-global-header-display":"","ast-banner-title-visibility":"","ast-main-header-display":"","ast-hfb-above-header-display":"","ast-hfb-below-header-display":"","ast-hfb-mobile-header-display":"","site-post-title":"","ast-breadcrumbs-content":"","ast-featured-img":"","footer-sml-layout":"","ast-disable-related-posts":"","theme-transparent-header-meta":"","adv-header-id-meta":"","stick-header-meta":"","header-above-stick-meta":"","header-main-stick-meta":"","header-below-stick-meta":"","astra-migrate-meta-layouts":"default","ast-page-background-enabled":"default","ast-page-background-meta":{"desktop":{"background-color":"var(--ast-global-color-4)","background-image":"","background-repeat":"repeat","background-position":"center center","background-size":"auto","background-attachment":"scroll","background-type":"","background-media":"","overlay-type":"","overlay-color":"","overlay-opacity":"","overlay-gradient":""},"tablet":{"background-color":"","background-image":"","background-repeat":"repeat","background-position":"center center","background-size":"auto","background-attachment":"scroll","background-type":"","background-media":"","overlay-type":"","overlay-color":"","overlay-opacity":"","overlay-gradient":""},"mobile":{"background-color":"","background-image":"","background-repeat":"repeat","background-position":"center center","background-size":"auto","background-attachment":"scroll","background-type":"","background-media":"","overlay-type":"","overlay-color":"","overlay-opacity":"","overlay-gradient":""}},"ast-content-background-meta":{"desktop":{"background-color":"var(--ast-global-color-5)","background-image":"","background-repeat":"repeat","background-position":"center center","background-size":"auto","background-attachment":"scroll","background-type":"","background-media":"","overlay-type":"","overlay-color":"","overlay-opacity":"","overlay-gradient":""},"tablet":{"background-color":"var(--ast-global-color-5)","background-image":"","background-repeat":"repeat","background-position":"center center","background-size":"auto","background-attachment":"scroll","background-type":"","background-media":"","overlay-type":"","overlay-color":"","overlay-opacity":"","overlay-gradient":""},"mobile":{"background-color":"var(--ast-global-color-5)","background-image":"","background-repeat":"repeat","background-position":"center center","background-size":"auto","background-attachment":"scroll","background-type":"","background-media":"","overlay-type":"","overlay-color":"","overlay-opacity":"","overlay-gradient":""}},"_joinchat":[],"footnotes":""},"class_list":["post-3988","page","type-page","status-publish","hentry"],"aioseo_notices":[],"uagb_featured_image_src":{"full":false,"thumbnail":false,"medium":false,"medium_large":false,"large":false,"1536x1536":false,"2048x2048":false},"uagb_author_info":{"display_name":"xesbalenet","author_link":"https:\/\/xesbalenet.com\/ro\/author\/zx9212110726live-com\/"},"uagb_comment_info":0,"uagb_excerpt":"Plas\u0103 pentru balo\u021bi XES\u00ae Extreme Face\u021bi cuno\u0219tin\u021b\u0103 cu Plasa noastr\u0103 premium pentru balo\u021bi, un produs al ingineriei de specialitate, proiectat pentru durabilitate \u0219i fiabilitate \u00een c\u00e2mp. Ob\u021bine\u021bi o protec\u021bie fiabil\u0103 \u0219i puternic\u0103 pentru culturile dvs. la un pre\u021b economic. Certificarea DLG (Societatea Agricol\u0103 German\u0103): O marc\u0103 a excelen\u021bei \u00cenveli\u0219ul nostru de plas\u0103 este cu m\u00e2ndrie&hellip;","_links":{"self":[{"href":"https:\/\/xesbalenet.com\/ro\/wp-json\/wp\/v2\/pages\/3988","targetHints":{"allow":["GET"]}}],"collection":[{"href":"https:\/\/xesbalenet.com\/ro\/wp-json\/wp\/v2\/pages"}],"about":[{"href":"https:\/\/xesbalenet.com\/ro\/wp-json\/wp\/v2\/types\/page"}],"author":[{"embeddable":true,"href":"https:\/\/xesbalenet.com\/ro\/wp-json\/wp\/v2\/users\/1"}],"replies":[{"embeddable":true,"href":"https:\/\/xesbalenet.com\/ro\/wp-json\/wp\/v2\/comments?post=3988"}],"version-history":[{"count":0,"href":"https:\/\/xesbalenet.com\/ro\/wp-json\/wp\/v2\/pages\/3988\/revisions"}],"wp:attachment":[{"href":"https:\/\/xesbalenet.com\/ro\/wp-json\/wp\/v2\/media?parent=3988"}],"curies":[{"name":"wp","href":"https:\/\/api.w.org\/{rel}","templated":true}]}}