{"id":4022,"date":"2025-07-02T08:17:11","date_gmt":"2025-07-02T08:17:11","guid":{"rendered":"https:\/\/xesbalenet.com\/plasa-pentru-baloti-supreme\/"},"modified":"2026-04-30T07:02:25","modified_gmt":"2026-04-30T07:02:25","slug":"plasa-pentru-baloti-supreme","status":"publish","type":"page","link":"https:\/\/xesbalenet.com\/ro\/plasa-pentru-baloti-supreme\/","title":{"rendered":"Plas\u0103 pentru balo\u021bi Supreme"},"content":{"rendered":"\n<div class=\"wp-block-columns is-layout-flex wp-container-core-columns-is-layout-28f84493 wp-block-columns-is-layout-flex\">\n<div class=\"wp-block-column is-layout-flow wp-block-column-is-layout-flow\">\n<figure class=\"wp-block-image aligncenter size-full\"><img decoding=\"async\" width=\"420\" height=\"172\" src=\"https:\/\/xesbalenet.com\/wp-content\/uploads\/2025\/07\/070403.jpg\" alt=\"\" class=\"wp-image-3042\" srcset=\"https:\/\/xesbalenet.com\/wp-content\/uploads\/2025\/07\/070403.jpg 420w, https:\/\/xesbalenet.com\/wp-content\/uploads\/2025\/07\/070403-300x123.jpg 300w\" sizes=\"(max-width: 420px) 100vw, 420px\" \/><\/figure>\n\n\n\n<figure class=\"wp-block-image size-large\"><img decoding=\"async\" width=\"1024\" height=\"768\" src=\"https:\/\/xesbalenet.com\/wp-content\/uploads\/2025\/07\/51-1-1024x768.jpg\" alt=\"\" class=\"wp-image-3044\" srcset=\"https:\/\/xesbalenet.com\/wp-content\/uploads\/2025\/07\/51-1-1024x768.jpg 1024w, https:\/\/xesbalenet.com\/wp-content\/uploads\/2025\/07\/51-1-300x225.jpg 300w, https:\/\/xesbalenet.com\/wp-content\/uploads\/2025\/07\/51-1-768x576.jpg 768w, https:\/\/xesbalenet.com\/wp-content\/uploads\/2025\/07\/51-1-1536x1152.jpg 1536w, https:\/\/xesbalenet.com\/wp-content\/uploads\/2025\/07\/51-1-2048x1536.jpg 2048w\" sizes=\"(max-width: 1024px) 100vw, 1024px\" \/><\/figure>\n\n\n\n<figure class=\"wp-block-image size-large\"><img decoding=\"async\" src=\"https:\/\/xesbalenet.com\/wp-content\/uploads\/2025\/07\/&#x5FAE;&#x4FE1;&#x56FE;&#x7247;_20220713093010-1024x1024.jpg\" alt=\"\" class=\"wp-image-3048\"\/><\/figure>\n<\/div>\n\n\n\n<div class=\"wp-block-column is-layout-flow wp-block-column-is-layout-flow\">\n<h2 class=\"wp-block-heading\">Plas\u0103 pentru balo\u021bi XES\u00ae Supreme Net Wrap<\/h2>\n\n\n\n<p><strong>Plasa noastr\u0103 inovatoare pentru balo\u021bi cu tehnologie patentat\u0103.<\/strong><\/p>\n\n\n\n<p>Aceast\u0103 tehnologie nu necesit\u0103 \u021besere, un fir de urzeal\u0103 conecteaz\u0103 trei fire de b\u0103t\u0103tur\u0103, iar suprafa\u021ba mare \u0219i frecarea ridicat\u0103 fac plasele mai rezistente la expunerea la soare. Suprafa\u021ba plasei este neted\u0103 \u0219i plat\u0103 \u0219i este mai pu\u021bin probabil s\u0103 fie deteriorat\u0103 \u00een interiorul ma\u0219inii de ambalare. Aceasta distribuie greutatea uniform pe \u00eentreaga plas\u0103 \u0219i cre\u0219te rezisten\u021ba la rupere. Rezultat: 5.000 de metri \u00een loc de 3.000 de metri cu aceea\u0219i greutate \u0219i acela\u0219i diametru de rulare. Optimizate pentru eficien\u021b\u0103 maxim\u0103 prin timpi de inactivitate redu\u0219i \u00een agricultur\u0103.<\/p>\n\n\n\n<p>Cu o rezisten\u021b\u0103 ridicat\u0103 la rupere de aproximativ 300 kg, acesta este, de asemenea, potrivit pentru sarcini solicitante, cum ar fi recoltarea porumbului. Plasa noastr\u0103 pentru balo\u021bi XES\u00ae Supreme ofer\u0103 urm\u0103toarele caracteristici:<\/p>\n\n\n\n<p>&#8211; Rezisten\u021b\u0103 ridicat\u0103 la trac\u021biune \u0219i extensibilitate (XES\u00ae Supremeup p\u00e2n\u0103 la 300 kg)<\/p>\n\n\n\n<p>&#8211; ruleaz\u0103 f\u0103r\u0103 probleme pe toate ma\u0219inile stabilite<\/p>\n\n\n\n<p>&#8211; Fabricat din HDPE ecologic<\/p>\n\n\n\n<p>(polietilen\u0103 de \u00eenalt\u0103 densitate)<\/p>\n\n\n\n<p>&#8211; \u00cenf\u0103\u0219urare precis\u0103 \u0219i uniform\u0103<\/p>\n\n\n\n<p>&#8211; Stabilitate UV 1 an pentru Europa Central\u0103<\/p>\n\n\n\n<p>&#8211; Produc\u0103tor certificat \u00een conformitate cu DIN EN ISO 9001<\/p>\n\n\n\n<p>Descoperi\u021bi standardele riguroase \u0219i calit\u0103\u021bile excep\u021bionale care diferen\u021biaz\u0103 \u00eenveli\u0219ul nostru de plas\u0103 prin vizualizarea <a rel=\"noreferrer noopener\" href=\"https:\/\/pruefberichte.dlg.org\/filestorage\/7439_e.pdf\" target=\"_blank\">raportului nostru de testare DLG<\/a>.<\/p>\n\n\n\n<figure class=\"wp-block-table\"><table class=\"has-fixed-layout\"><tbody><tr><td><\/td><td><strong>XES\u00ae Supreme<\/strong><\/td><\/tr><tr><td>Rezisten\u021ba la trac\u021biune<\/td><td>270 kg<\/td><\/tr><tr><td>L\u0103\u021bimea rolei<\/td><td>1.23m \/ 1.25m<\/td><\/tr><tr><td>Lungime garantat\u0103<\/td><td>3000m\/4000m<\/td><\/tr><tr><td>Greutate<\/td><td>25kg\/32.8kg<\/td><\/tr><tr><td>Material<\/td><td>HDPE ecologic<\/td><\/tr><tr><td>Rezisten\u021b\u0103 la UV<\/td><td>12 luni<\/td><\/tr><tr><td>Aplica\u021bii<\/td><td>\u00censiloz, f\u00e2n, paie, porumb<\/td><\/tr><tr><td>Aplica\u021bii<\/td><td>Siloz, f\u00e2n, paie, paie puternice,<br\/>porumb, pulp\u0103 de sfecl\u0103 de zah\u0103r \u0219i bastoane<\/td><\/tr><\/tbody><\/table><\/figure>\n<\/div>\n<\/div>\n\n<div class=\"wp-block-aioseo-key-points\"><div class=\"aioseo-key-points-block-content\">\n<ul class=\"wp-block-list\">\n<li><strong>Tehnologie inovatoare pentru plasa de balo\u021bi:<\/strong> Plasa pentru balo\u021bi XES\u00ae Supreme dispune de o tehnologie brevetat\u0103, f\u0103r\u0103 \u021bes\u0103turi, cu frecare ridicat\u0103 \u0219i suprafa\u021b\u0103 mare, care \u00eembun\u0103t\u0103\u021be\u0219te rezisten\u021ba la deteriorarea cauzat\u0103 de soare \u0219i cre\u0219te rezisten\u021ba la rupere.<\/li>\n\n\n\n<li><strong>Eficien\u021b\u0103 \u0219i durabilitate \u00eembun\u0103t\u0103\u021bite:<\/strong> Plasa asigur\u0103 o lungime de p\u00e2n\u0103 la 5.000 de metri cu aceea\u0219i greutate, ofer\u0103 o rezisten\u021b\u0103 ridicat\u0103 la trac\u021biune de aproximativ 300 kg \u0219i distribuie greutatea uniform, ceea ce o face potrivit\u0103 pentru sarcini agricole solicitante, cum ar fi recoltarea porumbului.<\/li>\n\n\n\n<li><strong>Compatibilitate \u0219i aplicare larg\u0103:<\/strong> Proiectat pentru a func\u021biona f\u0103r\u0103 probleme pe toate ma\u0219inile de ambalare stabilite \u0219i potrivit pentru diverse utiliz\u0103ri, inclusiv siloz, f\u00e2n, paie, porumb, pulp\u0103 de sfecl\u0103 de zah\u0103r \u0219i be\u021be.<\/li>\n<\/ul>\n<\/div><\/div>\n\n<div data-schema-only=\"false\" class=\"wp-block-aioseo-faq\"><h3 class=\"aioseo-faq-block-question\">Is the XES\u00ae Supreme Bale Net Wrap suitable for different agricultural applications?<\/h3><div class=\"aioseo-faq-block-answer\">\n<p>Da, este potrivit pentru diverse scopuri, inclusiv pentru siloz, f\u00e2n, paie, porumb, pulp\u0103 de sfecl\u0103 de zah\u0103r \u0219i be\u021be \u0219i poate fi utilizat f\u0103r\u0103 probleme pe toate ma\u0219inile de ambalare stabilite.<\/p>\n<\/div><\/div>\n\n<div data-schema-only=\"false\" class=\"wp-block-aioseo-faq\"><h3 class=\"aioseo-faq-block-question\">How does the innovative technology of XES\u00ae Supreme Bale Net Wrap improve its durability?<\/h3><div class=\"aioseo-faq-block-answer\">\n<p>Tehnologia sa brevetat\u0103 f\u0103r\u0103 \u021besut, combinat\u0103 cu frecarea ridicat\u0103 a suprafe\u021bei \u0219i zona mare de contact, \u00eembun\u0103t\u0103\u021be\u0219te rezisten\u021ba la soare \u0219i rezisten\u021ba la rupere, permi\u021b\u00e2nd plasei s\u0103 reziste la sarcini agricole solicitante \u0219i s\u0103 ofere o durat\u0103 de via\u021b\u0103 mai lung\u0103.<\/p>\n<\/div><\/div>\n\n<div data-schema-only=\"false\" class=\"wp-block-aioseo-faq\"><h3 class=\"aioseo-faq-block-question\">What are the key features of the XES\u00ae Supreme Bale Net Wrap?<\/h3><div class=\"aioseo-faq-block-answer\">\n<p>Plasa pentru balo\u021bi XES\u00ae Supreme se caracterizeaz\u0103 prin tehnologia sa brevetat\u0103, f\u0103r\u0103 \u021besut, fric\u021biune ridicat\u0103, suprafa\u021b\u0103 mare, eficien\u021b\u0103 maxim\u0103, rezisten\u021b\u0103 ridicat\u0103 la rupere de aproximativ 300 kg \u0219i material HDPE ecologic. De asemenea, ofer\u0103 stabilitate UV timp de un an \u0219i este compatibil\u0103 cu toate ma\u0219inile de ambalare consacrate. <\/p>\n<\/div><\/div>\n","protected":false},"excerpt":{"rendered":"<p>Plas\u0103 pentru balo\u021bi XES\u00ae Supreme Net Wrap Plasa noastr\u0103 inovatoare pentru balo\u021bi cu tehnologie patentat\u0103. Aceast\u0103 tehnologie nu necesit\u0103 \u021besere, un fir de urzeal\u0103 conecteaz\u0103 trei fire de b\u0103t\u0103tur\u0103, iar suprafa\u021ba mare \u0219i frecarea ridicat\u0103 fac plasele mai rezistente la expunerea la soare. Suprafa\u021ba plasei este neted\u0103 \u0219i plat\u0103 \u0219i este mai pu\u021bin probabil s\u0103 [&hellip;]<\/p>\n","protected":false},"author":1,"featured_media":0,"parent":0,"menu_order":0,"comment_status":"closed","ping_status":"closed","template":"","meta":{"_uag_custom_page_level_css":"","site-sidebar-layout":"default","site-content-layout":"","ast-site-content-layout":"default","site-content-style":"default","site-sidebar-style":"default","ast-global-header-display":"","ast-banner-title-visibility":"","ast-main-header-display":"","ast-hfb-above-header-display":"","ast-hfb-below-header-display":"","ast-hfb-mobile-header-display":"","site-post-title":"","ast-breadcrumbs-content":"","ast-featured-img":"","footer-sml-layout":"","ast-disable-related-posts":"","theme-transparent-header-meta":"","adv-header-id-meta":"","stick-header-meta":"","header-above-stick-meta":"","header-main-stick-meta":"","header-below-stick-meta":"","astra-migrate-meta-layouts":"set","ast-page-background-enabled":"default","ast-page-background-meta":{"desktop":{"background-color":"var(--ast-global-color-4)","background-image":"","background-repeat":"repeat","background-position":"center center","background-size":"auto","background-attachment":"scroll","background-type":"","background-media":"","overlay-type":"","overlay-color":"","overlay-opacity":"","overlay-gradient":""},"tablet":{"background-color":"","background-image":"","background-repeat":"repeat","background-position":"center center","background-size":"auto","background-attachment":"scroll","background-type":"","background-media":"","overlay-type":"","overlay-color":"","overlay-opacity":"","overlay-gradient":""},"mobile":{"background-color":"","background-image":"","background-repeat":"repeat","background-position":"center center","background-size":"auto","background-attachment":"scroll","background-type":"","background-media":"","overlay-type":"","overlay-color":"","overlay-opacity":"","overlay-gradient":""}},"ast-content-background-meta":{"desktop":{"background-color":"var(--ast-global-color-5)","background-image":"","background-repeat":"repeat","background-position":"center center","background-size":"auto","background-attachment":"scroll","background-type":"","background-media":"","overlay-type":"","overlay-color":"","overlay-opacity":"","overlay-gradient":""},"tablet":{"background-color":"var(--ast-global-color-5)","background-image":"","background-repeat":"repeat","background-position":"center center","background-size":"auto","background-attachment":"scroll","background-type":"","background-media":"","overlay-type":"","overlay-color":"","overlay-opacity":"","overlay-gradient":""},"mobile":{"background-color":"var(--ast-global-color-5)","background-image":"","background-repeat":"repeat","background-position":"center center","background-size":"auto","background-attachment":"scroll","background-type":"","background-media":"","overlay-type":"","overlay-color":"","overlay-opacity":"","overlay-gradient":""}},"_joinchat":[],"footnotes":""},"class_list":["post-4022","page","type-page","status-publish","hentry"],"aioseo_notices":[],"uagb_featured_image_src":{"full":false,"thumbnail":false,"medium":false,"medium_large":false,"large":false,"1536x1536":false,"2048x2048":false},"uagb_author_info":{"display_name":"xesbalenet","author_link":"https:\/\/xesbalenet.com\/ro\/author\/zx9212110726live-com\/"},"uagb_comment_info":0,"uagb_excerpt":"Plas\u0103 pentru balo\u021bi XES\u00ae Supreme Net Wrap Plasa noastr\u0103 inovatoare pentru balo\u021bi cu tehnologie patentat\u0103. Aceast\u0103 tehnologie nu necesit\u0103 \u021besere, un fir de urzeal\u0103 conecteaz\u0103 trei fire de b\u0103t\u0103tur\u0103, iar suprafa\u021ba mare \u0219i frecarea ridicat\u0103 fac plasele mai rezistente la expunerea la soare. Suprafa\u021ba plasei este neted\u0103 \u0219i plat\u0103 \u0219i este mai pu\u021bin probabil s\u0103&hellip;","_links":{"self":[{"href":"https:\/\/xesbalenet.com\/ro\/wp-json\/wp\/v2\/pages\/4022","targetHints":{"allow":["GET"]}}],"collection":[{"href":"https:\/\/xesbalenet.com\/ro\/wp-json\/wp\/v2\/pages"}],"about":[{"href":"https:\/\/xesbalenet.com\/ro\/wp-json\/wp\/v2\/types\/page"}],"author":[{"embeddable":true,"href":"https:\/\/xesbalenet.com\/ro\/wp-json\/wp\/v2\/users\/1"}],"replies":[{"embeddable":true,"href":"https:\/\/xesbalenet.com\/ro\/wp-json\/wp\/v2\/comments?post=4022"}],"version-history":[{"count":0,"href":"https:\/\/xesbalenet.com\/ro\/wp-json\/wp\/v2\/pages\/4022\/revisions"}],"wp:attachment":[{"href":"https:\/\/xesbalenet.com\/ro\/wp-json\/wp\/v2\/media?parent=4022"}],"curies":[{"name":"wp","href":"https:\/\/api.w.org\/{rel}","templated":true}]}}