{"id":4054,"date":"2025-08-01T06:21:22","date_gmt":"2025-08-01T06:21:22","guid":{"rendered":"https:\/\/xesbalenet.com\/plasa-pentru-baloti-classic\/"},"modified":"2026-04-30T06:41:43","modified_gmt":"2026-04-30T06:41:43","slug":"plasa-pentru-baloti-classic","status":"publish","type":"page","link":"https:\/\/xesbalenet.com\/ro\/plasa-pentru-baloti-classic\/","title":{"rendered":"Plas\u0103 pentru balo\u021bi Classic"},"content":{"rendered":"\n<div class=\"wp-block-columns are-vertically-aligned-top is-layout-flex wp-container-core-columns-is-layout-28f84493 wp-block-columns-is-layout-flex\">\n<div class=\"wp-block-column is-vertically-aligned-top is-layout-flow wp-block-column-is-layout-flow\">\n<figure class=\"wp-block-image size-large\"><img decoding=\"async\" width=\"954\" height=\"1024\" src=\"https:\/\/xesbalenet.com\/wp-content\/uploads\/2025\/08\/B_11639-954x1024.jpg\" alt=\"\" class=\"wp-image-3090\" srcset=\"https:\/\/xesbalenet.com\/wp-content\/uploads\/2025\/08\/B_11639-954x1024.jpg 954w, https:\/\/xesbalenet.com\/wp-content\/uploads\/2025\/08\/B_11639-279x300.jpg 279w, https:\/\/xesbalenet.com\/wp-content\/uploads\/2025\/08\/B_11639-768x825.jpg 768w, https:\/\/xesbalenet.com\/wp-content\/uploads\/2025\/08\/B_11639.jpg 990w\" sizes=\"(max-width: 954px) 100vw, 954px\" \/><\/figure>\n\n\n\n<figure class=\"wp-block-image size-large\"><img decoding=\"async\" width=\"1024\" height=\"683\" src=\"https:\/\/xesbalenet.com\/wp-content\/uploads\/2025\/07\/B_11604-1024x683.jpg\" alt=\"\" class=\"wp-image-3039\" srcset=\"https:\/\/xesbalenet.com\/wp-content\/uploads\/2025\/07\/B_11604-1024x683.jpg 1024w, https:\/\/xesbalenet.com\/wp-content\/uploads\/2025\/07\/B_11604-300x200.jpg 300w, https:\/\/xesbalenet.com\/wp-content\/uploads\/2025\/07\/B_11604-768x512.jpg 768w, https:\/\/xesbalenet.com\/wp-content\/uploads\/2025\/07\/B_11604-1536x1024.jpg 1536w, https:\/\/xesbalenet.com\/wp-content\/uploads\/2025\/07\/B_11604.jpg 2048w\" sizes=\"(max-width: 1024px) 100vw, 1024px\" \/><\/figure>\n<\/div>\n\n\n\n<div class=\"wp-block-column is-vertically-aligned-top is-layout-flow wp-block-column-is-layout-flow\">\n<h2 class=\"wp-block-heading\">Plas\u0103 pentru balo\u021bi XES\u00ae Classic<\/h2>\n\n\n\n<p>Versiunea de baz\u0103 asigur\u0103 deja o calitate impresionant\u0103 cu o rezisten\u021b\u0103 la trac\u021biune<br\/>de 270 kg. La fel ca \u0219i celelalte plase de \u00eenalt\u0103 calitate, aceast\u0103 plas\u0103 este, de asemenea,<br\/>fabricat\u0103 din HDPE (polietilen\u0103 de \u00eenalt\u0103 densitate)<br\/>ecologic\u0103 \u0219i garanteaz\u0103 o stabilitate UV de cel pu\u021bin un an pentru Europa Central\u0103.<\/p>\n\n\n\n<p>XES\u00ae este compania european\u0103 de distribu\u021bie a unui produc\u0103tor de plase agricole cu experien\u021b\u0103 \u0219i renume mondial. Timp de peste 20 de ani, produsele XES\u00ae au oferit \u00een mod constant o calitate remarcabil\u0103, un raport cost-eficien\u021b\u0103 superior \u0219i rezultate excep\u021bionale \u00een c\u00e2mp. \u00cen \u00eentreaga Europ\u0103, fermierii \u0219i antreprenorii agricoli au \u00eencredere \u00een produsele XES\u00ae.<\/p>\n\n\n\n<h3 class=\"wp-block-heading\">Caracteristici principale<\/h3>\n\n\n\n<ul class=\"wp-block-list\">\n<li><strong>\ud83d\udcaa Rezisten\u021b\u0103 clasic\u0103:<\/strong> Structura noastr\u0103 special\u0103 de lan\u021b tricotat cu fire \u00eent\u0103rite ofer\u0103 rezisten\u021b\u0103 extrem\u0103 \u0219i reduce de\u0219eurile.  <\/li>\n\n\n\n<li><strong>\ud83e\udd1d Se potrive\u0219te tuturor balotierelor rotunde:<\/strong> \u00cenveli\u0219ul nostru de plas\u0103 se potrive\u0219te perfect cu toate m\u0103rcile \u0219i modelele populare de prese de balotat rotunde, inclusiv John Deere, New Holland, Vermeer.<\/li>\n\n\n\n<li><strong>\ud83d\udccf Lungime garantat\u0103:<\/strong> \u00ce\u021bi oferim 150ft* \u00een plus pe fiecare rol\u0103 &#8211; acesta este modul nostru de a ne asigura c\u0103 prime\u0219ti exact ceea ce \u021bi s-a promis, de fiecare dat\u0103.<\/li>\n\n\n\n<li><strong>\ud83c\udfaf Marcaje clare:<\/strong> Marcajele laterale \u0219i un semnal ro\u0219u clar de sf\u00e2r\u0219it de rol\u0103 sporesc eficien\u021ba procesului de balotare.<\/li>\n\n\n\n<li><strong>\u2714\ufe0f Neat and Even:<\/strong> Experimenta\u021bi mai pu\u021bin\u0103 risip\u0103 \u0219i o potrivire mai bun\u0103 cu plasele noastre pentru balo\u021bi cu margini precise \u0219i \u00eenf\u0103\u0219urate uniform, concepute pentru a reduce timpii mor\u021bi \u0219i pentru a v\u0103 men\u021bine balo\u021bii func\u021bion\u00e2nd f\u0103r\u0103 probleme<\/li>\n<\/ul>\n\n\n\n<figure class=\"wp-block-table\"><table class=\"has-fixed-layout\"><tbody><tr><td><\/td><td><strong>XES\u00ae Classic<\/strong><\/td><\/tr><tr><td>L\u0103\u021bimea rolei<\/td><td>1.23m \/ 1.25m<\/td><\/tr><tr><td>Lungime garantat\u0103<\/td><td>2,000m\/3,000m<\/td><\/tr><tr><td>Rezisten\u021ba la trac\u021biune<\/td><td>270 kg<\/td><\/tr><tr><td>Greutate<\/td><td>22.8kg\/32.8kg<\/td><\/tr><tr><td>Rezisten\u021b\u0103 la UV<\/td><td>Minim 12 luni<\/td><\/tr><tr><td>Marcaj lateral<\/td><td>Galben\/albastru\/portocaliu pe st\u00e2nga<\/td><\/tr><tr><td>Diametrul exterior al rolei<\/td><td>20.5cm(+\/-1.0cm)\/22.5cm(+\/- 1,0cm)<\/td><\/tr><tr><td>Marcare final\u0103<\/td><td>Ro\u0219u, ultimii 50m<\/td><\/tr><tr><td>Material<\/td><td>HDPE ecologic<\/td><\/tr><tr><td>Aplica\u021bii<\/td><td>F\u00e2n, paie, siloz<\/td><\/tr><\/tbody><\/table><\/figure>\n<\/div>\n<\/div>\n\n<div class=\"wp-block-aioseo-key-points\"><div class=\"aioseo-key-points-block-content\">\n<ul class=\"wp-block-list\">\n<li><strong>XES\u00ae Classic Plas\u0103 pentru balo\u021bi Dimensiuni \u0219i compozi\u021bie:<\/strong> Fabricat\u0103 din HDPE ecologic, aceast\u0103 plas\u0103 are o rezisten\u021b\u0103 la trac\u021biune de 270 kg, stabilitate UV de cel pu\u021bin un an \u00een Europa Central\u0103 \u0219i dimensiuni ale rolelor de la 2.000 la 3.000 de metri.<\/li>\n\n\n\n<li><strong>Caracteristici de \u00eenalt\u0103 calitate ale plasei XES\u00ae Classic Bale Net:<\/strong> Plasa are o structur\u0103 de lan\u021b tricotat pentru o rezisten\u021b\u0103 sporit\u0103, marcaje \u0219i semnale clare pentru o balotare eficient\u0103 \u0219i un design echilibrat pentru a reduce de\u0219eurile \u0219i timpii mor\u021bi.<\/li>\n\n\n\n<li><strong>Compatibilitate \u0219i beneficii practice:<\/strong> Proiectat pentru a se potrivi cu toate prese de balotat rotunde populare, cum ar fi John Deere, New Holland \u0219i Vermeer, asigur\u0103 o lungime precis\u0103, margini netede \u0219i o integrare perfect\u0103 \u00een rutinele agricole.<\/li>\n\n\n\n<li><strong>Atribute \u0219i specifica\u021bii cheie ale produsului:<\/strong> Caracteristicile includ diferite l\u0103\u021bimi ale rolelor (1,23 m sau 1,25 m), lungime garantat\u0103, greutate, durat\u0103 de rezisten\u021b\u0103 la UV \u0219i marcaje laterale distincte, ceea ce \u00eel face versatil pentru f\u00e2n, paie \u0219i siloz.<\/li>\n<\/ul>\n<\/div><\/div>\n\n<div data-schema-only=\"false\" class=\"wp-block-aioseo-faq\"><h3 class=\"aioseo-faq-block-question\">What practical benefits does the XES\u00ae Classic Bale Net Wrap provide during baling?<\/h3><div class=\"aioseo-faq-block-answer\">\n<p>Acesta ofer\u0103 semnale clare de sf\u00e2r\u0219it de rol\u0103, marcaje laterale pentru eficien\u021b\u0103, margini netede \u0219i echilibrate pentru a minimiza de\u0219eurile \u0219i un design robust care reduce timpii mor\u021bi \u0219i \u00eembun\u0103t\u0103\u021be\u0219te \u00eentregul proces de balotare.<\/p>\n<\/div><\/div>\n\n<div data-schema-only=\"false\" class=\"wp-block-aioseo-faq\"><h3 class=\"aioseo-faq-block-question\">Why is the environmental aspect of XES\u00ae Classic Bale Net Wrap important?<\/h3><div class=\"aioseo-faq-block-answer\">\n<p>Plasa este fabricat\u0103 din HDPE ecologic, subliniind durabilitatea, reducerea impactului asupra mediului \u0219i alinierea la practicile agricole ecologice.<\/p>\n<\/div><\/div>\n\n<div data-schema-only=\"false\" class=\"wp-block-aioseo-faq\"><h3 class=\"aioseo-faq-block-question\">What are the dimensions and capacity of the XES\u00ae Classic Bale Net Wrap?<\/h3><div class=\"aioseo-faq-block-answer\">\n<p>\u00cenveli\u0219ul de plas\u0103 este disponibil \u00een rulouri cu l\u0103\u021bimi de 1,23 m sau 1,25 m, cu lungimi garantate de 2.000 m sau 3.000 m \u0219i greut\u0103\u021bi ale rulourilor cuprinse \u00eentre 22,8 kg \u0219i 32,8 kg.<\/p>\n<\/div><\/div>\n\n<div data-schema-only=\"false\" class=\"wp-block-aioseo-faq\"><h3 class=\"aioseo-faq-block-question\">How does the XES\u00ae Classic Bale Net Wrap ensure compatibility with various balers?<\/h3><div class=\"aioseo-faq-block-answer\">\n<p>\u00cenveli\u0219ul de plas\u0103 este compatibil cu toate m\u0103rcile \u0219i modelele populare de prese de balotat rotunde, inclusiv John Deere, New Holland \u0219i Vermeer, asigur\u00e2nd o potrivire perfect\u0103 pe mai multe tipuri de echipamente.<\/p>\n<\/div><\/div>\n\n<div data-schema-only=\"false\" class=\"wp-block-aioseo-faq\"><h3 class=\"aioseo-faq-block-question\">What are the main features of XES\u00ae Classic Bale Net Wrap?<\/h3><div class=\"aioseo-faq-block-answer\">\n<p>Plasa pentru balo\u021bi XES\u00ae Classic se m\u00e2ndre\u0219te cu o rezisten\u021b\u0103 la trac\u021biune de 270 kg, fabricat\u0103 din HDPE ecologic, cu stabilitate UV de cel pu\u021bin un an \u00een Europa Central\u0103, structur\u0103 de lan\u021b tricotat \u00eent\u0103rit, marcaje laterale clare \u0219i o \u00eenf\u0103\u0219urare precis\u0103 \u0219i uniform\u0103 pentru reducerea de\u0219eurilor.<\/p>\n<\/div><\/div>\n","protected":false},"excerpt":{"rendered":"<p>Plas\u0103 pentru balo\u021bi XES\u00ae Classic Versiunea de baz\u0103 asigur\u0103 deja o calitate impresionant\u0103 cu o rezisten\u021b\u0103 la trac\u021biunede 270 kg. La fel ca \u0219i celelalte plase de \u00eenalt\u0103 calitate, aceast\u0103 plas\u0103 este, de asemenea,fabricat\u0103 din HDPE (polietilen\u0103 de \u00eenalt\u0103 densitate)ecologic\u0103 \u0219i garanteaz\u0103 o stabilitate UV de cel pu\u021bin un an pentru Europa Central\u0103. XES\u00ae este [&hellip;]<\/p>\n","protected":false},"author":1,"featured_media":0,"parent":0,"menu_order":0,"comment_status":"closed","ping_status":"closed","template":"","meta":{"_uag_custom_page_level_css":"","site-sidebar-layout":"default","site-content-layout":"","ast-site-content-layout":"default","site-content-style":"default","site-sidebar-style":"default","ast-global-header-display":"","ast-banner-title-visibility":"","ast-main-header-display":"","ast-hfb-above-header-display":"","ast-hfb-below-header-display":"","ast-hfb-mobile-header-display":"","site-post-title":"","ast-breadcrumbs-content":"","ast-featured-img":"","footer-sml-layout":"","ast-disable-related-posts":"","theme-transparent-header-meta":"","adv-header-id-meta":"","stick-header-meta":"","header-above-stick-meta":"","header-main-stick-meta":"","header-below-stick-meta":"","astra-migrate-meta-layouts":"set","ast-page-background-enabled":"default","ast-page-background-meta":{"desktop":{"background-color":"var(--ast-global-color-4)","background-image":"","background-repeat":"repeat","background-position":"center center","background-size":"auto","background-attachment":"scroll","background-type":"","background-media":"","overlay-type":"","overlay-color":"","overlay-opacity":"","overlay-gradient":""},"tablet":{"background-color":"","background-image":"","background-repeat":"repeat","background-position":"center center","background-size":"auto","background-attachment":"scroll","background-type":"","background-media":"","overlay-type":"","overlay-color":"","overlay-opacity":"","overlay-gradient":""},"mobile":{"background-color":"","background-image":"","background-repeat":"repeat","background-position":"center center","background-size":"auto","background-attachment":"scroll","background-type":"","background-media":"","overlay-type":"","overlay-color":"","overlay-opacity":"","overlay-gradient":""}},"ast-content-background-meta":{"desktop":{"background-color":"var(--ast-global-color-5)","background-image":"","background-repeat":"repeat","background-position":"center center","background-size":"auto","background-attachment":"scroll","background-type":"","background-media":"","overlay-type":"","overlay-color":"","overlay-opacity":"","overlay-gradient":""},"tablet":{"background-color":"var(--ast-global-color-5)","background-image":"","background-repeat":"repeat","background-position":"center center","background-size":"auto","background-attachment":"scroll","background-type":"","background-media":"","overlay-type":"","overlay-color":"","overlay-opacity":"","overlay-gradient":""},"mobile":{"background-color":"var(--ast-global-color-5)","background-image":"","background-repeat":"repeat","background-position":"center center","background-size":"auto","background-attachment":"scroll","background-type":"","background-media":"","overlay-type":"","overlay-color":"","overlay-opacity":"","overlay-gradient":""}},"_joinchat":[],"footnotes":""},"class_list":["post-4054","page","type-page","status-publish","hentry"],"aioseo_notices":[],"uagb_featured_image_src":{"full":false,"thumbnail":false,"medium":false,"medium_large":false,"large":false,"1536x1536":false,"2048x2048":false},"uagb_author_info":{"display_name":"xesbalenet","author_link":"https:\/\/xesbalenet.com\/ro\/author\/zx9212110726live-com\/"},"uagb_comment_info":0,"uagb_excerpt":"Plas\u0103 pentru balo\u021bi XES\u00ae Classic Versiunea de baz\u0103 asigur\u0103 deja o calitate impresionant\u0103 cu o rezisten\u021b\u0103 la trac\u021biunede 270 kg. La fel ca \u0219i celelalte plase de \u00eenalt\u0103 calitate, aceast\u0103 plas\u0103 este, de asemenea,fabricat\u0103 din HDPE (polietilen\u0103 de \u00eenalt\u0103 densitate)ecologic\u0103 \u0219i garanteaz\u0103 o stabilitate UV de cel pu\u021bin un an pentru Europa Central\u0103. XES\u00ae este&hellip;","_links":{"self":[{"href":"https:\/\/xesbalenet.com\/ro\/wp-json\/wp\/v2\/pages\/4054","targetHints":{"allow":["GET"]}}],"collection":[{"href":"https:\/\/xesbalenet.com\/ro\/wp-json\/wp\/v2\/pages"}],"about":[{"href":"https:\/\/xesbalenet.com\/ro\/wp-json\/wp\/v2\/types\/page"}],"author":[{"embeddable":true,"href":"https:\/\/xesbalenet.com\/ro\/wp-json\/wp\/v2\/users\/1"}],"replies":[{"embeddable":true,"href":"https:\/\/xesbalenet.com\/ro\/wp-json\/wp\/v2\/comments?post=4054"}],"version-history":[{"count":0,"href":"https:\/\/xesbalenet.com\/ro\/wp-json\/wp\/v2\/pages\/4054\/revisions"}],"wp:attachment":[{"href":"https:\/\/xesbalenet.com\/ro\/wp-json\/wp\/v2\/media?parent=4054"}],"curies":[{"name":"wp","href":"https:\/\/api.w.org\/{rel}","templated":true}]}}